{"id":29348,"date":"2026-03-12T11:13:16","date_gmt":"2026-03-12T03:13:16","guid":{"rendered":"https:\/\/www.keying-cosmetics.com\/product\/natural-ingredients-tallow-balm-cream-deep-nourish-lock-moisture-skincare-moisturizer-whipped-tallow-balm-for-face\/"},"modified":"2026-03-12T11:13:37","modified_gmt":"2026-03-12T03:13:37","slug":"natural-ingredients-tallow-balm-cream-deep-nourish-lock-moisture-skincare-moisturizer-whipped-tallow-balm-for-face","status":"publish","type":"product","link":"https:\/\/www.keying-cosmetics.com\/fr\/produit\/natural-ingredients-tallow-balm-cream-deep-nourish-lock-moisture-skincare-moisturizer-whipped-tallow-balm-for-face\/","title":{"rendered":"Baume au suif aux ingr\u00e9dients naturels - Cr\u00e8me hydratante et nourrissante - Soin hydratant intense - Baume fouett\u00e9 au suif pour le visage"},"content":{"rendered":"","protected":false},"excerpt":{"rendered":"","protected":false},"featured_media":29350,"template":"","meta":[],"product_brand":[],"product_cat":[81],"product_tag":[],"class_list":{"0":"post-29348","1":"product","2":"type-product","3":"status-publish","4":"has-post-thumbnail","6":"product_cat-face-care","8":"first","9":"instock","10":"shipping-taxable","11":"purchasable","12":"product-type-variable"},"_links":{"self":[{"href":"https:\/\/www.keying-cosmetics.com\/fr\/wp-json\/wp\/v2\/product\/29348","targetHints":{"allow":["GET"]}}],"collection":[{"href":"https:\/\/www.keying-cosmetics.com\/fr\/wp-json\/wp\/v2\/product"}],"about":[{"href":"https:\/\/www.keying-cosmetics.com\/fr\/wp-json\/wp\/v2\/types\/product"}],"wp:featuredmedia":[{"embeddable":true,"href":"https:\/\/www.keying-cosmetics.com\/fr\/wp-json\/wp\/v2\/media\/29350"}],"wp:attachment":[{"href":"https:\/\/www.keying-cosmetics.com\/fr\/wp-json\/wp\/v2\/media?parent=29348"}],"wp:term":[{"taxonomy":"product_brand","embeddable":true,"href":"https:\/\/www.keying-cosmetics.com\/fr\/wp-json\/wp\/v2\/product_brand?post=29348"},{"taxonomy":"product_cat","embeddable":true,"href":"https:\/\/www.keying-cosmetics.com\/fr\/wp-json\/wp\/v2\/product_cat?post=29348"},{"taxonomy":"product_tag","embeddable":true,"href":"https:\/\/www.keying-cosmetics.com\/fr\/wp-json\/wp\/v2\/product_tag?post=29348"}],"curies":[{"name":"wp","href":"https:\/\/api.w.org\/{rel}","templated":true}]}}