{"id":29312,"date":"2026-03-12T11:02:05","date_gmt":"2026-03-12T03:02:05","guid":{"rendered":"https:\/\/www.keying-cosmetics.com\/product\/natural-plant-extract-deep-nourishment-overnight-skincare-brightening-cream-anti-aging-moisturizing-face-cream\/"},"modified":"2026-03-12T11:02:18","modified_gmt":"2026-03-12T03:02:18","slug":"natural-plant-extract-deep-nourishment-overnight-skincare-brightening-cream-anti-aging-moisturizing-face-cream","status":"publish","type":"product","link":"https:\/\/www.keying-cosmetics.com\/fr\/produit\/natural-plant-extract-deep-nourishment-overnight-skincare-brightening-cream-anti-aging-moisturizing-face-cream\/","title":{"rendered":"Cr\u00e8me de nuit hydratante et \u00e9claircissante aux extraits de plantes naturelles, nourrissante et anti-\u00e2ge."},"content":{"rendered":"","protected":false},"excerpt":{"rendered":"","protected":false},"featured_media":29313,"template":"","meta":[],"product_brand":[],"product_cat":[81],"product_tag":[],"class_list":{"0":"post-29312","1":"product","2":"type-product","3":"status-publish","4":"has-post-thumbnail","6":"product_cat-face-care","8":"first","9":"instock","10":"shipping-taxable","11":"purchasable","12":"product-type-variable"},"_links":{"self":[{"href":"https:\/\/www.keying-cosmetics.com\/fr\/wp-json\/wp\/v2\/product\/29312","targetHints":{"allow":["GET"]}}],"collection":[{"href":"https:\/\/www.keying-cosmetics.com\/fr\/wp-json\/wp\/v2\/product"}],"about":[{"href":"https:\/\/www.keying-cosmetics.com\/fr\/wp-json\/wp\/v2\/types\/product"}],"wp:featuredmedia":[{"embeddable":true,"href":"https:\/\/www.keying-cosmetics.com\/fr\/wp-json\/wp\/v2\/media\/29313"}],"wp:attachment":[{"href":"https:\/\/www.keying-cosmetics.com\/fr\/wp-json\/wp\/v2\/media?parent=29312"}],"wp:term":[{"taxonomy":"product_brand","embeddable":true,"href":"https:\/\/www.keying-cosmetics.com\/fr\/wp-json\/wp\/v2\/product_brand?post=29312"},{"taxonomy":"product_cat","embeddable":true,"href":"https:\/\/www.keying-cosmetics.com\/fr\/wp-json\/wp\/v2\/product_cat?post=29312"},{"taxonomy":"product_tag","embeddable":true,"href":"https:\/\/www.keying-cosmetics.com\/fr\/wp-json\/wp\/v2\/product_tag?post=29312"}],"curies":[{"name":"wp","href":"https:\/\/api.w.org\/{rel}","templated":true}]}}