{"id":29298,"date":"2026-03-12T10:59:11","date_gmt":"2026-03-12T02:59:11","guid":{"rendered":"https:\/\/www.keying-cosmetics.com\/product\/golden-repair-ingredient-blend-vitamin-c-brightening-serum-ingredients-niacinamide-peptide-skincare-serum\/"},"modified":"2026-03-12T10:59:24","modified_gmt":"2026-03-12T02:59:24","slug":"golden-repair-ingredient-blend-vitamin-c-brightening-serum-ingredients-niacinamide-peptide-skincare-serum","status":"publish","type":"product","link":"https:\/\/www.keying-cosmetics.com\/fr\/produit\/golden-repair-ingredient-blend-vitamin-c-brightening-serum-ingredients-niacinamide-peptide-skincare-serum\/","title":{"rendered":"S\u00e9rum \u00e9claircissant \u00e0 la vitamine C Golden Repair\u00a0: m\u00e9lange d&#039;ingr\u00e9dients, s\u00e9rum de soin pour la peau \u00e0 base de peptides de niacinamide"},"content":{"rendered":"","protected":false},"excerpt":{"rendered":"","protected":false},"featured_media":29300,"template":"","meta":[],"product_brand":[],"product_cat":[81],"product_tag":[],"class_list":{"0":"post-29298","1":"product","2":"type-product","3":"status-publish","4":"has-post-thumbnail","6":"product_cat-face-care","8":"first","9":"instock","10":"shipping-taxable","11":"purchasable","12":"product-type-variable"},"_links":{"self":[{"href":"https:\/\/www.keying-cosmetics.com\/fr\/wp-json\/wp\/v2\/product\/29298","targetHints":{"allow":["GET"]}}],"collection":[{"href":"https:\/\/www.keying-cosmetics.com\/fr\/wp-json\/wp\/v2\/product"}],"about":[{"href":"https:\/\/www.keying-cosmetics.com\/fr\/wp-json\/wp\/v2\/types\/product"}],"wp:featuredmedia":[{"embeddable":true,"href":"https:\/\/www.keying-cosmetics.com\/fr\/wp-json\/wp\/v2\/media\/29300"}],"wp:attachment":[{"href":"https:\/\/www.keying-cosmetics.com\/fr\/wp-json\/wp\/v2\/media?parent=29298"}],"wp:term":[{"taxonomy":"product_brand","embeddable":true,"href":"https:\/\/www.keying-cosmetics.com\/fr\/wp-json\/wp\/v2\/product_brand?post=29298"},{"taxonomy":"product_cat","embeddable":true,"href":"https:\/\/www.keying-cosmetics.com\/fr\/wp-json\/wp\/v2\/product_cat?post=29298"},{"taxonomy":"product_tag","embeddable":true,"href":"https:\/\/www.keying-cosmetics.com\/fr\/wp-json\/wp\/v2\/product_tag?post=29298"}],"curies":[{"name":"wp","href":"https:\/\/api.w.org\/{rel}","templated":true}]}}