{"id":29294,"date":"2026-03-12T10:59:03","date_gmt":"2026-03-12T02:59:03","guid":{"rendered":"https:\/\/www.keying-cosmetics.com\/product\/100-natural-skincare-oem-beef-tallow-glycerin-honey-balm-organic-halal-certified-moisturizer-beef-tallow-cream\/"},"modified":"2026-03-12T10:59:20","modified_gmt":"2026-03-12T02:59:20","slug":"100-natural-skincare-oem-beef-tallow-glycerin-honey-balm-organic-halal-certified-moisturizer-beef-tallow-cream","status":"publish","type":"product","link":"https:\/\/www.keying-cosmetics.com\/fr\/produit\/100-natural-skincare-oem-beef-tallow-glycerin-honey-balm-organic-halal-certified-moisturizer-beef-tallow-cream\/","title":{"rendered":"100% Baume de soin naturel OEM \u00e0 base de suif de b\u0153uf, de glyc\u00e9rine et de miel, hydratant biologique certifi\u00e9 halal, cr\u00e8me au suif de b\u0153uf"},"content":{"rendered":"","protected":false},"excerpt":{"rendered":"","protected":false},"featured_media":29295,"template":"","meta":[],"product_brand":[],"product_cat":[81],"product_tag":[],"class_list":{"0":"post-29294","1":"product","2":"type-product","3":"status-publish","4":"has-post-thumbnail","6":"product_cat-face-care","8":"first","9":"instock","10":"shipping-taxable","11":"purchasable","12":"product-type-variable"},"_links":{"self":[{"href":"https:\/\/www.keying-cosmetics.com\/fr\/wp-json\/wp\/v2\/product\/29294","targetHints":{"allow":["GET"]}}],"collection":[{"href":"https:\/\/www.keying-cosmetics.com\/fr\/wp-json\/wp\/v2\/product"}],"about":[{"href":"https:\/\/www.keying-cosmetics.com\/fr\/wp-json\/wp\/v2\/types\/product"}],"wp:featuredmedia":[{"embeddable":true,"href":"https:\/\/www.keying-cosmetics.com\/fr\/wp-json\/wp\/v2\/media\/29295"}],"wp:attachment":[{"href":"https:\/\/www.keying-cosmetics.com\/fr\/wp-json\/wp\/v2\/media?parent=29294"}],"wp:term":[{"taxonomy":"product_brand","embeddable":true,"href":"https:\/\/www.keying-cosmetics.com\/fr\/wp-json\/wp\/v2\/product_brand?post=29294"},{"taxonomy":"product_cat","embeddable":true,"href":"https:\/\/www.keying-cosmetics.com\/fr\/wp-json\/wp\/v2\/product_cat?post=29294"},{"taxonomy":"product_tag","embeddable":true,"href":"https:\/\/www.keying-cosmetics.com\/fr\/wp-json\/wp\/v2\/product_tag?post=29294"}],"curies":[{"name":"wp","href":"https:\/\/api.w.org\/{rel}","templated":true}]}}