{"id":29256,"date":"2026-02-25T09:35:33","date_gmt":"2026-02-25T01:35:33","guid":{"rendered":"https:\/\/www.keying-cosmetics.com\/product\/oriental-arborvitae-leaf-extract-5-soapberry-fruit-extract-strengthen-prevent-breakage-anti-dandruff-itch-hair-shampoo\/"},"modified":"2026-02-25T09:35:46","modified_gmt":"2026-02-25T01:35:46","slug":"oriental-arborvitae-leaf-extract-5-soapberry-fruit-extract-strengthen-prevent-breakage-anti-dandruff-itch-hair-shampoo","status":"publish","type":"product","link":"https:\/\/www.keying-cosmetics.com\/fr\/produit\/oriental-arborvitae-leaf-extract-5-soapberry-fruit-extract-strengthen-prevent-breakage-anti-dandruff-itch-hair-shampoo\/","title":{"rendered":"Extrait de feuille de thuya d&#039;Orient 5%, extrait de fruit de sapindus\u00a0: fortifie les cheveux, pr\u00e9vient la casse, antipelliculaire, soulage les d\u00e9mangeaisons. Shampooing."},"content":{"rendered":"<div data-magic-global=\"%7B%22bizId%22%3A2500000842880%2C%22pageId%22%3A21728254411%2C%22siteId%22%3A10102637159%7D\" id=\"detail_decorate_root\">\n<style>#detail_decorate_root .magic-0{width:750px}#detail_decorate_root .magic-1{overflow:hidden;width:750px;height:389px;margin-top:0;margin-bottom:0;margin-left:0;margin-right:0}#detail_decorate_root .magic-2{margin-top:0;margin-left:0;width:750px;height:389px}#detail_decorate_root .magic-3{vertical-align:top}#detail_decorate_root .magic-4{vertical-align:top;display:block;padding-right:4px;box-sizing:border-box;padding-left:4px}#detail_decorate_root .magic-5{vertical-align:top;padding-bottom:4px;box-sizing:border-box;padding-top:4px}#detail_decorate_root .magic-6{padding:0;margin:0;white-space:pre-wrap;font-size:14px}#detail_decorate_root .magic-7{text-align:center}#detail_decorate_root .magic-8{font-family:inherit;font-variant-ligatures:inherit;font-variant-caps:inherit;font-weight:inherit}#detail_decorate_root .magic-10{font-size:20px}#detail_decorate_root .magic-11{margin-bottom:10px;overflow:hidden}#detail_decorate_root .magic-12{overflow:hidden;width:750px;height:54px;margin-top:0;margin-bottom:0;margin-left:0;margin-right:0}#detail_decorate_root .magic-13{margin-top:0;margin-left:0;width:750px;height:54px}#detail_decorate_root .magic-14{overflow:hidden;width:750px;height:750px;margin-top:0;margin-bottom:0;margin-left:0;margin-right:0}#detail_decorate_root .magic-15{margin-top:0;margin-left:0;width:750px;height:750px}#detail_decorate_root .magic-16{width:750px;border-collapse:collapse}#detail_decorate_root .magic-17{min-height:28px;padding:5px 10px;width:126px;min-height:28px;box-sizing:content-box}#detail_decorate_root .magic-18{min-height:28px;padding:5px 10px;width:580px;min-height:28px;box-sizing:content-box}#detail_decorate_root .magic-19{overflow:hidden;width:750px;height:170px;margin-top:0;margin-bottom:0;margin-left:0;margin-right:0}#detail_decorate_root .magic-20{margin-top:0;margin-left:0;width:750px;height:170px}#detail_decorate_root .magic-21{overflow:hidden;width:750px;height:1395px;margin-top:0;margin-bottom:0;margin-left:0;margin-right:0}#detail_decorate_root .magic-22{margin-top:0;margin-left:0;width:750px;height:1395px}#detail_decorate_root .magic-23{overflow:hidden;width:750px;height:444px;margin-top:0;margin-bottom:0;margin-left:0;margin-right:0}#detail_decorate_root .magic-24{margin-top:0;margin-left:0;width:750px;height:444px}#detail_decorate_root .magic-25{overflow:hidden;width:750px;height:926px;margin-top:0;margin-bottom:0;margin-left:0;margin-right:0}#detail_decorate_root .magic-26{margin-top:0;margin-left:0;width:750px;height:926px}#detail_decorate_root .magic-27{overflow:hidden;width:750px;height:933px;margin-top:0;margin-bottom:0;margin-left:0;margin-right:0}#detail_decorate_root .magic-28{margin-top:0;margin-left:0;width:750px;height:933px}#detail_decorate_root .magic-29{overflow:hidden;width:750px;height:209px;margin-top:0;margin-bottom:0;margin-left:0;margin-right:0}#detail_decorate_root .magic-30{margin-top:0;margin-left:0;width:750px;height:209px}#detail_decorate_root .magic-31{margin-bottom:10px;line-height:0}#detail_decorate_root .magic-32{margin-bottom:0}#detail_decorate_root .magic-33{position:relative;width:100%}#detail_decorate_root .magic-34{overflow:hidden;width:750px;height:201px;margin-top:0;margin-bottom:0;margin-left:0;margin-right:0}#detail_decorate_root .magic-35{margin-top:0;margin-left:0;width:750px;height:201px}<\/style>\n<div module-id=\"47245582910\" module-title=\"detailSingleImage\" render=\"true\" class=\"J_module\">\n<div class=\"icbu-pc-images magic-0\">\n<div>\n<div class=\"flex-layout-v\">\n<div class=\"flex-layout-h magic-0\">\n<div class=\"magic-1\"><img decoding=\"async\" src=\"https:\/\/sc04.alicdn.com\/kf\/H92b8f2c7f5ba4a638fcd197067a119c7l\/285696489\/H92b8f2c7f5ba4a638fcd197067a119c7l.jpg\" data-src=\"\/\/sc04.alicdn.com\/kf\/H92b8f2c7f5ba4a638fcd197067a119c7l\/285696489\/H92b8f2c7f5ba4a638fcd197067a119c7l.jpg\" class=\"magic-2\"><\/div>\n<\/div>\n<\/div>\n<\/div>\n<\/div>\n<\/div>\n<div module-id=\"47245582911\" module-title=\"detailTextContent\" render=\"true\" class=\"J_module\">\n<div class=\"detail-decorate-json-renderer-container\">\n<div class=\"magic-3\">\n<div class=\"magic-4\">\n<div class=\"magic-5\">\n<div class=\"magic-6\">\n<div class=\"magic-7\"><i class=\"magic-8\"><b class=\"magic-9\"><font class=\"magic-10\"><span><span>Extrait de feuille de thuya d&#039;Orient 5%, extrait de fruit de sapindus\u00a0: fortifie les cheveux, pr\u00e9vient la casse, antipelliculaire, soulage les d\u00e9mangeaisons. Shampooing.<\/span><\/span><\/font><\/b><\/i><\/div>\n<\/div>\n<\/div>\n<\/div>\n<\/div>\n<\/div>\n<\/div>\n<div module-id=\"47245582912\" module-title=\"detailSellerRecommend\" render=\"true\" class=\"J_module\">\n<div data-magic='{\"mds\":{\"assetsVersion\":\"0.0.16\",\"assetsPackageName\":\"icbumod\",\"moduleNameAlias\":\"icbu-pc-detailSellerRecommend\",\"moduleData\":{\"config\":{\"columnCount\":4,\"titleKey\":6,\"products\":[1601634147438,1601634140730,1601612233495,1601618365318]}}},\"version\":1}' class=\"icbu-pc-detailSellerRecommend magic-11\"><\/div>\n<\/div>\n<div module-id=\"47245582913\" module-title=\"detailSingleImage\" render=\"true\" class=\"J_module\">\n<div class=\"icbu-pc-images magic-0\">\n<div>\n<div class=\"flex-layout-v\">\n<div class=\"flex-layout-h magic-0\">\n<div class=\"magic-12\"><img decoding=\"async\" src=\"https:\/\/sc04.alicdn.com\/kf\/H17237333930f4f90ace0687bc6a4283f1\/285696489\/H17237333930f4f90ace0687bc6a4283f1.jpg\" data-src=\"\/\/sc04.alicdn.com\/kf\/H17237333930f4f90ace0687bc6a4283f1\/285696489\/H17237333930f4f90ace0687bc6a4283f1.jpg\" class=\"magic-13\"><\/div>\n<\/div>\n<\/div>\n<\/div>\n<\/div>\n<\/div>\n<div module-id=\"47245582915\" module-title=\"detailSingleImage\" render=\"true\" class=\"J_module\">\n<div class=\"icbu-pc-images magic-0\">\n<div>\n<div class=\"flex-layout-v\">\n<div class=\"flex-layout-h magic-0\">\n<div class=\"magic-14\"><img decoding=\"async\" src=\"https:\/\/sc04.alicdn.com\/kf\/He7fb3fda2343415691ead6990b7b53bdS\/285696489\/He7fb3fda2343415691ead6990b7b53bdS.jpg\" data-src=\"\/\/sc04.alicdn.com\/kf\/He7fb3fda2343415691ead6990b7b53bdS\/285696489\/He7fb3fda2343415691ead6990b7b53bdS.jpg\" class=\"magic-15\"><\/div>\n<\/div>\n<\/div>\n<\/div>\n<\/div>\n<\/div>\n<div module-id=\"47235554849\" module-title=\"detailTextContent\" render=\"true\" class=\"J_module\">\n<div class=\"detail-decorate-json-renderer-container\">\n<div class=\"magic-3\">\n<div class=\"magic-4\">\n<div class=\"magic-5\">\n<div class=\"magic-6\">\n<div class=\"magic-7\"><i><b>Nettoyage cibl\u00e9 supramol\u00e9culaire TechSmart<\/b><\/i><\/div>\n<div>\n<div class=\"magic-7\"><i><b>Contr\u00f4le intelligent de l&#039;huile : Cible la source d&#039;huile, fra\u00eecheur longue dur\u00e9e<\/b><\/i><\/div>\n<p><span><i><b><\/p>\n<div class=\"magic-7\">Antipelliculaire et anti-d\u00e9mangeaisons : Inhibe les bact\u00e9ries, \u00e9limine les pellicules et les d\u00e9mangeaisons<\/div>\n<p><span><\/p>\n<div class=\"magic-7\">Renforce et pr\u00e9vient la casse\u00a0: Stimule le m\u00e9tabolisme des follicules, r\u00e9duit la casse<\/div>\n<p><\/span><\/b><\/i><\/span>\n<\/div>\n<\/div>\n<\/div>\n<\/div>\n<\/div>\n<\/div>\n<\/div>\n<div module-id=\"47245582917\" module-title=\"detailSingleImage\" render=\"true\" class=\"J_module\">\n<div class=\"icbu-pc-images magic-0\">\n<div>\n<div class=\"flex-layout-v\">\n<div class=\"flex-layout-h magic-0\">\n<div class=\"magic-14\"><img decoding=\"async\" src=\"https:\/\/sc04.alicdn.com\/kf\/H6929a57c51934dab949f2340238ceb2aW\/285696489\/H6929a57c51934dab949f2340238ceb2aW.jpg\" data-src=\"\/\/sc04.alicdn.com\/kf\/H6929a57c51934dab949f2340238ceb2aW\/285696489\/H6929a57c51934dab949f2340238ceb2aW.jpg\" class=\"magic-15\"><\/div>\n<\/div>\n<\/div>\n<\/div>\n<\/div>\n<\/div>\n<div module-id=\"47235554850\" module-title=\"detailTextContent\" render=\"true\" class=\"J_module\">\n<div class=\"detail-decorate-json-renderer-container\">\n<div class=\"magic-3\">\n<div class=\"magic-4\">\n<div class=\"magic-5\">\n<div class=\"magic-6\">\n<div class=\"magic-7\"><i><b>Contr\u00f4le cibl\u00e9 du s\u00e9bum par des produits supramol\u00e9culaires et botaniques<\/b><\/i><\/div>\n<div>\n<div class=\"magic-7\"><i><b>Tensioactif supramol\u00e9culaire \u00e0 base d&#039;acides amin\u00e9s : 100%, nettoyant naturel, intelligent et doux<\/b><\/i><\/div>\n<p><span><i><b><\/p>\n<div class=\"magic-7\">5% Extrait de fruit de savonnier : \u00c0 base de plantes, mousse riche et d\u00e9graissante<\/div>\n<p><span><\/p>\n<div class=\"magic-7\">Extrait de feuilles de thuya d&#039;Orient\u00a0: r\u00e9gulateur de s\u00e9bum, antibact\u00e9rien, antipelliculaire et fortifiant<\/div>\n<p><\/span><\/b><\/i><\/span>\n<\/div>\n<\/div>\n<\/div>\n<\/div>\n<\/div>\n<\/div>\n<\/div>\n<div module-id=\"47235554851\" module-title=\"detailSingleImage\" render=\"true\" class=\"J_module\">\n<div class=\"icbu-pc-images magic-0\">\n<div>\n<div class=\"flex-layout-v\">\n<div class=\"flex-layout-h magic-0\">\n<div class=\"magic-14\"><img decoding=\"async\" src=\"https:\/\/sc04.alicdn.com\/kf\/H75dcbfb981b040f68d29eaf61308df99j\/285696489\/H75dcbfb981b040f68d29eaf61308df99j.jpg\" data-src=\"\/\/sc04.alicdn.com\/kf\/H75dcbfb981b040f68d29eaf61308df99j\/285696489\/H75dcbfb981b040f68d29eaf61308df99j.jpg\" class=\"magic-15\"><\/div>\n<\/div>\n<\/div>\n<\/div>\n<\/div>\n<\/div>\n<div module-id=\"47245582918\" module-title=\"detailTextContent\" render=\"true\" class=\"J_module\">\n<div class=\"detail-decorate-json-renderer-container\">\n<div class=\"magic-3\">\n<div class=\"magic-4\">\n<div class=\"magic-5\">\n<div class=\"magic-6\">\n<div class=\"magic-7\"><i><b>Il vous suffit de fournir votre marque.<\/b><\/i><\/div>\n<p><span><i><b><\/p>\n<div class=\"magic-7\">Nous nous chargeons de la conception et de la production pour vous.<\/div>\n<div class=\"magic-7\">SERVICE OEM\/ODM \u00c0 GUICHET UNIQUE<\/div>\n<div class=\"magic-7\">Personnalisation du logo, du flacon, de la formule, du parfum et du volume<\/div>\n<p><\/b><\/i><\/span>\n<\/div>\n<\/div>\n<\/div>\n<\/div>\n<\/div>\n<\/div>\n<div module-id=\"47245582919\" module-title=\"detailSingleImage\" render=\"true\" class=\"J_module\">\n<div class=\"icbu-pc-images magic-0\">\n<div>\n<div class=\"flex-layout-v\">\n<div class=\"flex-layout-h magic-0\">\n<div class=\"magic-14\"><img decoding=\"async\" src=\"https:\/\/sc04.alicdn.com\/kf\/H13681b63be754db3923945782ac0859eJ\/285696489\/H13681b63be754db3923945782ac0859eJ.jpg\" data-src=\"\/\/sc04.alicdn.com\/kf\/H13681b63be754db3923945782ac0859eJ\/285696489\/H13681b63be754db3923945782ac0859eJ.jpg\" class=\"magic-15\"><\/div>\n<\/div>\n<\/div>\n<\/div>\n<\/div>\n<\/div>\n<div module-id=\"47245582920\" module-title=\"detailTextContent\" render=\"true\" class=\"J_module\">\n<div class=\"detail-decorate-json-renderer-container\">\n<div class=\"magic-3\">\n<div class=\"magic-4\">\n<div class=\"magic-5\">\n<div class=\"magic-6\">\n<div class=\"magic-7\"><i><b>SERVICES DE SOUTIEN \u00c0 VALEUR AJOUT\u00c9E<\/b><\/i><\/div>\n<p><span><i><b><\/p>\n<div class=\"magic-7\">Formulation personnalis\u00e9e gratuite. Lancez-vous dans la cr\u00e9ation de votre marque avec Chingo.<\/div>\n<div class=\"magic-7\">R\u00e9ponse rapide en 24 h, \u00e9chantillon gratuit sous 3 jours, conception gratuite sous 1 jour, vid\u00e9o gratuite (1 pi\u00e8ce), photos gratuites (3 pi\u00e8ces).<\/div>\n<p><\/b><\/i><\/span>\n<\/div>\n<\/div>\n<\/div>\n<\/div>\n<\/div>\n<\/div>\n<div module-id=\"47245582921\" module-title=\"detailSingleImage\" render=\"true\" class=\"J_module\">\n<div class=\"icbu-pc-images magic-0\">\n<div>\n<div class=\"flex-layout-v\">\n<div class=\"flex-layout-h magic-0\">\n<div class=\"magic-14\"><img decoding=\"async\" src=\"https:\/\/sc04.alicdn.com\/kf\/H8ba47da53b934eef8ac6eb772371a5acX\/285696489\/H8ba47da53b934eef8ac6eb772371a5acX.jpg\" data-src=\"\/\/sc04.alicdn.com\/kf\/H8ba47da53b934eef8ac6eb772371a5acX\/285696489\/H8ba47da53b934eef8ac6eb772371a5acX.jpg\" class=\"magic-15\"><\/div>\n<\/div>\n<\/div>\n<\/div>\n<\/div>\n<\/div>\n<div module-id=\"47245582922\" module-title=\"detailTableHorizontal\" render=\"true\" class=\"J_module\">\n<div class=\"ife-detail-decorate-table\">\n<table class=\"has-title all magic-16\">\n<tbody>\n<tr>\n<td colspan=\"1\" rowspan=\"1\">\n<div class=\"magic-17\"><b>Nom du produit<\/b><\/div>\n<\/td>\n<td colspan=\"1\" rowspan=\"1\">\n<div class=\"magic-18\">Shampoing r\u00e9gulateur de s\u00e9bum<\/div>\n<\/td>\n<\/tr>\n<tr>\n<td colspan=\"1\" rowspan=\"1\">\n<div class=\"magic-17\"><b>Efficacit\u00e9<\/b><\/div>\n<\/td>\n<td colspan=\"1\" rowspan=\"1\">\n<div class=\"magic-18\">\n<div data-spm-anchor-id=\"a2700.pc-decorate.0.i61.245e3333TI5w4y\">Contr\u00f4le intelligent de l&#039;huile : Cible la source d&#039;huile, fra\u00eecheur longue dur\u00e9e<br \/>Antipelliculaire et anti-d\u00e9mangeaisons : Inhibe les bact\u00e9ries, \u00e9limine les pellicules et les d\u00e9mangeaisons<br \/>Renforce et pr\u00e9vient la casse\u00a0: Stimule le m\u00e9tabolisme des follicules, r\u00e9duit la casse\n<\/div>\n<\/div>\n<\/td>\n<\/tr>\n<tr>\n<td colspan=\"1\" rowspan=\"1\">\n<div class=\"magic-17\"><b>Type de peau<\/b><\/div>\n<\/td>\n<td colspan=\"1\" rowspan=\"1\">\n<div class=\"magic-18\">Tous types de peau<\/div>\n<\/td>\n<\/tr>\n<tr>\n<td colspan=\"1\" rowspan=\"1\">\n<div class=\"magic-17\"><b>Sp\u00e9cification<\/b><\/div>\n<\/td>\n<td colspan=\"1\" rowspan=\"1\">\n<div class=\"magic-18\">500 ml \/ personnalisable<\/div>\n<\/td>\n<\/tr>\n<tr>\n<td colspan=\"1\" rowspan=\"1\">\n<div class=\"magic-17\"><b>Service<\/b><\/div>\n<\/td>\n<td colspan=\"1\" rowspan=\"1\">\n<div class=\"magic-18\">OEM\/ODM, Private Label, LOGO, Personnalisation d&#039;emballage. Achat de mati\u00e8res premi\u00e8res, Solutions de transport.<\/div>\n<\/td>\n<\/tr>\n<tr>\n<td colspan=\"1\" rowspan=\"1\">\n<div class=\"magic-17\"><b>Dur\u00e9e de conservation<\/b><\/div>\n<\/td>\n<td colspan=\"1\" rowspan=\"1\">\n<div class=\"magic-18\">3 ans<\/div>\n<\/td>\n<\/tr>\n<tr>\n<td colspan=\"1\" rowspan=\"1\">\n<div class=\"magic-17\"><b>Couleur<\/b><\/div>\n<\/td>\n<td colspan=\"1\" rowspan=\"1\">\n<div class=\"magic-18\">Blanc\/personnalisable<\/div>\n<\/td>\n<\/tr>\n<tr>\n<td colspan=\"1\" rowspan=\"1\">\n<div class=\"magic-17\"><b>Certification<\/b><\/div>\n<\/td>\n<td colspan=\"1\" rowspan=\"1\">\n<div class=\"magic-18\">GMPC\/ISO2276\/SEDEX\/SGS\/FDS\/COA\/CPSR<\/div>\n<\/td>\n<\/tr>\n<tr>\n<td colspan=\"1\" rowspan=\"1\">\n<div class=\"magic-17\"><b>D\u00e9lai de livraison<\/b><\/div>\n<\/td>\n<td colspan=\"1\" rowspan=\"1\">\n<div class=\"magic-18\">3 \u00e0 7 jours par avion, 25 \u00e0 45 jours par mer, transport terrestre 10 \u00e0 15 jours.<\/div>\n<\/td>\n<\/tr>\n<tr>\n<td colspan=\"1\" rowspan=\"1\">\n<div class=\"magic-17\"><b>Conditions de paiement<\/b><\/div>\n<\/td>\n<td colspan=\"1\" rowspan=\"1\">\n<div class=\"magic-18\">T\/T, Western Union, virement bancaire, PayPal, Alibaba Trade Assurance.<\/div>\n<\/td>\n<\/tr>\n<\/tbody>\n<\/table>\n<\/div>\n<\/div>\n<div module-id=\"47245582923\" module-title=\"detailSingleImage\" render=\"true\" class=\"J_module\">\n<div class=\"icbu-pc-images magic-0\">\n<div>\n<div class=\"flex-layout-v\">\n<div class=\"flex-layout-h magic-0\">\n<div class=\"magic-19\">\n<img decoding=\"async\" src=\"https:\/\/sc04.alicdn.com\/kf\/H7a77d2fb298d440d980a2d1977788713x\/285696489\/H7a77d2fb298d440d980a2d1977788713x.jpg\" data-src=\"\/\/sc04.alicdn.com\/kf\/H7a77d2fb298d440d980a2d1977788713x\/285696489\/H7a77d2fb298d440d980a2d1977788713x.jpg\" usemap=\"#c-39-e36-93ab\" class=\"magic-20\"><\/p>\n<map name=\"c-39-e36-93ab\">\n<area shape=\"rect\" coords=\"36,10,717,158\" href=\"https:\/\/brandique.en.alibaba.com\/contactinfo.html\" target=\"_blank\"><\/map>\n<\/div>\n<\/div>\n<\/div>\n<\/div>\n<\/div>\n<\/div>\n<div module-id=\"47245582924\" module-title=\"detailSingleImage\" render=\"true\" class=\"J_module\">\n<div class=\"icbu-pc-images magic-0\">\n<div>\n<div class=\"flex-layout-v\">\n<div class=\"flex-layout-h magic-0\">\n<div class=\"magic-21\"><img decoding=\"async\" src=\"https:\/\/sc04.alicdn.com\/kf\/H982dfb2125f04213bc0a42f864d999bca\/285696489\/H982dfb2125f04213bc0a42f864d999bca.jpg\" data-src=\"\/\/sc04.alicdn.com\/kf\/H982dfb2125f04213bc0a42f864d999bca\/285696489\/H982dfb2125f04213bc0a42f864d999bca.jpg\" class=\"magic-22\"><\/div>\n<\/div>\n<\/div>\n<\/div>\n<\/div>\n<\/div>\n<div module-id=\"47245582925\" module-title=\"detailSingleImage\" render=\"true\" class=\"J_module\">\n<div class=\"icbu-pc-images magic-0\">\n<div>\n<div class=\"flex-layout-v\">\n<div class=\"flex-layout-h magic-0\">\n<div class=\"magic-23\">\n<img decoding=\"async\" src=\"https:\/\/sc04.alicdn.com\/kf\/Hfdbae2e8bd1d4442bc6b59b9efa61f9c1\/285696489\/Hfdbae2e8bd1d4442bc6b59b9efa61f9c1.jpg\" data-src=\"\/\/sc04.alicdn.com\/kf\/Hfdbae2e8bd1d4442bc6b59b9efa61f9c1\/285696489\/Hfdbae2e8bd1d4442bc6b59b9efa61f9c1.jpg\" usemap=\"#a-eb-b77-5b93\" class=\"magic-24\"><\/p>\n<map name=\"a-eb-b77-5b93\">\n<area shape=\"rect\" coords=\"34,76,174,236\" href=\"https:\/\/brandique.en.alibaba.com\/productgrouplist-959544183\/Hot_Selling.html\" target=\"_blank\">\n<area shape=\"rect\" coords=\"211,73,356,237\" href=\"https:\/\/brandique.en.alibaba.com\/productgrouplist-958733089\/Facial_care.html\" target=\"_blank\">\n<area shape=\"rect\" coords=\"392,78,538,243\" href=\"https:\/\/brandique.en.alibaba.com\/productgrouplist-959942481\/Body_care.html\" target=\"_blank\">\n<area shape=\"rect\" coords=\"574,80,716,242\" href=\"https:\/\/brandique.en.alibaba.com\/productgrouplist-959693406\/Man_care.html\" target=\"_blank\">\n<area shape=\"rect\" coords=\"30,259,175,424\" href=\"https:\/\/brandique.en.alibaba.com\/productgrouplist-959587727\/Hair_care.html\" target=\"_blank\">\n<area shape=\"rect\" coords=\"205,259,363,424\" href=\"https:\/\/brandique.en.alibaba.com\/productgrouplist-958752229\/Essential_oil_series.html\" target=\"_blank\">\n<area shape=\"rect\" coords=\"390,261,542,426\" href=\"https:\/\/brandique.en.alibaba.com\/productgrouplist-959587728\/Exfoliating_series.html\" target=\"_blank\">\n<area shape=\"rect\" coords=\"566,256,722,430\" href=\"https:\/\/brandique.en.alibaba.com\/productgrouplist-959942482\/Skin_care_set.html\" target=\"_blank\"><\/map>\n<\/div>\n<\/div>\n<\/div>\n<\/div>\n<\/div>\n<\/div>\n<div module-id=\"47245582926\" module-title=\"detailSingleImage\" render=\"true\" class=\"J_module\">\n<div class=\"icbu-pc-images magic-0\">\n<div>\n<div class=\"flex-layout-v\">\n<div class=\"flex-layout-h magic-0\">\n<div class=\"magic-25\"><img decoding=\"async\" src=\"https:\/\/sc04.alicdn.com\/kf\/Hd586fdbc832d4668b69ff4245a0128d7C\/285696489\/Hd586fdbc832d4668b69ff4245a0128d7C.jpg\" data-src=\"\/\/sc04.alicdn.com\/kf\/Hd586fdbc832d4668b69ff4245a0128d7C\/285696489\/Hd586fdbc832d4668b69ff4245a0128d7C.jpg\" class=\"magic-26\"><\/div>\n<\/div>\n<\/div>\n<\/div>\n<\/div>\n<\/div>\n<div module-id=\"47245582927\" module-title=\"detailSingleImage\" render=\"true\" class=\"J_module\">\n<div class=\"icbu-pc-images magic-0\">\n<div>\n<div class=\"flex-layout-v\">\n<div class=\"flex-layout-h magic-0\">\n<div class=\"magic-27\"><img decoding=\"async\" src=\"https:\/\/sc04.alicdn.com\/kf\/H4472af331eeb43c3be5adf3298f12673G\/285696489\/H4472af331eeb43c3be5adf3298f12673G.jpg\" data-src=\"\/\/sc04.alicdn.com\/kf\/H4472af331eeb43c3be5adf3298f12673G\/285696489\/H4472af331eeb43c3be5adf3298f12673G.jpg\" class=\"magic-28\"><\/div>\n<\/div>\n<\/div>\n<\/div>\n<\/div>\n<\/div>\n<div module-id=\"47245582928\" module-title=\"detailSingleImage\" render=\"true\" class=\"J_module\">\n<div class=\"icbu-pc-images magic-0\">\n<div>\n<div class=\"flex-layout-v\">\n<div class=\"flex-layout-h magic-0\">\n<div class=\"magic-29\">\n<img decoding=\"async\" src=\"https:\/\/sc04.alicdn.com\/kf\/Hdb34e42c86e54a86932afaa4f2797e8ch\/285696489\/Hdb34e42c86e54a86932afaa4f2797e8ch.jpg\" data-src=\"\/\/sc04.alicdn.com\/kf\/Hdb34e42c86e54a86932afaa4f2797e8ch\/285696489\/Hdb34e42c86e54a86932afaa4f2797e8ch.jpg\" usemap=\"#3-36-f08-cdf6\" class=\"magic-30\"><\/p>\n<map name=\"3-36-f08-cdf6\">\n<area shape=\"rect\" coords=\"51,20,699,155\" href=\"https:\/\/brandique.en.alibaba.com\/contactinfo.html\" target=\"_blank\"><\/map>\n<\/div>\n<\/div>\n<\/div>\n<\/div>\n<\/div>\n<\/div>\n<div module-id=\"47245582929\" module-title=\"detailManyImage\" render=\"true\" class=\"J_module\">\n<div class=\"icbu-pc-detailManyImage magic-31\">\n<div class=\"magic-32\"><img decoding=\"async\" src=\"https:\/\/sc04.alicdn.com\/kf\/Hdaeaedf68c23468b9f779f4f90ece914R\/285696489\/Hdaeaedf68c23468b9f779f4f90ece914R.jpg\" data-src=\"\/\/sc04.alicdn.com\/kf\/Hdaeaedf68c23468b9f779f4f90ece914R\/285696489\/Hdaeaedf68c23468b9f779f4f90ece914R.jpg\" class=\"magic-33\"><\/div>\n<div class=\"magic-32\"><img decoding=\"async\" src=\"https:\/\/sc04.alicdn.com\/kf\/H21086ce6f05948c5896330d3c1d81b4eQ\/285696489\/H21086ce6f05948c5896330d3c1d81b4eQ.jpg\" data-src=\"\/\/sc04.alicdn.com\/kf\/H21086ce6f05948c5896330d3c1d81b4eQ\/285696489\/H21086ce6f05948c5896330d3c1d81b4eQ.jpg\" class=\"magic-33\"><\/div>\n<div class=\"magic-32\"><img decoding=\"async\" src=\"https:\/\/sc04.alicdn.com\/kf\/Hf852b54329f249e691d9b8faf0697e43E\/285696489\/Hf852b54329f249e691d9b8faf0697e43E.jpg\" data-src=\"\/\/sc04.alicdn.com\/kf\/Hf852b54329f249e691d9b8faf0697e43E\/285696489\/Hf852b54329f249e691d9b8faf0697e43E.jpg\" class=\"magic-33\"><\/div>\n<div class=\"magic-32\"><img decoding=\"async\" src=\"https:\/\/sc04.alicdn.com\/kf\/He24ef2ad27054ff0aec41d929cc89715U\/285696489\/He24ef2ad27054ff0aec41d929cc89715U.jpg\" data-src=\"\/\/sc04.alicdn.com\/kf\/He24ef2ad27054ff0aec41d929cc89715U\/285696489\/He24ef2ad27054ff0aec41d929cc89715U.jpg\" class=\"magic-33\"><\/div>\n<\/div>\n<\/div>\n<div module-id=\"47245582930\" module-title=\"detailSingleImage\" render=\"true\" class=\"J_module\">\n<div class=\"icbu-pc-images magic-0\">\n<div>\n<div class=\"flex-layout-v\">\n<div class=\"flex-layout-h magic-0\">\n<div class=\"magic-34\">\n<img decoding=\"async\" src=\"https:\/\/sc04.alicdn.com\/kf\/Hd407f2dd797046639b80eec9c797f638g\/285696489\/Hd407f2dd797046639b80eec9c797f638g.jpg\" data-src=\"\/\/sc04.alicdn.com\/kf\/Hd407f2dd797046639b80eec9c797f638g\/285696489\/Hd407f2dd797046639b80eec9c797f638g.jpg\" usemap=\"#4-bb-787-4f0d\" class=\"magic-35\"><\/p>\n<map name=\"4-bb-787-4f0d\">\n<area shape=\"rect\" coords=\"10,68,110,102\" href=\"https:\/\/brandique.en.alibaba.com\/\" target=\"_blank\">\n<area shape=\"rect\" coords=\"116,62,366,107\" href=\"https:\/\/brandique.en.alibaba.com\/productlist.html\" target=\"_blank\">\n<area shape=\"rect\" coords=\"373,62,600,105\" href=\"https:\/\/brandique.en.alibaba.com\/company_profile.html\" target=\"_blank\">\n<area shape=\"rect\" coords=\"612,54,735,112\" href=\"https:\/\/brandique.en.alibaba.com\/contactinfo.html\" target=\"_blank\"><\/map>\n<\/div>\n<\/div>\n<\/div>\n<\/div>\n<\/div>\n<\/div><\/div>","protected":false},"excerpt":{"rendered":"<p>Oriental Arborvitae Leaf Extract 5% Soapberry Fruit Extract Strengthen Prevent Breakage Anti-Dandruff Itch Hair Shampoo Supramolecular TechSmart Targeted Cleansing Smart<\/p>","protected":false},"featured_media":29257,"template":"","meta":[],"product_brand":[],"product_cat":[84],"product_tag":[],"class_list":{"0":"post-29256","1":"product","2":"type-product","3":"status-publish","4":"has-post-thumbnail","6":"product_cat-hair-care","8":"first","9":"instock","10":"shipping-taxable","11":"purchasable","12":"product-type-variable"},"_links":{"self":[{"href":"https:\/\/www.keying-cosmetics.com\/fr\/wp-json\/wp\/v2\/product\/29256","targetHints":{"allow":["GET"]}}],"collection":[{"href":"https:\/\/www.keying-cosmetics.com\/fr\/wp-json\/wp\/v2\/product"}],"about":[{"href":"https:\/\/www.keying-cosmetics.com\/fr\/wp-json\/wp\/v2\/types\/product"}],"wp:featuredmedia":[{"embeddable":true,"href":"https:\/\/www.keying-cosmetics.com\/fr\/wp-json\/wp\/v2\/media\/29257"}],"wp:attachment":[{"href":"https:\/\/www.keying-cosmetics.com\/fr\/wp-json\/wp\/v2\/media?parent=29256"}],"wp:term":[{"taxonomy":"product_brand","embeddable":true,"href":"https:\/\/www.keying-cosmetics.com\/fr\/wp-json\/wp\/v2\/product_brand?post=29256"},{"taxonomy":"product_cat","embeddable":true,"href":"https:\/\/www.keying-cosmetics.com\/fr\/wp-json\/wp\/v2\/product_cat?post=29256"},{"taxonomy":"product_tag","embeddable":true,"href":"https:\/\/www.keying-cosmetics.com\/fr\/wp-json\/wp\/v2\/product_tag?post=29256"}],"curies":[{"name":"wp","href":"https:\/\/api.w.org\/{rel}","templated":true}]}}