{"id":29235,"date":"2026-02-25T09:33:34","date_gmt":"2026-02-25T01:33:34","guid":{"rendered":"https:\/\/www.keying-cosmetics.com\/product\/custom-private-label-ginger-organic-ginger-hair-loss-anti-dandruff-hair-growth-shampoo\/"},"modified":"2026-02-25T09:33:45","modified_gmt":"2026-02-25T01:33:45","slug":"custom-private-label-ginger-organic-ginger-hair-loss-anti-dandruff-hair-growth-shampoo","status":"publish","type":"product","link":"https:\/\/www.keying-cosmetics.com\/fr\/produit\/custom-private-label-ginger-organic-ginger-hair-loss-anti-dandruff-hair-growth-shampoo\/","title":{"rendered":"Shampoing personnalis\u00e9 au gingembre bio, antipelliculaire, pour la chute des cheveux et la croissance capillaire, sous marque priv\u00e9e."},"content":{"rendered":"<div data-magic-global=\"%7B%22bizId%22%3A2500000842880%2C%22pageId%22%3A21726801127%2C%22siteId%22%3A10102637159%7D\" id=\"detail_decorate_root\">\n<style>#detail_decorate_root .magic-0{width:750px}#detail_decorate_root .magic-1{overflow:hidden;width:750px;height:389px;margin-top:0;margin-bottom:0;margin-left:0;margin-right:0}#detail_decorate_root .magic-2{margin-top:0;margin-left:0;width:750px;height:389px}#detail_decorate_root .magic-3{vertical-align:top}#detail_decorate_root .magic-4{vertical-align:top;display:block;padding-right:4px;box-sizing:border-box;padding-left:4px}#detail_decorate_root .magic-5{vertical-align:top;padding-bottom:4px;box-sizing:border-box;padding-top:4px}#detail_decorate_root .magic-6{padding:0;margin:0;white-space:pre-wrap;font-size:14px}#detail_decorate_root .magic-7{text-align:center}#detail_decorate_root .magic-8{font-family:inherit;font-variant-ligatures:inherit;font-variant-caps:inherit;font-weight:inherit}#detail_decorate_root .magic-10{font-size:20px}#detail_decorate_root .magic-11{margin-bottom:10px;overflow:hidden}#detail_decorate_root .magic-12{overflow:hidden;width:750px;height:54px;margin-top:0;margin-bottom:0;margin-left:0;margin-right:0}#detail_decorate_root .magic-13{margin-top:0;margin-left:0;width:750px;height:54px}#detail_decorate_root .magic-14{overflow:hidden;width:750px;height:750px;margin-top:0;margin-bottom:0;margin-left:0;margin-right:0}#detail_decorate_root .magic-15{margin-top:0;margin-left:0;width:750px;height:750px}#detail_decorate_root .magic-16{font-size:14px}#detail_decorate_root .magic-17{width:750px;border-collapse:collapse}#detail_decorate_root .magic-18{min-height:28px;padding:5px 10px;width:126px;min-height:28px;box-sizing:content-box}#detail_decorate_root .magic-19{min-height:28px;padding:5px 10px;width:580px;min-height:28px;box-sizing:content-box}#detail_decorate_root .magic-20{overflow:hidden;width:750px;height:170px;margin-top:0;margin-bottom:0;margin-left:0;margin-right:0}#detail_decorate_root .magic-21{margin-top:0;margin-left:0;width:750px;height:170px}#detail_decorate_root .magic-22{overflow:hidden;width:750px;height:1395px;margin-top:0;margin-bottom:0;margin-left:0;margin-right:0}#detail_decorate_root .magic-23{margin-top:0;margin-left:0;width:750px;height:1395px}#detail_decorate_root .magic-24{overflow:hidden;width:750px;height:444px;margin-top:0;margin-bottom:0;margin-left:0;margin-right:0}#detail_decorate_root .magic-25{margin-top:0;margin-left:0;width:750px;height:444px}#detail_decorate_root .magic-26{overflow:hidden;width:750px;height:926px;margin-top:0;margin-bottom:0;margin-left:0;margin-right:0}#detail_decorate_root .magic-27{margin-top:0;margin-left:0;width:750px;height:926px}#detail_decorate_root .magic-28{overflow:hidden;width:750px;height:933px;margin-top:0;margin-bottom:0;margin-left:0;margin-right:0}#detail_decorate_root .magic-29{margin-top:0;margin-left:0;width:750px;height:933px}#detail_decorate_root .magic-30{overflow:hidden;width:750px;height:209px;margin-top:0;margin-bottom:0;margin-left:0;margin-right:0}#detail_decorate_root .magic-31{margin-top:0;margin-left:0;width:750px;height:209px}#detail_decorate_root .magic-32{margin-bottom:10px;line-height:0}#detail_decorate_root .magic-33{margin-bottom:0}#detail_decorate_root .magic-34{position:relative;width:100%}#detail_decorate_root .magic-35{overflow:hidden;width:750px;height:201px;margin-top:0;margin-bottom:0;margin-left:0;margin-right:0}#detail_decorate_root .magic-36{margin-top:0;margin-left:0;width:750px;height:201px}<\/style>\n<div module-id=\"46955507753\" module-title=\"detailSingleImage\" render=\"true\" class=\"J_module\">\n<div class=\"icbu-pc-images magic-0\">\n<div>\n<div class=\"flex-layout-v\">\n<div class=\"flex-layout-h magic-0\">\n<div class=\"magic-1\"><img decoding=\"async\" src=\"https:\/\/sc04.alicdn.com\/kf\/H92b8f2c7f5ba4a638fcd197067a119c7l\/285696489\/H92b8f2c7f5ba4a638fcd197067a119c7l.jpg\" data-src=\"\/\/sc04.alicdn.com\/kf\/H92b8f2c7f5ba4a638fcd197067a119c7l\/285696489\/H92b8f2c7f5ba4a638fcd197067a119c7l.jpg\" class=\"magic-2\"><\/div>\n<\/div>\n<\/div>\n<\/div>\n<\/div>\n<\/div>\n<div module-id=\"46955507754\" module-title=\"detailTextContent\" render=\"true\" class=\"J_module\">\n<div class=\"detail-decorate-json-renderer-container\">\n<div class=\"magic-3\">\n<div class=\"magic-4\">\n<div class=\"magic-5\">\n<div class=\"magic-6\">\n<div class=\"magic-7\"><i class=\"magic-8\"><b class=\"magic-9\"><font class=\"magic-10\"><span><span>Shampoing personnalis\u00e9 au gingembre bio, antipelliculaire, pour la chute des cheveux et la croissance capillaire, sous marque priv\u00e9e.<\/span><\/span><\/font><\/b><\/i><\/div>\n<\/div>\n<\/div>\n<\/div>\n<\/div>\n<\/div>\n<\/div>\n<div module-id=\"46955507755\" module-title=\"detailSellerRecommend\" render=\"true\" class=\"J_module\">\n<div data-magic='{\"mds\":{\"assetsVersion\":\"0.0.14\",\"assetsPackageName\":\"icbumod\",\"moduleNameAlias\":\"icbu-pc-detailSellerRecommend\",\"moduleData\":{\"config\":{\"columnCount\":4,\"titleKey\":6,\"products\":[1601616106429,1601616086838,1601612233495,1601613957919]}}},\"version\":1}' class=\"icbu-pc-detailSellerRecommend magic-11\"><\/div>\n<\/div>\n<div module-id=\"46955507756\" module-title=\"detailSingleImage\" render=\"true\" class=\"J_module\">\n<div class=\"icbu-pc-images magic-0\">\n<div>\n<div class=\"flex-layout-v\">\n<div class=\"flex-layout-h magic-0\">\n<div class=\"magic-12\"><img decoding=\"async\" src=\"https:\/\/sc04.alicdn.com\/kf\/H17237333930f4f90ace0687bc6a4283f1\/285696489\/H17237333930f4f90ace0687bc6a4283f1.jpg\" data-src=\"\/\/sc04.alicdn.com\/kf\/H17237333930f4f90ace0687bc6a4283f1\/285696489\/H17237333930f4f90ace0687bc6a4283f1.jpg\" class=\"magic-13\"><\/div>\n<\/div>\n<\/div>\n<\/div>\n<\/div>\n<\/div>\n<div module-id=\"46955507757\" module-title=\"detailSingleImage\" render=\"true\" class=\"J_module\">\n<div class=\"icbu-pc-images magic-0\">\n<div>\n<div class=\"flex-layout-v\">\n<div class=\"flex-layout-h magic-0\">\n<div class=\"magic-14\"><img decoding=\"async\" src=\"https:\/\/sc04.alicdn.com\/kf\/Ha7e8216588574ff48ddc2d7224fcf184L\/285696489\/Ha7e8216588574ff48ddc2d7224fcf184L.jpg\" data-src=\"\/\/sc04.alicdn.com\/kf\/Ha7e8216588574ff48ddc2d7224fcf184L\/285696489\/Ha7e8216588574ff48ddc2d7224fcf184L.jpg\" class=\"magic-15\"><\/div>\n<\/div>\n<\/div>\n<\/div>\n<\/div>\n<\/div>\n<div module-id=\"46955507758\" module-title=\"detailSingleImage\" render=\"true\" class=\"J_module\">\n<div class=\"icbu-pc-images magic-0\">\n<div>\n<div class=\"flex-layout-v\">\n<div class=\"flex-layout-h magic-0\">\n<div class=\"magic-14\"><img decoding=\"async\" src=\"https:\/\/sc04.alicdn.com\/kf\/Hae255cb991fb40b1ab4de89c0ace7898o\/285696489\/Hae255cb991fb40b1ab4de89c0ace7898o.jpg\" data-src=\"\/\/sc04.alicdn.com\/kf\/Hae255cb991fb40b1ab4de89c0ace7898o\/285696489\/Hae255cb991fb40b1ab4de89c0ace7898o.jpg\" class=\"magic-15\"><\/div>\n<\/div>\n<\/div>\n<\/div>\n<\/div>\n<\/div>\n<div module-id=\"47036540797\" module-title=\"detailTextContent\" render=\"true\" class=\"J_module\">\n<div class=\"detail-decorate-json-renderer-container\">\n<div class=\"magic-3\">\n<div class=\"magic-4\">\n<div class=\"magic-5\">\n<div class=\"magic-6\">\n<div class=\"magic-7\"><i><b>Shampoing \u00e0 la racine de ginseng<\/b><\/i><\/div>\n<p><span><\/p>\n<div class=\"magic-7\"><i><b>Nourris au ginseng du mont Changbai, fortifie les cheveux d\u00e8s la racine.<\/b><\/i><\/div>\n<div class=\"magic-7\"><i><b><span>Anti-chute et fortifiant pour les racines, soin nourrissant pour le cuir chevelu, r\u00e9paration capillaire<\/span><br \/><\/b><\/i><\/div>\n<p><\/span>\n<\/div>\n<\/div>\n<\/div>\n<\/div>\n<\/div>\n<\/div>\n<div module-id=\"46955507760\" module-title=\"detailSingleImage\" render=\"true\" class=\"J_module\">\n<div class=\"icbu-pc-images magic-0\">\n<div>\n<div class=\"flex-layout-v\">\n<div class=\"flex-layout-h magic-0\">\n<div class=\"magic-14\"><img decoding=\"async\" src=\"https:\/\/sc04.alicdn.com\/kf\/H36ed96dab1f848b58c7ffa20ae73e4e4V\/285696489\/H36ed96dab1f848b58c7ffa20ae73e4e4V.jpg\" data-src=\"\/\/sc04.alicdn.com\/kf\/H36ed96dab1f848b58c7ffa20ae73e4e4V\/285696489\/H36ed96dab1f848b58c7ffa20ae73e4e4V.jpg\" class=\"magic-15\"><\/div>\n<\/div>\n<\/div>\n<\/div>\n<\/div>\n<\/div>\n<div module-id=\"46955507761\" module-title=\"detailTextContent\" render=\"true\" class=\"J_module\">\n<div class=\"detail-decorate-json-renderer-container\">\n<div class=\"magic-3\">\n<div class=\"magic-4\">\n<div class=\"magic-5\">\n<div class=\"magic-6\">\n<div class=\"magic-7\"><i><b><\/b><\/i><\/div>\n<p><font class=\"magic-16\"><\/p>\n<div class=\"magic-7\"><i class=\"magic-8\"><b class=\"magic-9\"><\/b><\/i><\/div>\n<p><\/font><\/p>\n<div class=\"magic-7\"><span><i><b><span><font class=\"magic-16\"><\/font><\/span><span>Soin capillaire nourrissant Golden Hair\u00a0: Nourrit et fortifie de la racine aux pointes.<br \/>Extrait de racine de ginseng du mont Changbai\u00a0: riche en gins\u00e9nosides et oligo-\u00e9l\u00e9ments, nourrit en profondeur les follicules, active la microcirculation du cuir chevelu et renforce la structure des racines.<br \/>K\u00e9ratine hydrolys\u00e9e, panth\u00e9nol : La k\u00e9ratine, de petite taille mol\u00e9culaire, r\u00e9pare pr\u00e9cis\u00e9ment les cha\u00eenes de k\u00e9ratine endommag\u00e9es des cheveux, tandis que le panth\u00e9nol retient l&#039;hydratation et forme une barri\u00e8re protectrice contre les dommages.<\/span><br \/><\/b><\/i><\/span><\/div>\n<\/div>\n<\/div>\n<\/div>\n<\/div>\n<\/div>\n<\/div>\n<div module-id=\"46955507762\" module-title=\"detailSingleImage\" render=\"true\" class=\"J_module\">\n<div class=\"icbu-pc-images magic-0\">\n<div>\n<div class=\"flex-layout-v\">\n<div class=\"flex-layout-h magic-0\">\n<div class=\"magic-14\"><img decoding=\"async\" src=\"https:\/\/sc04.alicdn.com\/kf\/H2e257aece67c412fad8864496d24ab81J\/285696489\/H2e257aece67c412fad8864496d24ab81J.jpg\" data-src=\"\/\/sc04.alicdn.com\/kf\/H2e257aece67c412fad8864496d24ab81J\/285696489\/H2e257aece67c412fad8864496d24ab81J.jpg\" class=\"magic-15\"><\/div>\n<\/div>\n<\/div>\n<\/div>\n<\/div>\n<\/div>\n<div module-id=\"46955507763\" module-title=\"detailTableHorizontal\" render=\"true\" class=\"J_module\">\n<div class=\"ife-detail-decorate-table\">\n<table class=\"has-title all magic-17\">\n<tbody>\n<tr>\n<td colspan=\"1\" rowspan=\"1\">\n<div class=\"magic-18\"><b>Nom du produit<\/b><\/div>\n<\/td>\n<td colspan=\"1\" rowspan=\"1\">\n<div class=\"magic-19\">Shampoing au ginseng<\/div>\n<\/td>\n<\/tr>\n<tr>\n<td colspan=\"1\" rowspan=\"1\">\n<div class=\"magic-18\"><b>Efficacit\u00e9<\/b><\/div>\n<\/td>\n<td colspan=\"1\" rowspan=\"1\">\n<div class=\"magic-19\">\n<div data-spm-anchor-id=\"a2700.pc-decorate.0.i61.245e3333TI5w4y\">Soin capillaire nourrissant Golden Hair\u00a0: Nourrit et fortifie de la racine aux pointes.<br \/>Extrait de racine de ginseng du mont Changbai\u00a0: riche en gins\u00e9nosides et oligo-\u00e9l\u00e9ments, nourrit en profondeur les follicules, active la microcirculation du cuir chevelu et renforce la structure des racines.<br \/>K\u00e9ratine hydrolys\u00e9e, panth\u00e9nol\u00a0: la k\u00e9ratine \u00e0 petites mol\u00e9cules r\u00e9pare pr\u00e9cis\u00e9ment les cha\u00eenes de k\u00e9ratine endommag\u00e9es des cheveux, le panth\u00e9nol retient l\u2019hydratation et forme une barri\u00e8re protectrice contre les dommages.\n<\/div>\n<\/div>\n<\/td>\n<\/tr>\n<tr>\n<td colspan=\"1\" rowspan=\"1\">\n<div class=\"magic-18\"><b>Type de peau<\/b><\/div>\n<\/td>\n<td colspan=\"1\" rowspan=\"1\">\n<div class=\"magic-19\">Tous types de peau<\/div>\n<\/td>\n<\/tr>\n<tr>\n<td colspan=\"1\" rowspan=\"1\">\n<div class=\"magic-18\"><b>Sp\u00e9cification<\/b><\/div>\n<\/td>\n<td colspan=\"1\" rowspan=\"1\">\n<div class=\"magic-19\">500 ml \/ personnalisable<\/div>\n<\/td>\n<\/tr>\n<tr>\n<td colspan=\"1\" rowspan=\"1\">\n<div class=\"magic-18\"><b>Service<\/b><\/div>\n<\/td>\n<td colspan=\"1\" rowspan=\"1\">\n<div class=\"magic-19\">OEM\/ODM, Private Label, LOGO, Personnalisation d&#039;emballage. Achat de mati\u00e8res premi\u00e8res, Solutions de transport.<\/div>\n<\/td>\n<\/tr>\n<tr>\n<td colspan=\"1\" rowspan=\"1\">\n<div class=\"magic-18\"><b>Dur\u00e9e de conservation<\/b><\/div>\n<\/td>\n<td colspan=\"1\" rowspan=\"1\">\n<div class=\"magic-19\">3 ans<\/div>\n<\/td>\n<\/tr>\n<tr>\n<td colspan=\"1\" rowspan=\"1\">\n<div class=\"magic-18\"><b>Couleur<\/b><\/div>\n<\/td>\n<td colspan=\"1\" rowspan=\"1\">\n<div class=\"magic-19\">Blanc\/personnalisable<\/div>\n<\/td>\n<\/tr>\n<tr>\n<td colspan=\"1\" rowspan=\"1\">\n<div class=\"magic-18\"><b>Certification<\/b><\/div>\n<\/td>\n<td colspan=\"1\" rowspan=\"1\">\n<div class=\"magic-19\">GMPC\/ISO2276\/SEDEX\/SGS\/FDS\/COA\/CPSR<\/div>\n<\/td>\n<\/tr>\n<tr>\n<td colspan=\"1\" rowspan=\"1\">\n<div class=\"magic-18\"><b>D\u00e9lai de livraison<\/b><\/div>\n<\/td>\n<td colspan=\"1\" rowspan=\"1\">\n<div class=\"magic-19\">3 \u00e0 7 jours par avion, 25 \u00e0 45 jours par mer, transport terrestre 10 \u00e0 15 jours.<\/div>\n<\/td>\n<\/tr>\n<tr>\n<td colspan=\"1\" rowspan=\"1\">\n<div class=\"magic-18\"><b>Conditions de paiement<\/b><\/div>\n<\/td>\n<td colspan=\"1\" rowspan=\"1\">\n<div class=\"magic-19\">T\/T, Western Union, virement bancaire, PayPal, Alibaba Trade Assurance.<\/div>\n<\/td>\n<\/tr>\n<\/tbody>\n<\/table>\n<\/div>\n<\/div>\n<div module-id=\"46955507764\" module-title=\"detailSingleImage\" render=\"true\" class=\"J_module\">\n<div class=\"icbu-pc-images magic-0\">\n<div>\n<div class=\"flex-layout-v\">\n<div class=\"flex-layout-h magic-0\">\n<div class=\"magic-20\">\n<img decoding=\"async\" src=\"https:\/\/sc04.alicdn.com\/kf\/H7a77d2fb298d440d980a2d1977788713x\/285696489\/H7a77d2fb298d440d980a2d1977788713x.jpg\" data-src=\"\/\/sc04.alicdn.com\/kf\/H7a77d2fb298d440d980a2d1977788713x\/285696489\/H7a77d2fb298d440d980a2d1977788713x.jpg\" usemap=\"#7-f6-92f-36fd\" class=\"magic-21\"><\/p>\n<map name=\"7-f6-92f-36fd\">\n<area shape=\"rect\" coords=\"36,10,717,158\" href=\"https:\/\/brandique.en.alibaba.com\/contactinfo.html\" target=\"_blank\"><\/map>\n<\/div>\n<\/div>\n<\/div>\n<\/div>\n<\/div>\n<\/div>\n<div module-id=\"46955507765\" module-title=\"detailSingleImage\" render=\"true\" class=\"J_module\">\n<div class=\"icbu-pc-images magic-0\">\n<div>\n<div class=\"flex-layout-v\">\n<div class=\"flex-layout-h magic-0\">\n<div class=\"magic-22\"><img decoding=\"async\" src=\"https:\/\/sc04.alicdn.com\/kf\/H982dfb2125f04213bc0a42f864d999bca\/285696489\/H982dfb2125f04213bc0a42f864d999bca.jpg\" data-src=\"\/\/sc04.alicdn.com\/kf\/H982dfb2125f04213bc0a42f864d999bca\/285696489\/H982dfb2125f04213bc0a42f864d999bca.jpg\" class=\"magic-23\"><\/div>\n<\/div>\n<\/div>\n<\/div>\n<\/div>\n<\/div>\n<div module-id=\"46955507766\" module-title=\"detailSingleImage\" render=\"true\" class=\"J_module\">\n<div class=\"icbu-pc-images magic-0\">\n<div>\n<div class=\"flex-layout-v\">\n<div class=\"flex-layout-h magic-0\">\n<div class=\"magic-24\">\n<img decoding=\"async\" src=\"https:\/\/sc04.alicdn.com\/kf\/Hfdbae2e8bd1d4442bc6b59b9efa61f9c1\/285696489\/Hfdbae2e8bd1d4442bc6b59b9efa61f9c1.jpg\" data-src=\"\/\/sc04.alicdn.com\/kf\/Hfdbae2e8bd1d4442bc6b59b9efa61f9c1\/285696489\/Hfdbae2e8bd1d4442bc6b59b9efa61f9c1.jpg\" usemap=\"#b-43-a49-2c56\" class=\"magic-25\"><\/p>\n<map name=\"b-43-a49-2c56\">\n<area shape=\"rect\" coords=\"34,76,174,236\" href=\"https:\/\/brandique.en.alibaba.com\/productgrouplist-959544183\/Hot_Selling.html\" target=\"_blank\">\n<area shape=\"rect\" coords=\"211,73,356,237\" href=\"https:\/\/brandique.en.alibaba.com\/productgrouplist-958733089\/Facial_care.html\" target=\"_blank\">\n<area shape=\"rect\" coords=\"392,78,538,243\" href=\"https:\/\/brandique.en.alibaba.com\/productgrouplist-959942481\/Body_care.html\" target=\"_blank\">\n<area shape=\"rect\" coords=\"574,80,716,242\" href=\"https:\/\/brandique.en.alibaba.com\/productgrouplist-959693406\/Man_care.html\" target=\"_blank\">\n<area shape=\"rect\" coords=\"30,259,175,424\" href=\"https:\/\/brandique.en.alibaba.com\/productgrouplist-959587727\/Hair_care.html\" target=\"_blank\">\n<area shape=\"rect\" coords=\"205,259,363,424\" href=\"https:\/\/brandique.en.alibaba.com\/productgrouplist-958752229\/Essential_oil_series.html\" target=\"_blank\">\n<area shape=\"rect\" coords=\"390,261,542,426\" href=\"https:\/\/brandique.en.alibaba.com\/productgrouplist-959587728\/Exfoliating_series.html\" target=\"_blank\">\n<area shape=\"rect\" coords=\"566,256,722,430\" href=\"https:\/\/brandique.en.alibaba.com\/productgrouplist-959942482\/Skin_care_set.html\" target=\"_blank\"><\/map>\n<\/div>\n<\/div>\n<\/div>\n<\/div>\n<\/div>\n<\/div>\n<div module-id=\"46955507767\" module-title=\"detailSingleImage\" render=\"true\" class=\"J_module\">\n<div class=\"icbu-pc-images magic-0\">\n<div>\n<div class=\"flex-layout-v\">\n<div class=\"flex-layout-h magic-0\">\n<div class=\"magic-26\"><img decoding=\"async\" src=\"https:\/\/sc04.alicdn.com\/kf\/Hd586fdbc832d4668b69ff4245a0128d7C\/285696489\/Hd586fdbc832d4668b69ff4245a0128d7C.jpg\" data-src=\"\/\/sc04.alicdn.com\/kf\/Hd586fdbc832d4668b69ff4245a0128d7C\/285696489\/Hd586fdbc832d4668b69ff4245a0128d7C.jpg\" class=\"magic-27\"><\/div>\n<\/div>\n<\/div>\n<\/div>\n<\/div>\n<\/div>\n<div module-id=\"46955507768\" module-title=\"detailSingleImage\" render=\"true\" class=\"J_module\">\n<div class=\"icbu-pc-images magic-0\">\n<div>\n<div class=\"flex-layout-v\">\n<div class=\"flex-layout-h magic-0\">\n<div class=\"magic-28\"><img decoding=\"async\" src=\"https:\/\/sc04.alicdn.com\/kf\/H4472af331eeb43c3be5adf3298f12673G\/285696489\/H4472af331eeb43c3be5adf3298f12673G.jpg\" data-src=\"\/\/sc04.alicdn.com\/kf\/H4472af331eeb43c3be5adf3298f12673G\/285696489\/H4472af331eeb43c3be5adf3298f12673G.jpg\" class=\"magic-29\"><\/div>\n<\/div>\n<\/div>\n<\/div>\n<\/div>\n<\/div>\n<div module-id=\"46955507769\" module-title=\"detailSingleImage\" render=\"true\" class=\"J_module\">\n<div class=\"icbu-pc-images magic-0\">\n<div>\n<div class=\"flex-layout-v\">\n<div class=\"flex-layout-h magic-0\">\n<div class=\"magic-30\">\n<img decoding=\"async\" src=\"https:\/\/sc04.alicdn.com\/kf\/Hdb34e42c86e54a86932afaa4f2797e8ch\/285696489\/Hdb34e42c86e54a86932afaa4f2797e8ch.jpg\" data-src=\"\/\/sc04.alicdn.com\/kf\/Hdb34e42c86e54a86932afaa4f2797e8ch\/285696489\/Hdb34e42c86e54a86932afaa4f2797e8ch.jpg\" usemap=\"#2-2e-2aa-fd72\" class=\"magic-31\"><\/p>\n<map name=\"2-2e-2aa-fd72\">\n<area shape=\"rect\" coords=\"51,20,699,155\" href=\"https:\/\/brandique.en.alibaba.com\/contactinfo.html\" target=\"_blank\"><\/map>\n<\/div>\n<\/div>\n<\/div>\n<\/div>\n<\/div>\n<\/div>\n<div module-id=\"46955507770\" module-title=\"detailManyImage\" render=\"true\" class=\"J_module\">\n<div class=\"icbu-pc-detailManyImage magic-32\">\n<div class=\"magic-33\"><img decoding=\"async\" src=\"https:\/\/sc04.alicdn.com\/kf\/Hdaeaedf68c23468b9f779f4f90ece914R\/285696489\/Hdaeaedf68c23468b9f779f4f90ece914R.jpg\" data-src=\"\/\/sc04.alicdn.com\/kf\/Hdaeaedf68c23468b9f779f4f90ece914R\/285696489\/Hdaeaedf68c23468b9f779f4f90ece914R.jpg\" class=\"magic-34\"><\/div>\n<div class=\"magic-33\"><img decoding=\"async\" src=\"https:\/\/sc04.alicdn.com\/kf\/H21086ce6f05948c5896330d3c1d81b4eQ\/285696489\/H21086ce6f05948c5896330d3c1d81b4eQ.jpg\" data-src=\"\/\/sc04.alicdn.com\/kf\/H21086ce6f05948c5896330d3c1d81b4eQ\/285696489\/H21086ce6f05948c5896330d3c1d81b4eQ.jpg\" class=\"magic-34\"><\/div>\n<div class=\"magic-33\"><img decoding=\"async\" src=\"https:\/\/sc04.alicdn.com\/kf\/Hf852b54329f249e691d9b8faf0697e43E\/285696489\/Hf852b54329f249e691d9b8faf0697e43E.jpg\" data-src=\"\/\/sc04.alicdn.com\/kf\/Hf852b54329f249e691d9b8faf0697e43E\/285696489\/Hf852b54329f249e691d9b8faf0697e43E.jpg\" class=\"magic-34\"><\/div>\n<div class=\"magic-33\"><img decoding=\"async\" src=\"https:\/\/sc04.alicdn.com\/kf\/He24ef2ad27054ff0aec41d929cc89715U\/285696489\/He24ef2ad27054ff0aec41d929cc89715U.jpg\" data-src=\"\/\/sc04.alicdn.com\/kf\/He24ef2ad27054ff0aec41d929cc89715U\/285696489\/He24ef2ad27054ff0aec41d929cc89715U.jpg\" class=\"magic-34\"><\/div>\n<\/div>\n<\/div>\n<div module-id=\"46955507771\" module-title=\"detailSingleImage\" render=\"true\" class=\"J_module\">\n<div class=\"icbu-pc-images magic-0\">\n<div>\n<div class=\"flex-layout-v\">\n<div class=\"flex-layout-h magic-0\">\n<div class=\"magic-35\">\n<img decoding=\"async\" src=\"https:\/\/sc04.alicdn.com\/kf\/Hd407f2dd797046639b80eec9c797f638g\/285696489\/Hd407f2dd797046639b80eec9c797f638g.jpg\" data-src=\"\/\/sc04.alicdn.com\/kf\/Hd407f2dd797046639b80eec9c797f638g\/285696489\/Hd407f2dd797046639b80eec9c797f638g.jpg\" usemap=\"#b-c4-7bb-773b\" class=\"magic-36\"><\/p>\n<map name=\"b-c4-7bb-773b\">\n<area shape=\"rect\" coords=\"10,68,110,102\" href=\"https:\/\/brandique.en.alibaba.com\/\" target=\"_blank\">\n<area shape=\"rect\" coords=\"116,62,366,107\" href=\"https:\/\/brandique.en.alibaba.com\/productlist.html\" target=\"_blank\">\n<area shape=\"rect\" coords=\"373,62,600,105\" href=\"https:\/\/brandique.en.alibaba.com\/company_profile.html\" target=\"_blank\">\n<area shape=\"rect\" coords=\"612,54,735,112\" href=\"https:\/\/brandique.en.alibaba.com\/contactinfo.html\" target=\"_blank\"><\/map>\n<\/div>\n<\/div>\n<\/div>\n<\/div>\n<\/div>\n<\/div><\/div>","protected":false},"excerpt":{"rendered":"<p>Custom Private Label Ginger Organic Ginger Hair Loss Anti-dandruff Hair Growth Shampoo Ginseng Root Shampoo Nourished by Changbai Mountain Ginseng,<\/p>","protected":false},"featured_media":29236,"template":"","meta":[],"product_brand":[],"product_cat":[84],"product_tag":[],"class_list":{"0":"post-29235","1":"product","2":"type-product","3":"status-publish","4":"has-post-thumbnail","6":"product_cat-hair-care","8":"first","9":"instock","10":"shipping-taxable","11":"purchasable","12":"product-type-variable"},"_links":{"self":[{"href":"https:\/\/www.keying-cosmetics.com\/fr\/wp-json\/wp\/v2\/product\/29235","targetHints":{"allow":["GET"]}}],"collection":[{"href":"https:\/\/www.keying-cosmetics.com\/fr\/wp-json\/wp\/v2\/product"}],"about":[{"href":"https:\/\/www.keying-cosmetics.com\/fr\/wp-json\/wp\/v2\/types\/product"}],"wp:featuredmedia":[{"embeddable":true,"href":"https:\/\/www.keying-cosmetics.com\/fr\/wp-json\/wp\/v2\/media\/29236"}],"wp:attachment":[{"href":"https:\/\/www.keying-cosmetics.com\/fr\/wp-json\/wp\/v2\/media?parent=29235"}],"wp:term":[{"taxonomy":"product_brand","embeddable":true,"href":"https:\/\/www.keying-cosmetics.com\/fr\/wp-json\/wp\/v2\/product_brand?post=29235"},{"taxonomy":"product_cat","embeddable":true,"href":"https:\/\/www.keying-cosmetics.com\/fr\/wp-json\/wp\/v2\/product_cat?post=29235"},{"taxonomy":"product_tag","embeddable":true,"href":"https:\/\/www.keying-cosmetics.com\/fr\/wp-json\/wp\/v2\/product_tag?post=29235"}],"curies":[{"name":"wp","href":"https:\/\/api.w.org\/{rel}","templated":true}]}}