{"id":29199,"date":"2026-02-25T09:02:26","date_gmt":"2026-02-25T01:02:26","guid":{"rendered":"https:\/\/www.keying-cosmetics.com\/product\/private-label-salmon-pdrn-synergistic-anti-age-bakuchiol-hyaluronic-whitening-skincare-serum\/"},"modified":"2026-02-25T09:02:56","modified_gmt":"2026-02-25T01:02:56","slug":"private-label-salmon-pdrn-synergistic-anti-age-bakuchiol-hyaluronic-whitening-skincare-serum","status":"publish","type":"product","link":"https:\/\/www.keying-cosmetics.com\/fr\/produit\/private-label-salmon-pdrn-synergistic-anti-age-bakuchiol-hyaluronic-whitening-skincare-serum\/","title":{"rendered":"S\u00e9rum de soin \u00e9claircissant anti-\u00e2ge synergique au saumon PDRN et au bakuchiol, \u00e0 base d&#039;acide hyaluronique et de colorants, sous marque priv\u00e9e"},"content":{"rendered":"","protected":false},"excerpt":{"rendered":"","protected":false},"featured_media":29201,"template":"","meta":[],"product_brand":[],"product_cat":[81],"product_tag":[],"class_list":{"0":"post-29199","1":"product","2":"type-product","3":"status-publish","4":"has-post-thumbnail","6":"product_cat-face-care","8":"first","9":"instock","10":"shipping-taxable","11":"purchasable","12":"product-type-variable"},"_links":{"self":[{"href":"https:\/\/www.keying-cosmetics.com\/fr\/wp-json\/wp\/v2\/product\/29199","targetHints":{"allow":["GET"]}}],"collection":[{"href":"https:\/\/www.keying-cosmetics.com\/fr\/wp-json\/wp\/v2\/product"}],"about":[{"href":"https:\/\/www.keying-cosmetics.com\/fr\/wp-json\/wp\/v2\/types\/product"}],"wp:featuredmedia":[{"embeddable":true,"href":"https:\/\/www.keying-cosmetics.com\/fr\/wp-json\/wp\/v2\/media\/29201"}],"wp:attachment":[{"href":"https:\/\/www.keying-cosmetics.com\/fr\/wp-json\/wp\/v2\/media?parent=29199"}],"wp:term":[{"taxonomy":"product_brand","embeddable":true,"href":"https:\/\/www.keying-cosmetics.com\/fr\/wp-json\/wp\/v2\/product_brand?post=29199"},{"taxonomy":"product_cat","embeddable":true,"href":"https:\/\/www.keying-cosmetics.com\/fr\/wp-json\/wp\/v2\/product_cat?post=29199"},{"taxonomy":"product_tag","embeddable":true,"href":"https:\/\/www.keying-cosmetics.com\/fr\/wp-json\/wp\/v2\/product_tag?post=29199"}],"curies":[{"name":"wp","href":"https:\/\/api.w.org\/{rel}","templated":true}]}}