{"id":29162,"date":"2026-02-25T08:54:28","date_gmt":"2026-02-25T00:54:28","guid":{"rendered":"https:\/\/www.keying-cosmetics.com\/product\/organic-sea-buckthorn-oil-jojoba-seed-oil-barrier-repair-moisturize-brighten-anti-aging-skincare-facial-oil-serum\/"},"modified":"2026-02-25T08:54:59","modified_gmt":"2026-02-25T00:54:59","slug":"organic-sea-buckthorn-oil-jojoba-seed-oil-barrier-repair-moisturize-brighten-anti-aging-skincare-facial-oil-serum","status":"publish","type":"product","link":"https:\/\/www.keying-cosmetics.com\/fr\/produit\/organic-sea-buckthorn-oil-jojoba-seed-oil-barrier-repair-moisturize-brighten-anti-aging-skincare-facial-oil-serum\/","title":{"rendered":"Huile d&#039;argousier bio, huile de jojoba, s\u00e9rum huileux pour le visage, soin r\u00e9parateur de la barri\u00e8re cutan\u00e9e, hydratant, illuminateur et anti-\u00e2ge"},"content":{"rendered":"","protected":false},"excerpt":{"rendered":"","protected":false},"featured_media":29163,"template":"","meta":[],"product_brand":[],"product_cat":[81],"product_tag":[],"class_list":{"0":"post-29162","1":"product","2":"type-product","3":"status-publish","4":"has-post-thumbnail","6":"product_cat-face-care","8":"first","9":"instock","10":"shipping-taxable","11":"purchasable","12":"product-type-variable"},"_links":{"self":[{"href":"https:\/\/www.keying-cosmetics.com\/fr\/wp-json\/wp\/v2\/product\/29162","targetHints":{"allow":["GET"]}}],"collection":[{"href":"https:\/\/www.keying-cosmetics.com\/fr\/wp-json\/wp\/v2\/product"}],"about":[{"href":"https:\/\/www.keying-cosmetics.com\/fr\/wp-json\/wp\/v2\/types\/product"}],"wp:featuredmedia":[{"embeddable":true,"href":"https:\/\/www.keying-cosmetics.com\/fr\/wp-json\/wp\/v2\/media\/29163"}],"wp:attachment":[{"href":"https:\/\/www.keying-cosmetics.com\/fr\/wp-json\/wp\/v2\/media?parent=29162"}],"wp:term":[{"taxonomy":"product_brand","embeddable":true,"href":"https:\/\/www.keying-cosmetics.com\/fr\/wp-json\/wp\/v2\/product_brand?post=29162"},{"taxonomy":"product_cat","embeddable":true,"href":"https:\/\/www.keying-cosmetics.com\/fr\/wp-json\/wp\/v2\/product_cat?post=29162"},{"taxonomy":"product_tag","embeddable":true,"href":"https:\/\/www.keying-cosmetics.com\/fr\/wp-json\/wp\/v2\/product_tag?post=29162"}],"curies":[{"name":"wp","href":"https:\/\/api.w.org\/{rel}","templated":true}]}}