{"id":29108,"date":"2026-01-16T11:07:26","date_gmt":"2026-01-16T03:07:26","guid":{"rendered":"https:\/\/www.keying-cosmetics.com\/product\/soothing-repair-niacinamide-multiple-collagen-face-cream-glutathione-vitamin-c-moisturizing-face-brightening-cream\/"},"modified":"2026-01-16T11:52:17","modified_gmt":"2026-01-16T03:52:17","slug":"soothing-repair-niacinamide-multiple-collagen-face-cream-glutathione-vitamin-c-moisturizing-face-brightening-cream","status":"publish","type":"product","link":"https:\/\/www.keying-cosmetics.com\/fr\/produit\/soothing-repair-niacinamide-multiple-collagen-face-cream-glutathione-vitamin-c-moisturizing-face-brightening-cream\/","title":{"rendered":"Cr\u00e8me visage apaisante et r\u00e9paratrice \u00e0 la niacinamide et au collag\u00e8ne multiple, au glutathion et \u00e0 la vitamine C, hydratante et \u00e9claircissante."},"content":{"rendered":"<p><a href=\"https:\/\/www.alibaba.com\/product-detail\/Soothing-Repair-Niacinamide-Multiple-Collagen-Face_1601618476502.html\" target=\"_blank\" rel=\"noopener\">https:\/\/www.alibaba.com\/product-detail\/Soothing-Repair-Niacinamide-Multiple-Collagen-Face_1601618476502.html<\/a><\/p>\n<h1 title=\"Cr\u00e8me visage apaisante et r\u00e9paratrice \u00e0 la niacinamide et au collag\u00e8ne multiple, au glutathion et \u00e0 la vitamine C, hydratante et \u00e9claircissante.\">Cr\u00e8me visage apaisante et r\u00e9paratrice \u00e0 la niacinamide et au collag\u00e8ne multiple, au glutathion et \u00e0 la vitamine C, hydratante et \u00e9claircissante.<\/h1>\n<div class=\"id-text-[#222] id-font-inter id-text-lg id-font-medium id-font-normal id-flex id-font-medium\" data-testid=\"product-detail-text-sort\"><span class=\"id-ml-2 id-whitespace-pre-line\" data-spm-anchor-id=\"a2700.details.0.i114.218b119e1qON9N\">Squal\u00e8ne antioxydant : Prot\u00e8ge la peau des radicaux libres pour un teint plus lisse.<\/span><\/div>\n<div class=\"id-text-[#222] id-font-inter id-text-lg id-font-medium id-font-normal id-flex id-font-medium\" data-testid=\"product-detail-text-sort\">\n<div class=\"id-w-1 id-h-1 id-rounded-full id-bg-[#000000D9] id-flex-shrink-0 id-flex-grow-0 id-mt-[8px]\"><\/div>\n<p><span class=\"id-ml-2 id-whitespace-pre-line\">Blanchiment au glutathion\u00a0: Att\u00e9nue les taches brunes et illumine le teint.<\/span><\/p>\n<\/div>\n<div class=\"id-text-[#222] id-font-inter id-text-lg id-font-medium id-font-normal id-flex id-font-medium\" data-testid=\"product-detail-text-sort\">\n<div class=\"id-w-1 id-h-1 id-rounded-full id-bg-[#000000D9] id-flex-shrink-0 id-flex-grow-0 id-mt-[8px]\"><\/div>\n<p><span class=\"id-ml-2 id-whitespace-pre-line\">R\u00e9paration \u00e0 la niacinamide\u00a0: renforce la barri\u00e8re cutan\u00e9e et apaise les irritations.<\/span><\/p>\n<\/div>\n<div class=\"id-text-[#222] id-font-inter id-text-lg id-font-medium id-font-normal id-flex id-font-medium\" data-testid=\"product-detail-text-sort\">\n<div class=\"id-w-1 id-h-1 id-rounded-full id-bg-[#000000D9] id-flex-shrink-0 id-flex-grow-0 id-mt-[8px]\"><\/div>\n<p><span class=\"id-ml-2 id-whitespace-pre-line\">Soin hydratant \u00e0 la vitamine C : Hydrate en profondeur et am\u00e9liore l&#039;\u00e9lasticit\u00e9 de la peau.<\/span><\/p>\n<\/div>\n<div class=\"id-text-[#222] id-font-inter id-text-lg id-font-medium id-font-normal id-flex id-font-medium\" data-testid=\"product-detail-text-sort\">\n<div class=\"id-w-1 id-h-1 id-rounded-full id-bg-[#000000D9] id-flex-shrink-0 id-flex-grow-0 id-mt-[8px]\"><\/div>\n<p><span class=\"id-ml-2 id-whitespace-pre-line\">Cr\u00e8me multifonctions : Convient \u00e0 tous les types de peau et \u00e0 un usage quotidien.<\/span><\/p>\n<\/div>\n<div class=\"id-text-[#222] id-font-inter id-text-lg id-font-medium id-font-normal id-flex id-font-medium\" data-testid=\"product-detail-text-sort\">\n<div class=\"id-w-1 id-h-1 id-rounded-full id-bg-[#000000D9] id-flex-shrink-0 id-flex-grow-0 id-mt-[8px]\"><\/div>\n<p><span class=\"id-ml-2 id-whitespace-pre-line\">cr\u00e8me hydratante pour le visage, cr\u00e8me au collag\u00e8ne, cr\u00e8me \u00e9claircissante pour la peau, cr\u00e8me anti-taches brunes<\/span><\/p>\n<\/div>\n<div data-testid=\"product-detail-text-sort\"><\/div>\n<div data-testid=\"product-detail-text-sort\">\n<div class=\"id-flex id-justify-between id-items-center id-text-[#222] id-font-inter id-font-bold id-text-[32px] id-leader-[42px] id-mb-[28px]\" data-testid=\"product-detail-title\"><span class=\"id-relative\" data-spm-anchor-id=\"a2700.details.0.i118.218b119e1qON9N\">\u00c0 propos de ce fournisseur<\/span><\/div>\n<div class=\"id-text-[#666] id-font-inter id-text-lg id-font-medium id-whitespace-pre-line\" data-testid=\"product-detail-text\" data-spm-anchor-id=\"a2700.details.0.i117.218b119e1qON9N\">Guangzhou Brandique Biotechnology Co., Ltd. est une entreprise nationale de haute technologie sp\u00e9cialis\u00e9e dans les services OEM\/ODM\/OBM. Elle int\u00e8gre la R&amp;D, la production et le d\u00e9veloppement de marques de soins de la peau \u00e0 base de plantes, gr\u00e2ce \u00e0 des nanotechnologies r\u00e9gulatrices de s\u00e9bum. Son site de Qingyuan abrite un centre de R&amp;D et de production intelligent, dot\u00e9 de plus de 4\u00a0000 formules \u00e9prouv\u00e9es et de 60 brevets. L&#039;entreprise est certifi\u00e9e GMPC, ISO 22716, ISO 13485 et Alibaba, garantissant ainsi sa conformit\u00e9 aux normes de qualit\u00e9.<\/div>\n<\/div>","protected":false},"excerpt":{"rendered":"<h1 title=\"Cr\u00e8me visage apaisante et r\u00e9paratrice \u00e0 la niacinamide et au collag\u00e8ne multiple, au glutathion et \u00e0 la vitamine C, hydratante et \u00e9claircissante.\">Cr\u00e8me visage apaisante et r\u00e9paratrice \u00e0 la niacinamide et au collag\u00e8ne multiple, au glutathion et \u00e0 la vitamine C, hydratante et \u00e9claircissante.<\/h1>\n<div class=\"id-text-[#222] id-font-inter id-text-lg id-font-medium id-font-normal id-flex id-font-medium\" data-testid=\"product-detail-text-sort\"><span class=\"id-ml-2 id-whitespace-pre-line\" data-spm-anchor-id=\"a2700.details.0.i114.218b119e1qON9N\">Squal\u00e8ne antioxydant : Prot\u00e8ge la peau des radicaux libres pour un teint plus lisse.<\/span><\/div>\n<div class=\"id-text-[#222] id-font-inter id-text-lg id-font-medium id-font-normal id-flex id-font-medium\" data-testid=\"product-detail-text-sort\">\n<div class=\"id-w-1 id-h-1 id-rounded-full id-bg-[#000000D9] id-flex-shrink-0 id-flex-grow-0 id-mt-[8px]\"><\/div>\n<p><span class=\"id-ml-2 id-whitespace-pre-line\">Blanchiment au glutathion\u00a0: Att\u00e9nue les taches brunes et illumine le teint.<\/span><\/p>\n<\/div>\n<div class=\"id-text-[#222] id-font-inter id-text-lg id-font-medium id-font-normal id-flex id-font-medium\" data-testid=\"product-detail-text-sort\">\n<div class=\"id-w-1 id-h-1 id-rounded-full id-bg-[#000000D9] id-flex-shrink-0 id-flex-grow-0 id-mt-[8px]\"><\/div>\n<p><span class=\"id-ml-2 id-whitespace-pre-line\">R\u00e9paration \u00e0 la niacinamide\u00a0: renforce la barri\u00e8re cutan\u00e9e et apaise les irritations.<\/span><\/p>\n<\/div>\n<div class=\"id-text-[#222] id-font-inter id-text-lg id-font-medium id-font-normal id-flex id-font-medium\" data-testid=\"product-detail-text-sort\">\n<div class=\"id-w-1 id-h-1 id-rounded-full id-bg-[#000000D9] id-flex-shrink-0 id-flex-grow-0 id-mt-[8px]\"><\/div>\n<p><span class=\"id-ml-2 id-whitespace-pre-line\">Soin hydratant \u00e0 la vitamine C : Hydrate en profondeur et am\u00e9liore l&#039;\u00e9lasticit\u00e9 de la peau.<\/span><\/p>\n<\/div>\n<div class=\"id-text-[#222] id-font-inter id-text-lg id-font-medium id-font-normal id-flex id-font-medium\" data-testid=\"product-detail-text-sort\">\n<div class=\"id-w-1 id-h-1 id-rounded-full id-bg-[#000000D9] id-flex-shrink-0 id-flex-grow-0 id-mt-[8px]\"><\/div>\n<p><span class=\"id-ml-2 id-whitespace-pre-line\">Cr\u00e8me multifonctions : Convient \u00e0 tous les types de peau et \u00e0 un usage quotidien.<\/span><\/p>\n<\/div>\n<div class=\"id-text-[#222] id-font-inter id-text-lg id-font-medium id-font-normal id-flex id-font-medium\" data-testid=\"product-detail-text-sort\">\n<div class=\"id-w-1 id-h-1 id-rounded-full id-bg-[#000000D9] id-flex-shrink-0 id-flex-grow-0 id-mt-[8px]\"><\/div>\n<p><span class=\"id-ml-2 id-whitespace-pre-line\">cr\u00e8me hydratante pour le visage, cr\u00e8me au collag\u00e8ne, cr\u00e8me \u00e9claircissante pour la peau, cr\u00e8me anti-taches brunes<\/span><\/p>\n<\/div>","protected":false},"featured_media":29109,"template":"","meta":[],"product_brand":[],"product_cat":[81],"product_tag":[],"class_list":{"0":"post-29108","1":"product","2":"type-product","3":"status-publish","4":"has-post-thumbnail","6":"product_cat-face-care","8":"first","9":"instock","10":"shipping-taxable","11":"purchasable","12":"product-type-variable"},"_links":{"self":[{"href":"https:\/\/www.keying-cosmetics.com\/fr\/wp-json\/wp\/v2\/product\/29108","targetHints":{"allow":["GET"]}}],"collection":[{"href":"https:\/\/www.keying-cosmetics.com\/fr\/wp-json\/wp\/v2\/product"}],"about":[{"href":"https:\/\/www.keying-cosmetics.com\/fr\/wp-json\/wp\/v2\/types\/product"}],"wp:featuredmedia":[{"embeddable":true,"href":"https:\/\/www.keying-cosmetics.com\/fr\/wp-json\/wp\/v2\/media\/29109"}],"wp:attachment":[{"href":"https:\/\/www.keying-cosmetics.com\/fr\/wp-json\/wp\/v2\/media?parent=29108"}],"wp:term":[{"taxonomy":"product_brand","embeddable":true,"href":"https:\/\/www.keying-cosmetics.com\/fr\/wp-json\/wp\/v2\/product_brand?post=29108"},{"taxonomy":"product_cat","embeddable":true,"href":"https:\/\/www.keying-cosmetics.com\/fr\/wp-json\/wp\/v2\/product_cat?post=29108"},{"taxonomy":"product_tag","embeddable":true,"href":"https:\/\/www.keying-cosmetics.com\/fr\/wp-json\/wp\/v2\/product_tag?post=29108"}],"curies":[{"name":"wp","href":"https:\/\/api.w.org\/{rel}","templated":true}]}}