{"id":29096,"date":"2026-01-16T11:06:11","date_gmt":"2026-01-16T03:06:11","guid":{"rendered":"https:\/\/www.keying-cosmetics.com\/product\/organic-arbutin-glutathione-collagen-whitening-cream-repair-brightening-deep-vitamin-moisturizing-face-cream\/"},"modified":"2026-01-16T13:42:07","modified_gmt":"2026-01-16T05:42:07","slug":"organic-arbutin-glutathione-collagen-whitening-cream-repair-brightening-deep-vitamin-moisturizing-face-cream","status":"publish","type":"product","link":"https:\/\/www.keying-cosmetics.com\/fr\/produit\/organic-arbutin-glutathione-collagen-whitening-cream-repair-brightening-deep-vitamin-moisturizing-face-cream\/","title":{"rendered":"Cr\u00e8me \u00e9claircissante bio \u00e0 l&#039;arbutine, au glutathion et au collag\u00e8ne, soin r\u00e9parateur et illuminateur, hydratant intense aux vitamines pour le visage"},"content":{"rendered":"<div data-testid=\"product-detail-text-sort\">Cr\u00e8me \u00e9claircissante bio \u00e0 l&#039;arbutine, au glutathion et au collag\u00e8ne, soin r\u00e9parateur et illuminateur, hydratant intense aux vitamines pour le visage<\/div>\n<div class=\"id-text-[#222] id-font-inter id-text-lg id-font-medium id-font-normal id-flex id-font-medium\" data-testid=\"product-detail-text-sort\"><span class=\"id-ml-2 id-whitespace-pre-line\" data-spm-anchor-id=\"a2700.details.0.i116.13047b27VPI67W\">Anti-Wrinkle: Reduces fine lines and wrinkles for smoother skin.<\/span><\/div>\n<div class=\"id-text-[#222] id-font-inter id-text-lg id-font-medium id-font-normal id-flex id-font-medium\" data-testid=\"product-detail-text-sort\">\n<div class=\"id-w-1 id-h-1 id-rounded-full id-bg-[#000000D9] id-flex-shrink-0 id-flex-grow-0 id-mt-[8px]\"><\/div>\n<p><span class=\"id-ml-2 id-whitespace-pre-line\">Whitening Brightening: Enhances skin tone and brightness with natural ingredients.<\/span><\/div>\n<div class=\"id-text-[#222] id-font-inter id-text-lg id-font-medium id-font-normal id-flex id-font-medium\" data-testid=\"product-detail-text-sort\">\n<div class=\"id-w-1 id-h-1 id-rounded-full id-bg-[#000000D9] id-flex-shrink-0 id-flex-grow-0 id-mt-[8px]\"><\/div>\n<p><span class=\"id-ml-2 id-whitespace-pre-line\">Moisturizing: Hydrates and nourishes skin for a soft, supple feel.<\/span><\/div>\n<div class=\"id-text-[#222] id-font-inter id-text-lg id-font-medium id-font-normal id-flex id-font-medium\" data-testid=\"product-detail-text-sort\">\n<div class=\"id-w-1 id-h-1 id-rounded-full id-bg-[#000000D9] id-flex-shrink-0 id-flex-grow-0 id-mt-[8px]\"><\/div>\n<p><span class=\"id-ml-2 id-whitespace-pre-line\">Vitamin C Derivatives: Boosts collagen production for youthful appearance.<\/span><\/div>\n<div class=\"id-text-[#222] id-font-inter id-text-lg id-font-medium id-font-normal id-flex id-font-medium\" data-testid=\"product-detail-text-sort\">\n<div class=\"id-w-1 id-h-1 id-rounded-full id-bg-[#000000D9] id-flex-shrink-0 id-flex-grow-0 id-mt-[8px]\"><\/div>\n<p><span class=\"id-ml-2 id-whitespace-pre-line\">Niacinamide: Helps repair skin barrier and reduce redness.<\/span><\/div>\n<div class=\"id-text-[#222] id-font-inter id-text-lg id-font-medium id-font-normal id-flex id-font-medium\" data-testid=\"product-detail-text-sort\">\n<div class=\"id-w-1 id-h-1 id-rounded-full id-bg-[#000000D9] id-flex-shrink-0 id-flex-grow-0 id-mt-[8px]\"><\/div>\n<p><span class=\"id-ml-2 id-whitespace-pre-line\">skin whitening cream dark spot remover cream collagen face cream<\/span><\/div>\n<div data-testid=\"product-detail-text-sort\"><\/div>\n<div data-testid=\"product-detail-text-sort\">\n<div class=\"id-flex id-justify-between id-items-center id-text-[#222] id-font-inter id-font-bold id-text-[32px] id-leader-[42px] id-mb-[28px]\" data-testid=\"product-detail-title\"><span class=\"id-relative\">\u00c0 propos de ce fournisseur<\/span><\/div>\n<div class=\"id-text-[#666] id-font-inter id-text-lg id-font-medium id-whitespace-pre-line\" data-testid=\"product-detail-text\">Guangzhou Brandique Biotechnology Co., Ltd. est une entreprise nationale de haute technologie sp\u00e9cialis\u00e9e dans les services OEM\/ODM\/OBM. Elle int\u00e8gre la R&amp;D, la production et le d\u00e9veloppement de marques de soins de la peau \u00e0 base de plantes, gr\u00e2ce \u00e0 des nanotechnologies r\u00e9gulatrices de s\u00e9bum. Son site de Qingyuan abrite un centre de R&amp;D et de production intelligent, dot\u00e9 de plus de 4\u00a0000 formules \u00e9prouv\u00e9es et de 60 brevets. L&#039;entreprise est certifi\u00e9e GMPC, ISO 22716, ISO 13485 et Alibaba, garantissant ainsi sa conformit\u00e9 aux normes de qualit\u00e9.<\/div>\n<\/div>","protected":false},"excerpt":{"rendered":"<div data-testid=\"product-detail-text-sort\">Cr\u00e8me \u00e9claircissante bio \u00e0 l&#039;arbutine, au glutathion et au collag\u00e8ne, soin r\u00e9parateur et illuminateur, hydratant intense aux vitamines pour le visage<\/div>\n<div class=\"id-text-[#222] id-font-inter id-text-lg id-font-medium id-font-normal id-flex id-font-medium\" data-testid=\"product-detail-text-sort\"><span class=\"id-ml-2 id-whitespace-pre-line\" data-spm-anchor-id=\"a2700.details.0.i116.13047b27VPI67W\">Anti-Wrinkle: Reduces fine lines and wrinkles for smoother skin.<\/span><\/div>\n<div class=\"id-text-[#222] id-font-inter id-text-lg id-font-medium id-font-normal id-flex id-font-medium\" data-testid=\"product-detail-text-sort\">\n<div class=\"id-w-1 id-h-1 id-rounded-full id-bg-[#000000D9] id-flex-shrink-0 id-flex-grow-0 id-mt-[8px]\"><\/div>\n<p><span class=\"id-ml-2 id-whitespace-pre-line\">Whitening Brightening: Enhances skin tone and brightness with natural ingredients.<\/span><\/div>\n<div class=\"id-text-[#222] id-font-inter id-text-lg id-font-medium id-font-normal id-flex id-font-medium\" data-testid=\"product-detail-text-sort\">\n<div class=\"id-w-1 id-h-1 id-rounded-full id-bg-[#000000D9] id-flex-shrink-0 id-flex-grow-0 id-mt-[8px]\"><\/div>\n<p><span class=\"id-ml-2 id-whitespace-pre-line\">Moisturizing: Hydrates and nourishes skin for a soft, supple feel.<\/span><\/div>\n<div class=\"id-text-[#222] id-font-inter id-text-lg id-font-medium id-font-normal id-flex id-font-medium\" data-testid=\"product-detail-text-sort\">\n<div class=\"id-w-1 id-h-1 id-rounded-full id-bg-[#000000D9] id-flex-shrink-0 id-flex-grow-0 id-mt-[8px]\"><\/div>\n<p><span class=\"id-ml-2 id-whitespace-pre-line\">Vitamin C Derivatives: Boosts collagen production for youthful appearance.<\/span><\/div>\n<div class=\"id-text-[#222] id-font-inter id-text-lg id-font-medium id-font-normal id-flex id-font-medium\" data-testid=\"product-detail-text-sort\">\n<div class=\"id-w-1 id-h-1 id-rounded-full id-bg-[#000000D9] id-flex-shrink-0 id-flex-grow-0 id-mt-[8px]\"><\/div>\n<p><span class=\"id-ml-2 id-whitespace-pre-line\">Niacinamide: Helps repair skin barrier and reduce redness.<\/span><\/div>\n<div class=\"id-text-[#222] id-font-inter id-text-lg id-font-medium id-font-normal id-flex id-font-medium\" data-testid=\"product-detail-text-sort\">\n<div class=\"id-w-1 id-h-1 id-rounded-full id-bg-[#000000D9] id-flex-shrink-0 id-flex-grow-0 id-mt-[8px]\"><\/div>\n<p><span class=\"id-ml-2 id-whitespace-pre-line\">skin whitening cream dark spot remover cream collagen face cream<\/span><\/div>\n<div data-testid=\"product-detail-text-sort\"><\/div>\n<div data-testid=\"product-detail-text-sort\">\n<div class=\"id-flex id-justify-between id-items-center id-text-[#222] id-font-inter id-font-bold id-text-[32px] id-leader-[42px] id-mb-[28px]\" data-testid=\"product-detail-title\"><span class=\"id-relative\">FAQ<\/span><\/div>\n<div class=\"id-rounded-md id-pl-[12px] id-pr-[12px] id-bg-[#F8F8F8]\" data-testid=\"product-detail-qa\">\n<div class=\"id-flex id-pt-[12px] id-pb-[12px] id-flex-col id-gap-[6px] id-border-b id-border-[#ddd] id-border-b-[0.5px]\">\n<div class=\"id-flex id-gap-[8px]\"><span class=\"id-text-[#222] id-font-inter id-font-bold id-text-xl\">Comment fabriquez-vous vos propres produits de marque ou produits priv\u00e9s ?<\/span><\/div>\n<div class=\"id-flex id-gap-[8px]\"><span class=\"id-text-[#222] id-font-inter id-font-normal id-whitespace-pre-line id-text-lg\">Nous sommes une usine OEM\/ODM, notre objectif est de fabriquer ou de d\u00e9velopper votre propre formulation et votre propre produit selon la ligne de NDA et les r\u00e8gles de non-comp\u00e9tence. De plus, nous sommes heureux de fabriquer des emballages personnalis\u00e9s.<\/span><\/div>\n<\/div>\n<div class=\"id-flex id-pt-[12px] id-pb-[12px] id-flex-col id-gap-[6px] id-border-b id-border-[#ddd] id-border-b-[0.5px]\">\n<div class=\"id-flex id-gap-[8px]\"><span class=\"id-text-[#222] id-font-inter id-font-bold id-text-xl\">Votre produit poss\u00e8de-t-il un certificat autoris\u00e9 par les autorit\u00e9s ?<\/span><\/div>\n<div class=\"id-flex id-gap-[8px]\"><span class=\"id-text-[#222] id-font-inter id-font-normal id-whitespace-pre-line id-text-lg\">GMPC,1S022716 Cosmetic Good Manufacturing Practice, SA:8000 certifcation,Sedex, SGS, TUV, ITS, B.V.social responsibility audits, CPSR, TRAZ and Dermato-logical tests. Ausmetics can provide QA documents such as MSDS, COAZ andtesting reports for clients.<\/span><\/div>\n<\/div>\n<div class=\"id-flex id-pt-[12px] id-pb-[12px] id-flex-col id-gap-[6px] id-border-b id-border-[#ddd] id-border-b-[0.5px]\">\n<div class=\"id-flex id-gap-[8px]\"><span class=\"id-text-[#222] id-font-inter id-font-bold id-text-xl\">How can I know the production process of my order?<\/span><\/div>\n<div class=\"id-flex id-gap-[8px]\"><span class=\"id-text-[#222] id-font-inter id-font-normal id-whitespace-pre-line id-text-lg\">Nous disposerons d&#039;un d\u00e9partement professionnel et d&#039;une personne sp\u00e9ciale pour suivre votre commande et vous donner des commentaires sur le processus de production, le d\u00e9lai de livraison et d&#039;autres d\u00e9tails de la commande \u00e0 tout moment.<\/span><\/div>\n<\/div>\n<div class=\"id-flex id-pt-[12px] id-pb-[12px] id-flex-col id-gap-[6px]\">\n<div class=\"id-flex id-gap-[8px]\"><span class=\"id-text-[#222] id-font-inter id-font-bold id-text-xl\">How can I get the sample?<\/span><\/div>\n<div class=\"id-flex id-gap-[8px]\"><span class=\"id-text-[#222] id-font-inter id-font-normal id-whitespace-pre-line id-text-lg\">A sample fee will be charged in some cases. Sample charges, if happened due to the customization, will be returned for mass production.<\/span><\/div>\n<\/div>\n<\/div>\n<\/div>","protected":false},"featured_media":29098,"template":"","meta":[],"product_brand":[],"product_cat":[81],"product_tag":[],"class_list":{"0":"post-29096","1":"product","2":"type-product","3":"status-publish","4":"has-post-thumbnail","6":"product_cat-face-care","8":"first","9":"instock","10":"shipping-taxable","11":"purchasable","12":"product-type-variable"},"_links":{"self":[{"href":"https:\/\/www.keying-cosmetics.com\/fr\/wp-json\/wp\/v2\/product\/29096","targetHints":{"allow":["GET"]}}],"collection":[{"href":"https:\/\/www.keying-cosmetics.com\/fr\/wp-json\/wp\/v2\/product"}],"about":[{"href":"https:\/\/www.keying-cosmetics.com\/fr\/wp-json\/wp\/v2\/types\/product"}],"wp:featuredmedia":[{"embeddable":true,"href":"https:\/\/www.keying-cosmetics.com\/fr\/wp-json\/wp\/v2\/media\/29098"}],"wp:attachment":[{"href":"https:\/\/www.keying-cosmetics.com\/fr\/wp-json\/wp\/v2\/media?parent=29096"}],"wp:term":[{"taxonomy":"product_brand","embeddable":true,"href":"https:\/\/www.keying-cosmetics.com\/fr\/wp-json\/wp\/v2\/product_brand?post=29096"},{"taxonomy":"product_cat","embeddable":true,"href":"https:\/\/www.keying-cosmetics.com\/fr\/wp-json\/wp\/v2\/product_cat?post=29096"},{"taxonomy":"product_tag","embeddable":true,"href":"https:\/\/www.keying-cosmetics.com\/fr\/wp-json\/wp\/v2\/product_tag?post=29096"}],"curies":[{"name":"wp","href":"https:\/\/api.w.org\/{rel}","templated":true}]}}