{"id":29090,"date":"2026-01-16T11:06:00","date_gmt":"2026-01-16T03:06:00","guid":{"rendered":"https:\/\/www.keying-cosmetics.com\/product\/factory-direct-custom-organic-biological-collagen-hydrogel-deep-anti-aging-firming-facial-mask\/"},"modified":"2026-01-16T13:53:09","modified_gmt":"2026-01-16T05:53:09","slug":"factory-direct-custom-organic-biological-collagen-hydrogel-deep-anti-aging-firming-facial-mask","status":"publish","type":"product","link":"https:\/\/www.keying-cosmetics.com\/fr\/produit\/factory-direct-custom-organic-biological-collagen-hydrogel-deep-anti-aging-firming-facial-mask\/","title":{"rendered":"Masque facial hydrogel bio-collag\u00e8ne raffermissant anti-\u00e2ge en profondeur, personnalis\u00e9 et fabriqu\u00e9 directement du fabricant"},"content":{"rendered":"<h1 title=\"Masque facial hydrogel bio-collag\u00e8ne raffermissant anti-\u00e2ge en profondeur, personnalis\u00e9 et fabriqu\u00e9 directement du fabricant\">Masque facial hydrogel bio-collag\u00e8ne raffermissant anti-\u00e2ge en profondeur, personnalis\u00e9 et fabriqu\u00e9 directement du fabricant<\/h1>\n<div class=\"id-text-[#222] id-font-inter id-text-lg id-font-medium id-font-normal id-flex id-font-medium\" data-testid=\"product-detail-text-sort\"><span class=\"id-ml-2 id-whitespace-pre-line\">Collag\u00e8ne biologique\u00a0: Am\u00e9liore la fermet\u00e9 et l\u2019hydratation de la peau.<\/span><\/div>\n<div class=\"id-text-[#222] id-font-inter id-text-lg id-font-medium id-font-normal id-flex id-font-medium\" data-testid=\"product-detail-text-sort\">\n<div class=\"id-w-1 id-h-1 id-rounded-full id-bg-[#000000D9] id-flex-shrink-0 id-flex-grow-0 id-mt-[8px]\"><\/div>\n<p><span class=\"id-ml-2 id-whitespace-pre-line\">Hydratation intense : L&#039;acide hyaluronique retient l&#039;hydratation.<\/span><\/p>\n<\/div>\n<div class=\"id-text-[#222] id-font-inter id-text-lg id-font-medium id-font-normal id-flex id-font-medium\" data-testid=\"product-detail-text-sort\">\n<div class=\"id-w-1 id-h-1 id-rounded-full id-bg-[#000000D9] id-flex-shrink-0 id-flex-grow-0 id-mt-[8px]\"><\/div>\n<p><span class=\"id-ml-2 id-whitespace-pre-line\">Anti-\u00e2ge : La niacinamide et la bosine r\u00e9duisent les rides.<\/span><\/p>\n<\/div>\n<div class=\"id-text-[#222] id-font-inter id-text-lg id-font-medium id-font-normal id-flex id-font-medium\" data-testid=\"product-detail-text-sort\">\n<div class=\"id-w-1 id-h-1 id-rounded-full id-bg-[#000000D9] id-flex-shrink-0 id-flex-grow-0 id-mt-[8px]\"><\/div>\n<p><span class=\"id-ml-2 id-whitespace-pre-line\">Effet \u00e9claircissant : L&#039;extrait de grenade illumine le teint.<\/span><\/p>\n<\/div>\n<div class=\"id-text-[#222] id-font-inter id-text-lg id-font-medium id-font-normal id-flex id-font-medium\" data-testid=\"product-detail-text-sort\">\n<div class=\"id-w-1 id-h-1 id-rounded-full id-bg-[#000000D9] id-flex-shrink-0 id-flex-grow-0 id-mt-[8px]\"><\/div>\n<p><span class=\"id-ml-2 id-whitespace-pre-line\">Formule cor\u00e9enne : Des ingr\u00e9dients cor\u00e9ens \u00e9prouv\u00e9s pour des r\u00e9sultats optimaux.<\/span><\/p>\n<\/div>\n<div class=\"id-text-[#222] id-font-inter id-text-lg id-font-medium id-font-normal id-flex id-font-medium\" data-testid=\"product-detail-text-sort\">\n<div class=\"id-w-1 id-h-1 id-rounded-full id-bg-[#000000D9] id-flex-shrink-0 id-flex-grow-0 id-mt-[8px]\"><\/div>\n<p><span class=\"id-ml-2 id-whitespace-pre-line\">masque facial au collag\u00e8ne bio<\/span><\/p>\n<\/div>\n<div class=\"id-text-[#222] id-font-inter id-text-lg id-font-medium id-font-normal id-flex id-font-medium\" data-testid=\"product-detail-text-sort\">\n<div class=\"id-w-1 id-h-1 id-rounded-full id-bg-[#000000D9] id-flex-shrink-0 id-flex-grow-0 id-mt-[8px]\"><\/div>\n<p><span class=\"id-ml-2 id-whitespace-pre-line\">masque \u00e0 l&#039;acide hyaluronique masque au collag\u00e8ne profond<\/span><\/p>\n<\/div>\n<div data-testid=\"product-detail-text-sort\">\n<div class=\"id-flex id-justify-between id-items-center id-text-[#222] id-font-inter id-font-bold id-text-[32px] id-leader-[42px] id-mb-[28px]\" data-testid=\"product-detail-title\"><span class=\"id-relative\">\u00c0 propos de ce fournisseur<\/span><\/div>\n<div class=\"id-text-[#666] id-font-inter id-text-lg id-font-medium id-whitespace-pre-line\" data-testid=\"product-detail-text\">Guangzhou Brandique Biotechnology Co., Ltd. est une entreprise nationale de haute technologie sp\u00e9cialis\u00e9e dans les services OEM\/ODM\/OBM. Elle int\u00e8gre la R&amp;D, la production et le d\u00e9veloppement de marques de soins de la peau \u00e0 base de plantes, gr\u00e2ce \u00e0 des nanotechnologies r\u00e9gulatrices de s\u00e9bum. Son site de Qingyuan abrite un centre de R&amp;D et de production intelligent, dot\u00e9 de plus de 4\u00a0000 formules \u00e9prouv\u00e9es et de 60 brevets. L&#039;entreprise est certifi\u00e9e GMPC, ISO 22716, ISO 13485 et Alibaba, garantissant ainsi sa conformit\u00e9 aux normes de qualit\u00e9.<\/div>\n<\/div>","protected":false},"excerpt":{"rendered":"<div data-testid=\"product-detail-text-sort\">\n<h1 title=\"Masque facial hydrogel bio-collag\u00e8ne raffermissant anti-\u00e2ge en profondeur, personnalis\u00e9 et fabriqu\u00e9 directement du fabricant\">Masque facial hydrogel bio-collag\u00e8ne raffermissant anti-\u00e2ge en profondeur, personnalis\u00e9 et fabriqu\u00e9 directement du fabricant<\/h1>\n<\/div>\n<div data-testid=\"product-detail-text-sort\"><\/div>\n<div class=\"id-text-[#222] id-font-inter id-text-lg id-font-medium id-font-normal id-flex id-font-medium\" data-testid=\"product-detail-text-sort\"><span class=\"id-ml-2 id-whitespace-pre-line\">Collag\u00e8ne biologique\u00a0: Am\u00e9liore la fermet\u00e9 et l\u2019hydratation de la peau.<\/span><\/div>\n<div class=\"id-text-[#222] id-font-inter id-text-lg id-font-medium id-font-normal id-flex id-font-medium\" data-testid=\"product-detail-text-sort\">\n<div class=\"id-w-1 id-h-1 id-rounded-full id-bg-[#000000D9] id-flex-shrink-0 id-flex-grow-0 id-mt-[8px]\"><\/div>\n<p><span class=\"id-ml-2 id-whitespace-pre-line\">Hydratation intense : L&#039;acide hyaluronique retient l&#039;hydratation.<\/span><\/p>\n<\/div>\n<div class=\"id-text-[#222] id-font-inter id-text-lg id-font-medium id-font-normal id-flex id-font-medium\" data-testid=\"product-detail-text-sort\">\n<div class=\"id-w-1 id-h-1 id-rounded-full id-bg-[#000000D9] id-flex-shrink-0 id-flex-grow-0 id-mt-[8px]\"><\/div>\n<p><span class=\"id-ml-2 id-whitespace-pre-line\">Anti-\u00e2ge : La niacinamide et la bosine r\u00e9duisent les rides.<\/span><\/p>\n<\/div>\n<div class=\"id-text-[#222] id-font-inter id-text-lg id-font-medium id-font-normal id-flex id-font-medium\" data-testid=\"product-detail-text-sort\">\n<div class=\"id-w-1 id-h-1 id-rounded-full id-bg-[#000000D9] id-flex-shrink-0 id-flex-grow-0 id-mt-[8px]\"><\/div>\n<p><span class=\"id-ml-2 id-whitespace-pre-line\">Effet \u00e9claircissant : L&#039;extrait de grenade illumine le teint.<\/span><\/p>\n<\/div>\n<div class=\"id-text-[#222] id-font-inter id-text-lg id-font-medium id-font-normal id-flex id-font-medium\" data-testid=\"product-detail-text-sort\">\n<div class=\"id-w-1 id-h-1 id-rounded-full id-bg-[#000000D9] id-flex-shrink-0 id-flex-grow-0 id-mt-[8px]\"><\/div>\n<p><span class=\"id-ml-2 id-whitespace-pre-line\">Formule cor\u00e9enne : Des ingr\u00e9dients cor\u00e9ens \u00e9prouv\u00e9s pour des r\u00e9sultats optimaux.<\/span><\/p>\n<\/div>\n<div class=\"id-text-[#222] id-font-inter id-text-lg id-font-medium id-font-normal id-flex id-font-medium\" data-testid=\"product-detail-text-sort\">\n<div class=\"id-w-1 id-h-1 id-rounded-full id-bg-[#000000D9] id-flex-shrink-0 id-flex-grow-0 id-mt-[8px]\"><\/div>\n<p><span class=\"id-ml-2 id-whitespace-pre-line\">masque facial au collag\u00e8ne bio<\/span><\/p>\n<\/div>\n<div class=\"id-text-[#222] id-font-inter id-text-lg id-font-medium id-font-normal id-flex id-font-medium\" data-testid=\"product-detail-text-sort\">\n<div class=\"id-w-1 id-h-1 id-rounded-full id-bg-[#000000D9] id-flex-shrink-0 id-flex-grow-0 id-mt-[8px]\"><\/div>\n<p><span class=\"id-ml-2 id-whitespace-pre-line\">masque \u00e0 l&#039;acide hyaluronique masque au collag\u00e8ne profond<\/span><\/p>\n<\/div>","protected":false},"featured_media":29091,"template":"","meta":[],"product_brand":[],"product_cat":[81],"product_tag":[],"class_list":{"0":"post-29090","1":"product","2":"type-product","3":"status-publish","4":"has-post-thumbnail","6":"product_cat-face-care","8":"first","9":"instock","10":"shipping-taxable","11":"purchasable","12":"product-type-variable"},"_links":{"self":[{"href":"https:\/\/www.keying-cosmetics.com\/fr\/wp-json\/wp\/v2\/product\/29090","targetHints":{"allow":["GET"]}}],"collection":[{"href":"https:\/\/www.keying-cosmetics.com\/fr\/wp-json\/wp\/v2\/product"}],"about":[{"href":"https:\/\/www.keying-cosmetics.com\/fr\/wp-json\/wp\/v2\/types\/product"}],"wp:featuredmedia":[{"embeddable":true,"href":"https:\/\/www.keying-cosmetics.com\/fr\/wp-json\/wp\/v2\/media\/29091"}],"wp:attachment":[{"href":"https:\/\/www.keying-cosmetics.com\/fr\/wp-json\/wp\/v2\/media?parent=29090"}],"wp:term":[{"taxonomy":"product_brand","embeddable":true,"href":"https:\/\/www.keying-cosmetics.com\/fr\/wp-json\/wp\/v2\/product_brand?post=29090"},{"taxonomy":"product_cat","embeddable":true,"href":"https:\/\/www.keying-cosmetics.com\/fr\/wp-json\/wp\/v2\/product_cat?post=29090"},{"taxonomy":"product_tag","embeddable":true,"href":"https:\/\/www.keying-cosmetics.com\/fr\/wp-json\/wp\/v2\/product_tag?post=29090"}],"curies":[{"name":"wp","href":"https:\/\/api.w.org\/{rel}","templated":true}]}}