{"id":29080,"date":"2026-01-16T11:05:00","date_gmt":"2026-01-16T03:05:00","guid":{"rendered":"https:\/\/www.keying-cosmetics.com\/product\/moisturizing-get-rid-of-eye-bags-dark-circles-retinol-collagen-moisturizing-anti-wrinkle-eye-pad\/"},"modified":"2026-01-16T11:05:16","modified_gmt":"2026-01-16T03:05:16","slug":"moisturizing-get-rid-of-eye-bags-dark-circles-retinol-collagen-moisturizing-anti-wrinkle-eye-pad","status":"publish","type":"product","link":"https:\/\/www.keying-cosmetics.com\/fr\/produit\/moisturizing-get-rid-of-eye-bags-dark-circles-retinol-collagen-moisturizing-anti-wrinkle-eye-pad\/","title":{"rendered":"Patchs contour des yeux hydratants, anti-rides, au r\u00e9tinol et au collag\u00e8ne, pour att\u00e9nuer les poches et les cernes."},"content":{"rendered":"","protected":false},"excerpt":{"rendered":"","protected":false},"featured_media":29081,"template":"","meta":[],"product_brand":[],"product_cat":[81],"product_tag":[],"class_list":{"0":"post-29080","1":"product","2":"type-product","3":"status-publish","4":"has-post-thumbnail","6":"product_cat-face-care","8":"first","9":"instock","10":"shipping-taxable","11":"purchasable","12":"product-type-variable"},"_links":{"self":[{"href":"https:\/\/www.keying-cosmetics.com\/fr\/wp-json\/wp\/v2\/product\/29080","targetHints":{"allow":["GET"]}}],"collection":[{"href":"https:\/\/www.keying-cosmetics.com\/fr\/wp-json\/wp\/v2\/product"}],"about":[{"href":"https:\/\/www.keying-cosmetics.com\/fr\/wp-json\/wp\/v2\/types\/product"}],"wp:featuredmedia":[{"embeddable":true,"href":"https:\/\/www.keying-cosmetics.com\/fr\/wp-json\/wp\/v2\/media\/29081"}],"wp:attachment":[{"href":"https:\/\/www.keying-cosmetics.com\/fr\/wp-json\/wp\/v2\/media?parent=29080"}],"wp:term":[{"taxonomy":"product_brand","embeddable":true,"href":"https:\/\/www.keying-cosmetics.com\/fr\/wp-json\/wp\/v2\/product_brand?post=29080"},{"taxonomy":"product_cat","embeddable":true,"href":"https:\/\/www.keying-cosmetics.com\/fr\/wp-json\/wp\/v2\/product_cat?post=29080"},{"taxonomy":"product_tag","embeddable":true,"href":"https:\/\/www.keying-cosmetics.com\/fr\/wp-json\/wp\/v2\/product_tag?post=29080"}],"curies":[{"name":"wp","href":"https:\/\/api.w.org\/{rel}","templated":true}]}}