{"id":29063,"date":"2026-01-16T11:02:20","date_gmt":"2026-01-16T03:02:20","guid":{"rendered":"https:\/\/www.keying-cosmetics.com\/product\/production-ceramide-ingredients-revitalizes-cells-30ml-skincare-serum-brightening-anti-aging-serum\/"},"modified":"2026-01-16T14:21:23","modified_gmt":"2026-01-16T06:21:23","slug":"production-ceramide-ingredients-revitalizes-cells-30ml-skincare-serum-brightening-anti-aging-serum","status":"publish","type":"product","link":"https:\/\/www.keying-cosmetics.com\/fr\/produit\/production-ceramide-ingredients-revitalizes-cells-30ml-skincare-serum-brightening-anti-aging-serum\/","title":{"rendered":"S\u00e9rum \u00e9claircissant anti-\u00e2ge 30 ml \u00e0 base de c\u00e9ramides revitalise les cellules"},"content":{"rendered":"<h1 title=\"S\u00e9rum \u00e9claircissant anti-\u00e2ge 30 ml \u00e0 base de c\u00e9ramides revitalise les cellules\">S\u00e9rum \u00e9claircissant anti-\u00e2ge 30 ml \u00e0 base de c\u00e9ramides revitalise les cellules<\/h1>\n<div class=\"id-text-[#222] id-font-inter id-text-lg id-font-medium id-font-normal id-flex id-font-medium\" data-testid=\"product-detail-text-sort\"><span class=\"id-ml-2 id-whitespace-pre-line\">Revitalisation aux c\u00e9ramides : Stimule la r\u00e9g\u00e9n\u00e9ration cellulaire pour une apparence plus jeune.<\/span><\/div>\n<div class=\"id-text-[#222] id-font-inter id-text-lg id-font-medium id-font-normal id-flex id-font-medium\" data-testid=\"product-detail-text-sort\">\n<div class=\"id-w-1 id-h-1 id-rounded-full id-bg-[#000000D9] id-flex-shrink-0 id-flex-grow-0 id-mt-[8px]\"><\/div>\n<p><span class=\"id-ml-2 id-whitespace-pre-line\">Stimule la production de collag\u00e8ne : pour une peau plus ferme et plus lisse.<\/span><\/div>\n<div class=\"id-text-[#222] id-font-inter id-text-lg id-font-medium id-font-normal id-flex id-font-medium\" data-testid=\"product-detail-text-sort\">\n<div class=\"id-w-1 id-h-1 id-rounded-full id-bg-[#000000D9] id-flex-shrink-0 id-flex-grow-0 id-mt-[8px]\"><\/div>\n<p><span class=\"id-ml-2 id-whitespace-pre-line\">Effets anti-rides : Att\u00e9nue l&#039;apparence des ridules et des rides.<\/span><\/div>\n<div class=\"id-text-[#222] id-font-inter id-text-lg id-font-medium id-font-normal id-flex id-font-medium\" data-testid=\"product-detail-text-sort\">\n<div class=\"id-w-1 id-h-1 id-rounded-full id-bg-[#000000D9] id-flex-shrink-0 id-flex-grow-0 id-mt-[8px]\"><\/div>\n<p><span class=\"id-ml-2 id-whitespace-pre-line\">Action hydratante : Hydrate et nourrit la peau s\u00e8che pour un teint plus \u00e9clatant.<\/span><\/div>\n<div class=\"id-text-[#222] id-font-inter id-text-lg id-font-medium id-font-normal id-flex id-font-medium\" data-testid=\"product-detail-text-sort\">\n<div class=\"id-w-1 id-h-1 id-rounded-full id-bg-[#000000D9] id-flex-shrink-0 id-flex-grow-0 id-mt-[8px]\"><\/div>\n<p><span class=\"id-ml-2 id-whitespace-pre-line\">Haute concentration : 51 ingr\u00e9dients actifs TP3T pour des r\u00e9sultats anti-\u00e2ge puissants.<\/span><\/div>\n<div class=\"id-text-[#222] id-font-inter id-text-lg id-font-medium id-font-normal id-flex id-font-medium\" data-testid=\"product-detail-text-sort\">\n<div class=\"id-w-1 id-h-1 id-rounded-full id-bg-[#000000D9] id-flex-shrink-0 id-flex-grow-0 id-mt-[8px]\"><\/div>\n<p><span class=\"id-ml-2 id-whitespace-pre-line\">s\u00e9rum visage \u00e0 la vitamine C<\/span><\/div>\n<div class=\"id-text-[#222] id-font-inter id-text-lg id-font-medium id-font-normal id-flex id-font-medium\" data-testid=\"product-detail-text-sort\">\n<div class=\"id-w-1 id-h-1 id-rounded-full id-bg-[#000000D9] id-flex-shrink-0 id-flex-grow-0 id-mt-[8px]\"><\/div>\n<p><span class=\"id-ml-2 id-whitespace-pre-line\">s\u00e9rum hyaluronique<\/span><\/div>\n<div class=\"id-text-[#222] id-font-inter id-text-lg id-font-medium id-font-normal id-flex id-font-medium\" data-testid=\"product-detail-text-sort\">\n<div class=\"id-w-1 id-h-1 id-rounded-full id-bg-[#000000D9] id-flex-shrink-0 id-flex-grow-0 id-mt-[8px]\"><\/div>\n<p><span class=\"id-ml-2 id-whitespace-pre-line\">s\u00e9rum \u00e9claircissant<\/span><\/div>\n<div class=\"id-text-[#222] id-font-inter id-text-lg id-font-medium id-font-normal id-flex id-font-medium\" data-testid=\"product-detail-text-sort\">\n<div class=\"id-w-1 id-h-1 id-rounded-full id-bg-[#000000D9] id-flex-shrink-0 id-flex-grow-0 id-mt-[8px]\"><\/div>\n<p><span class=\"id-ml-2 id-whitespace-pre-line\">s\u00e9rum de centella asiatica<\/span><\/div>\n<div data-testid=\"product-detail-text-sort\"><\/div>\n<div data-testid=\"product-detail-text-sort\">\n<div class=\"id-flex id-justify-between id-items-center id-text-[#222] id-font-inter id-font-bold id-text-[32px] id-leader-[42px] id-mb-[28px]\" data-testid=\"product-detail-title\"><span class=\"id-relative\" data-spm-anchor-id=\"a2700.details.0.i118.1763259e1386eY\">\u00c0 propos de ce fournisseur<\/span><\/div>\n<div class=\"id-text-[#666] id-font-inter id-text-lg id-font-medium id-whitespace-pre-line\" data-testid=\"product-detail-text\">Guangzhou Brandique Biotechnology Co., Ltd. est une entreprise nationale de haute technologie sp\u00e9cialis\u00e9e dans les services OEM\/ODM\/OBM. Elle int\u00e8gre la R&amp;D, la production et le d\u00e9veloppement de marques de soins de la peau \u00e0 base de plantes, gr\u00e2ce \u00e0 des nanotechnologies r\u00e9gulatrices de s\u00e9bum. Son site de Qingyuan abrite un centre de R&amp;D et de production intelligent, dot\u00e9 de plus de 4\u00a0000 formules \u00e9prouv\u00e9es et de 60 brevets. L&#039;entreprise est certifi\u00e9e GMPC, ISO 22716, ISO 13485 et Alibaba, garantissant ainsi sa conformit\u00e9 aux normes de qualit\u00e9.<\/div>\n<\/div>","protected":false},"excerpt":{"rendered":"<h1 title=\"S\u00e9rum \u00e9claircissant anti-\u00e2ge 30 ml \u00e0 base de c\u00e9ramides revitalise les cellules\">S\u00e9rum \u00e9claircissant anti-\u00e2ge 30 ml \u00e0 base de c\u00e9ramides revitalise les cellules<\/h1>\n<p>&nbsp;<\/p>\n<div class=\"id-flex id-justify-between id-items-center id-text-[#222] id-font-inter id-font-bold id-text-[32px] id-leader-[42px] id-mb-[28px]\" data-testid=\"product-detail-title\"><span class=\"id-relative\" data-spm-anchor-id=\"a2700.details.0.i118.1763259e1386eY\">\u00c0 propos de ce fournisseur<\/span><\/div>\n<div class=\"id-text-[#666] id-font-inter id-text-lg id-font-medium id-whitespace-pre-line\" data-testid=\"product-detail-text\">Guangzhou Brandique Biotechnology Co., Ltd. est une entreprise nationale de haute technologie sp\u00e9cialis\u00e9e dans les services OEM\/ODM\/OBM. Elle int\u00e8gre la R&amp;D, la production et le d\u00e9veloppement de marques de soins de la peau \u00e0 base de plantes, gr\u00e2ce \u00e0 des nanotechnologies r\u00e9gulatrices de s\u00e9bum. Son site de Qingyuan abrite un centre de R&amp;D et de production intelligent, dot\u00e9 de plus de 4\u00a0000 formules \u00e9prouv\u00e9es et de 60 brevets. L&#039;entreprise est certifi\u00e9e GMPC, ISO 22716, ISO 13485 et Alibaba, garantissant ainsi sa conformit\u00e9 aux normes de qualit\u00e9.<\/div>","protected":false},"featured_media":29064,"template":"","meta":[],"product_brand":[],"product_cat":[81],"product_tag":[],"class_list":{"0":"post-29063","1":"product","2":"type-product","3":"status-publish","4":"has-post-thumbnail","6":"product_cat-face-care","8":"first","9":"instock","10":"shipping-taxable","11":"purchasable","12":"product-type-variable"},"_links":{"self":[{"href":"https:\/\/www.keying-cosmetics.com\/fr\/wp-json\/wp\/v2\/product\/29063","targetHints":{"allow":["GET"]}}],"collection":[{"href":"https:\/\/www.keying-cosmetics.com\/fr\/wp-json\/wp\/v2\/product"}],"about":[{"href":"https:\/\/www.keying-cosmetics.com\/fr\/wp-json\/wp\/v2\/types\/product"}],"wp:featuredmedia":[{"embeddable":true,"href":"https:\/\/www.keying-cosmetics.com\/fr\/wp-json\/wp\/v2\/media\/29064"}],"wp:attachment":[{"href":"https:\/\/www.keying-cosmetics.com\/fr\/wp-json\/wp\/v2\/media?parent=29063"}],"wp:term":[{"taxonomy":"product_brand","embeddable":true,"href":"https:\/\/www.keying-cosmetics.com\/fr\/wp-json\/wp\/v2\/product_brand?post=29063"},{"taxonomy":"product_cat","embeddable":true,"href":"https:\/\/www.keying-cosmetics.com\/fr\/wp-json\/wp\/v2\/product_cat?post=29063"},{"taxonomy":"product_tag","embeddable":true,"href":"https:\/\/www.keying-cosmetics.com\/fr\/wp-json\/wp\/v2\/product_tag?post=29063"}],"curies":[{"name":"wp","href":"https:\/\/api.w.org\/{rel}","templated":true}]}}