{"id":29054,"date":"2026-01-16T11:01:34","date_gmt":"2026-01-16T03:01:34","guid":{"rendered":"https:\/\/www.keying-cosmetics.com\/product\/wholesale-skin-whitening-cream-beef-tallow-honey-deep-nourish-skincare-moisturizing-face-cream\/"},"modified":"2026-01-16T14:28:16","modified_gmt":"2026-01-16T06:28:16","slug":"wholesale-skin-whitening-cream-beef-tallow-honey-deep-nourish-skincare-moisturizing-face-cream","status":"publish","type":"product","link":"https:\/\/www.keying-cosmetics.com\/fr\/produit\/wholesale-skin-whitening-cream-beef-tallow-honey-deep-nourish-skincare-moisturizing-face-cream\/","title":{"rendered":"Cr\u00e8me \u00e9claircissante pour la peau en gros, au suif de b\u0153uf et au miel, soin hydratant et nourrissant pour le visage"},"content":{"rendered":"<h1 title=\"Cr\u00e8me \u00e9claircissante pour la peau en gros, au suif de b\u0153uf et au miel, soin hydratant et nourrissant pour le visage\">Cr\u00e8me \u00e9claircissante pour la peau en gros, au suif de b\u0153uf et au miel, soin hydratant et nourrissant pour le visage<\/h1>\n<div class=\"id-font-bold id-text-[64px] id-leading-[77px] id-mb-7\">Points saillants en bref<\/div>\n<div class=\"id-flex id-flex-col id-gap-4\">\n<div class=\"id-text-[#222] id-font-inter id-text-lg id-font-medium id-font-normal id-flex id-font-medium\" data-testid=\"product-detail-text-sort\">\n<div class=\"id-w-1 id-h-1 id-rounded-full id-bg-[#000000D9] id-flex-shrink-0 id-flex-grow-0 id-mt-[8px]\"><\/div>\n<p><span class=\"id-ml-2 id-whitespace-pre-line\">Custom Beef Tallow Moisturizer: Rich in Vitamins A, D, E, K for deep nourishment.<\/span><\/div>\n<div class=\"id-text-[#222] id-font-inter id-text-lg id-font-medium id-font-normal id-flex id-font-medium\" data-testid=\"product-detail-text-sort\">\n<div class=\"id-w-1 id-h-1 id-rounded-full id-bg-[#000000D9] id-flex-shrink-0 id-flex-grow-0 id-mt-[8px]\"><\/div>\n<p><span class=\"id-ml-2 id-whitespace-pre-line\">Natural Ingredients Face Cream: Formulated with Manuka Honey for natural skin care.<\/span><\/div>\n<div class=\"id-text-[#222] id-font-inter id-text-lg id-font-medium id-font-normal id-flex id-font-medium\" data-testid=\"product-detail-text-sort\">\n<div class=\"id-w-1 id-h-1 id-rounded-full id-bg-[#000000D9] id-flex-shrink-0 id-flex-grow-0 id-mt-[8px]\"><\/div>\n<p><span class=\"id-ml-2 id-whitespace-pre-line\">Paraben-Free Formula: Ensures safe and gentle application for all skin types.<\/span><\/div>\n<div class=\"id-text-[#222] id-font-inter id-text-lg id-font-medium id-font-normal id-flex id-font-medium\" data-testid=\"product-detail-text-sort\">\n<div class=\"id-w-1 id-h-1 id-rounded-full id-bg-[#000000D9] id-flex-shrink-0 id-flex-grow-0 id-mt-[8px]\"><\/div>\n<p><span class=\"id-ml-2 id-whitespace-pre-line\">All Skin Types Suitable: Works effectively on dry, oily, combination, and sensitive skin.<\/span><\/div>\n<div class=\"id-text-[#222] id-font-inter id-text-lg id-font-medium id-font-normal id-flex id-font-medium\" data-testid=\"product-detail-text-sort\">\n<div class=\"id-w-1 id-h-1 id-rounded-full id-bg-[#000000D9] id-flex-shrink-0 id-flex-grow-0 id-mt-[8px]\"><\/div>\n<p><span class=\"id-ml-2 id-whitespace-pre-line\">Versatile Use: Perfect for home or travel, providing continuous hydration.<\/span><\/div>\n<div class=\"id-text-[#222] id-font-inter id-text-lg id-font-medium id-font-normal id-flex id-font-medium\" data-testid=\"product-detail-text-sort\">\n<div class=\"id-w-1 id-h-1 id-rounded-full id-bg-[#000000D9] id-flex-shrink-0 id-flex-grow-0 id-mt-[8px]\"><\/div>\n<p><span class=\"id-ml-2 id-whitespace-pre-line\">moisturizing face cream best whitening cream dark spot remover cream<\/span><\/div>\n<div data-testid=\"product-detail-text-sort\">\n<div class=\"id-flex id-justify-between id-items-center id-text-[#222] id-font-inter id-font-bold id-text-[32px] id-leader-[42px] id-mb-[28px]\" data-testid=\"product-detail-title\"><span class=\"id-relative\">\u00c0 propos de ce fournisseur<\/span><\/div>\n<div class=\"id-text-[#666] id-font-inter id-text-lg id-font-medium id-whitespace-pre-line\" data-testid=\"product-detail-text\">Guangzhou Brandique Biotechnology Co., Ltd. est une entreprise nationale de haute technologie sp\u00e9cialis\u00e9e dans les services OEM\/ODM\/OBM. Elle int\u00e8gre la R&amp;D, la production et le d\u00e9veloppement de marques de soins de la peau \u00e0 base de plantes, gr\u00e2ce \u00e0 des nanotechnologies r\u00e9gulatrices de s\u00e9bum. Son site de Qingyuan abrite un centre de R&amp;D et de production intelligent, dot\u00e9 de plus de 4\u00a0000 formules \u00e9prouv\u00e9es et de 60 brevets. L&#039;entreprise est certifi\u00e9e GMPC, ISO 22716, ISO 13485 et Alibaba, garantissant ainsi sa conformit\u00e9 aux normes de qualit\u00e9.<\/div>\n<\/div>\n<\/div>","protected":false},"excerpt":{"rendered":"<h1 title=\"Cr\u00e8me \u00e9claircissante pour la peau en gros, au suif de b\u0153uf et au miel, soin hydratant et nourrissant pour le visage\">Cr\u00e8me \u00e9claircissante pour la peau en gros, au suif de b\u0153uf et au miel, soin hydratant et nourrissant pour le visage<\/h1>\n<div class=\"id-font-bold id-text-[64px] id-leading-[77px] id-mb-7\">Points saillants en bref<\/div>\n<div class=\"id-flex id-flex-col id-gap-4\">\n<div class=\"id-text-[#222] id-font-inter id-text-lg id-font-medium id-font-normal id-flex id-font-medium\" data-testid=\"product-detail-text-sort\">\n<div class=\"id-w-1 id-h-1 id-rounded-full id-bg-[#000000D9] id-flex-shrink-0 id-flex-grow-0 id-mt-[8px]\"><\/div>\n<p><span class=\"id-ml-2 id-whitespace-pre-line\">Custom Beef Tallow Moisturizer: Rich in Vitamins A, D, E, K for deep nourishment.<\/span><\/div>\n<div class=\"id-text-[#222] id-font-inter id-text-lg id-font-medium id-font-normal id-flex id-font-medium\" data-testid=\"product-detail-text-sort\">\n<div class=\"id-w-1 id-h-1 id-rounded-full id-bg-[#000000D9] id-flex-shrink-0 id-flex-grow-0 id-mt-[8px]\"><\/div>\n<p><span class=\"id-ml-2 id-whitespace-pre-line\">Natural Ingredients Face Cream: Formulated with Manuka Honey for natural skin care.<\/span><\/div>\n<div class=\"id-text-[#222] id-font-inter id-text-lg id-font-medium id-font-normal id-flex id-font-medium\" data-testid=\"product-detail-text-sort\">\n<div class=\"id-w-1 id-h-1 id-rounded-full id-bg-[#000000D9] id-flex-shrink-0 id-flex-grow-0 id-mt-[8px]\"><\/div>\n<p><span class=\"id-ml-2 id-whitespace-pre-line\">Paraben-Free Formula: Ensures safe and gentle application for all skin types.<\/span><\/div>\n<div class=\"id-text-[#222] id-font-inter id-text-lg id-font-medium id-font-normal id-flex id-font-medium\" data-testid=\"product-detail-text-sort\">\n<div class=\"id-w-1 id-h-1 id-rounded-full id-bg-[#000000D9] id-flex-shrink-0 id-flex-grow-0 id-mt-[8px]\"><\/div>\n<p><span class=\"id-ml-2 id-whitespace-pre-line\">All Skin Types Suitable: Works effectively on dry, oily, combination, and sensitive skin.<\/span><\/div>\n<div class=\"id-text-[#222] id-font-inter id-text-lg id-font-medium id-font-normal id-flex id-font-medium\" data-testid=\"product-detail-text-sort\">\n<div class=\"id-w-1 id-h-1 id-rounded-full id-bg-[#000000D9] id-flex-shrink-0 id-flex-grow-0 id-mt-[8px]\"><\/div>\n<p><span class=\"id-ml-2 id-whitespace-pre-line\">Versatile Use: Perfect for home or travel, providing continuous hydration.<\/span><\/div>\n<div class=\"id-text-[#222] id-font-inter id-text-lg id-font-medium id-font-normal id-flex id-font-medium\" data-testid=\"product-detail-text-sort\">\n<div class=\"id-w-1 id-h-1 id-rounded-full id-bg-[#000000D9] id-flex-shrink-0 id-flex-grow-0 id-mt-[8px]\"><\/div>\n<p><span class=\"id-ml-2 id-whitespace-pre-line\">moisturizing face cream best whitening cream dark spot remover cream<\/span><\/div>\n<\/div>","protected":false},"featured_media":29055,"template":"","meta":[],"product_brand":[],"product_cat":[81],"product_tag":[],"class_list":{"0":"post-29054","1":"product","2":"type-product","3":"status-publish","4":"has-post-thumbnail","6":"product_cat-face-care","8":"first","9":"instock","10":"shipping-taxable","11":"purchasable","12":"product-type-variable"},"_links":{"self":[{"href":"https:\/\/www.keying-cosmetics.com\/fr\/wp-json\/wp\/v2\/product\/29054","targetHints":{"allow":["GET"]}}],"collection":[{"href":"https:\/\/www.keying-cosmetics.com\/fr\/wp-json\/wp\/v2\/product"}],"about":[{"href":"https:\/\/www.keying-cosmetics.com\/fr\/wp-json\/wp\/v2\/types\/product"}],"wp:featuredmedia":[{"embeddable":true,"href":"https:\/\/www.keying-cosmetics.com\/fr\/wp-json\/wp\/v2\/media\/29055"}],"wp:attachment":[{"href":"https:\/\/www.keying-cosmetics.com\/fr\/wp-json\/wp\/v2\/media?parent=29054"}],"wp:term":[{"taxonomy":"product_brand","embeddable":true,"href":"https:\/\/www.keying-cosmetics.com\/fr\/wp-json\/wp\/v2\/product_brand?post=29054"},{"taxonomy":"product_cat","embeddable":true,"href":"https:\/\/www.keying-cosmetics.com\/fr\/wp-json\/wp\/v2\/product_cat?post=29054"},{"taxonomy":"product_tag","embeddable":true,"href":"https:\/\/www.keying-cosmetics.com\/fr\/wp-json\/wp\/v2\/product_tag?post=29054"}],"curies":[{"name":"wp","href":"https:\/\/api.w.org\/{rel}","templated":true}]}}