{"id":29045,"date":"2026-01-16T10:55:45","date_gmt":"2026-01-16T02:55:45","guid":{"rendered":"https:\/\/www.keying-cosmetics.com\/product\/wholesale-skin-whitening-brightening-cream-kojic-acid-smooth-arbutin-evens-skin-tone-whitening-moisturizing-face-cream\/"},"modified":"2026-01-16T14:39:06","modified_gmt":"2026-01-16T06:39:06","slug":"wholesale-skin-whitening-brightening-cream-kojic-acid-smooth-arbutin-evens-skin-tone-whitening-moisturizing-face-cream","status":"publish","type":"product","link":"https:\/\/www.keying-cosmetics.com\/fr\/produit\/wholesale-skin-whitening-brightening-cream-kojic-acid-smooth-arbutin-evens-skin-tone-whitening-moisturizing-face-cream\/","title":{"rendered":"Cr\u00e8me \u00e9claircissante et blanchissante pour le visage, en gros, \u00e0 l&#039;acide kojique et \u00e0 l&#039;arbutine. Unifie le teint et hydrate la peau."},"content":{"rendered":"<h1 title=\"Cr\u00e8me \u00e9claircissante et blanchissante pour le visage, en gros, \u00e0 l&#039;acide kojique et \u00e0 l&#039;arbutine. Unifie le teint et hydrate la peau.\" data-spm-anchor-id=\"a2700.details.0.i58.dabe12c15cl1pi\">Cr\u00e8me \u00e9claircissante et blanchissante pour le visage, en gros, \u00e0 l&#039;acide kojique et \u00e0 l&#039;arbutine. Unifie le teint et hydrate la peau.<\/h1>\n<div class=\"id-text-[#222] id-font-inter id-text-lg id-font-medium id-font-normal id-flex id-font-medium\" data-testid=\"product-detail-text-sort\"><span class=\"id-ml-2 id-whitespace-pre-line\">Alpha Arbutin: Brightens skin tone and evens complexion.<\/span><\/div>\n<div class=\"id-text-[#222] id-font-inter id-text-lg id-font-medium id-font-normal id-flex id-font-medium\" data-testid=\"product-detail-text-sort\">\n<div class=\"id-w-1 id-h-1 id-rounded-full id-bg-[#000000D9] id-flex-shrink-0 id-flex-grow-0 id-mt-[8px]\"><\/div>\n<p><span class=\"id-ml-2 id-whitespace-pre-line\">Kojic Acid: Deeply moisturizes and lightens dark spots.<\/span><\/p>\n<\/div>\n<div class=\"id-text-[#222] id-font-inter id-text-lg id-font-medium id-font-normal id-flex id-font-medium\" data-testid=\"product-detail-text-sort\">\n<div class=\"id-w-1 id-h-1 id-rounded-full id-bg-[#000000D9] id-flex-shrink-0 id-flex-grow-0 id-mt-[8px]\"><\/div>\n<p><span class=\"id-ml-2 id-whitespace-pre-line\">Glycerin: Provides long-lasting hydration for smooth skin.<\/span><\/p>\n<\/div>\n<div class=\"id-text-[#222] id-font-inter id-text-lg id-font-medium id-font-normal id-flex id-font-medium\" data-testid=\"product-detail-text-sort\">\n<div class=\"id-w-1 id-h-1 id-rounded-full id-bg-[#000000D9] id-flex-shrink-0 id-flex-grow-0 id-mt-[8px]\"><\/div>\n<p><span class=\"id-ml-2 id-whitespace-pre-line\">Natural Formula: Organic and paraben-free, suitable for all skin types.<\/span><\/p>\n<\/div>\n<div class=\"id-text-[#222] id-font-inter id-text-lg id-font-medium id-font-normal id-flex id-font-medium\" data-testid=\"product-detail-text-sort\">\n<div class=\"id-w-1 id-h-1 id-rounded-full id-bg-[#000000D9] id-flex-shrink-0 id-flex-grow-0 id-mt-[8px]\"><\/div>\n<p><span class=\"id-ml-2 id-whitespace-pre-line\">Nighttime Use: Enhances overnight skin rejuvenation for brighter skin.<\/span><\/p>\n<\/div>\n<div class=\"id-text-[#222] id-font-inter id-text-lg id-font-medium id-font-normal id-flex id-font-medium\" data-testid=\"product-detail-text-sort\">\n<div class=\"id-w-1 id-h-1 id-rounded-full id-bg-[#000000D9] id-flex-shrink-0 id-flex-grow-0 id-mt-[8px]\"><\/div>\n<p><span class=\"id-ml-2 id-whitespace-pre-line\">moisturizing face cream whitening face cream dark spot remover cream<\/span><\/p>\n<\/div>\n<div data-testid=\"product-detail-text-sort\"><\/div>\n<div data-testid=\"product-detail-text-sort\">\n<div class=\"id-flex id-justify-between id-items-center id-text-[#222] id-font-inter id-font-bold id-text-[32px] id-leader-[42px] id-mb-[28px]\" data-testid=\"product-detail-title\"><span class=\"id-relative\" data-spm-anchor-id=\"a2700.details.0.i118.dabe12c15cl1pi\">\u00c0 propos de ce fournisseur<\/span><\/div>\n<div class=\"id-text-[#666] id-font-inter id-text-lg id-font-medium id-whitespace-pre-line\" data-testid=\"product-detail-text\">Guangzhou Brandique Biotechnology Co., Ltd. est une entreprise nationale de haute technologie sp\u00e9cialis\u00e9e dans les services OEM\/ODM\/OBM. Elle int\u00e8gre la R&amp;D, la production et le d\u00e9veloppement de marques de soins de la peau \u00e0 base de plantes, gr\u00e2ce \u00e0 des nanotechnologies r\u00e9gulatrices de s\u00e9bum. Son site de Qingyuan abrite un centre de R&amp;D et de production intelligent, dot\u00e9 de plus de 4\u00a0000 formules \u00e9prouv\u00e9es et de 60 brevets. L&#039;entreprise est certifi\u00e9e GMPC, ISO 22716, ISO 13485 et Alibaba, garantissant ainsi sa conformit\u00e9 aux normes de qualit\u00e9.<\/div>\n<\/div>","protected":false},"excerpt":{"rendered":"<h1 title=\"Cr\u00e8me \u00e9claircissante et blanchissante pour le visage, en gros, \u00e0 l&#039;acide kojique et \u00e0 l&#039;arbutine. Unifie le teint et hydrate la peau.\" data-spm-anchor-id=\"a2700.details.0.i58.dabe12c15cl1pi\">Cr\u00e8me \u00e9claircissante et blanchissante pour le visage, en gros, \u00e0 l&#039;acide kojique et \u00e0 l&#039;arbutine. Unifie le teint et hydrate la peau.<\/h1>\n<p>&nbsp;<\/p>\n<div class=\"id-text-[#222] id-font-inter id-text-lg id-font-medium id-font-normal id-flex id-font-medium\" data-testid=\"product-detail-text-sort\"><span class=\"id-ml-2 id-whitespace-pre-line\">Alpha Arbutin: Brightens skin tone and evens complexion.<\/span><\/div>\n<div class=\"id-text-[#222] id-font-inter id-text-lg id-font-medium id-font-normal id-flex id-font-medium\" data-testid=\"product-detail-text-sort\">\n<div class=\"id-w-1 id-h-1 id-rounded-full id-bg-[#000000D9] id-flex-shrink-0 id-flex-grow-0 id-mt-[8px]\"><\/div>\n<p><span class=\"id-ml-2 id-whitespace-pre-line\">Kojic Acid: Deeply moisturizes and lightens dark spots.<\/span><\/p>\n<\/div>\n<div class=\"id-text-[#222] id-font-inter id-text-lg id-font-medium id-font-normal id-flex id-font-medium\" data-testid=\"product-detail-text-sort\">\n<div class=\"id-w-1 id-h-1 id-rounded-full id-bg-[#000000D9] id-flex-shrink-0 id-flex-grow-0 id-mt-[8px]\"><\/div>\n<p><span class=\"id-ml-2 id-whitespace-pre-line\">Glycerin: Provides long-lasting hydration for smooth skin.<\/span><\/p>\n<\/div>\n<div class=\"id-text-[#222] id-font-inter id-text-lg id-font-medium id-font-normal id-flex id-font-medium\" data-testid=\"product-detail-text-sort\">\n<div class=\"id-w-1 id-h-1 id-rounded-full id-bg-[#000000D9] id-flex-shrink-0 id-flex-grow-0 id-mt-[8px]\"><\/div>\n<p><span class=\"id-ml-2 id-whitespace-pre-line\">Natural Formula: Organic and paraben-free, suitable for all skin types.<\/span><\/p>\n<\/div>\n<div class=\"id-text-[#222] id-font-inter id-text-lg id-font-medium id-font-normal id-flex id-font-medium\" data-testid=\"product-detail-text-sort\">\n<div class=\"id-w-1 id-h-1 id-rounded-full id-bg-[#000000D9] id-flex-shrink-0 id-flex-grow-0 id-mt-[8px]\"><\/div>\n<p><span class=\"id-ml-2 id-whitespace-pre-line\">Nighttime Use: Enhances overnight skin rejuvenation for brighter skin.<\/span><\/p>\n<\/div>\n<div class=\"id-text-[#222] id-font-inter id-text-lg id-font-medium id-font-normal id-flex id-font-medium\" data-testid=\"product-detail-text-sort\">\n<div class=\"id-w-1 id-h-1 id-rounded-full id-bg-[#000000D9] id-flex-shrink-0 id-flex-grow-0 id-mt-[8px]\"><\/div>\n<p><span class=\"id-ml-2 id-whitespace-pre-line\">moisturizing face cream whitening face cream dark spot remover cream<\/span><\/p>\n<\/div>","protected":false},"featured_media":29046,"template":"","meta":[],"product_brand":[],"product_cat":[81],"product_tag":[],"class_list":{"0":"post-29045","1":"product","2":"type-product","3":"status-publish","4":"has-post-thumbnail","6":"product_cat-face-care","8":"first","9":"instock","10":"shipping-taxable","11":"purchasable","12":"product-type-variable"},"_links":{"self":[{"href":"https:\/\/www.keying-cosmetics.com\/fr\/wp-json\/wp\/v2\/product\/29045","targetHints":{"allow":["GET"]}}],"collection":[{"href":"https:\/\/www.keying-cosmetics.com\/fr\/wp-json\/wp\/v2\/product"}],"about":[{"href":"https:\/\/www.keying-cosmetics.com\/fr\/wp-json\/wp\/v2\/types\/product"}],"wp:featuredmedia":[{"embeddable":true,"href":"https:\/\/www.keying-cosmetics.com\/fr\/wp-json\/wp\/v2\/media\/29046"}],"wp:attachment":[{"href":"https:\/\/www.keying-cosmetics.com\/fr\/wp-json\/wp\/v2\/media?parent=29045"}],"wp:term":[{"taxonomy":"product_brand","embeddable":true,"href":"https:\/\/www.keying-cosmetics.com\/fr\/wp-json\/wp\/v2\/product_brand?post=29045"},{"taxonomy":"product_cat","embeddable":true,"href":"https:\/\/www.keying-cosmetics.com\/fr\/wp-json\/wp\/v2\/product_cat?post=29045"},{"taxonomy":"product_tag","embeddable":true,"href":"https:\/\/www.keying-cosmetics.com\/fr\/wp-json\/wp\/v2\/product_tag?post=29045"}],"curies":[{"name":"wp","href":"https:\/\/api.w.org\/{rel}","templated":true}]}}