{"id":28759,"date":"2025-07-22T14:43:09","date_gmt":"2025-07-22T06:43:09","guid":{"rendered":"https:\/\/www.keying-cosmetics.com\/product\/nourish-skin-efficiently-all-natural-acne-removing-essence-skin-repair-acne-removing-facial-essence\/"},"modified":"2025-07-22T14:43:19","modified_gmt":"2025-07-22T06:43:19","slug":"nourish-skin-efficiently-all-natural-acne-removing-essence-skin-repair-acne-removing-facial-essence","status":"publish","type":"product","link":"https:\/\/www.keying-cosmetics.com\/fr\/produit\/nourish-skin-efficiently-all-natural-acne-removing-essence-skin-repair-acne-removing-facial-essence\/","title":{"rendered":"Nourrit efficacement la peau Essence enti\u00e8rement naturelle anti-acn\u00e9 Essence r\u00e9paratrice pour le visage anti-acn\u00e9"},"content":{"rendered":"<div data-magic-global=\"%7B%22bizId%22%3A2208233674557%2C%22pageId%22%3A21676101387%2C%22siteId%22%3A5006670009%7D\" id=\"detail_decorate_root\">\n<style>#detail_decorate_root .magic-0{width:750px}#detail_decorate_root .magic-1{overflow:hidden;width:750px;height:1056px;margin-top:0;margin-bottom:0;margin-left:0;margin-right:0}#detail_decorate_root .magic-2{margin-top:0;margin-left:0;width:750px;height:1056px}#detail_decorate_root .magic-3{vertical-align:top}#detail_decorate_root .magic-4{vertical-align:top;display:block;padding-right:4px;box-sizing:border-box;padding-left:4px}#detail_decorate_root .magic-5{vertical-align:top;padding-bottom:4px;box-sizing:border-box;padding-top:4px}#detail_decorate_root .magic-6{padding:0;margin:0;white-space:pre-wrap;font-size:14px}#detail_decorate_root .magic-7{text-align:center}#detail_decorate_root .magic-8{font-size:20px}#detail_decorate_root .magic-9{margin-bottom:10px;overflow:hidden}#detail_decorate_root .magic-10{overflow:hidden;width:750px;height:102px;margin-top:0;margin-bottom:0;margin-left:0;margin-right:0}#detail_decorate_root .magic-11{margin-top:0;margin-left:0;width:750px;height:102px}#detail_decorate_root .magic-12{overflow:hidden;width:750px;height:750px;margin-top:0;margin-bottom:0;margin-left:0;margin-right:0}#detail_decorate_root .magic-13{margin-top:0;margin-left:0;width:750px;height:750px}#detail_decorate_root .magic-14{overflow:hidden;width:373px;height:373px;margin-top:0;margin-bottom:0;margin-left:0;margin-right:0}#detail_decorate_root .magic-15{margin-top:0;margin-left:0;width:373px;height:373px}#detail_decorate_root .magic-16{overflow:hidden;width:373px;height:373px;margin-top:0;margin-bottom:0;margin-left:4px;margin-right:0}#detail_decorate_root .magic-17{border-bottom-style:solid;border-bottom-color:#53647a;font-family:Roboto;font-size:24px;color:#53647a;text-align:center;font-style:italic;font-weight:bold;border-bottom-width:2px;padding-top:8px;padding-bottom:4px}#detail_decorate_root .magic-18{width:750px;border-collapse:collapse}#detail_decorate_root .magic-19{min-height:28px;padding:5px 10px;width:126px;min-height:28px;box-sizing:content-box}#detail_decorate_root .magic-20{min-height:28px;padding:5px 10px;width:579px;min-height:28px;box-sizing:content-box}#detail_decorate_root .magic-21{overflow:hidden;width:750px;height:491px;margin-top:0;margin-bottom:0;margin-left:0;margin-right:0}#detail_decorate_root .magic-22{margin-top:0;margin-left:0;width:750px;height:491px}#detail_decorate_root .magic-23{overflow:hidden;width:750px;height:196px;margin-top:0;margin-bottom:0;margin-left:0;margin-right:0}#detail_decorate_root .magic-24{margin-top:0;margin-left:0;width:750px;height:196px}#detail_decorate_root .magic-25{overflow:hidden;width:750px;height:77px;margin-top:0;margin-bottom:0;margin-left:0;margin-right:0}#detail_decorate_root .magic-26{margin-top:0;margin-left:0;width:750px;height:77px}#detail_decorate_root .magic-27{overflow:hidden;width:750px;height:615px;margin-top:0;margin-bottom:0;margin-left:0;margin-right:0}#detail_decorate_root .magic-28{margin-top:0;margin-left:0;width:750px;height:615px}#detail_decorate_root .magic-29{overflow:hidden;width:750px;height:1007px;margin-top:0;margin-bottom:0;margin-left:0;margin-right:0}#detail_decorate_root .magic-30{margin-top:0;margin-left:0;width:750px;height:1007px}#detail_decorate_root .magic-31{overflow:hidden;width:750px;height:645.8046767537826px;margin-top:0;margin-bottom:0;margin-left:0;margin-right:0}#detail_decorate_root .magic-32{margin-top:0;margin-left:0;width:750px;height:645.8046767537826px}#detail_decorate_root .magic-33{margin-bottom:10px;line-height:0}#detail_decorate_root .magic-34{margin-bottom:0}#detail_decorate_root .magic-35{position:relative;width:100%}#detail_decorate_root .magic-36{overflow:hidden;width:750px;height:2835px;margin-top:0;margin-bottom:0;margin-left:0;margin-right:0}#detail_decorate_root .magic-37{margin-top:0;margin-left:0;width:750px;height:2835px}#detail_decorate_root .magic-38{overflow:hidden;width:750px;height:740px;margin-top:0;margin-bottom:0;margin-left:0;margin-right:0}#detail_decorate_root .magic-39{margin-top:0;margin-left:0;width:750px;height:740px}#detail_decorate_root .magic-40{overflow:hidden;width:750px;height:635px;margin-top:0;margin-bottom:0;margin-left:0;margin-right:0}#detail_decorate_root .magic-41{margin-top:0;margin-left:0;width:750px;height:635px}#detail_decorate_root .magic-42{overflow:hidden;width:750px;height:218px;margin-top:0;margin-bottom:0;margin-left:0;margin-right:0}#detail_decorate_root .magic-43{margin-top:-1px;margin-left:0;width:750px;height:218px}<\/style>\n<div module-id=\"45469133549\" module-title=\"detailSingleImage\" render=\"true\" class=\"J_module\">\n<div class=\"icbu-pc-images magic-0\">\n<div>\n<div class=\"flex-layout-v\">\n<div class=\"flex-layout-h magic-0\">\n<div class=\"magic-1\"><img decoding=\"async\" src=\"https:\/\/sc04.alicdn.com\/kf\/H43bf0f83f38d4440b6ad27a3f09df0cfB\/243370472\/H43bf0f83f38d4440b6ad27a3f09df0cfB.jpg\" data-src=\"\/\/sc04.alicdn.com\/kf\/H43bf0f83f38d4440b6ad27a3f09df0cfB\/243370472\/H43bf0f83f38d4440b6ad27a3f09df0cfB.jpg\" class=\"magic-2\"><\/div>\n<\/div>\n<\/div>\n<\/div>\n<\/div>\n<\/div>\n<div module-id=\"45469133551\" module-title=\"detailTextContent\" render=\"true\" class=\"J_module\">\n<div class=\"detail-decorate-json-renderer-container\">\n<div class=\"magic-3\">\n<div class=\"magic-4\">\n<div class=\"magic-5\">\n<div class=\"magic-6\">\n<div class=\"magic-7\"><i><b><font class=\"magic-8\"><span><span><span><span><span><span>Nourrit efficacement la peau Essence enti\u00e8rement naturelle anti-acn\u00e9 Essence r\u00e9paratrice pour le visage anti-acn\u00e9<\/span><\/span><\/span><\/span><\/span><\/span><\/font><\/b><\/i><\/div>\n<\/div>\n<\/div>\n<\/div>\n<\/div>\n<\/div>\n<\/div>\n<div module-id=\"45469133554\" module-title=\"detailSellerRecommend\" render=\"true\" class=\"J_module\">\n<div data-magic='{\"mds\":{\"assetsVersion\":\"0.0.14\",\"assetsPackageName\":\"icbumod\",\"moduleNameAlias\":\"icbu-pc-detailSellerRecommend\",\"moduleData\":{\"config\":{\"columnCount\":4,\"titleKey\":6,\"products\":[1601376445132,1601376287991,1601378821052,1601404426258]}}},\"version\":1}' class=\"icbu-pc-detailSellerRecommend magic-9\"><\/div>\n<\/div>\n<div module-id=\"45469133556\" module-title=\"detailSingleImage\" render=\"true\" class=\"J_module\">\n<div class=\"icbu-pc-images magic-0\">\n<div>\n<div class=\"flex-layout-v\">\n<div class=\"flex-layout-h magic-0\">\n<div class=\"magic-10\">\n<img decoding=\"async\" src=\"https:\/\/sc04.alicdn.com\/kf\/Hc53eb134e9754d31ab5f81c5df19388ed\/243370472\/Hc53eb134e9754d31ab5f81c5df19388ed.jpg\" data-src=\"\/\/sc04.alicdn.com\/kf\/Hc53eb134e9754d31ab5f81c5df19388ed\/243370472\/Hc53eb134e9754d31ab5f81c5df19388ed.jpg\" usemap=\"#9-e6-198-0009\" class=\"magic-11\"><\/p>\n<map name=\"9-e6-198-0009\">\n<area shape=\"rect\" coords=\"40,0,739,100\" href=\"https:\/\/gdkeying.en.alibaba.com\/contactinfo.html\" target=\"_blank\"><\/map>\n<\/div>\n<\/div>\n<\/div>\n<\/div>\n<\/div>\n<\/div>\n<div module-id=\"45469133558\" module-title=\"detailSingleImage\" render=\"true\" class=\"J_module\">\n<div class=\"icbu-pc-images magic-0\">\n<div>\n<div class=\"flex-layout-v\">\n<div class=\"flex-layout-h magic-0\">\n<div class=\"magic-12\"><img decoding=\"async\" src=\"https:\/\/sc04.alicdn.com\/kf\/H549d6b0caa0c472e9592005976ee76b76\/243370472\/H549d6b0caa0c472e9592005976ee76b76.jpg\" data-src=\"\/\/sc04.alicdn.com\/kf\/H549d6b0caa0c472e9592005976ee76b76\/243370472\/H549d6b0caa0c472e9592005976ee76b76.jpg\" class=\"magic-13\"><\/div>\n<\/div>\n<\/div>\n<\/div>\n<\/div>\n<\/div>\n<div module-id=\"45469133560\" module-title=\"detailSingleImage\" render=\"true\" class=\"J_module\">\n<div class=\"icbu-pc-images magic-0\">\n<div>\n<div class=\"flex-layout-v\">\n<div class=\"flex-layout-h magic-0\">\n<div class=\"magic-12\"><img decoding=\"async\" src=\"https:\/\/sc04.alicdn.com\/kf\/H45c58c71568041b6a2f41f2589a9d2f3S\/243370472\/H45c58c71568041b6a2f41f2589a9d2f3S.jpg\" data-src=\"\/\/sc04.alicdn.com\/kf\/H45c58c71568041b6a2f41f2589a9d2f3S\/243370472\/H45c58c71568041b6a2f41f2589a9d2f3S.jpg\" class=\"magic-13\"><\/div>\n<\/div>\n<\/div>\n<\/div>\n<\/div>\n<\/div>\n<div module-id=\"45469133562\" module-title=\"detailTwoImages\" render=\"true\" class=\"J_module\">\n<div class=\"icbu-pc-images magic-0\">\n<div>\n<div class=\"flex-layout-v\">\n<div class=\"flex-layout-h magic-0\">\n<div class=\"magic-14\"><img decoding=\"async\" src=\"https:\/\/sc04.alicdn.com\/kf\/He401a158c379419f95acde2356c7770dM\/243370472\/He401a158c379419f95acde2356c7770dM.jpg\" data-src=\"\/\/sc04.alicdn.com\/kf\/He401a158c379419f95acde2356c7770dM\/243370472\/He401a158c379419f95acde2356c7770dM.jpg\" class=\"magic-15\"><\/div>\n<div class=\"magic-16\"><img decoding=\"async\" src=\"https:\/\/sc04.alicdn.com\/kf\/Hd5d6a2b9f4cc4c4db2a49bd4b632afe8S\/243370472\/Hd5d6a2b9f4cc4c4db2a49bd4b632afe8S.jpg\" data-src=\"\/\/sc04.alicdn.com\/kf\/Hd5d6a2b9f4cc4c4db2a49bd4b632afe8S\/243370472\/Hd5d6a2b9f4cc4c4db2a49bd4b632afe8S.jpg\" class=\"magic-15\"><\/div>\n<\/div>\n<\/div>\n<\/div>\n<\/div>\n<\/div>\n<div module-id=\"45469133566\" module-title=\"detailProductNavigation\" render=\"true\" class=\"J_module\">\n<div id=\"ali-anchor-AliMagic-bjznbi\" data-section=\"AliMagic-bjznbi\" data-section-title=\"Product Paramenters\" class=\"magic-17\">Param\u00e8tres du produit<\/div>\n<\/div>\n<div module-id=\"45469133568\" module-title=\"detailTableNoTitle\" render=\"true\" class=\"J_module\">\n<div class=\"ife-detail-decorate-table\">\n<table class=\"all magic-18\">\n<tbody>\n<tr>\n<td colspan=\"1\" rowspan=\"1\">\n<div class=\"magic-19\"><b>Nom du produit<\/b><\/div>\n<\/td>\n<td colspan=\"1\" rowspan=\"1\">\n<div class=\"magic-20\">Essence visage anti-acn\u00e9<\/div>\n<\/td>\n<\/tr>\n<tr>\n<td colspan=\"1\" rowspan=\"1\">\n<div class=\"magic-19\">\n<b>Fonction<\/b>\n<\/div>\n<\/td>\n<td colspan=\"1\" rowspan=\"1\">\n<div class=\"magic-20\">Contr\u00f4lez le s\u00e9bum, \u00e9liminez l&#039;acn\u00e9 et r\u00e9parez la barri\u00e8re cutan\u00e9e<\/div>\n<\/td>\n<\/tr>\n<tr>\n<td colspan=\"1\" rowspan=\"1\">\n<div class=\"magic-19\"><b data-spm-anchor-id=\"a2700.pc-decorate.0.i28.5955333350ETgU\">Type de peau<\/b><\/div>\n<\/td>\n<td colspan=\"1\" rowspan=\"1\">\n<div class=\"magic-20\">Tous types de peau<\/div>\n<\/td>\n<\/tr>\n<tr>\n<td colspan=\"1\" rowspan=\"1\">\n<div class=\"magic-19\"><b>Sp\u00e9cification<\/b><\/div>\n<\/td>\n<td colspan=\"1\" rowspan=\"1\">\n<div class=\"magic-20\">15 ml \/ personnalisable<\/div>\n<\/td>\n<\/tr>\n<tr>\n<td colspan=\"1\" rowspan=\"1\">\n<div class=\"magic-19\"><b>Service<\/b><\/div>\n<\/td>\n<td colspan=\"1\" rowspan=\"1\">\n<div class=\"magic-20\">OEM\/ODM, Private Label, LOGO, Personnalisation d&#039;emballage. Achat de mati\u00e8res premi\u00e8res, Solutions de transport.<\/div>\n<\/td>\n<\/tr>\n<tr>\n<td colspan=\"1\" rowspan=\"1\">\n<div class=\"magic-19\"><b>Dur\u00e9e de conservation<\/b><\/div>\n<\/td>\n<td colspan=\"1\" rowspan=\"1\">\n<div class=\"magic-20\">3 ans<\/div>\n<\/td>\n<\/tr>\n<tr>\n<td colspan=\"1\" rowspan=\"1\">\n<div class=\"magic-19\"><b>Couleur<\/b><\/div>\n<\/td>\n<td colspan=\"1\" rowspan=\"1\">\n<div class=\"magic-20\">Blanc\/personnalisable<\/div>\n<\/td>\n<\/tr>\n<tr>\n<td colspan=\"1\" rowspan=\"1\">\n<div class=\"magic-19\"><b>Certification<\/b><\/div>\n<\/td>\n<td colspan=\"1\" rowspan=\"1\">\n<div class=\"magic-20\">GMPC\/ISO2276\/SEDEX\/SGS\/FDS\/COA\/CPSR<\/div>\n<\/td>\n<\/tr>\n<tr>\n<td colspan=\"1\" rowspan=\"1\">\n<div class=\"magic-19\"><b>D\u00e9lai de livraison<\/b><\/div>\n<\/td>\n<td colspan=\"1\" rowspan=\"1\">\n<div class=\"magic-20\">3 \u00e0 7 jours par avion, 25 \u00e0 45 jours par mer, transport terrestre 10 \u00e0 15 jours.<\/div>\n<\/td>\n<\/tr>\n<tr>\n<td colspan=\"1\" rowspan=\"1\">\n<div class=\"magic-19\"><b>Conditions de paiement<\/b><\/div>\n<\/td>\n<td colspan=\"1\" rowspan=\"1\">\n<div class=\"magic-20\">T\/T, Western Union, virement bancaire, PayPal, Alibaba Trade Assurance.<\/div>\n<\/td>\n<\/tr>\n<\/tbody>\n<\/table>\n<\/div>\n<\/div>\n<div module-id=\"45469133570\" module-title=\"detailProductNavigation\" render=\"true\" class=\"J_module\">\n<div id=\"ali-anchor-AliMagic-000g86\" data-section=\"AliMagic-000g86\" data-section-title=\"Product category\" class=\"magic-17\">Cat\u00e9gorie de produit<\/div>\n<\/div>\n<div module-id=\"45469133572\" module-title=\"detailSingleImage\" render=\"true\" class=\"J_module\">\n<div class=\"icbu-pc-images magic-0\">\n<div>\n<div class=\"flex-layout-v\">\n<div class=\"flex-layout-h magic-0\">\n<div class=\"magic-21\">\n<img decoding=\"async\" src=\"https:\/\/sc04.alicdn.com\/kf\/Hf32932adee344aa6b4c3bd85abf8acedC\/243370472\/Hf32932adee344aa6b4c3bd85abf8acedC.jpg\" data-src=\"\/\/sc04.alicdn.com\/kf\/Hf32932adee344aa6b4c3bd85abf8acedC\/243370472\/Hf32932adee344aa6b4c3bd85abf8acedC.jpg\" usemap=\"#7-0e-fc3-15d6\" class=\"magic-22\"><\/p>\n<map name=\"7-0e-fc3-15d6\">\n<area shape=\"rect\" coords=\"35,116,233,289\" href=\"https:\/\/gdkeying.en.alibaba.com\/productgrouplist-946368004\/Face_Care.html\" target=\"_blank\">\n<area shape=\"rect\" coords=\"275,123,479,290\" href=\"https:\/\/gdkeying.en.alibaba.com\/productgrouplist-946339883\/Skin_Care_Serum.html\" target=\"_blank\">\n<area shape=\"rect\" coords=\"508,122,720,287\" href=\"https:\/\/gdkeying.en.alibaba.com\/productgrouplist-945341059\/Body_Care.html\" target=\"_blank\">\n<area shape=\"rect\" coords=\"28,302,235,488\" href=\"https:\/\/gdkeying.en.alibaba.com\/productgrouplist-945754017\/Frosted_Series.html\" target=\"_blank\">\n<area shape=\"rect\" coords=\"269,306,483,488\" href=\"https:\/\/gdkeying.en.alibaba.com\/productgrouplist-946339271\/Essential_Oil.html\" target=\"_blank\">\n<area shape=\"rect\" coords=\"519,307,722,486\" href=\"https:\/\/gdkeying.en.alibaba.com\/productgrouplist-946301381\/Skin_care_set.html\" target=\"_blank\"><\/map>\n<\/div>\n<\/div>\n<\/div>\n<\/div>\n<\/div>\n<\/div>\n<div module-id=\"45469133573\" module-title=\"detailSingleImage\" render=\"true\" class=\"J_module\">\n<div class=\"icbu-pc-images magic-0\">\n<div>\n<div class=\"flex-layout-v\">\n<div class=\"flex-layout-h magic-0\">\n<div class=\"magic-23\">\n<img decoding=\"async\" src=\"https:\/\/sc04.alicdn.com\/kf\/H49b71af9bb664c9fb91a46dc36a3f0e5Y\/243370472\/H49b71af9bb664c9fb91a46dc36a3f0e5Y.jpg\" data-src=\"\/\/sc04.alicdn.com\/kf\/H49b71af9bb664c9fb91a46dc36a3f0e5Y\/243370472\/H49b71af9bb664c9fb91a46dc36a3f0e5Y.jpg\" usemap=\"#4-b4-32d-7933\" class=\"magic-24\"><\/p>\n<map name=\"4-b4-32d-7933\">\n<area shape=\"rect\" coords=\"13,7,246,193\" href=\"https:\/\/gdkeying.en.alibaba.com\/productgrouplist-946411242\/Hands_Feet_Care.html\" target=\"_blank\">\n<area shape=\"rect\" coords=\"268,6,485,195\" href=\"https:\/\/gdkeying.en.alibaba.com\/productgrouplist-944841969\/Hair_Care.html\" target=\"_blank\">\n<area shape=\"rect\" coords=\"520,9,727,195\" href=\"https:\/\/gdkeying.en.alibaba.com\/productgrouplist-946713915\/Men_Care.html\" target=\"_blank\"><\/map>\n<\/div>\n<\/div>\n<\/div>\n<\/div>\n<\/div>\n<\/div>\n<div module-id=\"45469133575\" module-title=\"detailSingleImage\" render=\"true\" class=\"J_module\">\n<div class=\"icbu-pc-images magic-0\">\n<div>\n<div class=\"flex-layout-v\">\n<div class=\"flex-layout-h magic-0\">\n<div class=\"magic-25\">\n<img decoding=\"async\" src=\"https:\/\/sc04.alicdn.com\/kf\/H37ae30a1fe3f4ebea9a526783d490b532\/243370472\/H37ae30a1fe3f4ebea9a526783d490b532.jpg\" data-src=\"\/\/sc04.alicdn.com\/kf\/H37ae30a1fe3f4ebea9a526783d490b532\/243370472\/H37ae30a1fe3f4ebea9a526783d490b532.jpg\" usemap=\"#c-69-838-ed05\" class=\"magic-26\"><\/p>\n<map name=\"c-69-838-ed05\">\n<area shape=\"rect\" coords=\"0,0,962,100\" href=\"https:\/\/gdkeying.en.alibaba.com\/contactinfo.html\" target=\"_blank\"><\/map>\n<\/div>\n<\/div>\n<\/div>\n<\/div>\n<\/div>\n<\/div>\n<div module-id=\"45469133577\" module-title=\"detailSingleImage\" render=\"true\" class=\"J_module\">\n<div class=\"icbu-pc-images magic-0\">\n<div>\n<div class=\"flex-layout-v\">\n<div class=\"flex-layout-h magic-0\">\n<div class=\"magic-27\"><img decoding=\"async\" src=\"https:\/\/sc04.alicdn.com\/kf\/H6487438e74154ccdaa54116d2ae768955\/243370472\/H6487438e74154ccdaa54116d2ae768955.jpg\" data-src=\"\/\/sc04.alicdn.com\/kf\/H6487438e74154ccdaa54116d2ae768955\/243370472\/H6487438e74154ccdaa54116d2ae768955.jpg\" class=\"magic-28\"><\/div>\n<\/div>\n<\/div>\n<\/div>\n<\/div>\n<\/div>\n<div module-id=\"45469133579\" module-title=\"detailProductNavigation\" render=\"true\" class=\"J_module\">\n<div id=\"ali-anchor-AliMagic-1q5s07\" data-section=\"AliMagic-1q5s07\" data-section-title=\"Company Profile\" class=\"magic-17\">Profil de l&#039;entreprise<\/div>\n<\/div>\n<div module-id=\"45469133582\" module-title=\"detailSingleImage\" render=\"true\" class=\"J_module\">\n<div class=\"icbu-pc-images magic-0\">\n<div>\n<div class=\"flex-layout-v\">\n<div class=\"flex-layout-h magic-0\">\n<div class=\"magic-29\"><img decoding=\"async\" src=\"https:\/\/sc04.alicdn.com\/kf\/Hc624266fb2cf4bc29f17815477b99cfdx\/243370472\/Hc624266fb2cf4bc29f17815477b99cfdx.jpg\" data-src=\"\/\/sc04.alicdn.com\/kf\/Hc624266fb2cf4bc29f17815477b99cfdx\/243370472\/Hc624266fb2cf4bc29f17815477b99cfdx.jpg\" class=\"magic-30\"><\/div>\n<\/div>\n<\/div>\n<\/div>\n<\/div>\n<\/div>\n<div module-id=\"45469133583\" module-title=\"detailProductNavigation\" render=\"true\" class=\"J_module\">\n<div id=\"ali-anchor-AliMagic-nlwv1q\" data-section=\"AliMagic-nlwv1q\" data-section-title=\"Certificate\/Test Report\" class=\"magic-17\">Certificat\/Rapport de test<\/div>\n<\/div>\n<div module-id=\"45469133586\" module-title=\"detailSingleImage\" render=\"true\" class=\"J_module\">\n<div class=\"icbu-pc-images magic-0\">\n<div>\n<div class=\"flex-layout-v\">\n<div class=\"flex-layout-h magic-0\">\n<div class=\"magic-31\"><img decoding=\"async\" src=\"https:\/\/sc04.alicdn.com\/kf\/Hf9f938339f0546aba2f74bb426aee229l\/243370472\/Hf9f938339f0546aba2f74bb426aee229l.jpg\" data-src=\"\/\/sc04.alicdn.com\/kf\/Hf9f938339f0546aba2f74bb426aee229l\/243370472\/Hf9f938339f0546aba2f74bb426aee229l.jpg\" class=\"magic-32\"><\/div>\n<\/div>\n<\/div>\n<\/div>\n<\/div>\n<\/div>\n<div module-id=\"45469133589\" module-title=\"detailProductNavigation\" render=\"true\" class=\"J_module\">\n<div id=\"ali-anchor-AliMagic-hq83al\" data-section=\"AliMagic-hq83al\" data-section-title=\"R&amp;D CAPABILITY\" class=\"magic-17\">CAPACIT\u00c9 DE R&amp;D<\/div>\n<\/div>\n<div module-id=\"45469133592\" module-title=\"detailManyImage\" render=\"true\" class=\"J_module\">\n<div class=\"icbu-pc-detailManyImage magic-33\">\n<div class=\"magic-34\"><img decoding=\"async\" src=\"https:\/\/sc04.alicdn.com\/kf\/H6b9ad48a46be499a8bd804018dd935bef\/243370472\/H6b9ad48a46be499a8bd804018dd935bef.jpg\" data-src=\"\/\/sc04.alicdn.com\/kf\/H6b9ad48a46be499a8bd804018dd935bef\/243370472\/H6b9ad48a46be499a8bd804018dd935bef.jpg\" class=\"magic-35\"><\/div>\n<div class=\"magic-34\"><img decoding=\"async\" src=\"https:\/\/sc04.alicdn.com\/kf\/H0814cf9102754833b13301c036e71799C\/243370472\/H0814cf9102754833b13301c036e71799C.jpg\" data-src=\"\/\/sc04.alicdn.com\/kf\/H0814cf9102754833b13301c036e71799C\/243370472\/H0814cf9102754833b13301c036e71799C.jpg\" class=\"magic-35\"><\/div>\n<div class=\"magic-34\"><img decoding=\"async\" src=\"https:\/\/sc04.alicdn.com\/kf\/H56ce34b25e1c4d3a8f09b579b29da23cP\/243370472\/H56ce34b25e1c4d3a8f09b579b29da23cP.jpg\" data-src=\"\/\/sc04.alicdn.com\/kf\/H56ce34b25e1c4d3a8f09b579b29da23cP\/243370472\/H56ce34b25e1c4d3a8f09b579b29da23cP.jpg\" class=\"magic-35\"><\/div>\n<div class=\"magic-34\"><img decoding=\"async\" src=\"https:\/\/sc04.alicdn.com\/kf\/H2ebcb3e4fd9c4fad94d7ec174c2340e5I\/243370472\/H2ebcb3e4fd9c4fad94d7ec174c2340e5I.jpg\" data-src=\"\/\/sc04.alicdn.com\/kf\/H2ebcb3e4fd9c4fad94d7ec174c2340e5I\/243370472\/H2ebcb3e4fd9c4fad94d7ec174c2340e5I.jpg\" class=\"magic-35\"><\/div>\n<div class=\"magic-34\"><img decoding=\"async\" src=\"https:\/\/sc04.alicdn.com\/kf\/H1b10162939a5463399ea21b5f5888520o\/243370472\/H1b10162939a5463399ea21b5f5888520o.jpg\" data-src=\"\/\/sc04.alicdn.com\/kf\/H1b10162939a5463399ea21b5f5888520o\/243370472\/H1b10162939a5463399ea21b5f5888520o.jpg\" class=\"magic-35\"><\/div>\n<\/div>\n<\/div>\n<div module-id=\"45469133594\" module-title=\"detailProductNavigation\" render=\"true\" class=\"J_module\">\n<div id=\"ali-anchor-AliMagic-r21qoi\" data-section=\"AliMagic-r21qoi\" data-section-title=\"Customization Capability\" class=\"magic-17\">Capacit\u00e9 de personnalisation<\/div>\n<\/div>\n<div module-id=\"45469133597\" module-title=\"detailSingleImage\" render=\"true\" class=\"J_module\">\n<div class=\"icbu-pc-images magic-0\">\n<div>\n<div class=\"flex-layout-v\">\n<div class=\"flex-layout-h magic-0\">\n<div class=\"magic-36\"><img decoding=\"async\" src=\"https:\/\/sc04.alicdn.com\/kf\/H73699875349b4cfb9fed507b1c301d2es\/243370472\/H73699875349b4cfb9fed507b1c301d2es.jpg\" data-src=\"\/\/sc04.alicdn.com\/kf\/H73699875349b4cfb9fed507b1c301d2es\/243370472\/H73699875349b4cfb9fed507b1c301d2es.jpg\" class=\"magic-37\"><\/div>\n<\/div>\n<\/div>\n<\/div>\n<\/div>\n<\/div>\n<div module-id=\"45469133600\" module-title=\"detailSingleImage\" render=\"true\" class=\"J_module\">\n<div class=\"icbu-pc-images magic-0\">\n<div>\n<div class=\"flex-layout-v\">\n<div class=\"flex-layout-h magic-0\">\n<div class=\"magic-25\">\n<img decoding=\"async\" src=\"https:\/\/sc04.alicdn.com\/kf\/Hab1019d20e874e2292328557877fbdb4P\/243370472\/Hab1019d20e874e2292328557877fbdb4P.jpg\" data-src=\"\/\/sc04.alicdn.com\/kf\/Hab1019d20e874e2292328557877fbdb4P\/243370472\/Hab1019d20e874e2292328557877fbdb4P.jpg\" usemap=\"#0-b6-b98-79e3\" class=\"magic-26\"><\/p>\n<map name=\"0-b6-b98-79e3\">\n<area shape=\"rect\" coords=\"0,0,771,100\" href=\"https:\/\/gdkeying.en.alibaba.com\/contactinfo.html\" target=\"_blank\"><\/map>\n<\/div>\n<\/div>\n<\/div>\n<\/div>\n<\/div>\n<\/div>\n<div module-id=\"45469133603\" module-title=\"detailProductNavigation\" render=\"true\" class=\"J_module\">\n<div id=\"ali-anchor-AliMagic-ohf5wx\" data-section=\"AliMagic-ohf5wx\" data-section-title=\"Delivery\" class=\"magic-17\">Livraison<\/div>\n<\/div>\n<div module-id=\"45469133606\" module-title=\"detailSingleImage\" render=\"true\" class=\"J_module\">\n<div class=\"icbu-pc-images magic-0\">\n<div>\n<div class=\"flex-layout-v\">\n<div class=\"flex-layout-h magic-0\">\n<div class=\"magic-38\"><img decoding=\"async\" src=\"https:\/\/sc04.alicdn.com\/kf\/H52fc3c29d7b84abbace6e55d52ae66d8l\/243370472\/H52fc3c29d7b84abbace6e55d52ae66d8l.jpg\" data-src=\"\/\/sc04.alicdn.com\/kf\/H52fc3c29d7b84abbace6e55d52ae66d8l\/243370472\/H52fc3c29d7b84abbace6e55d52ae66d8l.jpg\" class=\"magic-39\"><\/div>\n<\/div>\n<\/div>\n<\/div>\n<\/div>\n<\/div>\n<div module-id=\"45469133609\" module-title=\"detailProductNavigation\" render=\"true\" class=\"J_module\">\n<div id=\"ali-anchor-AliMagic-dtcymg\" data-section=\"AliMagic-dtcymg\" data-section-title=\"FAQ\" class=\"magic-17\">FAQ<\/div>\n<\/div>\n<div module-id=\"45469133612\" module-title=\"detailSingleImage\" render=\"true\" class=\"J_module\">\n<div class=\"icbu-pc-images magic-0\">\n<div>\n<div class=\"flex-layout-v\">\n<div class=\"flex-layout-h magic-0\">\n<div class=\"magic-40\"><img decoding=\"async\" src=\"https:\/\/sc04.alicdn.com\/kf\/Hfedc81b65037433c965a116ee0ffbd6eL\/243370472\/Hfedc81b65037433c965a116ee0ffbd6eL.jpg\" data-src=\"\/\/sc04.alicdn.com\/kf\/Hfedc81b65037433c965a116ee0ffbd6eL\/243370472\/Hfedc81b65037433c965a116ee0ffbd6eL.jpg\" class=\"magic-41\"><\/div>\n<\/div>\n<\/div>\n<\/div>\n<\/div>\n<\/div>\n<div module-id=\"45469133615\" module-title=\"detailSingleImage\" render=\"true\" class=\"J_module\">\n<div class=\"icbu-pc-images magic-0\">\n<div>\n<div class=\"flex-layout-v\">\n<div class=\"flex-layout-h magic-0\">\n<div class=\"magic-42\">\n<img decoding=\"async\" src=\"https:\/\/sc04.alicdn.com\/kf\/Hcbe25f7774244d5aab169bb097678722N\/243370472\/Hcbe25f7774244d5aab169bb097678722N.jpg\" data-src=\"\/\/sc04.alicdn.com\/kf\/Hcbe25f7774244d5aab169bb097678722N\/243370472\/Hcbe25f7774244d5aab169bb097678722N.jpg\" usemap=\"#5-3c-bea-0e59\" class=\"magic-43\"><\/p>\n<map name=\"5-3c-bea-0e59\">\n<area shape=\"rect\" coords=\"0,81,132,143\" href=\"https:\/\/gdkeying.en.alibaba.com\/\" target=\"_blank\">\n<area shape=\"rect\" coords=\"137,82,386,144\" href=\"https:\/\/gdkeying.en.alibaba.com\/productlist.html\" target=\"_blank\">\n<area shape=\"rect\" coords=\"391,81,611,145\" href=\"https:\/\/gdkeying.en.alibaba.com\/company_profile.html\" target=\"_blank\">\n<area shape=\"rect\" coords=\"615,81,765,145\" href=\"https:\/\/gdkeying.en.alibaba.com\/contactinfo.html\" target=\"_blank\"><\/map>\n<\/div>\n<\/div>\n<\/div>\n<\/div>\n<\/div>\n<\/div><\/div>","protected":false},"excerpt":{"rendered":"<p>Nourish Skin Efficiently All-natural Acne-removing Essence Skin Repair Acne-removing Facial Essence Product Paramenters Product Name Acne-removing facial essence Function Control<\/p>","protected":false},"featured_media":28760,"template":"","meta":[],"product_brand":[],"product_cat":[81],"product_tag":[],"class_list":{"0":"post-28759","1":"product","2":"type-product","3":"status-publish","4":"has-post-thumbnail","6":"product_cat-face-care","8":"first","9":"instock","10":"shipping-taxable","11":"purchasable","12":"product-type-variable"},"_links":{"self":[{"href":"https:\/\/www.keying-cosmetics.com\/fr\/wp-json\/wp\/v2\/product\/28759","targetHints":{"allow":["GET"]}}],"collection":[{"href":"https:\/\/www.keying-cosmetics.com\/fr\/wp-json\/wp\/v2\/product"}],"about":[{"href":"https:\/\/www.keying-cosmetics.com\/fr\/wp-json\/wp\/v2\/types\/product"}],"wp:featuredmedia":[{"embeddable":true,"href":"https:\/\/www.keying-cosmetics.com\/fr\/wp-json\/wp\/v2\/media\/28760"}],"wp:attachment":[{"href":"https:\/\/www.keying-cosmetics.com\/fr\/wp-json\/wp\/v2\/media?parent=28759"}],"wp:term":[{"taxonomy":"product_brand","embeddable":true,"href":"https:\/\/www.keying-cosmetics.com\/fr\/wp-json\/wp\/v2\/product_brand?post=28759"},{"taxonomy":"product_cat","embeddable":true,"href":"https:\/\/www.keying-cosmetics.com\/fr\/wp-json\/wp\/v2\/product_cat?post=28759"},{"taxonomy":"product_tag","embeddable":true,"href":"https:\/\/www.keying-cosmetics.com\/fr\/wp-json\/wp\/v2\/product_tag?post=28759"}],"curies":[{"name":"wp","href":"https:\/\/api.w.org\/{rel}","templated":true}]}}