{"id":28451,"date":"2025-06-20T11:35:05","date_gmt":"2025-06-20T03:35:05","guid":{"rendered":"https:\/\/www.keying-cosmetics.com\/product\/biodegradable-formula-body-wash-no-paraben-phthalate-free-gentle-cleansing-moisturizing-body-wash\/"},"modified":"2025-06-25T17:42:06","modified_gmt":"2025-06-25T09:42:06","slug":"biodegradable-formula-body-wash-no-paraben-phthalate-free-gentle-cleansing-moisturizing-body-wash","status":"publish","type":"product","link":"https:\/\/www.keying-cosmetics.com\/fr\/produit\/biodegradable-formula-body-wash-no-paraben-phthalate-free-gentle-cleansing-moisturizing-body-wash\/","title":{"rendered":"Gel douche biod\u00e9gradable sans parab\u00e8nes, sans phtalates, nettoyant doux et hydratant"},"content":{"rendered":"<div id=\"detail_decorate_root\" data-magic-global=\"%7B%22bizId%22%3A2208233674557%2C%22pageId%22%3A21648193201%2C%22siteId%22%3A5006670009%7D\">Gel douche biod\u00e9gradable sans parab\u00e8nes, sans phtalates, nettoyant doux et hydratant<\/p>\n<div class=\"J_module\">\n<div class=\"icbu-pc-images magic-0\">\n<div>\n<div class=\"flex-layout-v\">\n<div class=\"flex-layout-h magic-0\">\n<div class=\"magic-1\"><img decoding=\"async\" class=\"magic-2\" src=\"https:\/\/sc04.alicdn.com\/kf\/H43bf0f83f38d4440b6ad27a3f09df0cfB\/243370472\/H43bf0f83f38d4440b6ad27a3f09df0cfB.jpg\" data-src=\"\/\/sc04.alicdn.com\/kf\/H43bf0f83f38d4440b6ad27a3f09df0cfB\/243370472\/H43bf0f83f38d4440b6ad27a3f09df0cfB.jpg\" \/><\/div>\n<\/div>\n<\/div>\n<\/div>\n<\/div>\n<\/div>\n<div class=\"J_module\">\n<div class=\"detail-decorate-json-renderer-container\">\n<div class=\"magic-3\">\n<div class=\"magic-4\">\n<div class=\"magic-5\">\n<div class=\"magic-6\">\n<div class=\"magic-7\"><b><span class=\"magic-8\"><i>Gel douche \u00e0 formule biod\u00e9gradable sans parab\u00e8nes sans phtalates Gel douche nettoyant doux et hydratant<\/i><\/span><\/b><\/div>\n<\/div>\n<\/div>\n<\/div>\n<\/div>\n<\/div>\n<\/div>\n<div class=\"J_module\">\n<div class=\"icbu-pc-detailSellerRecommend magic-9\" data-magic=\"{&quot;mds&quot;:{&quot;assetsVersion&quot;:&quot;0.0.14&quot;,&quot;assetsPackageName&quot;:&quot;icbumod&quot;,&quot;moduleNameAlias&quot;:&quot;icbu-pc-detailSellerRecommend&quot;,&quot;moduleData&quot;:{&quot;config&quot;:{&quot;columnCount&quot;:4,&quot;titleKey&quot;:6,&quot;products&quot;:[1601458857362,1601486194550,1601484062540,1601458898521]}}},&quot;version&quot;:1}\"><\/div>\n<\/div>\n<div class=\"J_module\">\n<div class=\"icbu-pc-images magic-0\">\n<div>\n<div class=\"flex-layout-v\">\n<div class=\"flex-layout-h magic-0\">\n<div class=\"magic-10\"><img decoding=\"async\" class=\"magic-11\" src=\"https:\/\/sc04.alicdn.com\/kf\/Hc53eb134e9754d31ab5f81c5df19388ed\/243370472\/Hc53eb134e9754d31ab5f81c5df19388ed.jpg\" usemap=\"#e-be-981-4ff3\" data-src=\"\/\/sc04.alicdn.com\/kf\/Hc53eb134e9754d31ab5f81c5df19388ed\/243370472\/Hc53eb134e9754d31ab5f81c5df19388ed.jpg\" \/> <\/p>\n<map name=\"e-be-981-4ff3\">\n<area coords=\"40,0,739,100\" shape=\"rect\" href=\"https:\/\/gdkeying.en.alibaba.com\/contactinfo.html\" target=\"_blank\" \/><\/map>\n<\/div>\n<\/div>\n<\/div>\n<\/div>\n<\/div>\n<\/div>\n<div class=\"J_module\">\n<div class=\"detail-decorate-json-renderer-container\">\n<div class=\"magic-3\">\n<div class=\"magic-4\">\n<div class=\"magic-5\">\n<div class=\"magic-6\">\n<div class=\"magic-7\"><span class=\"magic-12\"><i><b>100% mat\u00e9riaux naturels pivoine \u3001<\/b><\/i><i class=\"magic-13\"><b>eau de rose,<\/b><\/i><i class=\"magic-13\"><b class=\"magic-14\">sel de mer rose<\/b><\/i><\/span><\/div>\n<\/div>\n<\/div>\n<\/div>\n<\/div>\n<\/div>\n<\/div>\n<div class=\"J_module\">\n<div class=\"icbu-pc-images magic-0\">\n<div>\n<div class=\"flex-layout-v\">\n<div class=\"flex-layout-h magic-0\">\n<div class=\"magic-15\"><img decoding=\"async\" class=\"magic-16\" src=\"https:\/\/sc04.alicdn.com\/kf\/H5a7f7fc7baaa4003948b7f6e6a895203I\/243370472\/H5a7f7fc7baaa4003948b7f6e6a895203I.jpg\" data-src=\"\/\/sc04.alicdn.com\/kf\/H5a7f7fc7baaa4003948b7f6e6a895203I\/243370472\/H5a7f7fc7baaa4003948b7f6e6a895203I.jpg\" \/><\/div>\n<\/div>\n<\/div>\n<\/div>\n<\/div>\n<\/div>\n<div class=\"J_module\">\n<div class=\"detail-decorate-json-renderer-container\">\n<div class=\"magic-3\">\n<div class=\"magic-4\">\n<div class=\"magic-5\">\n<div class=\"magic-6\">\n<div class=\"magic-7\"><i><span class=\"magic-8\"><b>Lisser et soigner la peau, r\u00e9guler la peau, hydrater et nourrir la peau<br \/>\n\u3001Rafra\u00eechissant et confortable\u3001Nettoyage doux<\/b><\/span><\/i><\/div>\n<\/div>\n<\/div>\n<\/div>\n<\/div>\n<\/div>\n<\/div>\n<div class=\"J_module\">\n<div class=\"icbu-pc-images magic-0\">\n<div>\n<div class=\"flex-layout-v\">\n<div class=\"flex-layout-h magic-0\">\n<div class=\"magic-15\"><img decoding=\"async\" class=\"magic-16\" src=\"https:\/\/sc04.alicdn.com\/kf\/He991554bf0b24eada9dc5e4dc523b594M\/243370472\/He991554bf0b24eada9dc5e4dc523b594M.jpg\" data-src=\"\/\/sc04.alicdn.com\/kf\/He991554bf0b24eada9dc5e4dc523b594M\/243370472\/He991554bf0b24eada9dc5e4dc523b594M.jpg\" \/><\/div>\n<\/div>\n<\/div>\n<\/div>\n<\/div>\n<\/div>\n<div class=\"J_module\">\n<div class=\"detail-decorate-json-renderer-container\">\n<div class=\"magic-3\">\n<div class=\"magic-4\">\n<div class=\"magic-5\">\n<div class=\"magic-6\">\n<div class=\"magic-7\"><i><b><span class=\"magic-12\">Gel douche du bon c\u00f4t\u00e9<br \/>\nfabriqu\u00e9 sans parab\u00e8nes ni phtalates<br \/>\nlaisse votre peau propre et sent bon<br \/>\nlivr\u00e9 avec pompe + 10 onces suppl\u00e9mentaires<\/span><\/b><\/i><\/div>\n<\/div>\n<\/div>\n<\/div>\n<\/div>\n<\/div>\n<\/div>\n<div class=\"J_module\">\n<div class=\"icbu-pc-images magic-0\">\n<div>\n<div class=\"flex-layout-v\">\n<div class=\"flex-layout-h magic-0\">\n<div class=\"magic-15\"><img decoding=\"async\" class=\"magic-16\" src=\"https:\/\/sc04.alicdn.com\/kf\/H24b00c680a1d4e3d984aaa31ab5973c27\/243370472\/H24b00c680a1d4e3d984aaa31ab5973c27.jpg\" data-src=\"\/\/sc04.alicdn.com\/kf\/H24b00c680a1d4e3d984aaa31ab5973c27\/243370472\/H24b00c680a1d4e3d984aaa31ab5973c27.jpg\" \/><\/div>\n<\/div>\n<\/div>\n<\/div>\n<\/div>\n<\/div>\n<div class=\"J_module\">\n<div id=\"ali-anchor-AliMagic-s60l94\" class=\"magic-17\" data-section=\"AliMagic-s60l94\" data-section-title=\"Product Paramenters\">Param\u00e8tres du produit<\/div>\n<\/div>\n<div class=\"J_module\">\n<div class=\"ife-detail-decorate-table\">\n<table class=\"all magic-18\">\n<tbody>\n<tr>\n<td colspan=\"1\" rowspan=\"1\">\n<div class=\"magic-19\"><b>Nom du produit<\/b><\/div>\n<\/td>\n<td colspan=\"1\" rowspan=\"1\">\n<div class=\"magic-20\">Gel douche hydratant nettoyant doux<\/div>\n<\/td>\n<\/tr>\n<tr>\n<td colspan=\"1\" rowspan=\"1\">\n<div class=\"magic-19\"><b>Fonction<\/b><\/div>\n<\/td>\n<td colspan=\"1\" rowspan=\"1\">\n<div class=\"magic-20\">Anti-\u00e2ge, blanchissant, non gras, absorption rapide, hydratant l\u00e9ger. L&#039;huile v\u00e9g\u00e9tale double nourrit la peau.<\/div>\n<\/td>\n<\/tr>\n<tr>\n<td colspan=\"1\" rowspan=\"1\">\n<div class=\"magic-19\"><b data-spm-anchor-id=\"a2700.pc-decorate.0.i28.5955333350ETgU\">Type de peau<\/b><\/div>\n<\/td>\n<td colspan=\"1\" rowspan=\"1\">\n<div class=\"magic-20\">Tous types de peau<\/div>\n<\/td>\n<\/tr>\n<tr>\n<td colspan=\"1\" rowspan=\"1\">\n<div class=\"magic-19\"><b>Sp\u00e9cification<\/b><\/div>\n<\/td>\n<td colspan=\"1\" rowspan=\"1\">\n<div class=\"magic-20\">946 ml \/ personnalisable<\/div>\n<\/td>\n<\/tr>\n<tr>\n<td colspan=\"1\" rowspan=\"1\">\n<div class=\"magic-19\"><b>Service<\/b><\/div>\n<\/td>\n<td colspan=\"1\" rowspan=\"1\">\n<div class=\"magic-20\">OEM\/ODM, Private Label, LOGO, Personnalisation d&#039;emballage. Achat de mati\u00e8res premi\u00e8res, Solutions de transport.<\/div>\n<\/td>\n<\/tr>\n<tr>\n<td colspan=\"1\" rowspan=\"1\">\n<div class=\"magic-19\"><b>Dur\u00e9e de conservation<\/b><\/div>\n<\/td>\n<td colspan=\"1\" rowspan=\"1\">\n<div class=\"magic-20\">3 ans<\/div>\n<\/td>\n<\/tr>\n<tr>\n<td colspan=\"1\" rowspan=\"1\">\n<div class=\"magic-19\"><b>Couleur<\/b><\/div>\n<\/td>\n<td colspan=\"1\" rowspan=\"1\">\n<div class=\"magic-20\">Blanc\/personnalisable<\/div>\n<\/td>\n<\/tr>\n<tr>\n<td colspan=\"1\" rowspan=\"1\">\n<div class=\"magic-19\"><b>Certification<\/b><\/div>\n<\/td>\n<td colspan=\"1\" rowspan=\"1\">\n<div class=\"magic-20\">GMPC\/ISO2276\/SEDEX\/SGS\/FDS\/COA\/CPSR<\/div>\n<\/td>\n<\/tr>\n<tr>\n<td colspan=\"1\" rowspan=\"1\">\n<div class=\"magic-19\"><b>D\u00e9lai de livraison<\/b><\/div>\n<\/td>\n<td colspan=\"1\" rowspan=\"1\">\n<div class=\"magic-20\">3 \u00e0 7 jours par avion, 25 \u00e0 45 jours par mer, transport terrestre 10 \u00e0 15 jours.<\/div>\n<\/td>\n<\/tr>\n<tr>\n<td colspan=\"1\" rowspan=\"1\">\n<div class=\"magic-19\"><b>Conditions de paiement<\/b><\/div>\n<\/td>\n<td colspan=\"1\" rowspan=\"1\">\n<div class=\"magic-20\">T\/T, Western Union, virement bancaire, PayPal, Alibaba Trade Assurance.<\/div>\n<\/td>\n<\/tr>\n<\/tbody>\n<\/table>\n<\/div>\n<\/div>\n<div class=\"J_module\">\n<div id=\"ali-anchor-AliMagic-lrcke5\" class=\"magic-17\" data-section=\"AliMagic-lrcke5\" data-section-title=\"Product category\">Cat\u00e9gorie de produit<\/div>\n<\/div>\n<div class=\"J_module\">\n<div class=\"icbu-pc-images magic-0\">\n<div>\n<div class=\"flex-layout-v\">\n<div class=\"flex-layout-h magic-0\">\n<div class=\"magic-21\"><img decoding=\"async\" class=\"magic-22\" src=\"https:\/\/sc04.alicdn.com\/kf\/Hf32932adee344aa6b4c3bd85abf8acedC\/243370472\/Hf32932adee344aa6b4c3bd85abf8acedC.jpg\" usemap=\"#1-24-c0e-4c6c\" data-src=\"\/\/sc04.alicdn.com\/kf\/Hf32932adee344aa6b4c3bd85abf8acedC\/243370472\/Hf32932adee344aa6b4c3bd85abf8acedC.jpg\" \/> <\/p>\n<map name=\"1-24-c0e-4c6c\">\n<area coords=\"35,116,233,289\" shape=\"rect\" href=\"https:\/\/gdkeying.en.alibaba.com\/productgrouplist-946368004\/Face_Care.html\" target=\"_blank\" \/>\n<area coords=\"275,123,479,290\" shape=\"rect\" href=\"https:\/\/gdkeying.en.alibaba.com\/productgrouplist-946339883\/Skin_Care_Serum.html\" target=\"_blank\" \/>\n<area coords=\"508,122,720,287\" shape=\"rect\" href=\"https:\/\/gdkeying.en.alibaba.com\/productgrouplist-945341059\/Body_Care.html\" target=\"_blank\" \/>\n<area coords=\"28,302,235,488\" shape=\"rect\" href=\"https:\/\/gdkeying.en.alibaba.com\/productgrouplist-945754017\/Frosted_Series.html\" target=\"_blank\" \/>\n<area coords=\"269,306,483,488\" shape=\"rect\" href=\"https:\/\/gdkeying.en.alibaba.com\/productgrouplist-946339271\/Essential_Oil.html\" target=\"_blank\" \/>\n<area coords=\"519,307,722,486\" shape=\"rect\" href=\"https:\/\/gdkeying.en.alibaba.com\/productgrouplist-946301381\/Skin_care_set.html\" target=\"_blank\" \/><\/map>\n<\/div>\n<\/div>\n<\/div>\n<\/div>\n<\/div>\n<\/div>\n<div class=\"J_module\">\n<div class=\"icbu-pc-images magic-0\">\n<div>\n<div class=\"flex-layout-v\">\n<div class=\"flex-layout-h magic-0\">\n<div class=\"magic-23\"><img decoding=\"async\" class=\"magic-24\" src=\"https:\/\/sc04.alicdn.com\/kf\/H49b71af9bb664c9fb91a46dc36a3f0e5Y\/243370472\/H49b71af9bb664c9fb91a46dc36a3f0e5Y.jpg\" usemap=\"#c-3d-937-de95\" data-src=\"\/\/sc04.alicdn.com\/kf\/H49b71af9bb664c9fb91a46dc36a3f0e5Y\/243370472\/H49b71af9bb664c9fb91a46dc36a3f0e5Y.jpg\" \/> <\/p>\n<map name=\"c-3d-937-de95\">\n<area coords=\"13,7,246,193\" shape=\"rect\" href=\"https:\/\/gdkeying.en.alibaba.com\/productgrouplist-946411242\/Hands_Feet_Care.html\" target=\"_blank\" \/>\n<area coords=\"268,6,485,195\" shape=\"rect\" href=\"https:\/\/gdkeying.en.alibaba.com\/productgrouplist-944841969\/Hair_Care.html\" target=\"_blank\" \/>\n<area coords=\"520,9,727,195\" shape=\"rect\" href=\"https:\/\/gdkeying.en.alibaba.com\/productgrouplist-946713915\/Men_Care.html\" target=\"_blank\" \/><\/map>\n<\/div>\n<\/div>\n<\/div>\n<\/div>\n<\/div>\n<\/div>\n<div class=\"J_module\">\n<div class=\"icbu-pc-images magic-0\">\n<div>\n<div class=\"flex-layout-v\">\n<div class=\"flex-layout-h magic-0\">\n<div class=\"magic-25\"><img decoding=\"async\" class=\"magic-26\" src=\"https:\/\/sc04.alicdn.com\/kf\/H37ae30a1fe3f4ebea9a526783d490b532\/243370472\/H37ae30a1fe3f4ebea9a526783d490b532.jpg\" usemap=\"#a-81-23b-34e5\" data-src=\"\/\/sc04.alicdn.com\/kf\/H37ae30a1fe3f4ebea9a526783d490b532\/243370472\/H37ae30a1fe3f4ebea9a526783d490b532.jpg\" \/> <\/p>\n<map name=\"a-81-23b-34e5\">\n<area coords=\"0,0,962,100\" shape=\"rect\" href=\"https:\/\/gdkeying.en.alibaba.com\/contactinfo.html\" target=\"_blank\" \/><\/map>\n<\/div>\n<\/div>\n<\/div>\n<\/div>\n<\/div>\n<\/div>\n<div class=\"J_module\">\n<div class=\"icbu-pc-images magic-0\">\n<div>\n<div class=\"flex-layout-v\">\n<div class=\"flex-layout-h magic-0\">\n<div class=\"magic-27\"><img decoding=\"async\" class=\"magic-28\" src=\"https:\/\/sc04.alicdn.com\/kf\/H6487438e74154ccdaa54116d2ae768955\/243370472\/H6487438e74154ccdaa54116d2ae768955.jpg\" data-src=\"\/\/sc04.alicdn.com\/kf\/H6487438e74154ccdaa54116d2ae768955\/243370472\/H6487438e74154ccdaa54116d2ae768955.jpg\" \/><\/div>\n<\/div>\n<\/div>\n<\/div>\n<\/div>\n<\/div>\n<div class=\"J_module\">\n<div id=\"ali-anchor-AliMagic-ebn1h8\" class=\"magic-17\" data-section=\"AliMagic-ebn1h8\" data-section-title=\"Company Profile\">Profil de l&#039;entreprise<\/div>\n<\/div>\n<div class=\"J_module\">\n<div class=\"icbu-pc-images magic-0\">\n<div>\n<div class=\"flex-layout-v\">\n<div class=\"flex-layout-h magic-0\">\n<div class=\"magic-29\"><img decoding=\"async\" class=\"magic-30\" src=\"https:\/\/sc04.alicdn.com\/kf\/Hc624266fb2cf4bc29f17815477b99cfdx\/243370472\/Hc624266fb2cf4bc29f17815477b99cfdx.jpg\" data-src=\"\/\/sc04.alicdn.com\/kf\/Hc624266fb2cf4bc29f17815477b99cfdx\/243370472\/Hc624266fb2cf4bc29f17815477b99cfdx.jpg\" \/><\/div>\n<\/div>\n<\/div>\n<\/div>\n<\/div>\n<\/div>\n<div class=\"J_module\">\n<div id=\"ali-anchor-AliMagic-e32e7k\" class=\"magic-17\" data-section=\"AliMagic-e32e7k\" data-section-title=\"Certificate\/Test Report\">Certificat\/Rapport de test<\/div>\n<\/div>\n<div class=\"J_module\">\n<div class=\"icbu-pc-images magic-0\">\n<div>\n<div class=\"flex-layout-v\">\n<div class=\"flex-layout-h magic-0\">\n<div class=\"magic-31\"><img decoding=\"async\" class=\"magic-32\" src=\"https:\/\/sc04.alicdn.com\/kf\/Hf9f938339f0546aba2f74bb426aee229l\/243370472\/Hf9f938339f0546aba2f74bb426aee229l.jpg\" data-src=\"\/\/sc04.alicdn.com\/kf\/Hf9f938339f0546aba2f74bb426aee229l\/243370472\/Hf9f938339f0546aba2f74bb426aee229l.jpg\" \/><\/div>\n<\/div>\n<\/div>\n<\/div>\n<\/div>\n<\/div>\n<div class=\"J_module\">\n<div id=\"ali-anchor-AliMagic-95fobj\" class=\"magic-17\" data-section=\"AliMagic-95fobj\" data-section-title=\"R&amp;D CAPABILITY\">CAPACIT\u00c9 DE R&amp;D<\/div>\n<\/div>\n<div class=\"J_module\">\n<div class=\"icbu-pc-detailManyImage magic-33\">\n<div class=\"magic-34\"><img decoding=\"async\" class=\"magic-35\" src=\"https:\/\/sc04.alicdn.com\/kf\/H6b9ad48a46be499a8bd804018dd935bef\/243370472\/H6b9ad48a46be499a8bd804018dd935bef.jpg\" data-src=\"\/\/sc04.alicdn.com\/kf\/H6b9ad48a46be499a8bd804018dd935bef\/243370472\/H6b9ad48a46be499a8bd804018dd935bef.jpg\" \/><\/div>\n<div class=\"magic-34\"><img decoding=\"async\" class=\"magic-35\" src=\"https:\/\/sc04.alicdn.com\/kf\/H0814cf9102754833b13301c036e71799C\/243370472\/H0814cf9102754833b13301c036e71799C.jpg\" data-src=\"\/\/sc04.alicdn.com\/kf\/H0814cf9102754833b13301c036e71799C\/243370472\/H0814cf9102754833b13301c036e71799C.jpg\" \/><\/div>\n<div class=\"magic-34\"><img decoding=\"async\" class=\"magic-35\" src=\"https:\/\/sc04.alicdn.com\/kf\/H56ce34b25e1c4d3a8f09b579b29da23cP\/243370472\/H56ce34b25e1c4d3a8f09b579b29da23cP.jpg\" data-src=\"\/\/sc04.alicdn.com\/kf\/H56ce34b25e1c4d3a8f09b579b29da23cP\/243370472\/H56ce34b25e1c4d3a8f09b579b29da23cP.jpg\" \/><\/div>\n<div class=\"magic-34\"><img decoding=\"async\" class=\"magic-35\" src=\"https:\/\/sc04.alicdn.com\/kf\/H2ebcb3e4fd9c4fad94d7ec174c2340e5I\/243370472\/H2ebcb3e4fd9c4fad94d7ec174c2340e5I.jpg\" data-src=\"\/\/sc04.alicdn.com\/kf\/H2ebcb3e4fd9c4fad94d7ec174c2340e5I\/243370472\/H2ebcb3e4fd9c4fad94d7ec174c2340e5I.jpg\" \/><\/div>\n<div class=\"magic-34\"><img decoding=\"async\" class=\"magic-35\" src=\"https:\/\/sc04.alicdn.com\/kf\/H1b10162939a5463399ea21b5f5888520o\/243370472\/H1b10162939a5463399ea21b5f5888520o.jpg\" data-src=\"\/\/sc04.alicdn.com\/kf\/H1b10162939a5463399ea21b5f5888520o\/243370472\/H1b10162939a5463399ea21b5f5888520o.jpg\" \/><\/div>\n<\/div>\n<\/div>\n<div class=\"J_module\">\n<div id=\"ali-anchor-AliMagic-bzdtya\" class=\"magic-17\" data-section=\"AliMagic-bzdtya\" data-section-title=\"Customization Capability\">Capacit\u00e9 de personnalisation<\/div>\n<\/div>\n<div class=\"J_module\">\n<div class=\"icbu-pc-images magic-0\">\n<div>\n<div class=\"flex-layout-v\">\n<div class=\"flex-layout-h magic-0\">\n<div class=\"magic-36\"><img decoding=\"async\" class=\"magic-37\" src=\"https:\/\/sc04.alicdn.com\/kf\/H73699875349b4cfb9fed507b1c301d2es\/243370472\/H73699875349b4cfb9fed507b1c301d2es.jpg\" data-src=\"\/\/sc04.alicdn.com\/kf\/H73699875349b4cfb9fed507b1c301d2es\/243370472\/H73699875349b4cfb9fed507b1c301d2es.jpg\" \/><\/div>\n<\/div>\n<\/div>\n<\/div>\n<\/div>\n<\/div>\n<div class=\"J_module\">\n<div class=\"icbu-pc-images magic-0\">\n<div>\n<div class=\"flex-layout-v\">\n<div class=\"flex-layout-h magic-0\">\n<div class=\"magic-25\"><img decoding=\"async\" class=\"magic-26\" src=\"https:\/\/sc04.alicdn.com\/kf\/Hab1019d20e874e2292328557877fbdb4P\/243370472\/Hab1019d20e874e2292328557877fbdb4P.jpg\" usemap=\"#6-58-9f3-05a2\" data-src=\"\/\/sc04.alicdn.com\/kf\/Hab1019d20e874e2292328557877fbdb4P\/243370472\/Hab1019d20e874e2292328557877fbdb4P.jpg\" \/> <\/p>\n<map name=\"6-58-9f3-05a2\">\n<area coords=\"0,0,771,100\" shape=\"rect\" href=\"https:\/\/gdkeying.en.alibaba.com\/contactinfo.html\" target=\"_blank\" \/><\/map>\n<\/div>\n<\/div>\n<\/div>\n<\/div>\n<\/div>\n<\/div>\n<div class=\"J_module\">\n<div id=\"ali-anchor-AliMagic-8p23nk\" class=\"magic-17\" data-section=\"AliMagic-8p23nk\" data-section-title=\"Delivery\">Livraison<\/div>\n<\/div>\n<div class=\"J_module\">\n<div class=\"icbu-pc-images magic-0\">\n<div>\n<div class=\"flex-layout-v\">\n<div class=\"flex-layout-h magic-0\">\n<div class=\"magic-38\"><img decoding=\"async\" class=\"magic-39\" src=\"https:\/\/sc04.alicdn.com\/kf\/H52fc3c29d7b84abbace6e55d52ae66d8l\/243370472\/H52fc3c29d7b84abbace6e55d52ae66d8l.jpg\" data-src=\"\/\/sc04.alicdn.com\/kf\/H52fc3c29d7b84abbace6e55d52ae66d8l\/243370472\/H52fc3c29d7b84abbace6e55d52ae66d8l.jpg\" \/><\/div>\n<\/div>\n<\/div>\n<\/div>\n<\/div>\n<\/div>\n<div class=\"J_module\">\n<div id=\"ali-anchor-AliMagic-aoln4i\" class=\"magic-17\" data-section=\"AliMagic-aoln4i\" data-section-title=\"FAQ\">FAQ<\/div>\n<\/div>\n<div class=\"J_module\">\n<div class=\"icbu-pc-images magic-0\">\n<div>\n<div class=\"flex-layout-v\">\n<div class=\"flex-layout-h magic-0\">\n<div class=\"magic-40\"><img decoding=\"async\" class=\"magic-41\" src=\"https:\/\/sc04.alicdn.com\/kf\/Hfedc81b65037433c965a116ee0ffbd6eL\/243370472\/Hfedc81b65037433c965a116ee0ffbd6eL.jpg\" data-src=\"\/\/sc04.alicdn.com\/kf\/Hfedc81b65037433c965a116ee0ffbd6eL\/243370472\/Hfedc81b65037433c965a116ee0ffbd6eL.jpg\" \/><\/div>\n<\/div>\n<\/div>\n<\/div>\n<\/div>\n<\/div>\n<div class=\"J_module\">\n<div class=\"icbu-pc-images magic-0\">\n<div>\n<div class=\"flex-layout-v\">\n<div class=\"flex-layout-h magic-0\">\n<div class=\"magic-42\"><img decoding=\"async\" class=\"magic-43\" src=\"https:\/\/sc04.alicdn.com\/kf\/Hcbe25f7774244d5aab169bb097678722N\/243370472\/Hcbe25f7774244d5aab169bb097678722N.jpg\" usemap=\"#3-5e-724-dbfa\" data-src=\"\/\/sc04.alicdn.com\/kf\/Hcbe25f7774244d5aab169bb097678722N\/243370472\/Hcbe25f7774244d5aab169bb097678722N.jpg\" \/> <\/p>\n<map name=\"3-5e-724-dbfa\">\n<area coords=\"0,81,132,143\" shape=\"rect\" href=\"https:\/\/gdkeying.en.alibaba.com\/\" target=\"_blank\" \/>\n<area coords=\"137,82,386,144\" shape=\"rect\" href=\"https:\/\/gdkeying.en.alibaba.com\/productlist.html\" target=\"_blank\" \/>\n<area coords=\"391,81,611,145\" shape=\"rect\" href=\"https:\/\/gdkeying.en.alibaba.com\/company_profile.html\" target=\"_blank\" \/>\n<area coords=\"615,81,765,145\" shape=\"rect\" href=\"https:\/\/gdkeying.en.alibaba.com\/contactinfo.html\" target=\"_blank\" \/><\/map>\n<\/div>\n<\/div>\n<\/div>\n<\/div>\n<\/div>\n<\/div>\n<\/div>","protected":false},"excerpt":{"rendered":"<p>Biodegradable Formula Body Wash No Paraben Phthalate Free Gentle Cleansing Moisturizing Body Wash Biodegradable Formula Body Wash no Paraben Phthalate<\/p>","protected":false},"featured_media":28452,"template":"","meta":[],"product_brand":[],"product_cat":[79],"product_tag":[],"class_list":{"0":"post-28451","1":"product","2":"type-product","3":"status-publish","4":"has-post-thumbnail","6":"product_cat-boby-care","8":"first","9":"instock","10":"shipping-taxable","11":"purchasable","12":"product-type-variable"},"_links":{"self":[{"href":"https:\/\/www.keying-cosmetics.com\/fr\/wp-json\/wp\/v2\/product\/28451","targetHints":{"allow":["GET"]}}],"collection":[{"href":"https:\/\/www.keying-cosmetics.com\/fr\/wp-json\/wp\/v2\/product"}],"about":[{"href":"https:\/\/www.keying-cosmetics.com\/fr\/wp-json\/wp\/v2\/types\/product"}],"wp:featuredmedia":[{"embeddable":true,"href":"https:\/\/www.keying-cosmetics.com\/fr\/wp-json\/wp\/v2\/media\/28452"}],"wp:attachment":[{"href":"https:\/\/www.keying-cosmetics.com\/fr\/wp-json\/wp\/v2\/media?parent=28451"}],"wp:term":[{"taxonomy":"product_brand","embeddable":true,"href":"https:\/\/www.keying-cosmetics.com\/fr\/wp-json\/wp\/v2\/product_brand?post=28451"},{"taxonomy":"product_cat","embeddable":true,"href":"https:\/\/www.keying-cosmetics.com\/fr\/wp-json\/wp\/v2\/product_cat?post=28451"},{"taxonomy":"product_tag","embeddable":true,"href":"https:\/\/www.keying-cosmetics.com\/fr\/wp-json\/wp\/v2\/product_tag?post=28451"}],"curies":[{"name":"wp","href":"https:\/\/api.w.org\/{rel}","templated":true}]}}