{"id":28371,"date":"2025-06-12T16:38:48","date_gmt":"2025-06-12T08:38:48","guid":{"rendered":"https:\/\/www.keying-cosmetics.com\/product\/pore-minimizing-firming-active-hydrating-face-cream-moisturizer-anti-wrinkle-firming-skin-face-moisturizer\/"},"modified":"2025-07-02T14:03:15","modified_gmt":"2025-07-02T06:03:15","slug":"pore-minimizing-firming-active-hydrating-face-cream-moisturizer-anti-wrinkle-firming-skin-face-moisturizer","status":"publish","type":"product","link":"https:\/\/www.keying-cosmetics.com\/fr\/produit\/pore-minimizing-firming-active-hydrating-face-cream-moisturizer-anti-wrinkle-firming-skin-face-moisturizer\/","title":{"rendered":"Cr\u00e8me hydratante active raffermissante pour le visage, minimisant les pores, hydratante anti-rides, raffermissante pour la peau"},"content":{"rendered":"<div id=\"detail_decorate_root\" data-magic-global=\"%7B%22bizId%22%3A2208233674557%2C%22pageId%22%3A21644956595%2C%22siteId%22%3A5006670009%7D\">\n<style>#detail_decorate_root .magic-0{width:750px}#detail_decorate_root .magic-1{overflow:hidden;width:750px;height:1056px;margin-top:0;margin-bottom:0;margin-left:0;margin-right:0}#detail_decorate_root .magic-2{margin-top:0;margin-left:0;width:750px;height:1056px}#detail_decorate_root .magic-3{vertical-align:top}#detail_decorate_root .magic-4{vertical-align:top;display:block;padding-right:4px;box-sizing:border-box;padding-left:4px}#detail_decorate_root .magic-5{vertical-align:top;padding-bottom:4px;box-sizing:border-box;padding-top:4px}#detail_decorate_root .magic-6{padding:0;margin:0;white-space:pre-wrap;font-size:14px}#detail_decorate_root .magic-7{text-align:center}#detail_decorate_root .magic-8{font-size:20px}#detail_decorate_root .magic-9{margin-bottom:10px;overflow:hidden}#detail_decorate_root .magic-10{overflow:hidden;width:750px;height:102px;margin-top:0;margin-bottom:0;margin-left:0;margin-right:0}#detail_decorate_root .magic-11{margin-top:0;margin-left:0;width:750px;height:102px}#detail_decorate_root .magic-12{font-size:16px}#detail_decorate_root .magic-13{overflow:hidden;width:750px;height:750px;margin-top:0;margin-bottom:0;margin-left:0;margin-right:0}#detail_decorate_root .magic-14{margin-top:0;margin-left:0;width:750px;height:750px}#detail_decorate_root .magic-15{border-bottom-style:solid;border-bottom-color:#53647a;font-family:Roboto;font-size:24px;color:#53647a;text-align:center;font-style:italic;font-weight:bold;border-bottom-width:2px;padding-top:8px;padding-bottom:4px}#detail_decorate_root .magic-16{width:750px;border-collapse:collapse}#detail_decorate_root .magic-17{min-height:28px;padding:5px 10px;width:126px;min-height:28px;box-sizing:content-box}#detail_decorate_root .magic-18{min-height:28px;padding:5px 10px;width:579px;min-height:28px;box-sizing:content-box}#detail_decorate_root .magic-19{overflow:hidden;width:750px;height:491px;margin-top:0;margin-bottom:0;margin-left:0;margin-right:0}#detail_decorate_root .magic-20{margin-top:0;margin-left:0;width:750px;height:491px}#detail_decorate_root .magic-21{overflow:hidden;width:750px;height:196px;margin-top:0;margin-bottom:0;margin-left:0;margin-right:0}#detail_decorate_root .magic-22{margin-top:0;margin-left:0;width:750px;height:196px}#detail_decorate_root .magic-23{overflow:hidden;width:750px;height:77px;margin-top:0;margin-bottom:0;margin-left:0;margin-right:0}#detail_decorate_root .magic-24{margin-top:0;margin-left:0;width:750px;height:77px}#detail_decorate_root .magic-25{overflow:hidden;width:750px;height:615px;margin-top:0;margin-bottom:0;margin-left:0;margin-right:0}#detail_decorate_root .magic-26{margin-top:0;margin-left:0;width:750px;height:615px}#detail_decorate_root .magic-27{overflow:hidden;width:750px;height:1007px;margin-top:0;margin-bottom:0;margin-left:0;margin-right:0}#detail_decorate_root .magic-28{margin-top:0;margin-left:0;width:750px;height:1007px}#detail_decorate_root .magic-29{overflow:hidden;width:750px;height:645.8046767537826px;margin-top:0;margin-bottom:0;margin-left:0;margin-right:0}#detail_decorate_root .magic-30{margin-top:0;margin-left:0;width:750px;height:645.8046767537826px}#detail_decorate_root .magic-31{margin-bottom:10px;line-height:0}#detail_decorate_root .magic-32{margin-bottom:0}#detail_decorate_root .magic-33{position:relative;width:100%}#detail_decorate_root .magic-34{overflow:hidden;width:750px;height:2835px;margin-top:0;margin-bottom:0;margin-left:0;margin-right:0}#detail_decorate_root .magic-35{margin-top:0;margin-left:0;width:750px;height:2835px}#detail_decorate_root .magic-36{overflow:hidden;width:750px;height:740px;margin-top:0;margin-bottom:0;margin-left:0;margin-right:0}#detail_decorate_root .magic-37{margin-top:0;margin-left:0;width:750px;height:740px}#detail_decorate_root .magic-38{overflow:hidden;width:750px;height:635px;margin-top:0;margin-bottom:0;margin-left:0;margin-right:0}#detail_decorate_root .magic-39{margin-top:0;margin-left:0;width:750px;height:635px}#detail_decorate_root .magic-40{overflow:hidden;width:750px;height:218px;margin-top:0;margin-bottom:0;margin-left:0;margin-right:0}#detail_decorate_root .magic-41{margin-top:-1px;margin-left:0;width:750px;height:218px}<\/style>\n<p>Cr\u00e8me hydratante active raffermissante pour le visage, minimisant les pores, hydratante anti-rides, raffermissante pour la peau<\/p>\n<div class=\"J_module\">\n<div class=\"icbu-pc-images magic-0\">\n<div>\n<div class=\"flex-layout-v\">\n<div class=\"flex-layout-h magic-0\">\n<div class=\"magic-1\"><img decoding=\"async\" class=\"magic-2\" src=\"https:\/\/sc04.alicdn.com\/kf\/H43bf0f83f38d4440b6ad27a3f09df0cfB\/243370472\/H43bf0f83f38d4440b6ad27a3f09df0cfB.jpg\" data-src=\"\/\/sc04.alicdn.com\/kf\/H43bf0f83f38d4440b6ad27a3f09df0cfB\/243370472\/H43bf0f83f38d4440b6ad27a3f09df0cfB.jpg\" \/><\/div>\n<\/div>\n<\/div>\n<\/div>\n<\/div>\n<\/div>\n<div class=\"J_module\">\n<div class=\"detail-decorate-json-renderer-container\">\n<div class=\"magic-3\">\n<div class=\"magic-4\">\n<div class=\"magic-5\">\n<div class=\"magic-6\">\n<div class=\"magic-7\"><i><b><span class=\"magic-8\">Cr\u00e8me hydratante active raffermissante et r\u00e9duisant les pores pour le visage Hydratante Anti-rides raffermissante pour la peau Hydratante pour le visage<\/span><\/b><\/i><\/div>\n<\/div>\n<\/div>\n<\/div>\n<\/div>\n<\/div>\n<\/div>\n<div class=\"J_module\">\n<div class=\"icbu-pc-detailSellerRecommend magic-9\" data-magic=\"{&quot;mds&quot;:{&quot;assetsVersion&quot;:&quot;0.0.14&quot;,&quot;assetsPackageName&quot;:&quot;icbumod&quot;,&quot;moduleNameAlias&quot;:&quot;icbu-pc-detailSellerRecommend&quot;,&quot;moduleData&quot;:{&quot;config&quot;:{&quot;columnCount&quot;:4,&quot;titleKey&quot;:6,&quot;products&quot;:[1601376445132,1601376287991,1601378821052,1601404426258]}}},&quot;version&quot;:1}\"><\/div>\n<\/div>\n<div class=\"J_module\">\n<div class=\"icbu-pc-images magic-0\">\n<div>\n<div class=\"flex-layout-v\">\n<div class=\"flex-layout-h magic-0\">\n<div class=\"magic-10\">\n<p><img decoding=\"async\" class=\"magic-11\" src=\"https:\/\/sc04.alicdn.com\/kf\/Hc53eb134e9754d31ab5f81c5df19388ed\/243370472\/Hc53eb134e9754d31ab5f81c5df19388ed.jpg\" usemap=\"#d-e7-db8-6634\" data-src=\"\/\/sc04.alicdn.com\/kf\/Hc53eb134e9754d31ab5f81c5df19388ed\/243370472\/Hc53eb134e9754d31ab5f81c5df19388ed.jpg\" \/><\/p>\n<map name=\"d-e7-db8-6634\">\n<area coords=\"40,0,739,100\" shape=\"rect\" href=\"https:\/\/gdkeying.en.alibaba.com\/contactinfo.html\" target=\"_blank\" \/><\/map>\n<\/div>\n<\/div>\n<\/div>\n<\/div>\n<\/div>\n<\/div>\n<div class=\"J_module\">\n<div class=\"detail-decorate-json-renderer-container\">\n<div class=\"magic-3\">\n<div class=\"magic-4\">\n<div class=\"magic-5\">\n<div class=\"magic-6\">\n<div class=\"magic-7\"><b><i><span class=\"magic-12\">99.9% NICOTINAMIDE HAUTE PURET\u00c9 BLANCHIMENT DE LA PEAU<\/span><\/i><\/b><\/div>\n<p>&nbsp;<\/p>\n<div class=\"magic-7\"><b><i><span class=\"magic-12\">14 jours pour se d\u00e9barrasser de \u00ab l\u2019histoire noire \u00bb<\/span><\/i><\/b><\/div>\n<p>&nbsp;<\/p>\n<\/div>\n<\/div>\n<\/div>\n<\/div>\n<\/div>\n<\/div>\n<div class=\"J_module\">\n<div class=\"icbu-pc-images magic-0\">\n<div>\n<div class=\"flex-layout-v\">\n<div class=\"flex-layout-h magic-0\">\n<div class=\"magic-13\"><img decoding=\"async\" class=\"magic-14\" src=\"https:\/\/sc04.alicdn.com\/kf\/H539b572f15f044c7abf2969826d9636ek\/243370472\/H539b572f15f044c7abf2969826d9636ek.jpg\" data-src=\"\/\/sc04.alicdn.com\/kf\/H539b572f15f044c7abf2969826d9636ek\/243370472\/H539b572f15f044c7abf2969826d9636ek.jpg\" \/><\/div>\n<\/div>\n<\/div>\n<\/div>\n<\/div>\n<\/div>\n<div class=\"J_module\">\n<div class=\"icbu-pc-images magic-0\">\n<div>\n<div class=\"flex-layout-v\">\n<div class=\"flex-layout-h magic-0\">\n<div class=\"magic-13\"><img decoding=\"async\" class=\"magic-14\" src=\"https:\/\/sc04.alicdn.com\/kf\/H40a1559280c048e5bb6dbf61cdb3ed680\/243370472\/H40a1559280c048e5bb6dbf61cdb3ed680.jpg\" data-src=\"\/\/sc04.alicdn.com\/kf\/H40a1559280c048e5bb6dbf61cdb3ed680\/243370472\/H40a1559280c048e5bb6dbf61cdb3ed680.jpg\" \/><\/div>\n<\/div>\n<\/div>\n<\/div>\n<\/div>\n<\/div>\n<div class=\"J_module\">\n<div class=\"icbu-pc-images magic-0\">\n<div>\n<div class=\"flex-layout-v\">\n<div class=\"flex-layout-h magic-0\">\n<div class=\"magic-13\"><img decoding=\"async\" class=\"magic-14\" src=\"https:\/\/sc04.alicdn.com\/kf\/H17c04cd579454042834df6ca24b1dd4dJ\/243370472\/H17c04cd579454042834df6ca24b1dd4dJ.jpg\" data-src=\"\/\/sc04.alicdn.com\/kf\/H17c04cd579454042834df6ca24b1dd4dJ\/243370472\/H17c04cd579454042834df6ca24b1dd4dJ.jpg\" \/><\/div>\n<\/div>\n<\/div>\n<\/div>\n<\/div>\n<\/div>\n<div class=\"J_module\">\n<div class=\"icbu-pc-images magic-0\">\n<div>\n<div class=\"flex-layout-v\">\n<div class=\"flex-layout-h magic-0\">\n<div class=\"magic-13\"><img decoding=\"async\" class=\"magic-14\" src=\"https:\/\/sc04.alicdn.com\/kf\/Hf48368db8819439e847d7d1438fa754ew\/243370472\/Hf48368db8819439e847d7d1438fa754ew.jpg\" data-src=\"\/\/sc04.alicdn.com\/kf\/Hf48368db8819439e847d7d1438fa754ew\/243370472\/Hf48368db8819439e847d7d1438fa754ew.jpg\" \/><\/div>\n<\/div>\n<\/div>\n<\/div>\n<\/div>\n<\/div>\n<div class=\"J_module\">\n<div class=\"icbu-pc-images magic-0\">\n<div>\n<div class=\"flex-layout-v\">\n<div class=\"flex-layout-h magic-0\">\n<div class=\"magic-13\"><img decoding=\"async\" class=\"magic-14\" src=\"https:\/\/sc04.alicdn.com\/kf\/H0f677bd1839345aabb73c38b7b16b176a\/243370472\/H0f677bd1839345aabb73c38b7b16b176a.jpg\" data-src=\"\/\/sc04.alicdn.com\/kf\/H0f677bd1839345aabb73c38b7b16b176a\/243370472\/H0f677bd1839345aabb73c38b7b16b176a.jpg\" \/><\/div>\n<\/div>\n<\/div>\n<\/div>\n<\/div>\n<\/div>\n<div class=\"J_module\">\n<div id=\"ali-anchor-AliMagic-8jyobs\" class=\"magic-15\" data-section=\"AliMagic-8jyobs\" data-section-title=\"Product Paramenters\">Param\u00e8tres du produit<\/div>\n<\/div>\n<div class=\"J_module\">\n<div class=\"ife-detail-decorate-table\">\n<table class=\"all magic-16\">\n<tbody>\n<tr>\n<td colspan=\"1\" rowspan=\"1\">\n<div class=\"magic-17\"><b>Nom du produit<\/b><\/div>\n<\/td>\n<td colspan=\"1\" rowspan=\"1\">\n<div class=\"magic-18\">Cr\u00e8me hydratante active pour le visage<\/div>\n<\/td>\n<\/tr>\n<tr>\n<td colspan=\"1\" rowspan=\"1\">\n<div class=\"magic-17\"><b>Fonction<\/b><\/div>\n<\/td>\n<td colspan=\"1\" rowspan=\"1\">\n<div class=\"magic-18\">Anti-\u00e2ge, blanchissant, hydratant. L&#039;huile v\u00e9g\u00e9tale double nourrit la peau.<\/div>\n<\/td>\n<\/tr>\n<tr>\n<td colspan=\"1\" rowspan=\"1\">\n<div class=\"magic-17\"><b data-spm-anchor-id=\"a2700.pc-decorate.0.i28.5955333350ETgU\">Type de peau<\/b><\/div>\n<\/td>\n<td colspan=\"1\" rowspan=\"1\">\n<div class=\"magic-18\">Tous types de peau<\/div>\n<\/td>\n<\/tr>\n<tr>\n<td colspan=\"1\" rowspan=\"1\">\n<div class=\"magic-17\"><b>Sp\u00e9cification<\/b><\/div>\n<\/td>\n<td colspan=\"1\" rowspan=\"1\">\n<div class=\"magic-18\">60g \/personnalisable<\/div>\n<\/td>\n<\/tr>\n<tr>\n<td colspan=\"1\" rowspan=\"1\">\n<div class=\"magic-17\"><b>Service<\/b><\/div>\n<\/td>\n<td colspan=\"1\" rowspan=\"1\">\n<div class=\"magic-18\">OEM\/ODM, Private Label, LOGO, Personnalisation d&#039;emballage. Achat de mati\u00e8res premi\u00e8res, Solutions de transport.<\/div>\n<\/td>\n<\/tr>\n<tr>\n<td colspan=\"1\" rowspan=\"1\">\n<div class=\"magic-17\"><b>Dur\u00e9e de conservation<\/b><\/div>\n<\/td>\n<td colspan=\"1\" rowspan=\"1\">\n<div class=\"magic-18\">3 ans<\/div>\n<\/td>\n<\/tr>\n<tr>\n<td colspan=\"1\" rowspan=\"1\">\n<div class=\"magic-17\"><b>Couleur<\/b><\/div>\n<\/td>\n<td colspan=\"1\" rowspan=\"1\">\n<div class=\"magic-18\">Blanc\/personnalisable<\/div>\n<\/td>\n<\/tr>\n<tr>\n<td colspan=\"1\" rowspan=\"1\">\n<div class=\"magic-17\"><b>Certification<\/b><\/div>\n<\/td>\n<td colspan=\"1\" rowspan=\"1\">\n<div class=\"magic-18\">GMPC\/ISO2276\/SEDEX\/SGS\/FDS\/COA\/CPSR<\/div>\n<\/td>\n<\/tr>\n<tr>\n<td colspan=\"1\" rowspan=\"1\">\n<div class=\"magic-17\"><b>D\u00e9lai de livraison<\/b><\/div>\n<\/td>\n<td colspan=\"1\" rowspan=\"1\">\n<div class=\"magic-18\">3 \u00e0 7 jours par avion, 25 \u00e0 45 jours par mer, transport terrestre 10 \u00e0 15 jours.<\/div>\n<\/td>\n<\/tr>\n<tr>\n<td colspan=\"1\" rowspan=\"1\">\n<div class=\"magic-17\"><b>Conditions de paiement<\/b><\/div>\n<\/td>\n<td colspan=\"1\" rowspan=\"1\">\n<div class=\"magic-18\">T\/T, Western Union, virement bancaire, PayPal, Alibaba Trade Assurance.<\/div>\n<\/td>\n<\/tr>\n<\/tbody>\n<\/table>\n<\/div>\n<\/div>\n<div class=\"J_module\">\n<div id=\"ali-anchor-AliMagic-cu093c\" class=\"magic-15\" data-section=\"AliMagic-cu093c\" data-section-title=\"Product category\">Cat\u00e9gorie de produit<\/div>\n<\/div>\n<div class=\"J_module\">\n<div class=\"icbu-pc-images magic-0\">\n<div>\n<div class=\"flex-layout-v\">\n<div class=\"flex-layout-h magic-0\">\n<div class=\"magic-19\">\n<p><img decoding=\"async\" class=\"magic-20\" src=\"https:\/\/sc04.alicdn.com\/kf\/Hf32932adee344aa6b4c3bd85abf8acedC\/243370472\/Hf32932adee344aa6b4c3bd85abf8acedC.jpg\" usemap=\"#3-63-a08-fb58\" data-src=\"\/\/sc04.alicdn.com\/kf\/Hf32932adee344aa6b4c3bd85abf8acedC\/243370472\/Hf32932adee344aa6b4c3bd85abf8acedC.jpg\" \/><\/p>\n<map name=\"3-63-a08-fb58\">\n<area coords=\"35,116,233,289\" shape=\"rect\" href=\"https:\/\/gdkeying.en.alibaba.com\/productgrouplist-946368004\/Face_Care.html\" target=\"_blank\" \/>\n<area coords=\"275,123,479,290\" shape=\"rect\" href=\"https:\/\/gdkeying.en.alibaba.com\/productgrouplist-946339883\/Skin_Care_Serum.html\" target=\"_blank\" \/>\n<area coords=\"508,122,720,287\" shape=\"rect\" href=\"https:\/\/gdkeying.en.alibaba.com\/productgrouplist-945341059\/Body_Care.html\" target=\"_blank\" \/>\n<area coords=\"28,302,235,488\" shape=\"rect\" href=\"https:\/\/gdkeying.en.alibaba.com\/productgrouplist-945754017\/Frosted_Series.html\" target=\"_blank\" \/>\n<area coords=\"269,306,483,488\" shape=\"rect\" href=\"https:\/\/gdkeying.en.alibaba.com\/productgrouplist-946339271\/Essential_Oil.html\" target=\"_blank\" \/>\n<area coords=\"519,307,722,486\" shape=\"rect\" href=\"https:\/\/gdkeying.en.alibaba.com\/productgrouplist-946301381\/Skin_care_set.html\" target=\"_blank\" \/><\/map>\n<\/div>\n<\/div>\n<\/div>\n<\/div>\n<\/div>\n<\/div>\n<div class=\"J_module\">\n<div class=\"icbu-pc-images magic-0\">\n<div>\n<div class=\"flex-layout-v\">\n<div class=\"flex-layout-h magic-0\">\n<div class=\"magic-21\">\n<p><img decoding=\"async\" class=\"magic-22\" src=\"https:\/\/sc04.alicdn.com\/kf\/H49b71af9bb664c9fb91a46dc36a3f0e5Y\/243370472\/H49b71af9bb664c9fb91a46dc36a3f0e5Y.jpg\" usemap=\"#e-e7-7a9-46ff\" data-src=\"\/\/sc04.alicdn.com\/kf\/H49b71af9bb664c9fb91a46dc36a3f0e5Y\/243370472\/H49b71af9bb664c9fb91a46dc36a3f0e5Y.jpg\" \/><\/p>\n<map name=\"e-e7-7a9-46ff\">\n<area coords=\"13,7,246,193\" shape=\"rect\" href=\"https:\/\/gdkeying.en.alibaba.com\/productgrouplist-946411242\/Hands_Feet_Care.html\" target=\"_blank\" \/>\n<area coords=\"268,6,485,195\" shape=\"rect\" href=\"https:\/\/gdkeying.en.alibaba.com\/productgrouplist-944841969\/Hair_Care.html\" target=\"_blank\" \/>\n<area coords=\"520,9,727,195\" shape=\"rect\" href=\"https:\/\/gdkeying.en.alibaba.com\/productgrouplist-946713915\/Men_Care.html\" target=\"_blank\" \/><\/map>\n<\/div>\n<\/div>\n<\/div>\n<\/div>\n<\/div>\n<\/div>\n<div class=\"J_module\">\n<div class=\"icbu-pc-images magic-0\">\n<div>\n<div class=\"flex-layout-v\">\n<div class=\"flex-layout-h magic-0\">\n<div class=\"magic-23\">\n<p><img decoding=\"async\" class=\"magic-24\" src=\"https:\/\/sc04.alicdn.com\/kf\/H37ae30a1fe3f4ebea9a526783d490b532\/243370472\/H37ae30a1fe3f4ebea9a526783d490b532.jpg\" usemap=\"#f-fa-3c7-6465\" data-src=\"\/\/sc04.alicdn.com\/kf\/H37ae30a1fe3f4ebea9a526783d490b532\/243370472\/H37ae30a1fe3f4ebea9a526783d490b532.jpg\" \/><\/p>\n<map name=\"f-fa-3c7-6465\">\n<area coords=\"0,0,962,100\" shape=\"rect\" href=\"https:\/\/gdkeying.en.alibaba.com\/contactinfo.html\" target=\"_blank\" \/><\/map>\n<\/div>\n<\/div>\n<\/div>\n<\/div>\n<\/div>\n<\/div>\n<div class=\"J_module\">\n<div class=\"icbu-pc-images magic-0\">\n<div>\n<div class=\"flex-layout-v\">\n<div class=\"flex-layout-h magic-0\">\n<div class=\"magic-25\"><img decoding=\"async\" class=\"magic-26\" src=\"https:\/\/sc04.alicdn.com\/kf\/H6487438e74154ccdaa54116d2ae768955\/243370472\/H6487438e74154ccdaa54116d2ae768955.jpg\" data-src=\"\/\/sc04.alicdn.com\/kf\/H6487438e74154ccdaa54116d2ae768955\/243370472\/H6487438e74154ccdaa54116d2ae768955.jpg\" \/><\/div>\n<\/div>\n<\/div>\n<\/div>\n<\/div>\n<\/div>\n<div class=\"J_module\">\n<div id=\"ali-anchor-AliMagic-hnhy4w\" class=\"magic-15\" data-section=\"AliMagic-hnhy4w\" data-section-title=\"Company Profile\">Profil de l&#039;entreprise<\/div>\n<\/div>\n<div class=\"J_module\">\n<div class=\"icbu-pc-images magic-0\">\n<div>\n<div class=\"flex-layout-v\">\n<div class=\"flex-layout-h magic-0\">\n<div class=\"magic-27\"><img decoding=\"async\" class=\"magic-28\" src=\"https:\/\/sc04.alicdn.com\/kf\/Hc624266fb2cf4bc29f17815477b99cfdx\/243370472\/Hc624266fb2cf4bc29f17815477b99cfdx.jpg\" data-src=\"\/\/sc04.alicdn.com\/kf\/Hc624266fb2cf4bc29f17815477b99cfdx\/243370472\/Hc624266fb2cf4bc29f17815477b99cfdx.jpg\" \/><\/div>\n<\/div>\n<\/div>\n<\/div>\n<\/div>\n<\/div>\n<div class=\"J_module\">\n<div id=\"ali-anchor-AliMagic-pl5lex\" class=\"magic-15\" data-section=\"AliMagic-pl5lex\" data-section-title=\"Certificate\/Test Report\">Certificat\/Rapport de test<\/div>\n<\/div>\n<div class=\"J_module\">\n<div class=\"icbu-pc-images magic-0\">\n<div>\n<div class=\"flex-layout-v\">\n<div class=\"flex-layout-h magic-0\">\n<div class=\"magic-29\"><img decoding=\"async\" class=\"magic-30\" src=\"https:\/\/sc04.alicdn.com\/kf\/Hf9f938339f0546aba2f74bb426aee229l\/243370472\/Hf9f938339f0546aba2f74bb426aee229l.jpg\" data-src=\"\/\/sc04.alicdn.com\/kf\/Hf9f938339f0546aba2f74bb426aee229l\/243370472\/Hf9f938339f0546aba2f74bb426aee229l.jpg\" \/><\/div>\n<\/div>\n<\/div>\n<\/div>\n<\/div>\n<\/div>\n<div class=\"J_module\">\n<div id=\"ali-anchor-AliMagic-hhuyg3\" class=\"magic-15\" data-section=\"AliMagic-hhuyg3\" data-section-title=\"R&amp;D CAPABILITY\">CAPACIT\u00c9 DE R&amp;D<\/div>\n<\/div>\n<div class=\"J_module\">\n<div class=\"icbu-pc-detailManyImage magic-31\">\n<div class=\"magic-32\"><img decoding=\"async\" class=\"magic-33\" src=\"https:\/\/sc04.alicdn.com\/kf\/H6b9ad48a46be499a8bd804018dd935bef\/243370472\/H6b9ad48a46be499a8bd804018dd935bef.jpg\" data-src=\"\/\/sc04.alicdn.com\/kf\/H6b9ad48a46be499a8bd804018dd935bef\/243370472\/H6b9ad48a46be499a8bd804018dd935bef.jpg\" \/><\/div>\n<div class=\"magic-32\"><img decoding=\"async\" class=\"magic-33\" src=\"https:\/\/sc04.alicdn.com\/kf\/H0814cf9102754833b13301c036e71799C\/243370472\/H0814cf9102754833b13301c036e71799C.jpg\" data-src=\"\/\/sc04.alicdn.com\/kf\/H0814cf9102754833b13301c036e71799C\/243370472\/H0814cf9102754833b13301c036e71799C.jpg\" \/><\/div>\n<div class=\"magic-32\"><img decoding=\"async\" class=\"magic-33\" src=\"https:\/\/sc04.alicdn.com\/kf\/H56ce34b25e1c4d3a8f09b579b29da23cP\/243370472\/H56ce34b25e1c4d3a8f09b579b29da23cP.jpg\" data-src=\"\/\/sc04.alicdn.com\/kf\/H56ce34b25e1c4d3a8f09b579b29da23cP\/243370472\/H56ce34b25e1c4d3a8f09b579b29da23cP.jpg\" \/><\/div>\n<div class=\"magic-32\"><img decoding=\"async\" class=\"magic-33\" src=\"https:\/\/sc04.alicdn.com\/kf\/H2ebcb3e4fd9c4fad94d7ec174c2340e5I\/243370472\/H2ebcb3e4fd9c4fad94d7ec174c2340e5I.jpg\" data-src=\"\/\/sc04.alicdn.com\/kf\/H2ebcb3e4fd9c4fad94d7ec174c2340e5I\/243370472\/H2ebcb3e4fd9c4fad94d7ec174c2340e5I.jpg\" \/><\/div>\n<div class=\"magic-32\"><img decoding=\"async\" class=\"magic-33\" src=\"https:\/\/sc04.alicdn.com\/kf\/H1b10162939a5463399ea21b5f5888520o\/243370472\/H1b10162939a5463399ea21b5f5888520o.jpg\" data-src=\"\/\/sc04.alicdn.com\/kf\/H1b10162939a5463399ea21b5f5888520o\/243370472\/H1b10162939a5463399ea21b5f5888520o.jpg\" \/><\/div>\n<\/div>\n<\/div>\n<div class=\"J_module\">\n<div id=\"ali-anchor-AliMagic-cqguxv\" class=\"magic-15\" data-section=\"AliMagic-cqguxv\" data-section-title=\"Customization Capability\">Capacit\u00e9 de personnalisation<\/div>\n<\/div>\n<div class=\"J_module\">\n<div class=\"icbu-pc-images magic-0\">\n<div>\n<div class=\"flex-layout-v\">\n<div class=\"flex-layout-h magic-0\">\n<div class=\"magic-34\"><img decoding=\"async\" class=\"magic-35\" src=\"https:\/\/sc04.alicdn.com\/kf\/H73699875349b4cfb9fed507b1c301d2es\/243370472\/H73699875349b4cfb9fed507b1c301d2es.jpg\" data-src=\"\/\/sc04.alicdn.com\/kf\/H73699875349b4cfb9fed507b1c301d2es\/243370472\/H73699875349b4cfb9fed507b1c301d2es.jpg\" \/><\/div>\n<\/div>\n<\/div>\n<\/div>\n<\/div>\n<\/div>\n<div class=\"J_module\">\n<div class=\"icbu-pc-images magic-0\">\n<div>\n<div class=\"flex-layout-v\">\n<div class=\"flex-layout-h magic-0\">\n<div class=\"magic-23\">\n<p><img decoding=\"async\" class=\"magic-24\" src=\"https:\/\/sc04.alicdn.com\/kf\/Hab1019d20e874e2292328557877fbdb4P\/243370472\/Hab1019d20e874e2292328557877fbdb4P.jpg\" usemap=\"#8-00-bcf-fa25\" data-src=\"\/\/sc04.alicdn.com\/kf\/Hab1019d20e874e2292328557877fbdb4P\/243370472\/Hab1019d20e874e2292328557877fbdb4P.jpg\" \/><\/p>\n<map name=\"8-00-bcf-fa25\">\n<area coords=\"0,0,771,100\" shape=\"rect\" href=\"https:\/\/gdkeying.en.alibaba.com\/contactinfo.html\" target=\"_blank\" \/><\/map>\n<\/div>\n<\/div>\n<\/div>\n<\/div>\n<\/div>\n<\/div>\n<div class=\"J_module\">\n<div id=\"ali-anchor-AliMagic-oe1qrh\" class=\"magic-15\" data-section=\"AliMagic-oe1qrh\" data-section-title=\"Delivery\">Livraison<\/div>\n<\/div>\n<div class=\"J_module\">\n<div class=\"icbu-pc-images magic-0\">\n<div>\n<div class=\"flex-layout-v\">\n<div class=\"flex-layout-h magic-0\">\n<div class=\"magic-36\"><img decoding=\"async\" class=\"magic-37\" src=\"https:\/\/sc04.alicdn.com\/kf\/H52fc3c29d7b84abbace6e55d52ae66d8l\/243370472\/H52fc3c29d7b84abbace6e55d52ae66d8l.jpg\" data-src=\"\/\/sc04.alicdn.com\/kf\/H52fc3c29d7b84abbace6e55d52ae66d8l\/243370472\/H52fc3c29d7b84abbace6e55d52ae66d8l.jpg\" \/><\/div>\n<\/div>\n<\/div>\n<\/div>\n<\/div>\n<\/div>\n<div class=\"J_module\">\n<div id=\"ali-anchor-AliMagic-6bb7pu\" class=\"magic-15\" data-section=\"AliMagic-6bb7pu\" data-section-title=\"FAQ\">FAQ<\/div>\n<\/div>\n<div class=\"J_module\">\n<div class=\"icbu-pc-images magic-0\">\n<div>\n<div class=\"flex-layout-v\">\n<div class=\"flex-layout-h magic-0\">\n<div class=\"magic-38\"><img decoding=\"async\" class=\"magic-39\" src=\"https:\/\/sc04.alicdn.com\/kf\/Hfedc81b65037433c965a116ee0ffbd6eL\/243370472\/Hfedc81b65037433c965a116ee0ffbd6eL.jpg\" data-src=\"\/\/sc04.alicdn.com\/kf\/Hfedc81b65037433c965a116ee0ffbd6eL\/243370472\/Hfedc81b65037433c965a116ee0ffbd6eL.jpg\" \/><\/div>\n<\/div>\n<\/div>\n<\/div>\n<\/div>\n<\/div>\n<div class=\"J_module\">\n<div class=\"icbu-pc-images magic-0\">\n<div>\n<div class=\"flex-layout-v\">\n<div class=\"flex-layout-h magic-0\">\n<div class=\"magic-40\">\n<p><img decoding=\"async\" class=\"magic-41\" src=\"https:\/\/sc04.alicdn.com\/kf\/Hcbe25f7774244d5aab169bb097678722N\/243370472\/Hcbe25f7774244d5aab169bb097678722N.jpg\" usemap=\"#5-6e-c60-bf4d\" data-src=\"\/\/sc04.alicdn.com\/kf\/Hcbe25f7774244d5aab169bb097678722N\/243370472\/Hcbe25f7774244d5aab169bb097678722N.jpg\" \/><\/p>\n<map name=\"5-6e-c60-bf4d\">\n<area coords=\"0,81,132,143\" shape=\"rect\" href=\"https:\/\/gdkeying.en.alibaba.com\/\" target=\"_blank\" \/>\n<area coords=\"137,82,386,144\" shape=\"rect\" href=\"https:\/\/gdkeying.en.alibaba.com\/productlist.html\" target=\"_blank\" \/>\n<area coords=\"391,81,611,145\" shape=\"rect\" href=\"https:\/\/gdkeying.en.alibaba.com\/company_profile.html\" target=\"_blank\" \/>\n<area coords=\"615,81,765,145\" shape=\"rect\" href=\"https:\/\/gdkeying.en.alibaba.com\/contactinfo.html\" target=\"_blank\" \/><\/map>\n<\/div>\n<\/div>\n<\/div>\n<\/div>\n<\/div>\n<\/div>\n<\/div>","protected":false},"excerpt":{"rendered":"<p>Cr\u00e8me pour le visage, Cr\u00e8me hydratante active raffermissante et r\u00e9duisant les pores, Hydratante, Anti-rides, Raffermissante, Hydratante pour le visage<\/p>","protected":false},"featured_media":28373,"template":"","meta":[],"product_brand":[],"product_cat":[81],"product_tag":[],"class_list":{"0":"post-28371","1":"product","2":"type-product","3":"status-publish","4":"has-post-thumbnail","6":"product_cat-face-care","8":"first","9":"instock","10":"shipping-taxable","11":"purchasable","12":"product-type-variable"},"_links":{"self":[{"href":"https:\/\/www.keying-cosmetics.com\/fr\/wp-json\/wp\/v2\/product\/28371","targetHints":{"allow":["GET"]}}],"collection":[{"href":"https:\/\/www.keying-cosmetics.com\/fr\/wp-json\/wp\/v2\/product"}],"about":[{"href":"https:\/\/www.keying-cosmetics.com\/fr\/wp-json\/wp\/v2\/types\/product"}],"wp:featuredmedia":[{"embeddable":true,"href":"https:\/\/www.keying-cosmetics.com\/fr\/wp-json\/wp\/v2\/media\/28373"}],"wp:attachment":[{"href":"https:\/\/www.keying-cosmetics.com\/fr\/wp-json\/wp\/v2\/media?parent=28371"}],"wp:term":[{"taxonomy":"product_brand","embeddable":true,"href":"https:\/\/www.keying-cosmetics.com\/fr\/wp-json\/wp\/v2\/product_brand?post=28371"},{"taxonomy":"product_cat","embeddable":true,"href":"https:\/\/www.keying-cosmetics.com\/fr\/wp-json\/wp\/v2\/product_cat?post=28371"},{"taxonomy":"product_tag","embeddable":true,"href":"https:\/\/www.keying-cosmetics.com\/fr\/wp-json\/wp\/v2\/product_tag?post=28371"}],"curies":[{"name":"wp","href":"https:\/\/api.w.org\/{rel}","templated":true}]}}