{"id":27643,"date":"2025-04-24T16:05:40","date_gmt":"2025-04-24T08:05:40","guid":{"rendered":"https:\/\/www.keying-cosmetics.com\/product\/mixed-pearl-cream-fast-lightening-body-facial-whitening-beauty-creams-with-collagen-day-and-night-use-bulk-halal-creams\/"},"modified":"2025-05-29T13:59:14","modified_gmt":"2025-05-29T05:59:14","slug":"mixed-pearl-cream-fast-lightening-body-facial-whitening-beauty-creams-with-collagen-day-and-night-use-bulk-halal-creams","status":"publish","type":"product","link":"https:\/\/www.keying-cosmetics.com\/fr\/produit\/mixed-pearl-cream-fast-lightening-body-facial-whitening-beauty-creams-with-collagen-day-and-night-use-bulk-halal-creams\/","title":{"rendered":"Cr\u00e8mes de beaut\u00e9 \u00e9claircissantes pour le corps et le visage \u00e0 base de perles m\u00e9lang\u00e9es, \u00e0 base de collag\u00e8ne, \u00e0 utiliser de jour comme de nuit, en vrac."},"content":{"rendered":"<div id=\"detail_decorate_root\" data-magic-global=\"%7B%22bizId%22%3A2208233674557%2C%22pageId%22%3A21582567157%2C%22siteId%22%3A5006670009%7D\">\n<h1 title=\"Cr\u00e8mes de beaut\u00e9 \u00e9claircissantes pour le corps et le visage \u00e0 base de perles m\u00e9lang\u00e9es, \u00e0 base de collag\u00e8ne, \u00e0 utiliser de jour comme de nuit, en vrac.\" data-spm-anchor-id=\"a2700.details.0.i68.7af040cechwdKX\">Cr\u00e8mes de beaut\u00e9 blanchissantes pour le visage<\/h1>\n<div class=\"J_module\">\n<div class=\"icbu-pc-images magic-0\">\n<div>\n<div class=\"flex-layout-v\">\n<div class=\"flex-layout-h magic-0\">\n<div class=\"magic-1\"><img decoding=\"async\" class=\"magic-2\" src=\"https:\/\/sc04.alicdn.com\/kf\/H43bf0f83f38d4440b6ad27a3f09df0cfB\/243370472\/H43bf0f83f38d4440b6ad27a3f09df0cfB.jpg\" data-src=\"\/\/sc04.alicdn.com\/kf\/H43bf0f83f38d4440b6ad27a3f09df0cfB\/243370472\/H43bf0f83f38d4440b6ad27a3f09df0cfB.jpg\" \/><\/div>\n<\/div>\n<\/div>\n<\/div>\n<\/div>\n<\/div>\n<div class=\"J_module\">\n<div class=\"detail-decorate-json-renderer-container\">\n<div class=\"magic-3\">\n<div class=\"magic-4\">\n<div class=\"magic-5\">\n<div class=\"magic-6\">\n<div class=\"magic-7\"><i><b><span class=\"magic-8\">Cr\u00e8mes de beaut\u00e9 \u00e9claircissantes pour le corps et le visage \u00e0 base de perles m\u00e9lang\u00e9es, \u00e0 base de collag\u00e8ne, \u00e0 utiliser de jour comme de nuit, en vrac.<\/span><\/b><\/i><\/div>\n<\/div>\n<\/div>\n<\/div>\n<\/div>\n<\/div>\n<\/div>\n<div class=\"J_module\">\n<div class=\"icbu-pc-detailSellerRecommend magic-9\" data-magic=\"{&quot;mds&quot;:{&quot;assetsVersion&quot;:&quot;0.0.14&quot;,&quot;assetsPackageName&quot;:&quot;icbumod&quot;,&quot;moduleNameAlias&quot;:&quot;icbu-pc-detailSellerRecommend&quot;,&quot;moduleData&quot;:{&quot;config&quot;:{&quot;columnCount&quot;:4,&quot;titleKey&quot;:6,&quot;products&quot;:[1601288769515,1601293797737,1601376342825,1601298972570]}}},&quot;version&quot;:1}\"><\/div>\n<\/div>\n<div class=\"J_module\">\n<div class=\"icbu-pc-images magic-0\">\n<div>\n<div class=\"flex-layout-v\">\n<div class=\"flex-layout-h magic-0\">\n<div class=\"magic-10\">\n<p><img decoding=\"async\" class=\"magic-11\" src=\"https:\/\/sc04.alicdn.com\/kf\/Hc53eb134e9754d31ab5f81c5df19388ed\/243370472\/Hc53eb134e9754d31ab5f81c5df19388ed.jpg\" usemap=\"#3-8c-3bf-4470\" data-src=\"\/\/sc04.alicdn.com\/kf\/Hc53eb134e9754d31ab5f81c5df19388ed\/243370472\/Hc53eb134e9754d31ab5f81c5df19388ed.jpg\" \/><\/p>\n<map name=\"3-8c-3bf-4470\">\n<area coords=\"40,0,739,100\" shape=\"rect\" href=\"https:\/\/gdkeying.en.alibaba.com\/contactinfo.html\" target=\"_blank\" \/><\/map>\n<\/div>\n<\/div>\n<\/div>\n<\/div>\n<\/div>\n<\/div>\n<div class=\"J_module\">\n<div id=\"ali-anchor-AliMagic-ncp6gr\" class=\"magic-12\" data-section=\"AliMagic-ncp6gr\" data-section-title=\"Products Description\">Description des produits<\/div>\n<\/div>\n<div class=\"J_module\">\n<div class=\"icbu-pc-images magic-0\">\n<div>\n<div class=\"flex-layout-v\">\n<div class=\"flex-layout-h magic-0\">\n<div class=\"magic-13\"><img decoding=\"async\" class=\"magic-14\" src=\"https:\/\/sc04.alicdn.com\/kf\/H05b4539af5604b2682e96ff1e5ce622fX\/243370472\/H05b4539af5604b2682e96ff1e5ce622fX.jpg\" data-src=\"\/\/sc04.alicdn.com\/kf\/H05b4539af5604b2682e96ff1e5ce622fX\/243370472\/H05b4539af5604b2682e96ff1e5ce622fX.jpg\" \/><\/div>\n<\/div>\n<\/div>\n<\/div>\n<\/div>\n<\/div>\n<div class=\"J_module\">\n<div class=\"detail-decorate-json-renderer-container\">\n<div class=\"magic-3\">\n<div class=\"magic-4\">\n<div class=\"magic-5\">\n<div class=\"magic-6\">\n<div class=\"magic-7\"><\/div>\n<p>&nbsp;<\/p>\n<div class=\"magic-7\">Hydrate la peau en profondeur<\/div>\n<p>&nbsp;<\/p>\n<div class=\"magic-7\"><\/div>\n<p>&nbsp;<\/p>\n<div class=\"magic-7\"><b><i><span class=\"magic-16\">\u00c9claircit la pigmentation<br \/>\n<\/span><\/i><\/b><\/div>\n<div class=\"magic-7\"><b><i><span class=\"magic-16\">\u00c9claircit la peau et \u00e9claircit la peau<\/span><\/i><\/b><\/div>\n<\/div>\n<\/div>\n<\/div>\n<\/div>\n<\/div>\n<\/div>\n<div class=\"J_module\">\n<div class=\"icbu-pc-images magic-0\">\n<div>\n<div class=\"flex-layout-v\">\n<div class=\"flex-layout-h magic-0\">\n<div class=\"magic-13\"><img decoding=\"async\" class=\"magic-14\" src=\"https:\/\/sc04.alicdn.com\/kf\/Haaf8bfeb60ed4adab66141c225a6c75d6\/243370472\/Haaf8bfeb60ed4adab66141c225a6c75d6.jpg\" data-src=\"\/\/sc04.alicdn.com\/kf\/Haaf8bfeb60ed4adab66141c225a6c75d6\/243370472\/Haaf8bfeb60ed4adab66141c225a6c75d6.jpg\" \/><\/div>\n<\/div>\n<\/div>\n<\/div>\n<\/div>\n<\/div>\n<div class=\"J_module\">\n<div class=\"icbu-pc-images magic-0\">\n<div>\n<div class=\"flex-layout-v\">\n<div class=\"flex-layout-h magic-0\">\n<div class=\"magic-18\"><img decoding=\"async\" class=\"magic-19\" src=\"https:\/\/sc04.alicdn.com\/kf\/Hb8a991757a4c47eb9be7fa01b7933ccb0\/243370472\/Hb8a991757a4c47eb9be7fa01b7933ccb0.jpg\" data-src=\"\/\/sc04.alicdn.com\/kf\/Hb8a991757a4c47eb9be7fa01b7933ccb0\/243370472\/Hb8a991757a4c47eb9be7fa01b7933ccb0.jpg\" \/><\/div>\n<\/div>\n<\/div>\n<\/div>\n<\/div>\n<\/div>\n<div class=\"J_module\">\n<div class=\"detail-decorate-json-renderer-container\">\n<div class=\"magic-3\">\n<div class=\"magic-4\">\n<div class=\"magic-5\">\n<div class=\"magic-6\">\n<div class=\"magic-7\"><i><b><span class=\"magic-15\">Promtcll rnwal, raffermit la peau et augmente l&#039;\u00e9lasticit\u00e9.<\/span><\/b><\/i><\/div>\n<div class=\"magic-7\"><i><b><span class=\"magic-15\">Am\u00e9liore la promotion de la production de collag\u00e8ne.<\/span><\/b><\/i><\/div>\n<div class=\"magic-7\"><i><b><span class=\"magic-15\">maintenir un \u00e9tat optimal de la peau.<\/span><\/b><\/i><\/div>\n<\/div>\n<\/div>\n<\/div>\n<\/div>\n<\/div>\n<\/div>\n<div class=\"J_module\">\n<div class=\"icbu-pc-images magic-0\">\n<div>\n<div class=\"flex-layout-v\">\n<div class=\"flex-layout-h magic-0\">\n<div class=\"magic-13\"><img decoding=\"async\" class=\"magic-14\" src=\"https:\/\/sc04.alicdn.com\/kf\/H1116887a38c8432fa7fb4413e651473aE\/243370472\/H1116887a38c8432fa7fb4413e651473aE.jpg\" data-src=\"\/\/sc04.alicdn.com\/kf\/H1116887a38c8432fa7fb4413e651473aE\/243370472\/H1116887a38c8432fa7fb4413e651473aE.jpg\" \/><\/div>\n<\/div>\n<\/div>\n<\/div>\n<\/div>\n<\/div>\n<div class=\"J_module\">\n<div class=\"icbu-pc-images magic-0\">\n<div>\n<div class=\"flex-layout-v\">\n<div class=\"flex-layout-h magic-0\">\n<div class=\"magic-20\"><img decoding=\"async\" class=\"magic-21\" src=\"https:\/\/sc04.alicdn.com\/kf\/H99ea8ae2153c40ba9e3c505e56463473C\/243370472\/H99ea8ae2153c40ba9e3c505e56463473C.jpg\" data-src=\"\/\/sc04.alicdn.com\/kf\/H99ea8ae2153c40ba9e3c505e56463473C\/243370472\/H99ea8ae2153c40ba9e3c505e56463473C.jpg\" \/><\/div>\n<\/div>\n<\/div>\n<\/div>\n<\/div>\n<\/div>\n<div class=\"J_module\">\n<div class=\"detail-decorate-json-renderer-container\">\n<div class=\"magic-3\">\n<div class=\"magic-4\">\n<div class=\"magic-5\">\n<div class=\"magic-6\">\n<div class=\"magic-7\"><i><span class=\"magic-15\"><b>R\u00e9duit les taches de vieillesse, les taches brunes, l&#039;acn\u00e9, rend la peau lumineuse et douce<\/b><\/span><\/i><\/div>\n<\/div>\n<\/div>\n<\/div>\n<\/div>\n<\/div>\n<\/div>\n<div class=\"J_module\">\n<div class=\"icbu-pc-images magic-0\">\n<div>\n<div class=\"flex-layout-v\">\n<div class=\"flex-layout-h magic-0\">\n<div class=\"magic-13\"><img decoding=\"async\" class=\"magic-14\" src=\"https:\/\/sc04.alicdn.com\/kf\/Hb01ba5ffc7c0429988f3c5dba0560872f\/243370472\/Hb01ba5ffc7c0429988f3c5dba0560872f.jpg\" data-src=\"\/\/sc04.alicdn.com\/kf\/Hb01ba5ffc7c0429988f3c5dba0560872f\/243370472\/Hb01ba5ffc7c0429988f3c5dba0560872f.jpg\" \/><\/div>\n<\/div>\n<\/div>\n<\/div>\n<\/div>\n<\/div>\n<div class=\"J_module\">\n<div class=\"icbu-pc-images magic-0\">\n<div>\n<div class=\"flex-layout-v\">\n<div class=\"flex-layout-h magic-0\">\n<div class=\"magic-22\"><img decoding=\"async\" class=\"magic-23\" src=\"https:\/\/sc04.alicdn.com\/kf\/H554cfbfe0c89427caf9047ae1911ef81D\/243370472\/H554cfbfe0c89427caf9047ae1911ef81D.jpg\" data-src=\"\/\/sc04.alicdn.com\/kf\/H554cfbfe0c89427caf9047ae1911ef81D\/243370472\/H554cfbfe0c89427caf9047ae1911ef81D.jpg\" \/><\/div>\n<\/div>\n<\/div>\n<\/div>\n<\/div>\n<\/div>\n<div class=\"J_module\">\n<div id=\"ali-anchor-AliMagic-w79xhd\" class=\"magic-12\" data-section=\"AliMagic-w79xhd\" data-section-title=\"Product Paramenters\">Param\u00e8tres du produit<\/div>\n<\/div>\n<div class=\"J_module\">\n<div class=\"ife-detail-decorate-table\">\n<table class=\"has-title all magic-24\">\n<tbody>\n<tr>\n<td colspan=\"1\" rowspan=\"1\">\n<div class=\"magic-25\"><b>Nom du produit<\/b><\/div>\n<\/td>\n<td colspan=\"1\" rowspan=\"1\">\n<div class=\"magic-26\">Cr\u00e8me blanchissante aux perles<\/div>\n<\/td>\n<\/tr>\n<tr>\n<td colspan=\"1\" rowspan=\"1\">\n<div class=\"magic-25\"><b>Efficacit\u00e9<\/b><\/div>\n<\/td>\n<td colspan=\"1\" rowspan=\"1\">\n<div class=\"magic-26\">Anti-\u00e2ge, anti-rides, hydratant, nourrissant, raffermissant, \u00e9claircit la peau et \u00e9claircit la peau<\/div>\n<\/td>\n<\/tr>\n<tr>\n<td colspan=\"1\" rowspan=\"1\">\n<div class=\"magic-25\"><b>Type de peau<\/b><\/div>\n<\/td>\n<td colspan=\"1\" rowspan=\"1\">\n<div class=\"magic-26\">Tous types de peau<\/div>\n<\/td>\n<\/tr>\n<tr>\n<td colspan=\"1\" rowspan=\"1\">\n<div class=\"magic-25\"><b>Sp\u00e9cification<\/b><\/div>\n<\/td>\n<td colspan=\"1\" rowspan=\"1\">\n<div class=\"magic-26\">50g, 100g \/ personnalisable<\/div>\n<\/td>\n<\/tr>\n<tr>\n<td colspan=\"1\" rowspan=\"1\">\n<div class=\"magic-25\"><b>Service<\/b><\/div>\n<\/td>\n<td colspan=\"1\" rowspan=\"1\">\n<div class=\"magic-26\">OEM\/ODM, Private Label, LOGO, Personnalisation d&#039;emballage. Achat de mati\u00e8res premi\u00e8res, Solutions de transport.<\/div>\n<\/td>\n<\/tr>\n<tr>\n<td colspan=\"1\" rowspan=\"1\">\n<div class=\"magic-25\"><b>Dur\u00e9e de conservation<\/b><\/div>\n<\/td>\n<td colspan=\"1\" rowspan=\"1\">\n<div class=\"magic-26\">3 ans<\/div>\n<\/td>\n<\/tr>\n<tr>\n<td colspan=\"1\" rowspan=\"1\">\n<div class=\"magic-25\"><b>Couleur<\/b><\/div>\n<\/td>\n<td colspan=\"1\" rowspan=\"1\">\n<div class=\"magic-26\">Blanc\/personnalisable<\/div>\n<\/td>\n<\/tr>\n<tr>\n<td colspan=\"1\" rowspan=\"1\">\n<div class=\"magic-25\"><b>Certification<\/b><\/div>\n<\/td>\n<td colspan=\"1\" rowspan=\"1\">\n<div class=\"magic-26\">GMPC\/ISO2276\/SEDEX\/SGS\/FDS\/COA\/CPSR<\/div>\n<\/td>\n<\/tr>\n<tr>\n<td colspan=\"1\" rowspan=\"1\">\n<div class=\"magic-25\"><b>D\u00e9lai de livraison<\/b><\/div>\n<\/td>\n<td colspan=\"1\" rowspan=\"1\">\n<div class=\"magic-26\">3 \u00e0 7 jours par avion, 25 \u00e0 45 jours par mer, transport terrestre 10 \u00e0 15 jours.<\/div>\n<\/td>\n<\/tr>\n<tr>\n<td colspan=\"1\" rowspan=\"1\">\n<div class=\"magic-25\"><b>Conditions de paiement<\/b><\/div>\n<\/td>\n<td colspan=\"1\" rowspan=\"1\">\n<div class=\"magic-26\">T\/T, Western Union, virement bancaire, PayPal, Alibaba Trade Assurance.<\/div>\n<\/td>\n<\/tr>\n<\/tbody>\n<\/table>\n<\/div>\n<\/div>\n<div class=\"J_module\">\n<div id=\"ali-anchor-AliMagic-g25yit\" class=\"magic-12\" data-section=\"AliMagic-g25yit\" data-section-title=\"Product category\">Cat\u00e9gorie de produit<\/div>\n<\/div>\n<div class=\"J_module\">\n<div class=\"icbu-pc-images magic-0\">\n<div>\n<div class=\"flex-layout-v\">\n<div class=\"flex-layout-h magic-0\">\n<div class=\"magic-27\">\n<p><img decoding=\"async\" class=\"magic-28\" src=\"https:\/\/sc04.alicdn.com\/kf\/Hf32932adee344aa6b4c3bd85abf8acedC\/243370472\/Hf32932adee344aa6b4c3bd85abf8acedC.jpg\" usemap=\"#c-b5-194-3e2f\" data-src=\"\/\/sc04.alicdn.com\/kf\/Hf32932adee344aa6b4c3bd85abf8acedC\/243370472\/Hf32932adee344aa6b4c3bd85abf8acedC.jpg\" \/><\/p>\n<map name=\"c-b5-194-3e2f\">\n<area coords=\"35,116,233,289\" shape=\"rect\" href=\"https:\/\/gdkeying.en.alibaba.com\/productgrouplist-946368004\/Face_Care.html\" target=\"_blank\" \/>\n<area coords=\"275,123,479,290\" shape=\"rect\" href=\"https:\/\/gdkeying.en.alibaba.com\/productgrouplist-946339883\/Skin_Care_Serum.html\" target=\"_blank\" \/>\n<area coords=\"508,122,720,287\" shape=\"rect\" href=\"https:\/\/gdkeying.en.alibaba.com\/productgrouplist-945341059\/Body_Care.html\" target=\"_blank\" \/>\n<area coords=\"28,302,235,488\" shape=\"rect\" href=\"https:\/\/gdkeying.en.alibaba.com\/productgrouplist-945754017\/Frosted_Series.html\" target=\"_blank\" \/>\n<area coords=\"269,306,483,488\" shape=\"rect\" href=\"https:\/\/gdkeying.en.alibaba.com\/productgrouplist-946339271\/Essential_Oil.html\" target=\"_blank\" \/>\n<area coords=\"519,307,722,486\" shape=\"rect\" href=\"https:\/\/gdkeying.en.alibaba.com\/productgrouplist-946301381\/Skin_care_set.html\" target=\"_blank\" \/><\/map>\n<\/div>\n<\/div>\n<\/div>\n<\/div>\n<\/div>\n<\/div>\n<div class=\"J_module\">\n<div class=\"icbu-pc-images magic-0\">\n<div>\n<div class=\"flex-layout-v\">\n<div class=\"flex-layout-h magic-0\">\n<div class=\"magic-29\">\n<p><img decoding=\"async\" class=\"magic-30\" src=\"https:\/\/sc04.alicdn.com\/kf\/H49b71af9bb664c9fb91a46dc36a3f0e5Y\/243370472\/H49b71af9bb664c9fb91a46dc36a3f0e5Y.jpg\" usemap=\"#c-f2-d62-b513\" data-src=\"\/\/sc04.alicdn.com\/kf\/H49b71af9bb664c9fb91a46dc36a3f0e5Y\/243370472\/H49b71af9bb664c9fb91a46dc36a3f0e5Y.jpg\" \/><\/p>\n<map name=\"c-f2-d62-b513\">\n<area coords=\"13,7,246,193\" shape=\"rect\" href=\"https:\/\/gdkeying.en.alibaba.com\/productgrouplist-946411242\/Hands_Feet_Care.html\" target=\"_blank\" \/>\n<area coords=\"268,6,485,195\" shape=\"rect\" href=\"https:\/\/gdkeying.en.alibaba.com\/productgrouplist-944841969\/Hair_Care.html\" target=\"_blank\" \/>\n<area coords=\"520,9,727,195\" shape=\"rect\" href=\"https:\/\/gdkeying.en.alibaba.com\/productgrouplist-946713915\/Men_Care.html\" target=\"_blank\" \/><\/map>\n<\/div>\n<\/div>\n<\/div>\n<\/div>\n<\/div>\n<\/div>\n<div class=\"J_module\">\n<div class=\"icbu-pc-images magic-0\">\n<div>\n<div class=\"flex-layout-v\">\n<div class=\"flex-layout-h magic-0\">\n<div class=\"magic-31\">\n<p><img decoding=\"async\" class=\"magic-32\" src=\"https:\/\/sc04.alicdn.com\/kf\/H37ae30a1fe3f4ebea9a526783d490b532\/243370472\/H37ae30a1fe3f4ebea9a526783d490b532.jpg\" usemap=\"#2-0d-df6-190d\" data-src=\"\/\/sc04.alicdn.com\/kf\/H37ae30a1fe3f4ebea9a526783d490b532\/243370472\/H37ae30a1fe3f4ebea9a526783d490b532.jpg\" \/><\/p>\n<map name=\"2-0d-df6-190d\">\n<area coords=\"0,0,962,100\" shape=\"rect\" href=\"https:\/\/gdkeying.en.alibaba.com\/contactinfo.html\" target=\"_blank\" \/><\/map>\n<\/div>\n<\/div>\n<\/div>\n<\/div>\n<\/div>\n<\/div>\n<div class=\"J_module\">\n<div class=\"icbu-pc-images magic-0\">\n<div>\n<div class=\"flex-layout-v\">\n<div class=\"flex-layout-h magic-0\">\n<div class=\"magic-33\"><img decoding=\"async\" class=\"magic-34\" src=\"https:\/\/sc04.alicdn.com\/kf\/H6487438e74154ccdaa54116d2ae768955\/243370472\/H6487438e74154ccdaa54116d2ae768955.jpg\" data-src=\"\/\/sc04.alicdn.com\/kf\/H6487438e74154ccdaa54116d2ae768955\/243370472\/H6487438e74154ccdaa54116d2ae768955.jpg\" \/><\/div>\n<\/div>\n<\/div>\n<\/div>\n<\/div>\n<\/div>\n<div class=\"J_module\">\n<div id=\"ali-anchor-AliMagic-egts0v\" class=\"magic-12\" data-section=\"AliMagic-egts0v\" data-section-title=\"Company Profile\">Profil de l&#039;entreprise<\/div>\n<\/div>\n<div class=\"J_module\">\n<div class=\"icbu-pc-images magic-0\">\n<div>\n<div class=\"flex-layout-v\">\n<div class=\"flex-layout-h magic-0\">\n<div class=\"magic-35\"><img decoding=\"async\" class=\"magic-36\" src=\"https:\/\/sc04.alicdn.com\/kf\/Hc624266fb2cf4bc29f17815477b99cfdx\/243370472\/Hc624266fb2cf4bc29f17815477b99cfdx.jpg\" data-src=\"\/\/sc04.alicdn.com\/kf\/Hc624266fb2cf4bc29f17815477b99cfdx\/243370472\/Hc624266fb2cf4bc29f17815477b99cfdx.jpg\" \/><\/div>\n<\/div>\n<\/div>\n<\/div>\n<\/div>\n<\/div>\n<div class=\"J_module\">\n<div id=\"ali-anchor-AliMagic-drwjvt\" class=\"magic-12\" data-section=\"AliMagic-drwjvt\" data-section-title=\"Certificate\/Test Report\">Certificat\/Rapport de test<\/div>\n<\/div>\n<div class=\"J_module\">\n<div class=\"icbu-pc-images magic-0\">\n<div>\n<div class=\"flex-layout-v\">\n<div class=\"flex-layout-h magic-0\">\n<div class=\"magic-37\"><img decoding=\"async\" class=\"magic-38\" src=\"https:\/\/sc04.alicdn.com\/kf\/Hf9f938339f0546aba2f74bb426aee229l\/243370472\/Hf9f938339f0546aba2f74bb426aee229l.jpg\" data-src=\"\/\/sc04.alicdn.com\/kf\/Hf9f938339f0546aba2f74bb426aee229l\/243370472\/Hf9f938339f0546aba2f74bb426aee229l.jpg\" \/><\/div>\n<\/div>\n<\/div>\n<\/div>\n<\/div>\n<\/div>\n<div class=\"J_module\">\n<div id=\"ali-anchor-AliMagic-g0awy8\" class=\"magic-12\" data-section=\"AliMagic-g0awy8\" data-section-title=\"R&amp;D CAPABILITY\">CAPACIT\u00c9 DE R&amp;D<\/div>\n<\/div>\n<div class=\"J_module\">\n<div class=\"icbu-pc-detailManyImage magic-39\">\n<div class=\"magic-40\"><img decoding=\"async\" class=\"magic-41\" src=\"https:\/\/sc04.alicdn.com\/kf\/H6b9ad48a46be499a8bd804018dd935bef\/243370472\/H6b9ad48a46be499a8bd804018dd935bef.jpg\" data-src=\"\/\/sc04.alicdn.com\/kf\/H6b9ad48a46be499a8bd804018dd935bef\/243370472\/H6b9ad48a46be499a8bd804018dd935bef.jpg\" \/><\/div>\n<div class=\"magic-40\"><img decoding=\"async\" class=\"magic-41\" src=\"https:\/\/sc04.alicdn.com\/kf\/H0814cf9102754833b13301c036e71799C\/243370472\/H0814cf9102754833b13301c036e71799C.jpg\" data-src=\"\/\/sc04.alicdn.com\/kf\/H0814cf9102754833b13301c036e71799C\/243370472\/H0814cf9102754833b13301c036e71799C.jpg\" \/><\/div>\n<div class=\"magic-40\"><img decoding=\"async\" class=\"magic-41\" src=\"https:\/\/sc04.alicdn.com\/kf\/H56ce34b25e1c4d3a8f09b579b29da23cP\/243370472\/H56ce34b25e1c4d3a8f09b579b29da23cP.jpg\" data-src=\"\/\/sc04.alicdn.com\/kf\/H56ce34b25e1c4d3a8f09b579b29da23cP\/243370472\/H56ce34b25e1c4d3a8f09b579b29da23cP.jpg\" \/><\/div>\n<div class=\"magic-40\"><img decoding=\"async\" class=\"magic-41\" src=\"https:\/\/sc04.alicdn.com\/kf\/H2ebcb3e4fd9c4fad94d7ec174c2340e5I\/243370472\/H2ebcb3e4fd9c4fad94d7ec174c2340e5I.jpg\" data-src=\"\/\/sc04.alicdn.com\/kf\/H2ebcb3e4fd9c4fad94d7ec174c2340e5I\/243370472\/H2ebcb3e4fd9c4fad94d7ec174c2340e5I.jpg\" \/><\/div>\n<div class=\"magic-40\"><img decoding=\"async\" class=\"magic-41\" src=\"https:\/\/sc04.alicdn.com\/kf\/H1b10162939a5463399ea21b5f5888520o\/243370472\/H1b10162939a5463399ea21b5f5888520o.jpg\" data-src=\"\/\/sc04.alicdn.com\/kf\/H1b10162939a5463399ea21b5f5888520o\/243370472\/H1b10162939a5463399ea21b5f5888520o.jpg\" \/><\/div>\n<\/div>\n<\/div>\n<div class=\"J_module\">\n<div id=\"ali-anchor-AliMagic-1rchkj\" class=\"magic-12\" data-section=\"AliMagic-1rchkj\" data-section-title=\"Customization Capability\">Capacit\u00e9 de personnalisation<\/div>\n<\/div>\n<div class=\"J_module\">\n<div class=\"icbu-pc-images magic-0\">\n<div>\n<div class=\"flex-layout-v\">\n<div class=\"flex-layout-h magic-0\">\n<div class=\"magic-42\"><img decoding=\"async\" class=\"magic-43\" src=\"https:\/\/sc04.alicdn.com\/kf\/H73699875349b4cfb9fed507b1c301d2es\/243370472\/H73699875349b4cfb9fed507b1c301d2es.jpg\" data-src=\"\/\/sc04.alicdn.com\/kf\/H73699875349b4cfb9fed507b1c301d2es\/243370472\/H73699875349b4cfb9fed507b1c301d2es.jpg\" \/><\/div>\n<\/div>\n<\/div>\n<\/div>\n<\/div>\n<\/div>\n<div class=\"J_module\">\n<div class=\"icbu-pc-images magic-0\">\n<div>\n<div class=\"flex-layout-v\">\n<div class=\"flex-layout-h magic-0\">\n<div class=\"magic-31\">\n<p><img decoding=\"async\" class=\"magic-32\" src=\"https:\/\/sc04.alicdn.com\/kf\/Hab1019d20e874e2292328557877fbdb4P\/243370472\/Hab1019d20e874e2292328557877fbdb4P.jpg\" usemap=\"#7-84-153-a87b\" data-src=\"\/\/sc04.alicdn.com\/kf\/Hab1019d20e874e2292328557877fbdb4P\/243370472\/Hab1019d20e874e2292328557877fbdb4P.jpg\" \/><\/p>\n<map name=\"7-84-153-a87b\">\n<area coords=\"0,0,771,100\" shape=\"rect\" href=\"https:\/\/gdkeying.en.alibaba.com\/contactinfo.html\" target=\"_blank\" \/><\/map>\n<\/div>\n<\/div>\n<\/div>\n<\/div>\n<\/div>\n<\/div>\n<div class=\"J_module\">\n<div class=\"icbu-pc-images magic-0\">\n<div>\n<div class=\"flex-layout-v\">\n<div class=\"flex-layout-h magic-0\">\n<div class=\"magic-44\"><img decoding=\"async\" class=\"magic-45\" src=\"https:\/\/sc04.alicdn.com\/kf\/H52fc3c29d7b84abbace6e55d52ae66d8l\/243370472\/H52fc3c29d7b84abbace6e55d52ae66d8l.jpg\" data-src=\"\/\/sc04.alicdn.com\/kf\/H52fc3c29d7b84abbace6e55d52ae66d8l\/243370472\/H52fc3c29d7b84abbace6e55d52ae66d8l.jpg\" \/><\/div>\n<\/div>\n<\/div>\n<\/div>\n<\/div>\n<\/div>\n<div class=\"J_module\">\n<div id=\"ali-anchor-AliMagic-9wc3x7\" class=\"magic-12\" data-section=\"AliMagic-9wc3x7\" data-section-title=\"FAQ\">FAQ<\/div>\n<\/div>\n<div class=\"J_module\">\n<div class=\"icbu-pc-images magic-0\">\n<div>\n<div class=\"flex-layout-v\">\n<div class=\"flex-layout-h magic-0\">\n<div class=\"magic-46\"><img decoding=\"async\" class=\"magic-47\" src=\"https:\/\/sc04.alicdn.com\/kf\/Hfedc81b65037433c965a116ee0ffbd6eL\/243370472\/Hfedc81b65037433c965a116ee0ffbd6eL.jpg\" data-src=\"\/\/sc04.alicdn.com\/kf\/Hfedc81b65037433c965a116ee0ffbd6eL\/243370472\/Hfedc81b65037433c965a116ee0ffbd6eL.jpg\" \/><\/div>\n<\/div>\n<\/div>\n<\/div>\n<\/div>\n<\/div>\n<div class=\"J_module\">\n<div class=\"icbu-pc-images magic-0\">\n<div>\n<div class=\"flex-layout-v\">\n<div class=\"flex-layout-h magic-0\">\n<div class=\"magic-48\">\n<p><img decoding=\"async\" class=\"magic-49\" src=\"https:\/\/sc04.alicdn.com\/kf\/Hcbe25f7774244d5aab169bb097678722N\/243370472\/Hcbe25f7774244d5aab169bb097678722N.jpg\" usemap=\"#d-23-008-ac66\" data-src=\"\/\/sc04.alicdn.com\/kf\/Hcbe25f7774244d5aab169bb097678722N\/243370472\/Hcbe25f7774244d5aab169bb097678722N.jpg\" \/><\/p>\n<map name=\"d-23-008-ac66\">\n<area coords=\"0,81,132,143\" shape=\"rect\" href=\"https:\/\/gdkeying.en.alibaba.com\/\" target=\"_blank\" \/>\n<area coords=\"137,82,386,144\" shape=\"rect\" href=\"https:\/\/gdkeying.en.alibaba.com\/productlist.html\" target=\"_blank\" \/>\n<area coords=\"391,81,611,145\" shape=\"rect\" href=\"https:\/\/gdkeying.en.alibaba.com\/company_profile.html\" target=\"_blank\" \/>\n<area coords=\"615,81,765,145\" shape=\"rect\" href=\"https:\/\/gdkeying.en.alibaba.com\/contactinfo.html\" target=\"_blank\" \/><\/map>\n<\/div>\n<\/div>\n<\/div>\n<\/div>\n<\/div>\n<\/div>\n<\/div>","protected":false},"excerpt":{"rendered":"<p>Whitening Beauty Face Creams Mixed Pearl Cream Fast Lightening Body Facial Whitening Beauty Creams with Collagen Day and Night Use<\/p>","protected":false},"featured_media":27644,"template":"","meta":[],"product_brand":[],"product_cat":[81],"product_tag":[94],"class_list":{"0":"post-27643","1":"product","2":"type-product","3":"status-publish","4":"has-post-thumbnail","6":"product_cat-face-care","7":"product_tag-whitening-beauty-face-creams","9":"first","10":"instock","11":"shipping-taxable","12":"purchasable","13":"product-type-variable"},"_links":{"self":[{"href":"https:\/\/www.keying-cosmetics.com\/fr\/wp-json\/wp\/v2\/product\/27643","targetHints":{"allow":["GET"]}}],"collection":[{"href":"https:\/\/www.keying-cosmetics.com\/fr\/wp-json\/wp\/v2\/product"}],"about":[{"href":"https:\/\/www.keying-cosmetics.com\/fr\/wp-json\/wp\/v2\/types\/product"}],"wp:featuredmedia":[{"embeddable":true,"href":"https:\/\/www.keying-cosmetics.com\/fr\/wp-json\/wp\/v2\/media\/27644"}],"wp:attachment":[{"href":"https:\/\/www.keying-cosmetics.com\/fr\/wp-json\/wp\/v2\/media?parent=27643"}],"wp:term":[{"taxonomy":"product_brand","embeddable":true,"href":"https:\/\/www.keying-cosmetics.com\/fr\/wp-json\/wp\/v2\/product_brand?post=27643"},{"taxonomy":"product_cat","embeddable":true,"href":"https:\/\/www.keying-cosmetics.com\/fr\/wp-json\/wp\/v2\/product_cat?post=27643"},{"taxonomy":"product_tag","embeddable":true,"href":"https:\/\/www.keying-cosmetics.com\/fr\/wp-json\/wp\/v2\/product_tag?post=27643"}],"curies":[{"name":"wp","href":"https:\/\/api.w.org\/{rel}","templated":true}]}}