{"id":29368,"date":"2026-03-12T11:20:15","date_gmt":"2026-03-12T03:20:15","guid":{"rendered":"https:\/\/www.keying-cosmetics.com\/product\/organic-custom-daily-calms-moisturises-hyaluronic-acid-6-peptide-skin-care-booster-brightening-serum\/"},"modified":"2026-03-12T11:20:35","modified_gmt":"2026-03-12T03:20:35","slug":"organic-custom-daily-calms-moisturises-hyaluronic-acid-6-peptide-skin-care-booster-brightening-serum","status":"publish","type":"product","link":"https:\/\/www.keying-cosmetics.com\/es\/producto\/organic-custom-daily-calms-moisturises-hyaluronic-acid-6-peptide-skin-care-booster-brightening-serum\/","title":{"rendered":"S\u00e9rum hidratante y potenciador del cuidado de la piel con \u00e1cido hialur\u00f3nico y 6 p\u00e9ptidos, personalizado y org\u00e1nico."},"content":{"rendered":"","protected":false},"excerpt":{"rendered":"","protected":false},"featured_media":29371,"template":"","meta":[],"product_brand":[],"product_cat":[81],"product_tag":[],"class_list":{"0":"post-29368","1":"product","2":"type-product","3":"status-publish","4":"has-post-thumbnail","6":"product_cat-face-care","8":"first","9":"instock","10":"shipping-taxable","11":"purchasable","12":"product-type-variable"},"_links":{"self":[{"href":"https:\/\/www.keying-cosmetics.com\/es\/wp-json\/wp\/v2\/product\/29368","targetHints":{"allow":["GET"]}}],"collection":[{"href":"https:\/\/www.keying-cosmetics.com\/es\/wp-json\/wp\/v2\/product"}],"about":[{"href":"https:\/\/www.keying-cosmetics.com\/es\/wp-json\/wp\/v2\/types\/product"}],"wp:featuredmedia":[{"embeddable":true,"href":"https:\/\/www.keying-cosmetics.com\/es\/wp-json\/wp\/v2\/media\/29371"}],"wp:attachment":[{"href":"https:\/\/www.keying-cosmetics.com\/es\/wp-json\/wp\/v2\/media?parent=29368"}],"wp:term":[{"taxonomy":"product_brand","embeddable":true,"href":"https:\/\/www.keying-cosmetics.com\/es\/wp-json\/wp\/v2\/product_brand?post=29368"},{"taxonomy":"product_cat","embeddable":true,"href":"https:\/\/www.keying-cosmetics.com\/es\/wp-json\/wp\/v2\/product_cat?post=29368"},{"taxonomy":"product_tag","embeddable":true,"href":"https:\/\/www.keying-cosmetics.com\/es\/wp-json\/wp\/v2\/product_tag?post=29368"}],"curies":[{"name":"wp","href":"https:\/\/api.w.org\/{rel}","templated":true}]}}