{"id":29330,"date":"2026-03-12T11:08:34","date_gmt":"2026-03-12T03:08:34","guid":{"rendered":"https:\/\/www.keying-cosmetics.com\/product\/natural-skin-brightening-organic-collagen-hyaluronic-acid-panthenol-improve-skin-deeply-moisturizes-cotton-facial-pads\/"},"modified":"2026-03-12T11:09:23","modified_gmt":"2026-03-12T03:09:23","slug":"natural-skin-brightening-organic-collagen-hyaluronic-acid-panthenol-improve-skin-deeply-moisturizes-cotton-facial-pads","status":"publish","type":"product","link":"https:\/\/www.keying-cosmetics.com\/es\/producto\/natural-skin-brightening-organic-collagen-hyaluronic-acid-panthenol-improve-skin-deeply-moisturizes-cotton-facial-pads\/","title":{"rendered":"Almohadillas faciales de algod\u00f3n con col\u00e1geno org\u00e1nico, \u00e1cido hialur\u00f3nico y pantenol para aclarar la piel de forma natural. Mejora la hidrataci\u00f3n profunda de la piel."},"content":{"rendered":"","protected":false},"excerpt":{"rendered":"","protected":false},"featured_media":29331,"template":"","meta":[],"product_brand":[],"product_cat":[81],"product_tag":[],"class_list":{"0":"post-29330","1":"product","2":"type-product","3":"status-publish","4":"has-post-thumbnail","6":"product_cat-face-care","8":"first","9":"instock","10":"shipping-taxable","11":"purchasable","12":"product-type-variable"},"_links":{"self":[{"href":"https:\/\/www.keying-cosmetics.com\/es\/wp-json\/wp\/v2\/product\/29330","targetHints":{"allow":["GET"]}}],"collection":[{"href":"https:\/\/www.keying-cosmetics.com\/es\/wp-json\/wp\/v2\/product"}],"about":[{"href":"https:\/\/www.keying-cosmetics.com\/es\/wp-json\/wp\/v2\/types\/product"}],"wp:featuredmedia":[{"embeddable":true,"href":"https:\/\/www.keying-cosmetics.com\/es\/wp-json\/wp\/v2\/media\/29331"}],"wp:attachment":[{"href":"https:\/\/www.keying-cosmetics.com\/es\/wp-json\/wp\/v2\/media?parent=29330"}],"wp:term":[{"taxonomy":"product_brand","embeddable":true,"href":"https:\/\/www.keying-cosmetics.com\/es\/wp-json\/wp\/v2\/product_brand?post=29330"},{"taxonomy":"product_cat","embeddable":true,"href":"https:\/\/www.keying-cosmetics.com\/es\/wp-json\/wp\/v2\/product_cat?post=29330"},{"taxonomy":"product_tag","embeddable":true,"href":"https:\/\/www.keying-cosmetics.com\/es\/wp-json\/wp\/v2\/product_tag?post=29330"}],"curies":[{"name":"wp","href":"https:\/\/api.w.org\/{rel}","templated":true}]}}