{"id":29254,"date":"2026-02-25T09:35:22","date_gmt":"2026-02-25T01:35:22","guid":{"rendered":"https:\/\/www.keying-cosmetics.com\/product\/soothe-dry-scalp-angelica-sinensis-extract-deeply-nourish-the-hair-100-pure-rosemary-hair-growth-essential-oil\/"},"modified":"2026-02-25T09:35:49","modified_gmt":"2026-02-25T01:35:49","slug":"soothe-dry-scalp-angelica-sinensis-extract-deeply-nourish-the-hair-100-pure-rosemary-hair-growth-essential-oil","status":"publish","type":"product","link":"https:\/\/www.keying-cosmetics.com\/es\/producto\/soothe-dry-scalp-angelica-sinensis-extract-deeply-nourish-the-hair-100-pure-rosemary-hair-growth-essential-oil\/","title":{"rendered":"Calma el cuero cabelludo seco. Extracto de Angelica Sinensis. Nutre profundamente el cabello. Aceite esencial puro de romero para el crecimiento del cabello 100%."},"content":{"rendered":"<div data-magic-global=\"%7B%22bizId%22%3A2500000842880%2C%22pageId%22%3A21708436681%2C%22siteId%22%3A10102637159%7D\" id=\"detail_decorate_root\">\n<style>#detail_decorate_root .magic-0{width:750px}#detail_decorate_root .magic-1{overflow:hidden;width:750px;height:389px;margin-top:0;margin-bottom:0;margin-left:0;margin-right:0}#detail_decorate_root .magic-2{margin-top:0;margin-left:0;width:750px;height:389px}#detail_decorate_root .magic-3{vertical-align:top}#detail_decorate_root .magic-4{vertical-align:top;display:block;padding-right:4px;box-sizing:border-box;padding-left:4px}#detail_decorate_root .magic-5{vertical-align:top;padding-bottom:4px;box-sizing:border-box;padding-top:4px}#detail_decorate_root .magic-6{padding:0;margin:0;white-space:pre-wrap;font-size:14px}#detail_decorate_root .magic-7{text-align:center}#detail_decorate_root .magic-8{font-size:18px}#detail_decorate_root .magic-9{margin-bottom:10px;overflow:hidden}#detail_decorate_root .magic-10{overflow:hidden;width:750px;height:54px;margin-top:0;margin-bottom:0;margin-left:0;margin-right:0}#detail_decorate_root .magic-11{margin-top:0;margin-left:0;width:750px;height:54px}#detail_decorate_root .magic-12{overflow:hidden;width:750px;height:750px;margin-top:0;margin-bottom:0;margin-left:0;margin-right:0}#detail_decorate_root .magic-13{margin-top:0;margin-left:0;width:750px;height:750px}#detail_decorate_root .magic-14{font-size:14px}#detail_decorate_root .magic-15{font-family:inherit;font-variant-ligatures:inherit;font-variant-caps:inherit;font-weight:inherit}#detail_decorate_root .magic-17{width:750px;border-collapse:collapse}#detail_decorate_root .magic-18{min-height:28px;padding:5px 10px;width:126px;min-height:28px;box-sizing:content-box}#detail_decorate_root .magic-19{min-height:28px;padding:5px 10px;width:580px;min-height:28px;box-sizing:content-box}#detail_decorate_root .magic-20{overflow:hidden;width:750px;height:170px;margin-top:0;margin-bottom:0;margin-left:0;margin-right:0}#detail_decorate_root .magic-21{margin-top:0;margin-left:0;width:750px;height:170px}#detail_decorate_root .magic-22{overflow:hidden;width:750px;height:1395px;margin-top:0;margin-bottom:0;margin-left:0;margin-right:0}#detail_decorate_root .magic-23{margin-top:0;margin-left:0;width:750px;height:1395px}#detail_decorate_root .magic-24{overflow:hidden;width:750px;height:444px;margin-top:0;margin-bottom:0;margin-left:0;margin-right:0}#detail_decorate_root .magic-25{margin-top:0;margin-left:0;width:750px;height:444px}#detail_decorate_root .magic-26{overflow:hidden;width:750px;height:926px;margin-top:0;margin-bottom:0;margin-left:0;margin-right:0}#detail_decorate_root .magic-27{margin-top:0;margin-left:0;width:750px;height:926px}#detail_decorate_root .magic-28{overflow:hidden;width:750px;height:933px;margin-top:0;margin-bottom:0;margin-left:0;margin-right:0}#detail_decorate_root .magic-29{margin-top:0;margin-left:0;width:750px;height:933px}#detail_decorate_root .magic-30{overflow:hidden;width:750px;height:209px;margin-top:0;margin-bottom:0;margin-left:0;margin-right:0}#detail_decorate_root .magic-31{margin-top:0;margin-left:0;width:750px;height:209px}#detail_decorate_root .magic-32{margin-bottom:10px;line-height:0}#detail_decorate_root .magic-33{margin-bottom:0}#detail_decorate_root .magic-34{position:relative;width:100%}#detail_decorate_root .magic-35{overflow:hidden;width:750px;height:201px;margin-top:0;margin-bottom:0;margin-left:0;margin-right:0}#detail_decorate_root .magic-36{margin-top:0;margin-left:0;width:750px;height:201px}<\/style>\n<div module-id=\"47089244124\" module-title=\"detailSingleImage\" render=\"true\" class=\"J_module\">\n<div class=\"icbu-pc-images magic-0\">\n<div>\n<div class=\"flex-layout-v\">\n<div class=\"flex-layout-h magic-0\">\n<div class=\"magic-1\"><img decoding=\"async\" src=\"https:\/\/sc04.alicdn.com\/kf\/H92b8f2c7f5ba4a638fcd197067a119c7l\/285696489\/H92b8f2c7f5ba4a638fcd197067a119c7l.jpg\" data-src=\"\/\/sc04.alicdn.com\/kf\/H92b8f2c7f5ba4a638fcd197067a119c7l\/285696489\/H92b8f2c7f5ba4a638fcd197067a119c7l.jpg\" class=\"magic-2\"><\/div>\n<\/div>\n<\/div>\n<\/div>\n<\/div>\n<\/div>\n<div module-id=\"47089244125\" module-title=\"detailTextContent\" render=\"true\" class=\"J_module\">\n<div class=\"detail-decorate-json-renderer-container\">\n<div class=\"magic-3\">\n<div class=\"magic-4\">\n<div class=\"magic-5\">\n<div class=\"magic-6\">\n<div class=\"magic-7\"><i><b><font class=\"magic-8\"><span>Calma el cuero cabelludo seco. Extracto de Angelica Sinensis. Nutre profundamente el cabello. Aceite esencial puro de romero para el crecimiento del cabello 100%.<\/span><\/font><\/b><\/i><\/div>\n<\/div>\n<\/div>\n<\/div>\n<\/div>\n<\/div>\n<\/div>\n<div module-id=\"47089244126\" module-title=\"detailSellerRecommend\" render=\"true\" class=\"J_module\">\n<div data-magic='{\"mds\":{\"assetsVersion\":\"0.0.16\",\"assetsPackageName\":\"icbumod\",\"moduleNameAlias\":\"icbu-pc-detailSellerRecommend\",\"moduleData\":{\"config\":{\"columnCount\":4,\"titleKey\":6,\"products\":[1601616267040,1601615602698,1601616086838,1601616192230]}}},\"version\":1}' class=\"icbu-pc-detailSellerRecommend magic-9\"><\/div>\n<\/div>\n<div module-id=\"47089244127\" module-title=\"detailSingleImage\" render=\"true\" class=\"J_module\">\n<div class=\"icbu-pc-images magic-0\">\n<div>\n<div class=\"flex-layout-v\">\n<div class=\"flex-layout-h magic-0\">\n<div class=\"magic-10\"><img decoding=\"async\" src=\"https:\/\/sc04.alicdn.com\/kf\/H17237333930f4f90ace0687bc6a4283f1\/285696489\/H17237333930f4f90ace0687bc6a4283f1.jpg\" data-src=\"\/\/sc04.alicdn.com\/kf\/H17237333930f4f90ace0687bc6a4283f1\/285696489\/H17237333930f4f90ace0687bc6a4283f1.jpg\" class=\"magic-11\"><\/div>\n<\/div>\n<\/div>\n<\/div>\n<\/div>\n<\/div>\n<div module-id=\"47089244128\" module-title=\"detailSingleImage\" render=\"true\" class=\"J_module\">\n<div class=\"icbu-pc-images magic-0\">\n<div>\n<div class=\"flex-layout-v\">\n<div class=\"flex-layout-h magic-0\">\n<div class=\"magic-12\"><img decoding=\"async\" src=\"https:\/\/sc04.alicdn.com\/kf\/Ha41e8df05679419dab5aed40e8415454w\/285696489\/Ha41e8df05679419dab5aed40e8415454w.jpg\" data-src=\"\/\/sc04.alicdn.com\/kf\/Ha41e8df05679419dab5aed40e8415454w\/285696489\/Ha41e8df05679419dab5aed40e8415454w.jpg\" class=\"magic-13\"><\/div>\n<\/div>\n<\/div>\n<\/div>\n<\/div>\n<\/div>\n<div module-id=\"47089244129\" module-title=\"detailTextContent\" render=\"true\" class=\"J_module\">\n<div class=\"detail-decorate-json-renderer-container\">\n<div class=\"magic-3\">\n<div class=\"magic-4\">\n<div class=\"magic-5\">\n<div class=\"magic-6\">\n<div class=\"magic-7\"><i><b><font class=\"magic-14\">PARA HOMBRES Y MUJERES <\/font><\/b><\/i><\/div>\n<p><span><\/p>\n<div class=\"magic-7\"><i><b><font class=\"magic-14\">Estimula la circulaci\u00f3n sangu\u00ednea. Acondiciona y limpia el cuero cabelludo. Favorece el crecimiento de cabello nuevo.<\/font><\/b><\/i><\/div>\n<p><\/span>\n<\/div>\n<\/div>\n<\/div>\n<\/div>\n<\/div>\n<\/div>\n<div module-id=\"47089244130\" module-title=\"detailSingleImage\" render=\"true\" class=\"J_module\">\n<div class=\"icbu-pc-images magic-0\">\n<div>\n<div class=\"flex-layout-v\">\n<div class=\"flex-layout-h magic-0\">\n<div class=\"magic-12\"><img decoding=\"async\" src=\"https:\/\/sc04.alicdn.com\/kf\/H571d09e3d72c453cbd54cc6e9ab4c36dt\/285696489\/H571d09e3d72c453cbd54cc6e9ab4c36dt.jpg\" data-src=\"\/\/sc04.alicdn.com\/kf\/H571d09e3d72c453cbd54cc6e9ab4c36dt\/285696489\/H571d09e3d72c453cbd54cc6e9ab4c36dt.jpg\" class=\"magic-13\"><\/div>\n<\/div>\n<\/div>\n<\/div>\n<\/div>\n<\/div>\n<div module-id=\"47089244131\" module-title=\"detailTextContent\" render=\"true\" class=\"J_module\">\n<div class=\"detail-decorate-json-renderer-container\">\n<div class=\"magic-3\">\n<div class=\"magic-4\">\n<div class=\"magic-5\">\n<div class=\"magic-6\">\n<div class=\"magic-7\"><i><b><font class=\"magic-14\"><span>Nutre profundamente el cabello: Repara las puntas abiertas para que quede suave, liso y f\u00e1cil de peinar.<br \/>Favorece el crecimiento del cabello: Estimula los fol\u00edculos pilosos, promueve un crecimiento capilar saludable y reduce la ca\u00edda del cabello.<br \/>Alivia el cuero cabelludo seco: Alivia la sequedad y el picor del cuero cabelludo y trata eficazmente la caspa.<\/span><\/font><\/b><\/i><\/div>\n<\/div>\n<\/div>\n<\/div>\n<\/div>\n<\/div>\n<\/div>\n<div module-id=\"47089244132\" module-title=\"detailSingleImage\" render=\"true\" class=\"J_module\">\n<div class=\"icbu-pc-images magic-0\">\n<div>\n<div class=\"flex-layout-v\">\n<div class=\"flex-layout-h magic-0\">\n<div class=\"magic-12\"><img decoding=\"async\" src=\"https:\/\/sc04.alicdn.com\/kf\/Hc28b7f4cb9a94d2fadf10f56d7b644752\/285696489\/Hc28b7f4cb9a94d2fadf10f56d7b644752.jpg\" data-src=\"\/\/sc04.alicdn.com\/kf\/Hc28b7f4cb9a94d2fadf10f56d7b644752\/285696489\/Hc28b7f4cb9a94d2fadf10f56d7b644752.jpg\" class=\"magic-13\"><\/div>\n<\/div>\n<\/div>\n<\/div>\n<\/div>\n<\/div>\n<div module-id=\"47089244133\" module-title=\"detailTextContent\" render=\"true\" class=\"J_module\">\n<div class=\"detail-decorate-json-renderer-container\">\n<div class=\"magic-3\">\n<div class=\"magic-4\">\n<div class=\"magic-5\">\n<div class=\"magic-6\">\n<div class=\"magic-7\"><i><b><\/b><\/i><\/div>\n<p><font class=\"magic-14\"><\/p>\n<div class=\"magic-7\"><i class=\"magic-15\"><b class=\"magic-16\"><\/b><\/i><\/div>\n<p><\/font><span><i><b><\/p>\n<div class=\"magic-7\">Aceite de flor de cannabis: Suaviza el cabello y mejora la sequedad.<\/div>\n<div class=\"magic-7\">Aceite de parafina: Hidrata el cabello y mejora el cabello seco.<\/div>\n<div class=\"magic-7\">Extracto de Angelica sinensis: Nutre el cabello y promueve su crecimiento.<\/div>\n<div class=\"magic-7\">Extracto de espada\u00f1a: Limpia tu cuero cabelludo para conseguir un cabello ligero y esponjoso.<\/div>\n<p><\/b><\/i><\/span>\n<\/div>\n<\/div>\n<\/div>\n<\/div>\n<\/div>\n<\/div>\n<div module-id=\"47089244134\" module-title=\"detailSingleImage\" render=\"true\" class=\"J_module\">\n<div class=\"icbu-pc-images magic-0\">\n<div>\n<div class=\"flex-layout-v\">\n<div class=\"flex-layout-h magic-0\">\n<div class=\"magic-12\"><img decoding=\"async\" src=\"https:\/\/sc04.alicdn.com\/kf\/Ha8f6d19d0b774a0d9f3d82caf1a6f3881\/285696489\/Ha8f6d19d0b774a0d9f3d82caf1a6f3881.jpg\" data-src=\"\/\/sc04.alicdn.com\/kf\/Ha8f6d19d0b774a0d9f3d82caf1a6f3881\/285696489\/Ha8f6d19d0b774a0d9f3d82caf1a6f3881.jpg\" class=\"magic-13\"><\/div>\n<\/div>\n<\/div>\n<\/div>\n<\/div>\n<\/div>\n<div module-id=\"47089244135\" module-title=\"detailTableHorizontal\" render=\"true\" class=\"J_module\">\n<div class=\"ife-detail-decorate-table\">\n<table class=\"has-title all magic-17\">\n<tbody>\n<tr>\n<td colspan=\"1\" rowspan=\"1\">\n<div class=\"magic-18\"><b>Nombre del producto<\/b><\/div>\n<\/td>\n<td colspan=\"1\" rowspan=\"1\">\n<div class=\"magic-19\">S\u00e9rum facial con part\u00edculas de l\u00e1mina de oro de 24 quilates<\/div>\n<\/td>\n<\/tr>\n<tr>\n<td colspan=\"1\" rowspan=\"1\">\n<div class=\"magic-18\"><b>Eficacia<\/b><\/div>\n<\/td>\n<td colspan=\"1\" rowspan=\"1\">\n<div class=\"magic-19\">\n<div data-spm-anchor-id=\"a2700.pc-decorate.0.i61.245e3333TI5w4y\">Nutre profundamente el cabello: Repara las puntas abiertas para que quede suave, liso y f\u00e1cil de peinar.<br \/>Favorece el crecimiento del cabello: Estimula los fol\u00edculos pilosos, promueve un crecimiento capilar saludable y reduce la ca\u00edda del cabello.<br \/>Alivia el cuero cabelludo seco: Alivia la sequedad y el picor del cuero cabelludo y trata eficazmente la caspa.\n<\/div>\n<\/div>\n<\/td>\n<\/tr>\n<tr>\n<td colspan=\"1\" rowspan=\"1\">\n<div class=\"magic-18\"><b>Tipo de piel<\/b><\/div>\n<\/td>\n<td colspan=\"1\" rowspan=\"1\">\n<div class=\"magic-19\">Todo tipo de piel<\/div>\n<\/td>\n<\/tr>\n<tr>\n<td colspan=\"1\" rowspan=\"1\">\n<div class=\"magic-18\"><b>Especificaci\u00f3n<\/b><\/div>\n<\/td>\n<td colspan=\"1\" rowspan=\"1\">\n<div class=\"magic-19\">60 ml \/ personalizable<\/div>\n<\/td>\n<\/tr>\n<tr>\n<td colspan=\"1\" rowspan=\"1\">\n<div class=\"magic-18\"><b>Servicio<\/b><\/div>\n<\/td>\n<td colspan=\"1\" rowspan=\"1\">\n<div class=\"magic-19\">OEM\/ODM, Marca privada, LOGO, Personalizaci\u00f3n de embalaje.Compra de materias primas, Soluciones de transporte.<\/div>\n<\/td>\n<\/tr>\n<tr>\n<td colspan=\"1\" rowspan=\"1\">\n<div class=\"magic-18\"><b>Duraci\u00f3n<\/b><\/div>\n<\/td>\n<td colspan=\"1\" rowspan=\"1\">\n<div class=\"magic-19\">3 a\u00f1os<\/div>\n<\/td>\n<\/tr>\n<tr>\n<td colspan=\"1\" rowspan=\"1\">\n<div class=\"magic-18\"><b>Color<\/b><\/div>\n<\/td>\n<td colspan=\"1\" rowspan=\"1\">\n<div class=\"magic-19\">Blanco\/personalizable<\/div>\n<\/td>\n<\/tr>\n<tr>\n<td colspan=\"1\" rowspan=\"1\">\n<div class=\"magic-18\"><b>Proceso de dar un t\u00edtulo<\/b><\/div>\n<\/td>\n<td colspan=\"1\" rowspan=\"1\">\n<div class=\"magic-19\">GMPC\/ISO2276\/SEDEX\/SGS\/MSDS\/COA\/CPSR<\/div>\n<\/td>\n<\/tr>\n<tr>\n<td colspan=\"1\" rowspan=\"1\">\n<div class=\"magic-18\"><b>El tiempo de entrega<\/b><\/div>\n<\/td>\n<td colspan=\"1\" rowspan=\"1\">\n<div class=\"magic-19\">3 a 7 d\u00edas por aire, 25 a 45 d\u00edas por mar, transporte terrestre 10-15 d\u00edas.<\/div>\n<\/td>\n<\/tr>\n<tr>\n<td colspan=\"1\" rowspan=\"1\">\n<div class=\"magic-18\"><b>Condiciones de pago<\/b><\/div>\n<\/td>\n<td colspan=\"1\" rowspan=\"1\">\n<div class=\"magic-19\">T\/T, Western Union, transferencia bancaria, PayPal, Alibaba Trade Assurance.<\/div>\n<\/td>\n<\/tr>\n<\/tbody>\n<\/table>\n<\/div>\n<\/div>\n<div module-id=\"47089244136\" module-title=\"detailSingleImage\" render=\"true\" class=\"J_module\">\n<div class=\"icbu-pc-images magic-0\">\n<div>\n<div class=\"flex-layout-v\">\n<div class=\"flex-layout-h magic-0\">\n<div class=\"magic-20\">\n<img decoding=\"async\" src=\"https:\/\/sc04.alicdn.com\/kf\/H7a77d2fb298d440d980a2d1977788713x\/285696489\/H7a77d2fb298d440d980a2d1977788713x.jpg\" data-src=\"\/\/sc04.alicdn.com\/kf\/H7a77d2fb298d440d980a2d1977788713x\/285696489\/H7a77d2fb298d440d980a2d1977788713x.jpg\" usemap=\"#c-d3-7e5-6597\" class=\"magic-21\"><\/p>\n<map name=\"c-d3-7e5-6597\">\n<area shape=\"rect\" coords=\"36,10,717,158\" href=\"https:\/\/brandique.en.alibaba.com\/contactinfo.html\" target=\"_blank\"><\/map>\n<\/div>\n<\/div>\n<\/div>\n<\/div>\n<\/div>\n<\/div>\n<div module-id=\"47089244137\" module-title=\"detailSingleImage\" render=\"true\" class=\"J_module\">\n<div class=\"icbu-pc-images magic-0\">\n<div>\n<div class=\"flex-layout-v\">\n<div class=\"flex-layout-h magic-0\">\n<div class=\"magic-22\"><img decoding=\"async\" src=\"https:\/\/sc04.alicdn.com\/kf\/H982dfb2125f04213bc0a42f864d999bca\/285696489\/H982dfb2125f04213bc0a42f864d999bca.jpg\" data-src=\"\/\/sc04.alicdn.com\/kf\/H982dfb2125f04213bc0a42f864d999bca\/285696489\/H982dfb2125f04213bc0a42f864d999bca.jpg\" class=\"magic-23\"><\/div>\n<\/div>\n<\/div>\n<\/div>\n<\/div>\n<\/div>\n<div module-id=\"47089244138\" module-title=\"detailSingleImage\" render=\"true\" class=\"J_module\">\n<div class=\"icbu-pc-images magic-0\">\n<div>\n<div class=\"flex-layout-v\">\n<div class=\"flex-layout-h magic-0\">\n<div class=\"magic-24\">\n<img decoding=\"async\" src=\"https:\/\/sc04.alicdn.com\/kf\/Hfdbae2e8bd1d4442bc6b59b9efa61f9c1\/285696489\/Hfdbae2e8bd1d4442bc6b59b9efa61f9c1.jpg\" data-src=\"\/\/sc04.alicdn.com\/kf\/Hfdbae2e8bd1d4442bc6b59b9efa61f9c1\/285696489\/Hfdbae2e8bd1d4442bc6b59b9efa61f9c1.jpg\" usemap=\"#1-82-18a-faf1\" class=\"magic-25\"><\/p>\n<map name=\"1-82-18a-faf1\">\n<area shape=\"rect\" coords=\"34,76,174,236\" href=\"https:\/\/brandique.en.alibaba.com\/productgrouplist-959544183\/Hot_Selling.html\" target=\"_blank\">\n<area shape=\"rect\" coords=\"211,73,356,237\" href=\"https:\/\/brandique.en.alibaba.com\/productgrouplist-958733089\/Facial_care.html\" target=\"_blank\">\n<area shape=\"rect\" coords=\"392,78,538,243\" href=\"https:\/\/brandique.en.alibaba.com\/productgrouplist-959942481\/Body_care.html\" target=\"_blank\">\n<area shape=\"rect\" coords=\"574,80,716,242\" href=\"https:\/\/brandique.en.alibaba.com\/productgrouplist-959693406\/Man_care.html\" target=\"_blank\">\n<area shape=\"rect\" coords=\"30,259,175,424\" href=\"https:\/\/brandique.en.alibaba.com\/productgrouplist-959587727\/Hair_care.html\" target=\"_blank\">\n<area shape=\"rect\" coords=\"205,259,363,424\" href=\"https:\/\/brandique.en.alibaba.com\/productgrouplist-958752229\/Essential_oil_series.html\" target=\"_blank\">\n<area shape=\"rect\" coords=\"390,261,542,426\" href=\"https:\/\/brandique.en.alibaba.com\/productgrouplist-959587728\/Exfoliating_series.html\" target=\"_blank\">\n<area shape=\"rect\" coords=\"566,256,722,430\" href=\"https:\/\/brandique.en.alibaba.com\/productgrouplist-959942482\/Skin_care_set.html\" target=\"_blank\"><\/map>\n<\/div>\n<\/div>\n<\/div>\n<\/div>\n<\/div>\n<\/div>\n<div module-id=\"47089244139\" module-title=\"detailSingleImage\" render=\"true\" class=\"J_module\">\n<div class=\"icbu-pc-images magic-0\">\n<div>\n<div class=\"flex-layout-v\">\n<div class=\"flex-layout-h magic-0\">\n<div class=\"magic-26\"><img decoding=\"async\" src=\"https:\/\/sc04.alicdn.com\/kf\/Hd586fdbc832d4668b69ff4245a0128d7C\/285696489\/Hd586fdbc832d4668b69ff4245a0128d7C.jpg\" data-src=\"\/\/sc04.alicdn.com\/kf\/Hd586fdbc832d4668b69ff4245a0128d7C\/285696489\/Hd586fdbc832d4668b69ff4245a0128d7C.jpg\" class=\"magic-27\"><\/div>\n<\/div>\n<\/div>\n<\/div>\n<\/div>\n<\/div>\n<div module-id=\"47089244140\" module-title=\"detailSingleImage\" render=\"true\" class=\"J_module\">\n<div class=\"icbu-pc-images magic-0\">\n<div>\n<div class=\"flex-layout-v\">\n<div class=\"flex-layout-h magic-0\">\n<div class=\"magic-28\"><img decoding=\"async\" src=\"https:\/\/sc04.alicdn.com\/kf\/H4472af331eeb43c3be5adf3298f12673G\/285696489\/H4472af331eeb43c3be5adf3298f12673G.jpg\" data-src=\"\/\/sc04.alicdn.com\/kf\/H4472af331eeb43c3be5adf3298f12673G\/285696489\/H4472af331eeb43c3be5adf3298f12673G.jpg\" class=\"magic-29\"><\/div>\n<\/div>\n<\/div>\n<\/div>\n<\/div>\n<\/div>\n<div module-id=\"47089244141\" module-title=\"detailSingleImage\" render=\"true\" class=\"J_module\">\n<div class=\"icbu-pc-images magic-0\">\n<div>\n<div class=\"flex-layout-v\">\n<div class=\"flex-layout-h magic-0\">\n<div class=\"magic-30\">\n<img decoding=\"async\" src=\"https:\/\/sc04.alicdn.com\/kf\/Hdb34e42c86e54a86932afaa4f2797e8ch\/285696489\/Hdb34e42c86e54a86932afaa4f2797e8ch.jpg\" data-src=\"\/\/sc04.alicdn.com\/kf\/Hdb34e42c86e54a86932afaa4f2797e8ch\/285696489\/Hdb34e42c86e54a86932afaa4f2797e8ch.jpg\" usemap=\"#0-aa-fd4-38be\" class=\"magic-31\"><\/p>\n<map name=\"0-aa-fd4-38be\">\n<area shape=\"rect\" coords=\"51,20,699,155\" href=\"https:\/\/brandique.en.alibaba.com\/contactinfo.html\" target=\"_blank\"><\/map>\n<\/div>\n<\/div>\n<\/div>\n<\/div>\n<\/div>\n<\/div>\n<div module-id=\"47089244142\" module-title=\"detailManyImage\" render=\"true\" class=\"J_module\">\n<div class=\"icbu-pc-detailManyImage magic-32\">\n<div class=\"magic-33\"><img decoding=\"async\" src=\"https:\/\/sc04.alicdn.com\/kf\/Hdaeaedf68c23468b9f779f4f90ece914R\/285696489\/Hdaeaedf68c23468b9f779f4f90ece914R.jpg\" data-src=\"\/\/sc04.alicdn.com\/kf\/Hdaeaedf68c23468b9f779f4f90ece914R\/285696489\/Hdaeaedf68c23468b9f779f4f90ece914R.jpg\" class=\"magic-34\"><\/div>\n<div class=\"magic-33\"><img decoding=\"async\" src=\"https:\/\/sc04.alicdn.com\/kf\/H21086ce6f05948c5896330d3c1d81b4eQ\/285696489\/H21086ce6f05948c5896330d3c1d81b4eQ.jpg\" data-src=\"\/\/sc04.alicdn.com\/kf\/H21086ce6f05948c5896330d3c1d81b4eQ\/285696489\/H21086ce6f05948c5896330d3c1d81b4eQ.jpg\" class=\"magic-34\"><\/div>\n<div class=\"magic-33\"><img decoding=\"async\" src=\"https:\/\/sc04.alicdn.com\/kf\/Hf852b54329f249e691d9b8faf0697e43E\/285696489\/Hf852b54329f249e691d9b8faf0697e43E.jpg\" data-src=\"\/\/sc04.alicdn.com\/kf\/Hf852b54329f249e691d9b8faf0697e43E\/285696489\/Hf852b54329f249e691d9b8faf0697e43E.jpg\" class=\"magic-34\"><\/div>\n<div class=\"magic-33\"><img decoding=\"async\" src=\"https:\/\/sc04.alicdn.com\/kf\/He24ef2ad27054ff0aec41d929cc89715U\/285696489\/He24ef2ad27054ff0aec41d929cc89715U.jpg\" data-src=\"\/\/sc04.alicdn.com\/kf\/He24ef2ad27054ff0aec41d929cc89715U\/285696489\/He24ef2ad27054ff0aec41d929cc89715U.jpg\" class=\"magic-34\"><\/div>\n<\/div>\n<\/div>\n<div module-id=\"47089244143\" module-title=\"detailSingleImage\" render=\"true\" class=\"J_module\">\n<div class=\"icbu-pc-images magic-0\">\n<div>\n<div class=\"flex-layout-v\">\n<div class=\"flex-layout-h magic-0\">\n<div class=\"magic-35\">\n<img decoding=\"async\" src=\"https:\/\/sc04.alicdn.com\/kf\/Hd407f2dd797046639b80eec9c797f638g\/285696489\/Hd407f2dd797046639b80eec9c797f638g.jpg\" data-src=\"\/\/sc04.alicdn.com\/kf\/Hd407f2dd797046639b80eec9c797f638g\/285696489\/Hd407f2dd797046639b80eec9c797f638g.jpg\" usemap=\"#0-a9-b0e-0414\" class=\"magic-36\"><\/p>\n<map name=\"0-a9-b0e-0414\">\n<area shape=\"rect\" coords=\"10,68,110,102\" href=\"https:\/\/brandique.en.alibaba.com\/\" target=\"_blank\">\n<area shape=\"rect\" coords=\"116,62,366,107\" href=\"https:\/\/brandique.en.alibaba.com\/productlist.html\" target=\"_blank\">\n<area shape=\"rect\" coords=\"373,62,600,105\" href=\"https:\/\/brandique.en.alibaba.com\/company_profile.html\" target=\"_blank\">\n<area shape=\"rect\" coords=\"612,54,735,112\" href=\"https:\/\/brandique.en.alibaba.com\/contactinfo.html\" target=\"_blank\"><\/map>\n<\/div>\n<\/div>\n<\/div>\n<\/div>\n<\/div>\n<\/div><\/div>","protected":false},"excerpt":{"rendered":"<p>Soothe Dry Scalp Angelica Sinensis Extract Deeply Nourish the Hair 100% Pure Rosemary Hair Growth Essential Oil FOR MEN &amp;<\/p>","protected":false},"featured_media":29255,"template":"","meta":[],"product_brand":[],"product_cat":[84],"product_tag":[],"class_list":{"0":"post-29254","1":"product","2":"type-product","3":"status-publish","4":"has-post-thumbnail","6":"product_cat-hair-care","8":"first","9":"instock","10":"shipping-taxable","11":"purchasable","12":"product-type-variable"},"_links":{"self":[{"href":"https:\/\/www.keying-cosmetics.com\/es\/wp-json\/wp\/v2\/product\/29254","targetHints":{"allow":["GET"]}}],"collection":[{"href":"https:\/\/www.keying-cosmetics.com\/es\/wp-json\/wp\/v2\/product"}],"about":[{"href":"https:\/\/www.keying-cosmetics.com\/es\/wp-json\/wp\/v2\/types\/product"}],"wp:featuredmedia":[{"embeddable":true,"href":"https:\/\/www.keying-cosmetics.com\/es\/wp-json\/wp\/v2\/media\/29255"}],"wp:attachment":[{"href":"https:\/\/www.keying-cosmetics.com\/es\/wp-json\/wp\/v2\/media?parent=29254"}],"wp:term":[{"taxonomy":"product_brand","embeddable":true,"href":"https:\/\/www.keying-cosmetics.com\/es\/wp-json\/wp\/v2\/product_brand?post=29254"},{"taxonomy":"product_cat","embeddable":true,"href":"https:\/\/www.keying-cosmetics.com\/es\/wp-json\/wp\/v2\/product_cat?post=29254"},{"taxonomy":"product_tag","embeddable":true,"href":"https:\/\/www.keying-cosmetics.com\/es\/wp-json\/wp\/v2\/product_tag?post=29254"}],"curies":[{"name":"wp","href":"https:\/\/api.w.org\/{rel}","templated":true}]}}