{"id":29183,"date":"2026-02-25T09:00:40","date_gmt":"2026-02-25T01:00:40","guid":{"rendered":"https:\/\/www.keying-cosmetics.com\/product\/private-label-vitamin-c-whitening-lotion-shea-butter-papaya-extract-perfume-papaya-body-lotion\/"},"modified":"2026-02-25T09:03:24","modified_gmt":"2026-02-25T01:03:24","slug":"private-label-vitamin-c-whitening-lotion-shea-butter-papaya-extract-perfume-papaya-body-lotion","status":"publish","type":"product","link":"https:\/\/www.keying-cosmetics.com\/es\/producto\/private-label-vitamin-c-whitening-lotion-shea-butter-papaya-extract-perfume-papaya-body-lotion\/","title":{"rendered":"Loci\u00f3n blanqueadora con vitamina C de marca propia, manteca de karit\u00e9, extracto de papaya, perfume, loci\u00f3n corporal de papaya."},"content":{"rendered":"","protected":false},"excerpt":{"rendered":"","protected":false},"featured_media":29185,"template":"","meta":[],"product_brand":[],"product_cat":[79],"product_tag":[],"class_list":{"0":"post-29183","1":"product","2":"type-product","3":"status-publish","4":"has-post-thumbnail","6":"product_cat-boby-care","8":"first","9":"instock","10":"shipping-taxable","11":"purchasable","12":"product-type-variable"},"_links":{"self":[{"href":"https:\/\/www.keying-cosmetics.com\/es\/wp-json\/wp\/v2\/product\/29183","targetHints":{"allow":["GET"]}}],"collection":[{"href":"https:\/\/www.keying-cosmetics.com\/es\/wp-json\/wp\/v2\/product"}],"about":[{"href":"https:\/\/www.keying-cosmetics.com\/es\/wp-json\/wp\/v2\/types\/product"}],"wp:featuredmedia":[{"embeddable":true,"href":"https:\/\/www.keying-cosmetics.com\/es\/wp-json\/wp\/v2\/media\/29185"}],"wp:attachment":[{"href":"https:\/\/www.keying-cosmetics.com\/es\/wp-json\/wp\/v2\/media?parent=29183"}],"wp:term":[{"taxonomy":"product_brand","embeddable":true,"href":"https:\/\/www.keying-cosmetics.com\/es\/wp-json\/wp\/v2\/product_brand?post=29183"},{"taxonomy":"product_cat","embeddable":true,"href":"https:\/\/www.keying-cosmetics.com\/es\/wp-json\/wp\/v2\/product_cat?post=29183"},{"taxonomy":"product_tag","embeddable":true,"href":"https:\/\/www.keying-cosmetics.com\/es\/wp-json\/wp\/v2\/product_tag?post=29183"}],"curies":[{"name":"wp","href":"https:\/\/api.w.org\/{rel}","templated":true}]}}