{"id":29135,"date":"2026-02-25T08:49:28","date_gmt":"2026-02-25T00:49:28","guid":{"rendered":"https:\/\/www.keying-cosmetics.com\/product\/wholesale-private-label-remove-eye-lines-collagen-gel-eye-mask-hydrating-moisturizing-anti-aging-collagen-gel-eye-patches\/"},"modified":"2026-02-25T08:50:01","modified_gmt":"2026-02-25T00:50:01","slug":"wholesale-private-label-remove-eye-lines-collagen-gel-eye-mask-hydrating-moisturizing-anti-aging-collagen-gel-eye-patches","status":"publish","type":"product","link":"https:\/\/www.keying-cosmetics.com\/es\/producto\/wholesale-private-label-remove-eye-lines-collagen-gel-eye-mask-hydrating-moisturizing-anti-aging-collagen-gel-eye-patches\/","title":{"rendered":"Mascarilla de gel de col\u00e1geno para ojos, hidratante y antiedad, para eliminar las l\u00edneas de expresi\u00f3n."},"content":{"rendered":"","protected":false},"excerpt":{"rendered":"","protected":false},"featured_media":29136,"template":"","meta":[],"product_brand":[],"product_cat":[81],"product_tag":[],"class_list":{"0":"post-29135","1":"product","2":"type-product","3":"status-publish","4":"has-post-thumbnail","6":"product_cat-face-care","8":"first","9":"instock","10":"shipping-taxable","11":"purchasable","12":"product-type-variable"},"_links":{"self":[{"href":"https:\/\/www.keying-cosmetics.com\/es\/wp-json\/wp\/v2\/product\/29135","targetHints":{"allow":["GET"]}}],"collection":[{"href":"https:\/\/www.keying-cosmetics.com\/es\/wp-json\/wp\/v2\/product"}],"about":[{"href":"https:\/\/www.keying-cosmetics.com\/es\/wp-json\/wp\/v2\/types\/product"}],"wp:featuredmedia":[{"embeddable":true,"href":"https:\/\/www.keying-cosmetics.com\/es\/wp-json\/wp\/v2\/media\/29136"}],"wp:attachment":[{"href":"https:\/\/www.keying-cosmetics.com\/es\/wp-json\/wp\/v2\/media?parent=29135"}],"wp:term":[{"taxonomy":"product_brand","embeddable":true,"href":"https:\/\/www.keying-cosmetics.com\/es\/wp-json\/wp\/v2\/product_brand?post=29135"},{"taxonomy":"product_cat","embeddable":true,"href":"https:\/\/www.keying-cosmetics.com\/es\/wp-json\/wp\/v2\/product_cat?post=29135"},{"taxonomy":"product_tag","embeddable":true,"href":"https:\/\/www.keying-cosmetics.com\/es\/wp-json\/wp\/v2\/product_tag?post=29135"}],"curies":[{"name":"wp","href":"https:\/\/api.w.org\/{rel}","templated":true}]}}