{"id":29108,"date":"2026-01-16T11:07:26","date_gmt":"2026-01-16T03:07:26","guid":{"rendered":"https:\/\/www.keying-cosmetics.com\/product\/soothing-repair-niacinamide-multiple-collagen-face-cream-glutathione-vitamin-c-moisturizing-face-brightening-cream\/"},"modified":"2026-01-16T11:52:17","modified_gmt":"2026-01-16T03:52:17","slug":"soothing-repair-niacinamide-multiple-collagen-face-cream-glutathione-vitamin-c-moisturizing-face-brightening-cream","status":"publish","type":"product","link":"https:\/\/www.keying-cosmetics.com\/es\/producto\/soothing-repair-niacinamide-multiple-collagen-face-cream-glutathione-vitamin-c-moisturizing-face-brightening-cream\/","title":{"rendered":"Crema facial calmante reparadora con niacinamida y col\u00e1geno m\u00faltiple, glutati\u00f3n y vitamina C, hidratante e iluminadora."},"content":{"rendered":"<p><a href=\"https:\/\/www.alibaba.com\/product-detail\/Soothing-Repair-Niacinamide-Multiple-Collagen-Face_1601618476502.html\" target=\"_blank\" rel=\"noopener\">https:\/\/www.alibaba.com\/product-detail\/Soothing-Repair-Niacinamide-Multiple-Collagen-Face_1601618476502.html<\/a><\/p>\n<h1 title=\"Crema facial calmante reparadora con niacinamida y col\u00e1geno m\u00faltiple, glutati\u00f3n y vitamina C, hidratante e iluminadora.\">Crema facial calmante reparadora con niacinamida y col\u00e1geno m\u00faltiple, glutati\u00f3n y vitamina C, hidratante e iluminadora.<\/h1>\n<div class=\"id-text-[#222] id-font-inter id-text-lg id-font-medium id-font-normal id-flex id-font-medium\" data-testid=\"product-detail-text-sort\"><span class=\"id-ml-2 id-whitespace-pre-line\" data-spm-anchor-id=\"a2700.details.0.i114.218b119e1qON9N\">Antioxidante de escualeno: Protege la piel de los radicales libres para una tez m\u00e1s suave.<\/span><\/div>\n<div class=\"id-text-[#222] id-font-inter id-text-lg id-font-medium id-font-normal id-flex id-font-medium\" data-testid=\"product-detail-text-sort\">\n<div class=\"id-w-1 id-h-1 id-rounded-full id-bg-[#000000D9] id-flex-shrink-0 id-flex-grow-0 id-mt-[8px]\"><\/div>\n<p><span class=\"id-ml-2 id-whitespace-pre-line\">Blanqueamiento con glutati\u00f3n: Reduce las manchas oscuras e ilumina el tono de la piel.<\/span><\/p>\n<\/div>\n<div class=\"id-text-[#222] id-font-inter id-text-lg id-font-medium id-font-normal id-flex id-font-medium\" data-testid=\"product-detail-text-sort\">\n<div class=\"id-w-1 id-h-1 id-rounded-full id-bg-[#000000D9] id-flex-shrink-0 id-flex-grow-0 id-mt-[8px]\"><\/div>\n<p><span class=\"id-ml-2 id-whitespace-pre-line\">Reparaci\u00f3n con niacinamida: Fortalece la barrera cut\u00e1nea y calma la irritaci\u00f3n.<\/span><\/p>\n<\/div>\n<div class=\"id-text-[#222] id-font-inter id-text-lg id-font-medium id-font-normal id-flex id-font-medium\" data-testid=\"product-detail-text-sort\">\n<div class=\"id-w-1 id-h-1 id-rounded-full id-bg-[#000000D9] id-flex-shrink-0 id-flex-grow-0 id-mt-[8px]\"><\/div>\n<p><span class=\"id-ml-2 id-whitespace-pre-line\">Hidratante con vitamina C: Hidrata profundamente y mejora la elasticidad de la piel.<\/span><\/p>\n<\/div>\n<div class=\"id-text-[#222] id-font-inter id-text-lg id-font-medium id-font-normal id-flex id-font-medium\" data-testid=\"product-detail-text-sort\">\n<div class=\"id-w-1 id-h-1 id-rounded-full id-bg-[#000000D9] id-flex-shrink-0 id-flex-grow-0 id-mt-[8px]\"><\/div>\n<p><span class=\"id-ml-2 id-whitespace-pre-line\">Crema multifuncional: apta para todo tipo de piel y para uso diario.<\/span><\/p>\n<\/div>\n<div class=\"id-text-[#222] id-font-inter id-text-lg id-font-medium id-font-normal id-flex id-font-medium\" data-testid=\"product-detail-text-sort\">\n<div class=\"id-w-1 id-h-1 id-rounded-full id-bg-[#000000D9] id-flex-shrink-0 id-flex-grow-0 id-mt-[8px]\"><\/div>\n<p><span class=\"id-ml-2 id-whitespace-pre-line\">crema hidratante facial, crema de col\u00e1geno, crema blanqueadora de la piel, crema para eliminar manchas oscuras<\/span><\/p>\n<\/div>\n<div data-testid=\"product-detail-text-sort\"><\/div>\n<div data-testid=\"product-detail-text-sort\">\n<div class=\"id-flex id-justify-between id-items-center id-text-[#222] id-font-inter id-font-bold id-text-[32px] id-leader-[42px] id-mb-[28px]\" data-testid=\"product-detail-title\"><span class=\"id-relative\" data-spm-anchor-id=\"a2700.details.0.i118.218b119e1qON9N\">Acerca de este proveedor<\/span><\/div>\n<div class=\"id-text-[#666] id-font-inter id-text-lg id-font-medium id-whitespace-pre-line\" data-testid=\"product-detail-text\" data-spm-anchor-id=\"a2700.details.0.i117.218b119e1qON9N\">Guangzhou Brandique Biotechnology Co., Ltd. es una empresa nacional de alta tecnolog\u00eda especializada en OEM\/ODM\/OBM, que integra I+D, producci\u00f3n e incubaci\u00f3n de marcas de productos para el cuidado de la piel con nanotecnolog\u00eda vegetal para el control de la grasa. Opera una base inteligente de I+D y producci\u00f3n en Qingyuan, con m\u00e1s de 4000 f\u00f3rmulas consolidadas y 60 patentes. La empresa cuenta con las certificaciones GMPC, ISO22716, ISO13485 y Alibaba, lo que garantiza el cumplimiento de los est\u00e1ndares de calidad.<\/div>\n<\/div>","protected":false},"excerpt":{"rendered":"<h1 title=\"Crema facial calmante reparadora con niacinamida y col\u00e1geno m\u00faltiple, glutati\u00f3n y vitamina C, hidratante e iluminadora.\">Crema facial calmante reparadora con niacinamida y col\u00e1geno m\u00faltiple, glutati\u00f3n y vitamina C, hidratante e iluminadora.<\/h1>\n<div class=\"id-text-[#222] id-font-inter id-text-lg id-font-medium id-font-normal id-flex id-font-medium\" data-testid=\"product-detail-text-sort\"><span class=\"id-ml-2 id-whitespace-pre-line\" data-spm-anchor-id=\"a2700.details.0.i114.218b119e1qON9N\">Antioxidante de escualeno: Protege la piel de los radicales libres para una tez m\u00e1s suave.<\/span><\/div>\n<div class=\"id-text-[#222] id-font-inter id-text-lg id-font-medium id-font-normal id-flex id-font-medium\" data-testid=\"product-detail-text-sort\">\n<div class=\"id-w-1 id-h-1 id-rounded-full id-bg-[#000000D9] id-flex-shrink-0 id-flex-grow-0 id-mt-[8px]\"><\/div>\n<p><span class=\"id-ml-2 id-whitespace-pre-line\">Blanqueamiento con glutati\u00f3n: Reduce las manchas oscuras e ilumina el tono de la piel.<\/span><\/p>\n<\/div>\n<div class=\"id-text-[#222] id-font-inter id-text-lg id-font-medium id-font-normal id-flex id-font-medium\" data-testid=\"product-detail-text-sort\">\n<div class=\"id-w-1 id-h-1 id-rounded-full id-bg-[#000000D9] id-flex-shrink-0 id-flex-grow-0 id-mt-[8px]\"><\/div>\n<p><span class=\"id-ml-2 id-whitespace-pre-line\">Reparaci\u00f3n con niacinamida: Fortalece la barrera cut\u00e1nea y calma la irritaci\u00f3n.<\/span><\/p>\n<\/div>\n<div class=\"id-text-[#222] id-font-inter id-text-lg id-font-medium id-font-normal id-flex id-font-medium\" data-testid=\"product-detail-text-sort\">\n<div class=\"id-w-1 id-h-1 id-rounded-full id-bg-[#000000D9] id-flex-shrink-0 id-flex-grow-0 id-mt-[8px]\"><\/div>\n<p><span class=\"id-ml-2 id-whitespace-pre-line\">Hidratante con vitamina C: Hidrata profundamente y mejora la elasticidad de la piel.<\/span><\/p>\n<\/div>\n<div class=\"id-text-[#222] id-font-inter id-text-lg id-font-medium id-font-normal id-flex id-font-medium\" data-testid=\"product-detail-text-sort\">\n<div class=\"id-w-1 id-h-1 id-rounded-full id-bg-[#000000D9] id-flex-shrink-0 id-flex-grow-0 id-mt-[8px]\"><\/div>\n<p><span class=\"id-ml-2 id-whitespace-pre-line\">Crema multifuncional: apta para todo tipo de piel y para uso diario.<\/span><\/p>\n<\/div>\n<div class=\"id-text-[#222] id-font-inter id-text-lg id-font-medium id-font-normal id-flex id-font-medium\" data-testid=\"product-detail-text-sort\">\n<div class=\"id-w-1 id-h-1 id-rounded-full id-bg-[#000000D9] id-flex-shrink-0 id-flex-grow-0 id-mt-[8px]\"><\/div>\n<p><span class=\"id-ml-2 id-whitespace-pre-line\">crema hidratante facial, crema de col\u00e1geno, crema blanqueadora de la piel, crema para eliminar manchas oscuras<\/span><\/p>\n<\/div>","protected":false},"featured_media":29109,"template":"","meta":[],"product_brand":[],"product_cat":[81],"product_tag":[],"class_list":{"0":"post-29108","1":"product","2":"type-product","3":"status-publish","4":"has-post-thumbnail","6":"product_cat-face-care","8":"first","9":"instock","10":"shipping-taxable","11":"purchasable","12":"product-type-variable"},"_links":{"self":[{"href":"https:\/\/www.keying-cosmetics.com\/es\/wp-json\/wp\/v2\/product\/29108","targetHints":{"allow":["GET"]}}],"collection":[{"href":"https:\/\/www.keying-cosmetics.com\/es\/wp-json\/wp\/v2\/product"}],"about":[{"href":"https:\/\/www.keying-cosmetics.com\/es\/wp-json\/wp\/v2\/types\/product"}],"wp:featuredmedia":[{"embeddable":true,"href":"https:\/\/www.keying-cosmetics.com\/es\/wp-json\/wp\/v2\/media\/29109"}],"wp:attachment":[{"href":"https:\/\/www.keying-cosmetics.com\/es\/wp-json\/wp\/v2\/media?parent=29108"}],"wp:term":[{"taxonomy":"product_brand","embeddable":true,"href":"https:\/\/www.keying-cosmetics.com\/es\/wp-json\/wp\/v2\/product_brand?post=29108"},{"taxonomy":"product_cat","embeddable":true,"href":"https:\/\/www.keying-cosmetics.com\/es\/wp-json\/wp\/v2\/product_cat?post=29108"},{"taxonomy":"product_tag","embeddable":true,"href":"https:\/\/www.keying-cosmetics.com\/es\/wp-json\/wp\/v2\/product_tag?post=29108"}],"curies":[{"name":"wp","href":"https:\/\/api.w.org\/{rel}","templated":true}]}}