{"id":29096,"date":"2026-01-16T11:06:11","date_gmt":"2026-01-16T03:06:11","guid":{"rendered":"https:\/\/www.keying-cosmetics.com\/product\/organic-arbutin-glutathione-collagen-whitening-cream-repair-brightening-deep-vitamin-moisturizing-face-cream\/"},"modified":"2026-01-16T13:42:07","modified_gmt":"2026-01-16T05:42:07","slug":"organic-arbutin-glutathione-collagen-whitening-cream-repair-brightening-deep-vitamin-moisturizing-face-cream","status":"publish","type":"product","link":"https:\/\/www.keying-cosmetics.com\/es\/producto\/organic-arbutin-glutathione-collagen-whitening-cream-repair-brightening-deep-vitamin-moisturizing-face-cream\/","title":{"rendered":"Crema facial blanqueadora, reparadora, iluminadora e hidratante con vitaminas, con arbutina org\u00e1nica, glutati\u00f3n y col\u00e1geno."},"content":{"rendered":"<div data-testid=\"product-detail-text-sort\">Crema facial blanqueadora, reparadora, iluminadora e hidratante con vitaminas, con arbutina org\u00e1nica, glutati\u00f3n y col\u00e1geno.<\/div>\n<div class=\"id-text-[#222] id-font-inter id-text-lg id-font-medium id-font-normal id-flex id-font-medium\" data-testid=\"product-detail-text-sort\"><span class=\"id-ml-2 id-whitespace-pre-line\" data-spm-anchor-id=\"a2700.details.0.i116.13047b27VPI67W\">Antiarrugas: Reduce las l\u00edneas de expresi\u00f3n y las arrugas para una piel m\u00e1s suave.<\/span><\/div>\n<div class=\"id-text-[#222] id-font-inter id-text-lg id-font-medium id-font-normal id-flex id-font-medium\" data-testid=\"product-detail-text-sort\">\n<div class=\"id-w-1 id-h-1 id-rounded-full id-bg-[#000000D9] id-flex-shrink-0 id-flex-grow-0 id-mt-[8px]\"><\/div>\n<p><span class=\"id-ml-2 id-whitespace-pre-line\">Blanqueador e iluminador: Mejora el tono y la luminosidad de la piel con ingredientes naturales.<\/span><\/div>\n<div class=\"id-text-[#222] id-font-inter id-text-lg id-font-medium id-font-normal id-flex id-font-medium\" data-testid=\"product-detail-text-sort\">\n<div class=\"id-w-1 id-h-1 id-rounded-full id-bg-[#000000D9] id-flex-shrink-0 id-flex-grow-0 id-mt-[8px]\"><\/div>\n<p><span class=\"id-ml-2 id-whitespace-pre-line\">Hidratante: Hidrata y nutre la piel para una sensaci\u00f3n suave y flexible.<\/span><\/div>\n<div class=\"id-text-[#222] id-font-inter id-text-lg id-font-medium id-font-normal id-flex id-font-medium\" data-testid=\"product-detail-text-sort\">\n<div class=\"id-w-1 id-h-1 id-rounded-full id-bg-[#000000D9] id-flex-shrink-0 id-flex-grow-0 id-mt-[8px]\"><\/div>\n<p><span class=\"id-ml-2 id-whitespace-pre-line\">Derivados de la vitamina C: Estimulan la producci\u00f3n de col\u00e1geno para una apariencia juvenil.<\/span><\/div>\n<div class=\"id-text-[#222] id-font-inter id-text-lg id-font-medium id-font-normal id-flex id-font-medium\" data-testid=\"product-detail-text-sort\">\n<div class=\"id-w-1 id-h-1 id-rounded-full id-bg-[#000000D9] id-flex-shrink-0 id-flex-grow-0 id-mt-[8px]\"><\/div>\n<p><span class=\"id-ml-2 id-whitespace-pre-line\">Niacinamida: Ayuda a reparar la barrera cut\u00e1nea y a reducir el enrojecimiento.<\/span><\/div>\n<div class=\"id-text-[#222] id-font-inter id-text-lg id-font-medium id-font-normal id-flex id-font-medium\" data-testid=\"product-detail-text-sort\">\n<div class=\"id-w-1 id-h-1 id-rounded-full id-bg-[#000000D9] id-flex-shrink-0 id-flex-grow-0 id-mt-[8px]\"><\/div>\n<p><span class=\"id-ml-2 id-whitespace-pre-line\">crema blanqueadora de la piel, crema para eliminar manchas oscuras, crema facial de col\u00e1geno<\/span><\/div>\n<div data-testid=\"product-detail-text-sort\"><\/div>\n<div data-testid=\"product-detail-text-sort\">\n<div class=\"id-flex id-justify-between id-items-center id-text-[#222] id-font-inter id-font-bold id-text-[32px] id-leader-[42px] id-mb-[28px]\" data-testid=\"product-detail-title\"><span class=\"id-relative\">Acerca de este proveedor<\/span><\/div>\n<div class=\"id-text-[#666] id-font-inter id-text-lg id-font-medium id-whitespace-pre-line\" data-testid=\"product-detail-text\">Guangzhou Brandique Biotechnology Co., Ltd. es una empresa nacional de alta tecnolog\u00eda especializada en OEM\/ODM\/OBM, que integra I+D, producci\u00f3n e incubaci\u00f3n de marcas de productos para el cuidado de la piel con nanotecnolog\u00eda vegetal para el control de la grasa. Opera una base inteligente de I+D y producci\u00f3n en Qingyuan, con m\u00e1s de 4000 f\u00f3rmulas consolidadas y 60 patentes. La empresa cuenta con las certificaciones GMPC, ISO22716, ISO13485 y Alibaba, lo que garantiza el cumplimiento de los est\u00e1ndares de calidad.<\/div>\n<\/div>","protected":false},"excerpt":{"rendered":"<div data-testid=\"product-detail-text-sort\">Crema facial blanqueadora, reparadora, iluminadora e hidratante con vitaminas, con arbutina org\u00e1nica, glutati\u00f3n y col\u00e1geno.<\/div>\n<div class=\"id-text-[#222] id-font-inter id-text-lg id-font-medium id-font-normal id-flex id-font-medium\" data-testid=\"product-detail-text-sort\"><span class=\"id-ml-2 id-whitespace-pre-line\" data-spm-anchor-id=\"a2700.details.0.i116.13047b27VPI67W\">Antiarrugas: Reduce las l\u00edneas de expresi\u00f3n y las arrugas para una piel m\u00e1s suave.<\/span><\/div>\n<div class=\"id-text-[#222] id-font-inter id-text-lg id-font-medium id-font-normal id-flex id-font-medium\" data-testid=\"product-detail-text-sort\">\n<div class=\"id-w-1 id-h-1 id-rounded-full id-bg-[#000000D9] id-flex-shrink-0 id-flex-grow-0 id-mt-[8px]\"><\/div>\n<p><span class=\"id-ml-2 id-whitespace-pre-line\">Blanqueador e iluminador: Mejora el tono y la luminosidad de la piel con ingredientes naturales.<\/span><\/div>\n<div class=\"id-text-[#222] id-font-inter id-text-lg id-font-medium id-font-normal id-flex id-font-medium\" data-testid=\"product-detail-text-sort\">\n<div class=\"id-w-1 id-h-1 id-rounded-full id-bg-[#000000D9] id-flex-shrink-0 id-flex-grow-0 id-mt-[8px]\"><\/div>\n<p><span class=\"id-ml-2 id-whitespace-pre-line\">Hidratante: Hidrata y nutre la piel para una sensaci\u00f3n suave y flexible.<\/span><\/div>\n<div class=\"id-text-[#222] id-font-inter id-text-lg id-font-medium id-font-normal id-flex id-font-medium\" data-testid=\"product-detail-text-sort\">\n<div class=\"id-w-1 id-h-1 id-rounded-full id-bg-[#000000D9] id-flex-shrink-0 id-flex-grow-0 id-mt-[8px]\"><\/div>\n<p><span class=\"id-ml-2 id-whitespace-pre-line\">Derivados de la vitamina C: Estimulan la producci\u00f3n de col\u00e1geno para una apariencia juvenil.<\/span><\/div>\n<div class=\"id-text-[#222] id-font-inter id-text-lg id-font-medium id-font-normal id-flex id-font-medium\" data-testid=\"product-detail-text-sort\">\n<div class=\"id-w-1 id-h-1 id-rounded-full id-bg-[#000000D9] id-flex-shrink-0 id-flex-grow-0 id-mt-[8px]\"><\/div>\n<p><span class=\"id-ml-2 id-whitespace-pre-line\">Niacinamida: Ayuda a reparar la barrera cut\u00e1nea y a reducir el enrojecimiento.<\/span><\/div>\n<div class=\"id-text-[#222] id-font-inter id-text-lg id-font-medium id-font-normal id-flex id-font-medium\" data-testid=\"product-detail-text-sort\">\n<div class=\"id-w-1 id-h-1 id-rounded-full id-bg-[#000000D9] id-flex-shrink-0 id-flex-grow-0 id-mt-[8px]\"><\/div>\n<p><span class=\"id-ml-2 id-whitespace-pre-line\">crema blanqueadora de la piel, crema para eliminar manchas oscuras, crema facial de col\u00e1geno<\/span><\/div>\n<div data-testid=\"product-detail-text-sort\"><\/div>\n<div data-testid=\"product-detail-text-sort\">\n<div class=\"id-flex id-justify-between id-items-center id-text-[#222] id-font-inter id-font-bold id-text-[32px] id-leader-[42px] id-mb-[28px]\" data-testid=\"product-detail-title\"><span class=\"id-relative\">Preguntas frecuentes<\/span><\/div>\n<div class=\"id-rounded-md id-pl-[12px] id-pr-[12px] id-bg-[#F8F8F8]\" data-testid=\"product-detail-qa\">\n<div class=\"id-flex id-pt-[12px] id-pb-[12px] id-flex-col id-gap-[6px] id-border-b id-border-[#ddd] id-border-b-[0.5px]\">\n<div class=\"id-flex id-gap-[8px]\"><span class=\"id-text-[#222] id-font-inter id-font-bold id-text-xl\">\u00bfC\u00f3mo elaborar productos de marca propia o productos privados?<\/span><\/div>\n<div class=\"id-flex id-gap-[8px]\"><span class=\"id-text-[#222] id-font-inter id-font-normal id-whitespace-pre-line id-text-lg\">Somos una f\u00e1brica OEM\/ODM, nuestro objetivo es fabricar o desarrollar su propia f\u00f3rmula y su propio producto de acuerdo con la l\u00ednea de NDA y reglas de no competencia. Adem\u00e1s, estamos encantados de realizar embalajes personalizados.<\/span><\/div>\n<\/div>\n<div class=\"id-flex id-pt-[12px] id-pb-[12px] id-flex-col id-gap-[6px] id-border-b id-border-[#ddd] id-border-b-[0.5px]\">\n<div class=\"id-flex id-gap-[8px]\"><span class=\"id-text-[#222] id-font-inter id-font-bold id-text-xl\">\u00bfSu producto tiene alg\u00fan certificado autorizado por las autoridades?<\/span><\/div>\n<div class=\"id-flex id-gap-[8px]\"><span class=\"id-text-[#222] id-font-inter id-font-normal id-whitespace-pre-line id-text-lg\">GMPC, ISO 22716 Buenas Pr\u00e1cticas de Fabricaci\u00f3n de Cosm\u00e9ticos, certificaci\u00f3n SA:8000, auditor\u00edas de responsabilidad social corporativa (Sedex, SGS, TUV, ITS, BV), CPSR, TRAZ y pruebas dermatol\u00f3gicas. Ausmetics puede proporcionar documentos de control de calidad como hojas de datos de seguridad (MSDS), COAZ e informes de pruebas para sus clientes.<\/span><\/div>\n<\/div>\n<div class=\"id-flex id-pt-[12px] id-pb-[12px] id-flex-col id-gap-[6px] id-border-b id-border-[#ddd] id-border-b-[0.5px]\">\n<div class=\"id-flex id-gap-[8px]\"><span class=\"id-text-[#222] id-font-inter id-font-bold id-text-xl\">\u00bfC\u00f3mo puedo conocer el proceso de producci\u00f3n de mi pedido?<\/span><\/div>\n<div class=\"id-flex id-gap-[8px]\"><span class=\"id-text-[#222] id-font-inter id-font-normal id-whitespace-pre-line id-text-lg\">Contaremos con un departamento profesional y una persona especial para dar seguimiento a su pedido y brindarle comentarios sobre el proceso de producci\u00f3n, el tiempo de entrega y otros detalles del pedido en cualquier momento.<\/span><\/div>\n<\/div>\n<div class=\"id-flex id-pt-[12px] id-pb-[12px] id-flex-col id-gap-[6px]\">\n<div class=\"id-flex id-gap-[8px]\"><span class=\"id-text-[#222] id-font-inter id-font-bold id-text-xl\">\u00bfC\u00f3mo puedo obtener la muestra?<\/span><\/div>\n<div class=\"id-flex id-gap-[8px]\"><span class=\"id-text-[#222] id-font-inter id-font-normal id-whitespace-pre-line id-text-lg\">En algunos casos se cobrar\u00e1 una tarifa por la muestra. Si el cobro de la muestra se debe a la personalizaci\u00f3n, se reembolsar\u00e1 en la producci\u00f3n en masa.<\/span><\/div>\n<\/div>\n<\/div>\n<\/div>","protected":false},"featured_media":29098,"template":"","meta":[],"product_brand":[],"product_cat":[81],"product_tag":[],"class_list":{"0":"post-29096","1":"product","2":"type-product","3":"status-publish","4":"has-post-thumbnail","6":"product_cat-face-care","8":"first","9":"instock","10":"shipping-taxable","11":"purchasable","12":"product-type-variable"},"_links":{"self":[{"href":"https:\/\/www.keying-cosmetics.com\/es\/wp-json\/wp\/v2\/product\/29096","targetHints":{"allow":["GET"]}}],"collection":[{"href":"https:\/\/www.keying-cosmetics.com\/es\/wp-json\/wp\/v2\/product"}],"about":[{"href":"https:\/\/www.keying-cosmetics.com\/es\/wp-json\/wp\/v2\/types\/product"}],"wp:featuredmedia":[{"embeddable":true,"href":"https:\/\/www.keying-cosmetics.com\/es\/wp-json\/wp\/v2\/media\/29098"}],"wp:attachment":[{"href":"https:\/\/www.keying-cosmetics.com\/es\/wp-json\/wp\/v2\/media?parent=29096"}],"wp:term":[{"taxonomy":"product_brand","embeddable":true,"href":"https:\/\/www.keying-cosmetics.com\/es\/wp-json\/wp\/v2\/product_brand?post=29096"},{"taxonomy":"product_cat","embeddable":true,"href":"https:\/\/www.keying-cosmetics.com\/es\/wp-json\/wp\/v2\/product_cat?post=29096"},{"taxonomy":"product_tag","embeddable":true,"href":"https:\/\/www.keying-cosmetics.com\/es\/wp-json\/wp\/v2\/product_tag?post=29096"}],"curies":[{"name":"wp","href":"https:\/\/api.w.org\/{rel}","templated":true}]}}