{"id":29090,"date":"2026-01-16T11:06:00","date_gmt":"2026-01-16T03:06:00","guid":{"rendered":"https:\/\/www.keying-cosmetics.com\/product\/factory-direct-custom-organic-biological-collagen-hydrogel-deep-anti-aging-firming-facial-mask\/"},"modified":"2026-01-16T13:53:09","modified_gmt":"2026-01-16T05:53:09","slug":"factory-direct-custom-organic-biological-collagen-hydrogel-deep-anti-aging-firming-facial-mask","status":"publish","type":"product","link":"https:\/\/www.keying-cosmetics.com\/es\/producto\/factory-direct-custom-organic-biological-collagen-hydrogel-deep-anti-aging-firming-facial-mask\/","title":{"rendered":"Mascarilla facial reafirmante antiedad profunda con hidrogel de col\u00e1geno biol\u00f3gico org\u00e1nico, personalizada y directa de f\u00e1brica."},"content":{"rendered":"<h1 title=\"Mascarilla facial reafirmante antiedad profunda con hidrogel de col\u00e1geno biol\u00f3gico org\u00e1nico, personalizada y directa de f\u00e1brica.\">Mascarilla facial reafirmante antiedad profunda con hidrogel de col\u00e1geno biol\u00f3gico org\u00e1nico, personalizada y directa de f\u00e1brica.<\/h1>\n<div class=\"id-text-[#222] id-font-inter id-text-lg id-font-medium id-font-normal id-flex id-font-medium\" data-testid=\"product-detail-text-sort\"><span class=\"id-ml-2 id-whitespace-pre-line\">Biological Collagen: Boosts skin firmness and hydration.<\/span><\/div>\n<div class=\"id-text-[#222] id-font-inter id-text-lg id-font-medium id-font-normal id-flex id-font-medium\" data-testid=\"product-detail-text-sort\">\n<div class=\"id-w-1 id-h-1 id-rounded-full id-bg-[#000000D9] id-flex-shrink-0 id-flex-grow-0 id-mt-[8px]\"><\/div>\n<p><span class=\"id-ml-2 id-whitespace-pre-line\">Deep Hydration: Hyaluronic Acid locks in moisture.<\/span><\/p>\n<\/div>\n<div class=\"id-text-[#222] id-font-inter id-text-lg id-font-medium id-font-normal id-flex id-font-medium\" data-testid=\"product-detail-text-sort\">\n<div class=\"id-w-1 id-h-1 id-rounded-full id-bg-[#000000D9] id-flex-shrink-0 id-flex-grow-0 id-mt-[8px]\"><\/div>\n<p><span class=\"id-ml-2 id-whitespace-pre-line\">Anti-Aging: Niacinamide and Bosine reduce wrinkles.<\/span><\/p>\n<\/div>\n<div class=\"id-text-[#222] id-font-inter id-text-lg id-font-medium id-font-normal id-flex id-font-medium\" data-testid=\"product-detail-text-sort\">\n<div class=\"id-w-1 id-h-1 id-rounded-full id-bg-[#000000D9] id-flex-shrink-0 id-flex-grow-0 id-mt-[8px]\"><\/div>\n<p><span class=\"id-ml-2 id-whitespace-pre-line\">Whitening Effect: Pomegranate Extract brightens skin tone.<\/span><\/p>\n<\/div>\n<div class=\"id-text-[#222] id-font-inter id-text-lg id-font-medium id-font-normal id-flex id-font-medium\" data-testid=\"product-detail-text-sort\">\n<div class=\"id-w-1 id-h-1 id-rounded-full id-bg-[#000000D9] id-flex-shrink-0 id-flex-grow-0 id-mt-[8px]\"><\/div>\n<p><span class=\"id-ml-2 id-whitespace-pre-line\">Korean Formula: Proven Korean skincare ingredients for optimal results.<\/span><\/p>\n<\/div>\n<div class=\"id-text-[#222] id-font-inter id-text-lg id-font-medium id-font-normal id-flex id-font-medium\" data-testid=\"product-detail-text-sort\">\n<div class=\"id-w-1 id-h-1 id-rounded-full id-bg-[#000000D9] id-flex-shrink-0 id-flex-grow-0 id-mt-[8px]\"><\/div>\n<p><span class=\"id-ml-2 id-whitespace-pre-line\">collagen facial mask organic mask<\/span><\/p>\n<\/div>\n<div class=\"id-text-[#222] id-font-inter id-text-lg id-font-medium id-font-normal id-flex id-font-medium\" data-testid=\"product-detail-text-sort\">\n<div class=\"id-w-1 id-h-1 id-rounded-full id-bg-[#000000D9] id-flex-shrink-0 id-flex-grow-0 id-mt-[8px]\"><\/div>\n<p><span class=\"id-ml-2 id-whitespace-pre-line\">hyaluronic acid mask deep collagen mask<\/span><\/p>\n<\/div>\n<div data-testid=\"product-detail-text-sort\">\n<div class=\"id-flex id-justify-between id-items-center id-text-[#222] id-font-inter id-font-bold id-text-[32px] id-leader-[42px] id-mb-[28px]\" data-testid=\"product-detail-title\"><span class=\"id-relative\">Acerca de este proveedor<\/span><\/div>\n<div class=\"id-text-[#666] id-font-inter id-text-lg id-font-medium id-whitespace-pre-line\" data-testid=\"product-detail-text\">Guangzhou Brandique Biotechnology Co., Ltd. es una empresa nacional de alta tecnolog\u00eda especializada en OEM\/ODM\/OBM, que integra I+D, producci\u00f3n e incubaci\u00f3n de marcas de productos para el cuidado de la piel con nanotecnolog\u00eda vegetal para el control de la grasa. Opera una base inteligente de I+D y producci\u00f3n en Qingyuan, con m\u00e1s de 4000 f\u00f3rmulas consolidadas y 60 patentes. La empresa cuenta con las certificaciones GMPC, ISO22716, ISO13485 y Alibaba, lo que garantiza el cumplimiento de los est\u00e1ndares de calidad.<\/div>\n<\/div>","protected":false},"excerpt":{"rendered":"<div data-testid=\"product-detail-text-sort\">\n<h1 title=\"Mascarilla facial reafirmante antiedad profunda con hidrogel de col\u00e1geno biol\u00f3gico org\u00e1nico, personalizada y directa de f\u00e1brica.\">Mascarilla facial reafirmante antiedad profunda con hidrogel de col\u00e1geno biol\u00f3gico org\u00e1nico, personalizada y directa de f\u00e1brica.<\/h1>\n<\/div>\n<div data-testid=\"product-detail-text-sort\"><\/div>\n<div class=\"id-text-[#222] id-font-inter id-text-lg id-font-medium id-font-normal id-flex id-font-medium\" data-testid=\"product-detail-text-sort\"><span class=\"id-ml-2 id-whitespace-pre-line\">Biological Collagen: Boosts skin firmness and hydration.<\/span><\/div>\n<div class=\"id-text-[#222] id-font-inter id-text-lg id-font-medium id-font-normal id-flex id-font-medium\" data-testid=\"product-detail-text-sort\">\n<div class=\"id-w-1 id-h-1 id-rounded-full id-bg-[#000000D9] id-flex-shrink-0 id-flex-grow-0 id-mt-[8px]\"><\/div>\n<p><span class=\"id-ml-2 id-whitespace-pre-line\">Deep Hydration: Hyaluronic Acid locks in moisture.<\/span><\/p>\n<\/div>\n<div class=\"id-text-[#222] id-font-inter id-text-lg id-font-medium id-font-normal id-flex id-font-medium\" data-testid=\"product-detail-text-sort\">\n<div class=\"id-w-1 id-h-1 id-rounded-full id-bg-[#000000D9] id-flex-shrink-0 id-flex-grow-0 id-mt-[8px]\"><\/div>\n<p><span class=\"id-ml-2 id-whitespace-pre-line\">Anti-Aging: Niacinamide and Bosine reduce wrinkles.<\/span><\/p>\n<\/div>\n<div class=\"id-text-[#222] id-font-inter id-text-lg id-font-medium id-font-normal id-flex id-font-medium\" data-testid=\"product-detail-text-sort\">\n<div class=\"id-w-1 id-h-1 id-rounded-full id-bg-[#000000D9] id-flex-shrink-0 id-flex-grow-0 id-mt-[8px]\"><\/div>\n<p><span class=\"id-ml-2 id-whitespace-pre-line\">Whitening Effect: Pomegranate Extract brightens skin tone.<\/span><\/p>\n<\/div>\n<div class=\"id-text-[#222] id-font-inter id-text-lg id-font-medium id-font-normal id-flex id-font-medium\" data-testid=\"product-detail-text-sort\">\n<div class=\"id-w-1 id-h-1 id-rounded-full id-bg-[#000000D9] id-flex-shrink-0 id-flex-grow-0 id-mt-[8px]\"><\/div>\n<p><span class=\"id-ml-2 id-whitespace-pre-line\">Korean Formula: Proven Korean skincare ingredients for optimal results.<\/span><\/p>\n<\/div>\n<div class=\"id-text-[#222] id-font-inter id-text-lg id-font-medium id-font-normal id-flex id-font-medium\" data-testid=\"product-detail-text-sort\">\n<div class=\"id-w-1 id-h-1 id-rounded-full id-bg-[#000000D9] id-flex-shrink-0 id-flex-grow-0 id-mt-[8px]\"><\/div>\n<p><span class=\"id-ml-2 id-whitespace-pre-line\">collagen facial mask organic mask<\/span><\/p>\n<\/div>\n<div class=\"id-text-[#222] id-font-inter id-text-lg id-font-medium id-font-normal id-flex id-font-medium\" data-testid=\"product-detail-text-sort\">\n<div class=\"id-w-1 id-h-1 id-rounded-full id-bg-[#000000D9] id-flex-shrink-0 id-flex-grow-0 id-mt-[8px]\"><\/div>\n<p><span class=\"id-ml-2 id-whitespace-pre-line\">hyaluronic acid mask deep collagen mask<\/span><\/p>\n<\/div>","protected":false},"featured_media":29091,"template":"","meta":[],"product_brand":[],"product_cat":[81],"product_tag":[],"class_list":{"0":"post-29090","1":"product","2":"type-product","3":"status-publish","4":"has-post-thumbnail","6":"product_cat-face-care","8":"first","9":"instock","10":"shipping-taxable","11":"purchasable","12":"product-type-variable"},"_links":{"self":[{"href":"https:\/\/www.keying-cosmetics.com\/es\/wp-json\/wp\/v2\/product\/29090","targetHints":{"allow":["GET"]}}],"collection":[{"href":"https:\/\/www.keying-cosmetics.com\/es\/wp-json\/wp\/v2\/product"}],"about":[{"href":"https:\/\/www.keying-cosmetics.com\/es\/wp-json\/wp\/v2\/types\/product"}],"wp:featuredmedia":[{"embeddable":true,"href":"https:\/\/www.keying-cosmetics.com\/es\/wp-json\/wp\/v2\/media\/29091"}],"wp:attachment":[{"href":"https:\/\/www.keying-cosmetics.com\/es\/wp-json\/wp\/v2\/media?parent=29090"}],"wp:term":[{"taxonomy":"product_brand","embeddable":true,"href":"https:\/\/www.keying-cosmetics.com\/es\/wp-json\/wp\/v2\/product_brand?post=29090"},{"taxonomy":"product_cat","embeddable":true,"href":"https:\/\/www.keying-cosmetics.com\/es\/wp-json\/wp\/v2\/product_cat?post=29090"},{"taxonomy":"product_tag","embeddable":true,"href":"https:\/\/www.keying-cosmetics.com\/es\/wp-json\/wp\/v2\/product_tag?post=29090"}],"curies":[{"name":"wp","href":"https:\/\/api.w.org\/{rel}","templated":true}]}}