{"id":29054,"date":"2026-01-16T11:01:34","date_gmt":"2026-01-16T03:01:34","guid":{"rendered":"https:\/\/www.keying-cosmetics.com\/product\/wholesale-skin-whitening-cream-beef-tallow-honey-deep-nourish-skincare-moisturizing-face-cream\/"},"modified":"2026-01-16T14:28:16","modified_gmt":"2026-01-16T06:28:16","slug":"wholesale-skin-whitening-cream-beef-tallow-honey-deep-nourish-skincare-moisturizing-face-cream","status":"publish","type":"product","link":"https:\/\/www.keying-cosmetics.com\/es\/producto\/wholesale-skin-whitening-cream-beef-tallow-honey-deep-nourish-skincare-moisturizing-face-cream\/","title":{"rendered":"Crema blanqueadora de piel al por mayor con sebo de res y miel, crema hidratante para el cuidado profundo de la piel."},"content":{"rendered":"<h1 title=\"Crema blanqueadora de piel al por mayor con sebo de res y miel, crema hidratante para el cuidado profundo de la piel.\">Crema blanqueadora de piel al por mayor con sebo de res y miel, crema hidratante para el cuidado profundo de la piel.<\/h1>\n<div class=\"id-font-bold id-text-[64px] id-leading-[77px] id-mb-7\">Aspectos destacados de un vistazo<\/div>\n<div class=\"id-flex id-flex-col id-gap-4\">\n<div class=\"id-text-[#222] id-font-inter id-text-lg id-font-medium id-font-normal id-flex id-font-medium\" data-testid=\"product-detail-text-sort\">\n<div class=\"id-w-1 id-h-1 id-rounded-full id-bg-[#000000D9] id-flex-shrink-0 id-flex-grow-0 id-mt-[8px]\"><\/div>\n<p><span class=\"id-ml-2 id-whitespace-pre-line\">Hidratante de sebo de res personalizado: Rico en vitaminas A, D, E y K para una nutrici\u00f3n profunda.<\/span><\/div>\n<div class=\"id-text-[#222] id-font-inter id-text-lg id-font-medium id-font-normal id-flex id-font-medium\" data-testid=\"product-detail-text-sort\">\n<div class=\"id-w-1 id-h-1 id-rounded-full id-bg-[#000000D9] id-flex-shrink-0 id-flex-grow-0 id-mt-[8px]\"><\/div>\n<p><span class=\"id-ml-2 id-whitespace-pre-line\">Crema facial con ingredientes naturales: Formulada con miel de Manuka para el cuidado natural de la piel.<\/span><\/div>\n<div class=\"id-text-[#222] id-font-inter id-text-lg id-font-medium id-font-normal id-flex id-font-medium\" data-testid=\"product-detail-text-sort\">\n<div class=\"id-w-1 id-h-1 id-rounded-full id-bg-[#000000D9] id-flex-shrink-0 id-flex-grow-0 id-mt-[8px]\"><\/div>\n<p><span class=\"id-ml-2 id-whitespace-pre-line\">F\u00f3rmula sin parabenos: Garantiza una aplicaci\u00f3n segura y suave para todo tipo de piel.<\/span><\/div>\n<div class=\"id-text-[#222] id-font-inter id-text-lg id-font-medium id-font-normal id-flex id-font-medium\" data-testid=\"product-detail-text-sort\">\n<div class=\"id-w-1 id-h-1 id-rounded-full id-bg-[#000000D9] id-flex-shrink-0 id-flex-grow-0 id-mt-[8px]\"><\/div>\n<p><span class=\"id-ml-2 id-whitespace-pre-line\">Apto para todo tipo de piel: funciona eficazmente en pieles secas, grasas, mixtas y sensibles.<\/span><\/div>\n<div class=\"id-text-[#222] id-font-inter id-text-lg id-font-medium id-font-normal id-flex id-font-medium\" data-testid=\"product-detail-text-sort\">\n<div class=\"id-w-1 id-h-1 id-rounded-full id-bg-[#000000D9] id-flex-shrink-0 id-flex-grow-0 id-mt-[8px]\"><\/div>\n<p><span class=\"id-ml-2 id-whitespace-pre-line\">Uso vers\u00e1til: Perfecto para el hogar o los viajes, ya que proporciona una hidrataci\u00f3n continua.<\/span><\/div>\n<div class=\"id-text-[#222] id-font-inter id-text-lg id-font-medium id-font-normal id-flex id-font-medium\" data-testid=\"product-detail-text-sort\">\n<div class=\"id-w-1 id-h-1 id-rounded-full id-bg-[#000000D9] id-flex-shrink-0 id-flex-grow-0 id-mt-[8px]\"><\/div>\n<p><span class=\"id-ml-2 id-whitespace-pre-line\">crema hidratante facial, la mejor crema blanqueadora, crema para eliminar manchas oscuras<\/span><\/div>\n<div data-testid=\"product-detail-text-sort\">\n<div class=\"id-flex id-justify-between id-items-center id-text-[#222] id-font-inter id-font-bold id-text-[32px] id-leader-[42px] id-mb-[28px]\" data-testid=\"product-detail-title\"><span class=\"id-relative\">Acerca de este proveedor<\/span><\/div>\n<div class=\"id-text-[#666] id-font-inter id-text-lg id-font-medium id-whitespace-pre-line\" data-testid=\"product-detail-text\">Guangzhou Brandique Biotechnology Co., Ltd. es una empresa nacional de alta tecnolog\u00eda especializada en OEM\/ODM\/OBM, que integra I+D, producci\u00f3n e incubaci\u00f3n de marcas de productos para el cuidado de la piel con nanotecnolog\u00eda vegetal para el control de la grasa. Opera una base inteligente de I+D y producci\u00f3n en Qingyuan, con m\u00e1s de 4000 f\u00f3rmulas consolidadas y 60 patentes. La empresa cuenta con las certificaciones GMPC, ISO22716, ISO13485 y Alibaba, lo que garantiza el cumplimiento de los est\u00e1ndares de calidad.<\/div>\n<\/div>\n<\/div>","protected":false},"excerpt":{"rendered":"<h1 title=\"Crema blanqueadora de piel al por mayor con sebo de res y miel, crema hidratante para el cuidado profundo de la piel.\">Crema blanqueadora de piel al por mayor con sebo de res y miel, crema hidratante para el cuidado profundo de la piel.<\/h1>\n<div class=\"id-font-bold id-text-[64px] id-leading-[77px] id-mb-7\">Aspectos destacados de un vistazo<\/div>\n<div class=\"id-flex id-flex-col id-gap-4\">\n<div class=\"id-text-[#222] id-font-inter id-text-lg id-font-medium id-font-normal id-flex id-font-medium\" data-testid=\"product-detail-text-sort\">\n<div class=\"id-w-1 id-h-1 id-rounded-full id-bg-[#000000D9] id-flex-shrink-0 id-flex-grow-0 id-mt-[8px]\"><\/div>\n<p><span class=\"id-ml-2 id-whitespace-pre-line\">Hidratante de sebo de res personalizado: Rico en vitaminas A, D, E y K para una nutrici\u00f3n profunda.<\/span><\/div>\n<div class=\"id-text-[#222] id-font-inter id-text-lg id-font-medium id-font-normal id-flex id-font-medium\" data-testid=\"product-detail-text-sort\">\n<div class=\"id-w-1 id-h-1 id-rounded-full id-bg-[#000000D9] id-flex-shrink-0 id-flex-grow-0 id-mt-[8px]\"><\/div>\n<p><span class=\"id-ml-2 id-whitespace-pre-line\">Crema facial con ingredientes naturales: Formulada con miel de Manuka para el cuidado natural de la piel.<\/span><\/div>\n<div class=\"id-text-[#222] id-font-inter id-text-lg id-font-medium id-font-normal id-flex id-font-medium\" data-testid=\"product-detail-text-sort\">\n<div class=\"id-w-1 id-h-1 id-rounded-full id-bg-[#000000D9] id-flex-shrink-0 id-flex-grow-0 id-mt-[8px]\"><\/div>\n<p><span class=\"id-ml-2 id-whitespace-pre-line\">F\u00f3rmula sin parabenos: Garantiza una aplicaci\u00f3n segura y suave para todo tipo de piel.<\/span><\/div>\n<div class=\"id-text-[#222] id-font-inter id-text-lg id-font-medium id-font-normal id-flex id-font-medium\" data-testid=\"product-detail-text-sort\">\n<div class=\"id-w-1 id-h-1 id-rounded-full id-bg-[#000000D9] id-flex-shrink-0 id-flex-grow-0 id-mt-[8px]\"><\/div>\n<p><span class=\"id-ml-2 id-whitespace-pre-line\">Apto para todo tipo de piel: funciona eficazmente en pieles secas, grasas, mixtas y sensibles.<\/span><\/div>\n<div class=\"id-text-[#222] id-font-inter id-text-lg id-font-medium id-font-normal id-flex id-font-medium\" data-testid=\"product-detail-text-sort\">\n<div class=\"id-w-1 id-h-1 id-rounded-full id-bg-[#000000D9] id-flex-shrink-0 id-flex-grow-0 id-mt-[8px]\"><\/div>\n<p><span class=\"id-ml-2 id-whitespace-pre-line\">Uso vers\u00e1til: Perfecto para el hogar o los viajes, ya que proporciona una hidrataci\u00f3n continua.<\/span><\/div>\n<div class=\"id-text-[#222] id-font-inter id-text-lg id-font-medium id-font-normal id-flex id-font-medium\" data-testid=\"product-detail-text-sort\">\n<div class=\"id-w-1 id-h-1 id-rounded-full id-bg-[#000000D9] id-flex-shrink-0 id-flex-grow-0 id-mt-[8px]\"><\/div>\n<p><span class=\"id-ml-2 id-whitespace-pre-line\">crema hidratante facial, la mejor crema blanqueadora, crema para eliminar manchas oscuras<\/span><\/div>\n<\/div>","protected":false},"featured_media":29055,"template":"","meta":[],"product_brand":[],"product_cat":[81],"product_tag":[],"class_list":{"0":"post-29054","1":"product","2":"type-product","3":"status-publish","4":"has-post-thumbnail","6":"product_cat-face-care","8":"first","9":"instock","10":"shipping-taxable","11":"purchasable","12":"product-type-variable"},"_links":{"self":[{"href":"https:\/\/www.keying-cosmetics.com\/es\/wp-json\/wp\/v2\/product\/29054","targetHints":{"allow":["GET"]}}],"collection":[{"href":"https:\/\/www.keying-cosmetics.com\/es\/wp-json\/wp\/v2\/product"}],"about":[{"href":"https:\/\/www.keying-cosmetics.com\/es\/wp-json\/wp\/v2\/types\/product"}],"wp:featuredmedia":[{"embeddable":true,"href":"https:\/\/www.keying-cosmetics.com\/es\/wp-json\/wp\/v2\/media\/29055"}],"wp:attachment":[{"href":"https:\/\/www.keying-cosmetics.com\/es\/wp-json\/wp\/v2\/media?parent=29054"}],"wp:term":[{"taxonomy":"product_brand","embeddable":true,"href":"https:\/\/www.keying-cosmetics.com\/es\/wp-json\/wp\/v2\/product_brand?post=29054"},{"taxonomy":"product_cat","embeddable":true,"href":"https:\/\/www.keying-cosmetics.com\/es\/wp-json\/wp\/v2\/product_cat?post=29054"},{"taxonomy":"product_tag","embeddable":true,"href":"https:\/\/www.keying-cosmetics.com\/es\/wp-json\/wp\/v2\/product_tag?post=29054"}],"curies":[{"name":"wp","href":"https:\/\/api.w.org\/{rel}","templated":true}]}}