{"id":29045,"date":"2026-01-16T10:55:45","date_gmt":"2026-01-16T02:55:45","guid":{"rendered":"https:\/\/www.keying-cosmetics.com\/product\/wholesale-skin-whitening-brightening-cream-kojic-acid-smooth-arbutin-evens-skin-tone-whitening-moisturizing-face-cream\/"},"modified":"2026-01-16T14:39:06","modified_gmt":"2026-01-16T06:39:06","slug":"wholesale-skin-whitening-brightening-cream-kojic-acid-smooth-arbutin-evens-skin-tone-whitening-moisturizing-face-cream","status":"publish","type":"product","link":"https:\/\/www.keying-cosmetics.com\/es\/producto\/wholesale-skin-whitening-brightening-cream-kojic-acid-smooth-arbutin-evens-skin-tone-whitening-moisturizing-face-cream\/","title":{"rendered":"Crema blanqueadora e iluminadora para la piel al por mayor con \u00e1cido k\u00f3jico, arbutina, suavizante, unifica el tono de la piel, crema facial hidratante blanqueadora."},"content":{"rendered":"<h1 title=\"Crema blanqueadora e iluminadora para la piel al por mayor con \u00e1cido k\u00f3jico, arbutina, suavizante, unifica el tono de la piel, crema facial hidratante blanqueadora.\" data-spm-anchor-id=\"a2700.details.0.i58.dabe12c15cl1pi\">Crema blanqueadora e iluminadora para la piel al por mayor con \u00e1cido k\u00f3jico, arbutina, suavizante, unifica el tono de la piel, crema facial hidratante blanqueadora.<\/h1>\n<div class=\"id-text-[#222] id-font-inter id-text-lg id-font-medium id-font-normal id-flex id-font-medium\" data-testid=\"product-detail-text-sort\"><span class=\"id-ml-2 id-whitespace-pre-line\">Alfa arbutina: Ilumina el tono de la piel y unifica la tez.<\/span><\/div>\n<div class=\"id-text-[#222] id-font-inter id-text-lg id-font-medium id-font-normal id-flex id-font-medium\" data-testid=\"product-detail-text-sort\">\n<div class=\"id-w-1 id-h-1 id-rounded-full id-bg-[#000000D9] id-flex-shrink-0 id-flex-grow-0 id-mt-[8px]\"><\/div>\n<p><span class=\"id-ml-2 id-whitespace-pre-line\">\u00c1cido k\u00f3jico: Hidrata profundamente y aclara las manchas oscuras.<\/span><\/p>\n<\/div>\n<div class=\"id-text-[#222] id-font-inter id-text-lg id-font-medium id-font-normal id-flex id-font-medium\" data-testid=\"product-detail-text-sort\">\n<div class=\"id-w-1 id-h-1 id-rounded-full id-bg-[#000000D9] id-flex-shrink-0 id-flex-grow-0 id-mt-[8px]\"><\/div>\n<p><span class=\"id-ml-2 id-whitespace-pre-line\">Glicerina: Proporciona una hidrataci\u00f3n duradera para una piel suave.<\/span><\/p>\n<\/div>\n<div class=\"id-text-[#222] id-font-inter id-text-lg id-font-medium id-font-normal id-flex id-font-medium\" data-testid=\"product-detail-text-sort\">\n<div class=\"id-w-1 id-h-1 id-rounded-full id-bg-[#000000D9] id-flex-shrink-0 id-flex-grow-0 id-mt-[8px]\"><\/div>\n<p><span class=\"id-ml-2 id-whitespace-pre-line\">F\u00f3rmula natural: Org\u00e1nica y sin parabenos, apta para todo tipo de piel.<\/span><\/p>\n<\/div>\n<div class=\"id-text-[#222] id-font-inter id-text-lg id-font-medium id-font-normal id-flex id-font-medium\" data-testid=\"product-detail-text-sort\">\n<div class=\"id-w-1 id-h-1 id-rounded-full id-bg-[#000000D9] id-flex-shrink-0 id-flex-grow-0 id-mt-[8px]\"><\/div>\n<p><span class=\"id-ml-2 id-whitespace-pre-line\">Uso nocturno: Mejora la regeneraci\u00f3n de la piel durante la noche para conseguir una tez m\u00e1s luminosa.<\/span><\/p>\n<\/div>\n<div class=\"id-text-[#222] id-font-inter id-text-lg id-font-medium id-font-normal id-flex id-font-medium\" data-testid=\"product-detail-text-sort\">\n<div class=\"id-w-1 id-h-1 id-rounded-full id-bg-[#000000D9] id-flex-shrink-0 id-flex-grow-0 id-mt-[8px]\"><\/div>\n<p><span class=\"id-ml-2 id-whitespace-pre-line\">crema hidratante facial crema blanqueadora facial crema para eliminar manchas oscuras<\/span><\/p>\n<\/div>\n<div data-testid=\"product-detail-text-sort\"><\/div>\n<div data-testid=\"product-detail-text-sort\">\n<div class=\"id-flex id-justify-between id-items-center id-text-[#222] id-font-inter id-font-bold id-text-[32px] id-leader-[42px] id-mb-[28px]\" data-testid=\"product-detail-title\"><span class=\"id-relative\" data-spm-anchor-id=\"a2700.details.0.i118.dabe12c15cl1pi\">Acerca de este proveedor<\/span><\/div>\n<div class=\"id-text-[#666] id-font-inter id-text-lg id-font-medium id-whitespace-pre-line\" data-testid=\"product-detail-text\">Guangzhou Brandique Biotechnology Co., Ltd. es una empresa nacional de alta tecnolog\u00eda especializada en OEM\/ODM\/OBM, que integra I+D, producci\u00f3n e incubaci\u00f3n de marcas de productos para el cuidado de la piel con nanotecnolog\u00eda vegetal para el control de la grasa. Opera una base inteligente de I+D y producci\u00f3n en Qingyuan, con m\u00e1s de 4000 f\u00f3rmulas consolidadas y 60 patentes. La empresa cuenta con las certificaciones GMPC, ISO22716, ISO13485 y Alibaba, lo que garantiza el cumplimiento de los est\u00e1ndares de calidad.<\/div>\n<\/div>","protected":false},"excerpt":{"rendered":"<h1 title=\"Crema blanqueadora e iluminadora para la piel al por mayor con \u00e1cido k\u00f3jico, arbutina, suavizante, unifica el tono de la piel, crema facial hidratante blanqueadora.\" data-spm-anchor-id=\"a2700.details.0.i58.dabe12c15cl1pi\">Crema blanqueadora e iluminadora para la piel al por mayor con \u00e1cido k\u00f3jico, arbutina, suavizante, unifica el tono de la piel, crema facial hidratante blanqueadora.<\/h1>\n<p>&nbsp;<\/p>\n<div class=\"id-text-[#222] id-font-inter id-text-lg id-font-medium id-font-normal id-flex id-font-medium\" data-testid=\"product-detail-text-sort\"><span class=\"id-ml-2 id-whitespace-pre-line\">Alfa arbutina: Ilumina el tono de la piel y unifica la tez.<\/span><\/div>\n<div class=\"id-text-[#222] id-font-inter id-text-lg id-font-medium id-font-normal id-flex id-font-medium\" data-testid=\"product-detail-text-sort\">\n<div class=\"id-w-1 id-h-1 id-rounded-full id-bg-[#000000D9] id-flex-shrink-0 id-flex-grow-0 id-mt-[8px]\"><\/div>\n<p><span class=\"id-ml-2 id-whitespace-pre-line\">\u00c1cido k\u00f3jico: Hidrata profundamente y aclara las manchas oscuras.<\/span><\/p>\n<\/div>\n<div class=\"id-text-[#222] id-font-inter id-text-lg id-font-medium id-font-normal id-flex id-font-medium\" data-testid=\"product-detail-text-sort\">\n<div class=\"id-w-1 id-h-1 id-rounded-full id-bg-[#000000D9] id-flex-shrink-0 id-flex-grow-0 id-mt-[8px]\"><\/div>\n<p><span class=\"id-ml-2 id-whitespace-pre-line\">Glicerina: Proporciona una hidrataci\u00f3n duradera para una piel suave.<\/span><\/p>\n<\/div>\n<div class=\"id-text-[#222] id-font-inter id-text-lg id-font-medium id-font-normal id-flex id-font-medium\" data-testid=\"product-detail-text-sort\">\n<div class=\"id-w-1 id-h-1 id-rounded-full id-bg-[#000000D9] id-flex-shrink-0 id-flex-grow-0 id-mt-[8px]\"><\/div>\n<p><span class=\"id-ml-2 id-whitespace-pre-line\">F\u00f3rmula natural: Org\u00e1nica y sin parabenos, apta para todo tipo de piel.<\/span><\/p>\n<\/div>\n<div class=\"id-text-[#222] id-font-inter id-text-lg id-font-medium id-font-normal id-flex id-font-medium\" data-testid=\"product-detail-text-sort\">\n<div class=\"id-w-1 id-h-1 id-rounded-full id-bg-[#000000D9] id-flex-shrink-0 id-flex-grow-0 id-mt-[8px]\"><\/div>\n<p><span class=\"id-ml-2 id-whitespace-pre-line\">Uso nocturno: Mejora la regeneraci\u00f3n de la piel durante la noche para conseguir una tez m\u00e1s luminosa.<\/span><\/p>\n<\/div>\n<div class=\"id-text-[#222] id-font-inter id-text-lg id-font-medium id-font-normal id-flex id-font-medium\" data-testid=\"product-detail-text-sort\">\n<div class=\"id-w-1 id-h-1 id-rounded-full id-bg-[#000000D9] id-flex-shrink-0 id-flex-grow-0 id-mt-[8px]\"><\/div>\n<p><span class=\"id-ml-2 id-whitespace-pre-line\">crema hidratante facial crema blanqueadora facial crema para eliminar manchas oscuras<\/span><\/p>\n<\/div>","protected":false},"featured_media":29046,"template":"","meta":[],"product_brand":[],"product_cat":[81],"product_tag":[],"class_list":{"0":"post-29045","1":"product","2":"type-product","3":"status-publish","4":"has-post-thumbnail","6":"product_cat-face-care","8":"first","9":"instock","10":"shipping-taxable","11":"purchasable","12":"product-type-variable"},"_links":{"self":[{"href":"https:\/\/www.keying-cosmetics.com\/es\/wp-json\/wp\/v2\/product\/29045","targetHints":{"allow":["GET"]}}],"collection":[{"href":"https:\/\/www.keying-cosmetics.com\/es\/wp-json\/wp\/v2\/product"}],"about":[{"href":"https:\/\/www.keying-cosmetics.com\/es\/wp-json\/wp\/v2\/types\/product"}],"wp:featuredmedia":[{"embeddable":true,"href":"https:\/\/www.keying-cosmetics.com\/es\/wp-json\/wp\/v2\/media\/29046"}],"wp:attachment":[{"href":"https:\/\/www.keying-cosmetics.com\/es\/wp-json\/wp\/v2\/media?parent=29045"}],"wp:term":[{"taxonomy":"product_brand","embeddable":true,"href":"https:\/\/www.keying-cosmetics.com\/es\/wp-json\/wp\/v2\/product_brand?post=29045"},{"taxonomy":"product_cat","embeddable":true,"href":"https:\/\/www.keying-cosmetics.com\/es\/wp-json\/wp\/v2\/product_cat?post=29045"},{"taxonomy":"product_tag","embeddable":true,"href":"https:\/\/www.keying-cosmetics.com\/es\/wp-json\/wp\/v2\/product_tag?post=29045"}],"curies":[{"name":"wp","href":"https:\/\/api.w.org\/{rel}","templated":true}]}}