{"id":29032,"date":"2026-01-16T10:47:25","date_gmt":"2026-01-16T02:47:25","guid":{"rendered":"https:\/\/www.keying-cosmetics.com\/product\/organic-components-hyaluronic-serumtranexamic-acld-arbutin-skin-care-brightening-facial-serum\/"},"modified":"2026-01-16T10:47:38","modified_gmt":"2026-01-16T02:47:38","slug":"organic-components-hyaluronic-serumtranexamic-acld-arbutin-skin-care-brightening-facial-serum","status":"publish","type":"product","link":"https:\/\/www.keying-cosmetics.com\/es\/producto\/organic-components-hyaluronic-serumtranexamic-acld-arbutin-skin-care-brightening-facial-serum\/","title":{"rendered":"Suero facial iluminador con componentes org\u00e1nicos, \u00e1cido hialur\u00f3nico, \u00e1cido tranex\u00e1mico, arbutina."},"content":{"rendered":"","protected":false},"excerpt":{"rendered":"","protected":false},"featured_media":29033,"template":"","meta":[],"product_brand":[],"product_cat":[81],"product_tag":[],"class_list":{"0":"post-29032","1":"product","2":"type-product","3":"status-publish","4":"has-post-thumbnail","6":"product_cat-face-care","8":"first","9":"instock","10":"shipping-taxable","11":"purchasable","12":"product-type-variable"},"_links":{"self":[{"href":"https:\/\/www.keying-cosmetics.com\/es\/wp-json\/wp\/v2\/product\/29032","targetHints":{"allow":["GET"]}}],"collection":[{"href":"https:\/\/www.keying-cosmetics.com\/es\/wp-json\/wp\/v2\/product"}],"about":[{"href":"https:\/\/www.keying-cosmetics.com\/es\/wp-json\/wp\/v2\/types\/product"}],"wp:featuredmedia":[{"embeddable":true,"href":"https:\/\/www.keying-cosmetics.com\/es\/wp-json\/wp\/v2\/media\/29033"}],"wp:attachment":[{"href":"https:\/\/www.keying-cosmetics.com\/es\/wp-json\/wp\/v2\/media?parent=29032"}],"wp:term":[{"taxonomy":"product_brand","embeddable":true,"href":"https:\/\/www.keying-cosmetics.com\/es\/wp-json\/wp\/v2\/product_brand?post=29032"},{"taxonomy":"product_cat","embeddable":true,"href":"https:\/\/www.keying-cosmetics.com\/es\/wp-json\/wp\/v2\/product_cat?post=29032"},{"taxonomy":"product_tag","embeddable":true,"href":"https:\/\/www.keying-cosmetics.com\/es\/wp-json\/wp\/v2\/product_tag?post=29032"}],"curies":[{"name":"wp","href":"https:\/\/api.w.org\/{rel}","templated":true}]}}