{"id":28994,"date":"2026-01-16T10:42:00","date_gmt":"2026-01-16T02:42:00","guid":{"rendered":"https:\/\/www.keying-cosmetics.com\/product\/private-label-organic-glycolic-acid-toner-niacinamide-anti-aging-collagen-moisturizing-whitening-toner\/"},"modified":"2026-01-16T10:42:21","modified_gmt":"2026-01-16T02:42:21","slug":"private-label-organic-glycolic-acid-toner-niacinamide-anti-aging-collagen-moisturizing-whitening-toner","status":"publish","type":"product","link":"https:\/\/www.keying-cosmetics.com\/es\/producto\/private-label-organic-glycolic-acid-toner-niacinamide-anti-aging-collagen-moisturizing-whitening-toner\/","title":{"rendered":"T\u00f3nico de marca propia con \u00e1cido glic\u00f3lico org\u00e1nico, niacinamida, antienvejecimiento, col\u00e1geno, hidratante y blanqueador."},"content":{"rendered":"","protected":false},"excerpt":{"rendered":"","protected":false},"featured_media":28997,"template":"","meta":[],"product_brand":[],"product_cat":[81],"product_tag":[],"class_list":{"0":"post-28994","1":"product","2":"type-product","3":"status-publish","4":"has-post-thumbnail","6":"product_cat-face-care","8":"first","9":"instock","10":"shipping-taxable","11":"purchasable","12":"product-type-variable"},"_links":{"self":[{"href":"https:\/\/www.keying-cosmetics.com\/es\/wp-json\/wp\/v2\/product\/28994","targetHints":{"allow":["GET"]}}],"collection":[{"href":"https:\/\/www.keying-cosmetics.com\/es\/wp-json\/wp\/v2\/product"}],"about":[{"href":"https:\/\/www.keying-cosmetics.com\/es\/wp-json\/wp\/v2\/types\/product"}],"wp:featuredmedia":[{"embeddable":true,"href":"https:\/\/www.keying-cosmetics.com\/es\/wp-json\/wp\/v2\/media\/28997"}],"wp:attachment":[{"href":"https:\/\/www.keying-cosmetics.com\/es\/wp-json\/wp\/v2\/media?parent=28994"}],"wp:term":[{"taxonomy":"product_brand","embeddable":true,"href":"https:\/\/www.keying-cosmetics.com\/es\/wp-json\/wp\/v2\/product_brand?post=28994"},{"taxonomy":"product_cat","embeddable":true,"href":"https:\/\/www.keying-cosmetics.com\/es\/wp-json\/wp\/v2\/product_cat?post=28994"},{"taxonomy":"product_tag","embeddable":true,"href":"https:\/\/www.keying-cosmetics.com\/es\/wp-json\/wp\/v2\/product_tag?post=28994"}],"curies":[{"name":"wp","href":"https:\/\/api.w.org\/{rel}","templated":true}]}}