{"id":28977,"date":"2026-01-16T10:39:34","date_gmt":"2026-01-16T02:39:34","guid":{"rendered":"https:\/\/www.keying-cosmetics.com\/product\/organic-oil-water-balance-kojic-acid-turmeric-deep-clean-gentle-moisturize-skin-care-facial-cleanser\/"},"modified":"2026-01-16T10:39:58","modified_gmt":"2026-01-16T02:39:58","slug":"organic-oil-water-balance-kojic-acid-turmeric-deep-clean-gentle-moisturize-skin-care-facial-cleanser","status":"publish","type":"product","link":"https:\/\/www.keying-cosmetics.com\/es\/producto\/organic-oil-water-balance-kojic-acid-turmeric-deep-clean-gentle-moisturize-skin-care-facial-cleanser\/","title":{"rendered":"Limpiador facial org\u00e1nico para el cuidado de la piel, con equilibrio de aceite y agua, \u00e1cido k\u00f3jico y c\u00farcuma. Limpieza profunda e hidrataci\u00f3n suave."},"content":{"rendered":"","protected":false},"excerpt":{"rendered":"","protected":false},"featured_media":28978,"template":"","meta":[],"product_brand":[],"product_cat":[81],"product_tag":[],"class_list":{"0":"post-28977","1":"product","2":"type-product","3":"status-publish","4":"has-post-thumbnail","6":"product_cat-face-care","8":"first","9":"instock","10":"shipping-taxable","11":"purchasable","12":"product-type-variable"},"_links":{"self":[{"href":"https:\/\/www.keying-cosmetics.com\/es\/wp-json\/wp\/v2\/product\/28977","targetHints":{"allow":["GET"]}}],"collection":[{"href":"https:\/\/www.keying-cosmetics.com\/es\/wp-json\/wp\/v2\/product"}],"about":[{"href":"https:\/\/www.keying-cosmetics.com\/es\/wp-json\/wp\/v2\/types\/product"}],"wp:featuredmedia":[{"embeddable":true,"href":"https:\/\/www.keying-cosmetics.com\/es\/wp-json\/wp\/v2\/media\/28978"}],"wp:attachment":[{"href":"https:\/\/www.keying-cosmetics.com\/es\/wp-json\/wp\/v2\/media?parent=28977"}],"wp:term":[{"taxonomy":"product_brand","embeddable":true,"href":"https:\/\/www.keying-cosmetics.com\/es\/wp-json\/wp\/v2\/product_brand?post=28977"},{"taxonomy":"product_cat","embeddable":true,"href":"https:\/\/www.keying-cosmetics.com\/es\/wp-json\/wp\/v2\/product_cat?post=28977"},{"taxonomy":"product_tag","embeddable":true,"href":"https:\/\/www.keying-cosmetics.com\/es\/wp-json\/wp\/v2\/product_tag?post=28977"}],"curies":[{"name":"wp","href":"https:\/\/api.w.org\/{rel}","templated":true}]}}