{"id":28973,"date":"2026-01-16T10:39:21","date_gmt":"2026-01-16T02:39:21","guid":{"rendered":"https:\/\/www.keying-cosmetics.com\/product\/private-label-blueberry-extract-sea-buckthorn-oil-antioxidant-protection-hyaluronic-brightening-facial-serum\/"},"modified":"2026-01-16T10:39:51","modified_gmt":"2026-01-16T02:39:51","slug":"private-label-blueberry-extract-sea-buckthorn-oil-antioxidant-protection-hyaluronic-brightening-facial-serum","status":"publish","type":"product","link":"https:\/\/www.keying-cosmetics.com\/es\/producto\/private-label-blueberry-extract-sea-buckthorn-oil-antioxidant-protection-hyaluronic-brightening-facial-serum\/","title":{"rendered":"Suero facial iluminador con extracto de ar\u00e1ndanos, aceite de espino amarillo, protecci\u00f3n antioxidante y \u00e1cido hialur\u00f3nico (marca propia)."},"content":{"rendered":"","protected":false},"excerpt":{"rendered":"","protected":false},"featured_media":28974,"template":"","meta":[],"product_brand":[],"product_cat":[81],"product_tag":[],"class_list":{"0":"post-28973","1":"product","2":"type-product","3":"status-publish","4":"has-post-thumbnail","6":"product_cat-face-care","8":"first","9":"instock","10":"shipping-taxable","11":"purchasable","12":"product-type-variable"},"_links":{"self":[{"href":"https:\/\/www.keying-cosmetics.com\/es\/wp-json\/wp\/v2\/product\/28973","targetHints":{"allow":["GET"]}}],"collection":[{"href":"https:\/\/www.keying-cosmetics.com\/es\/wp-json\/wp\/v2\/product"}],"about":[{"href":"https:\/\/www.keying-cosmetics.com\/es\/wp-json\/wp\/v2\/types\/product"}],"wp:featuredmedia":[{"embeddable":true,"href":"https:\/\/www.keying-cosmetics.com\/es\/wp-json\/wp\/v2\/media\/28974"}],"wp:attachment":[{"href":"https:\/\/www.keying-cosmetics.com\/es\/wp-json\/wp\/v2\/media?parent=28973"}],"wp:term":[{"taxonomy":"product_brand","embeddable":true,"href":"https:\/\/www.keying-cosmetics.com\/es\/wp-json\/wp\/v2\/product_brand?post=28973"},{"taxonomy":"product_cat","embeddable":true,"href":"https:\/\/www.keying-cosmetics.com\/es\/wp-json\/wp\/v2\/product_cat?post=28973"},{"taxonomy":"product_tag","embeddable":true,"href":"https:\/\/www.keying-cosmetics.com\/es\/wp-json\/wp\/v2\/product_tag?post=28973"}],"curies":[{"name":"wp","href":"https:\/\/api.w.org\/{rel}","templated":true}]}}