{"id":28961,"date":"2026-01-16T10:13:08","date_gmt":"2026-01-16T02:13:08","guid":{"rendered":"https:\/\/www.keying-cosmetics.com\/product\/organic-components-hair-care-shampoo-strengthen-prevent-breakage-anti-dandruff-itch-hair-loss-shampoo\/"},"modified":"2026-01-16T10:13:22","modified_gmt":"2026-01-16T02:13:22","slug":"organic-components-hair-care-shampoo-strengthen-prevent-breakage-anti-dandruff-itch-hair-loss-shampoo","status":"publish","type":"product","link":"https:\/\/www.keying-cosmetics.com\/es\/producto\/organic-components-hair-care-shampoo-strengthen-prevent-breakage-anti-dandruff-itch-hair-loss-shampoo\/","title":{"rendered":"Champ\u00fa con componentes org\u00e1nicos para el cuidado del cabello. Fortalece, previene la rotura, combate la caspa y la picaz\u00f3n. Champ\u00fa para la ca\u00edda del cabello."},"content":{"rendered":"","protected":false},"excerpt":{"rendered":"","protected":false},"featured_media":28963,"template":"","meta":[],"product_brand":[],"product_cat":[84],"product_tag":[],"class_list":{"0":"post-28961","1":"product","2":"type-product","3":"status-publish","4":"has-post-thumbnail","6":"product_cat-hair-care","8":"first","9":"instock","10":"shipping-taxable","11":"purchasable","12":"product-type-variable"},"_links":{"self":[{"href":"https:\/\/www.keying-cosmetics.com\/es\/wp-json\/wp\/v2\/product\/28961","targetHints":{"allow":["GET"]}}],"collection":[{"href":"https:\/\/www.keying-cosmetics.com\/es\/wp-json\/wp\/v2\/product"}],"about":[{"href":"https:\/\/www.keying-cosmetics.com\/es\/wp-json\/wp\/v2\/types\/product"}],"wp:featuredmedia":[{"embeddable":true,"href":"https:\/\/www.keying-cosmetics.com\/es\/wp-json\/wp\/v2\/media\/28963"}],"wp:attachment":[{"href":"https:\/\/www.keying-cosmetics.com\/es\/wp-json\/wp\/v2\/media?parent=28961"}],"wp:term":[{"taxonomy":"product_brand","embeddable":true,"href":"https:\/\/www.keying-cosmetics.com\/es\/wp-json\/wp\/v2\/product_brand?post=28961"},{"taxonomy":"product_cat","embeddable":true,"href":"https:\/\/www.keying-cosmetics.com\/es\/wp-json\/wp\/v2\/product_cat?post=28961"},{"taxonomy":"product_tag","embeddable":true,"href":"https:\/\/www.keying-cosmetics.com\/es\/wp-json\/wp\/v2\/product_tag?post=28961"}],"curies":[{"name":"wp","href":"https:\/\/api.w.org\/{rel}","templated":true}]}}