{"id":28955,"date":"2026-01-16T10:12:56","date_gmt":"2026-01-16T02:12:56","guid":{"rendered":"https:\/\/www.keying-cosmetics.com\/product\/natural-hair-mask-botanicals-barrier-repair-treatments-nourish-scalp-collagen-hair-mask\/"},"modified":"2026-01-16T10:13:12","modified_gmt":"2026-01-16T02:13:12","slug":"natural-hair-mask-botanicals-barrier-repair-treatments-nourish-scalp-collagen-hair-mask","status":"publish","type":"product","link":"https:\/\/www.keying-cosmetics.com\/es\/producto\/natural-hair-mask-botanicals-barrier-repair-treatments-nourish-scalp-collagen-hair-mask\/","title":{"rendered":"Mascarilla capilar natural con ingredientes bot\u00e1nicos para reparar la barrera cut\u00e1nea. Mascarilla capilar nutritiva con col\u00e1geno para el cuero cabelludo."},"content":{"rendered":"","protected":false},"excerpt":{"rendered":"","protected":false},"featured_media":28956,"template":"","meta":[],"product_brand":[],"product_cat":[84],"product_tag":[],"class_list":{"0":"post-28955","1":"product","2":"type-product","3":"status-publish","4":"has-post-thumbnail","6":"product_cat-hair-care","8":"first","9":"instock","10":"shipping-taxable","11":"purchasable","12":"product-type-variable"},"_links":{"self":[{"href":"https:\/\/www.keying-cosmetics.com\/es\/wp-json\/wp\/v2\/product\/28955","targetHints":{"allow":["GET"]}}],"collection":[{"href":"https:\/\/www.keying-cosmetics.com\/es\/wp-json\/wp\/v2\/product"}],"about":[{"href":"https:\/\/www.keying-cosmetics.com\/es\/wp-json\/wp\/v2\/types\/product"}],"wp:featuredmedia":[{"embeddable":true,"href":"https:\/\/www.keying-cosmetics.com\/es\/wp-json\/wp\/v2\/media\/28956"}],"wp:attachment":[{"href":"https:\/\/www.keying-cosmetics.com\/es\/wp-json\/wp\/v2\/media?parent=28955"}],"wp:term":[{"taxonomy":"product_brand","embeddable":true,"href":"https:\/\/www.keying-cosmetics.com\/es\/wp-json\/wp\/v2\/product_brand?post=28955"},{"taxonomy":"product_cat","embeddable":true,"href":"https:\/\/www.keying-cosmetics.com\/es\/wp-json\/wp\/v2\/product_cat?post=28955"},{"taxonomy":"product_tag","embeddable":true,"href":"https:\/\/www.keying-cosmetics.com\/es\/wp-json\/wp\/v2\/product_tag?post=28955"}],"curies":[{"name":"wp","href":"https:\/\/api.w.org\/{rel}","templated":true}]}}