{"id":28947,"date":"2026-01-16T10:05:44","date_gmt":"2026-01-16T02:05:44","guid":{"rendered":"https:\/\/www.keying-cosmetics.com\/product\/custom-logo-natural-organic-hair-growth-oil-soothing-deep-nourishment-soothing-repair-rosemary-oil-hair-growth\/"},"modified":"2026-01-16T10:05:56","modified_gmt":"2026-01-16T02:05:56","slug":"custom-logo-natural-organic-hair-growth-oil-soothing-deep-nourishment-soothing-repair-rosemary-oil-hair-growth","status":"publish","type":"product","link":"https:\/\/www.keying-cosmetics.com\/es\/producto\/custom-logo-natural-organic-hair-growth-oil-soothing-deep-nourishment-soothing-repair-rosemary-oil-hair-growth\/","title":{"rendered":"Aceite para el crecimiento del cabello org\u00e1nico natural con logotipo personalizado, nutrici\u00f3n profunda y calmante, reparaci\u00f3n y aceite de romero para el crecimiento del cabello."},"content":{"rendered":"","protected":false},"excerpt":{"rendered":"","protected":false},"featured_media":28948,"template":"","meta":[],"product_brand":[],"product_cat":[84],"product_tag":[],"class_list":{"0":"post-28947","1":"product","2":"type-product","3":"status-publish","4":"has-post-thumbnail","6":"product_cat-hair-care","8":"first","9":"instock","10":"shipping-taxable","11":"purchasable","12":"product-type-variable"},"_links":{"self":[{"href":"https:\/\/www.keying-cosmetics.com\/es\/wp-json\/wp\/v2\/product\/28947","targetHints":{"allow":["GET"]}}],"collection":[{"href":"https:\/\/www.keying-cosmetics.com\/es\/wp-json\/wp\/v2\/product"}],"about":[{"href":"https:\/\/www.keying-cosmetics.com\/es\/wp-json\/wp\/v2\/types\/product"}],"wp:featuredmedia":[{"embeddable":true,"href":"https:\/\/www.keying-cosmetics.com\/es\/wp-json\/wp\/v2\/media\/28948"}],"wp:attachment":[{"href":"https:\/\/www.keying-cosmetics.com\/es\/wp-json\/wp\/v2\/media?parent=28947"}],"wp:term":[{"taxonomy":"product_brand","embeddable":true,"href":"https:\/\/www.keying-cosmetics.com\/es\/wp-json\/wp\/v2\/product_brand?post=28947"},{"taxonomy":"product_cat","embeddable":true,"href":"https:\/\/www.keying-cosmetics.com\/es\/wp-json\/wp\/v2\/product_cat?post=28947"},{"taxonomy":"product_tag","embeddable":true,"href":"https:\/\/www.keying-cosmetics.com\/es\/wp-json\/wp\/v2\/product_tag?post=28947"}],"curies":[{"name":"wp","href":"https:\/\/api.w.org\/{rel}","templated":true}]}}