{"id":28473,"date":"2025-06-20T11:39:32","date_gmt":"2025-06-20T03:39:32","guid":{"rendered":"https:\/\/www.keying-cosmetics.com\/product\/improves-skin-texture-moisturizing-advanced-repair-body-lotion-unscented-lotion-formulated-with-nicotinamide\/"},"modified":"2025-06-25T11:28:09","modified_gmt":"2025-06-25T03:28:09","slug":"improves-skin-texture-moisturizing-advanced-repair-body-lotion-unscented-lotion-formulated-with-nicotinamide","status":"publish","type":"product","link":"https:\/\/www.keying-cosmetics.com\/es\/producto\/improves-skin-texture-moisturizing-advanced-repair-body-lotion-unscented-lotion-formulated-with-nicotinamide\/","title":{"rendered":"Loci\u00f3n corporal hidratante reparadora avanzada que mejora la textura de la piel. Loci\u00f3n sin perfume formulada con nicotinamida."},"content":{"rendered":"<div id=\"detail_decorate_root\" data-magic-global=\"%7B%22bizId%22%3A2208233674557%2C%22pageId%22%3A21651321493%2C%22siteId%22%3A5006670009%7D\">\n<style>#detail_decorate_root .magic-0{width:750px}#detail_decorate_root .magic-1{overflow:hidden;width:750px;height:1056px;margin-top:0;margin-bottom:0;margin-left:0;margin-right:0}#detail_decorate_root .magic-2{margin-top:0;margin-left:0;width:750px;height:1056px}#detail_decorate_root .magic-3{vertical-align:top}#detail_decorate_root .magic-4{vertical-align:top;display:block;padding-right:4px;box-sizing:border-box;padding-left:4px}#detail_decorate_root .magic-5{vertical-align:top;padding-bottom:4px;box-sizing:border-box;padding-top:4px}#detail_decorate_root .magic-6{padding:0;margin:0;white-space:pre-wrap;font-size:14px}#detail_decorate_root .magic-7{text-align:center}#detail_decorate_root .magic-8{font-size:20px}#detail_decorate_root .magic-9{margin-bottom:10px;overflow:hidden}#detail_decorate_root .magic-10{overflow:hidden;width:750px;height:102px;margin-top:0;margin-bottom:0;margin-left:0;margin-right:0}#detail_decorate_root .magic-11{margin-top:0;margin-left:0;width:750px;height:102px}#detail_decorate_root .magic-12{font-size:18px}#detail_decorate_root .magic-13{overflow:hidden;width:750px;height:750px;margin-top:0;margin-bottom:0;margin-left:0;margin-right:0}#detail_decorate_root .magic-14{margin-top:0;margin-left:0;width:750px;height:750px}#detail_decorate_root .magic-15{font-size:16px}#detail_decorate_root .magic-17{font-family:inherit;font-size:inherit;font-variant-ligatures:inherit;font-variant-caps:inherit;font-weight:inherit}#detail_decorate_root .magic-18{border-bottom-style:solid;border-bottom-color:#53647a;font-family:Roboto;font-size:24px;color:#53647a;text-align:center;font-style:italic;font-weight:bold;border-bottom-width:2px;padding-top:8px;padding-bottom:4px}#detail_decorate_root .magic-19{width:750px;border-collapse:collapse}#detail_decorate_root .magic-20{min-height:28px;padding:5px 10px;width:126px;min-height:28px;box-sizing:content-box}#detail_decorate_root .magic-21{min-height:28px;padding:5px 10px;width:579px;min-height:28px;box-sizing:content-box}#detail_decorate_root .magic-22{overflow:hidden;width:750px;height:491px;margin-top:0;margin-bottom:0;margin-left:0;margin-right:0}#detail_decorate_root .magic-23{margin-top:0;margin-left:0;width:750px;height:491px}#detail_decorate_root .magic-24{overflow:hidden;width:750px;height:196px;margin-top:0;margin-bottom:0;margin-left:0;margin-right:0}#detail_decorate_root .magic-25{margin-top:0;margin-left:0;width:750px;height:196px}#detail_decorate_root .magic-26{overflow:hidden;width:750px;height:77px;margin-top:0;margin-bottom:0;margin-left:0;margin-right:0}#detail_decorate_root .magic-27{margin-top:0;margin-left:0;width:750px;height:77px}#detail_decorate_root .magic-28{overflow:hidden;width:750px;height:615px;margin-top:0;margin-bottom:0;margin-left:0;margin-right:0}#detail_decorate_root .magic-29{margin-top:0;margin-left:0;width:750px;height:615px}#detail_decorate_root .magic-30{overflow:hidden;width:750px;height:1007px;margin-top:0;margin-bottom:0;margin-left:0;margin-right:0}#detail_decorate_root .magic-31{margin-top:0;margin-left:0;width:750px;height:1007px}#detail_decorate_root .magic-32{overflow:hidden;width:750px;height:645.8046767537826px;margin-top:0;margin-bottom:0;margin-left:0;margin-right:0}#detail_decorate_root .magic-33{margin-top:0;margin-left:0;width:750px;height:645.8046767537826px}#detail_decorate_root .magic-34{margin-bottom:10px;line-height:0}#detail_decorate_root .magic-35{margin-bottom:0}#detail_decorate_root .magic-36{position:relative;width:100%}#detail_decorate_root .magic-37{overflow:hidden;width:750px;height:2835px;margin-top:0;margin-bottom:0;margin-left:0;margin-right:0}#detail_decorate_root .magic-38{margin-top:0;margin-left:0;width:750px;height:2835px}#detail_decorate_root .magic-39{overflow:hidden;width:750px;height:740px;margin-top:0;margin-bottom:0;margin-left:0;margin-right:0}#detail_decorate_root .magic-40{margin-top:0;margin-left:0;width:750px;height:740px}#detail_decorate_root .magic-41{overflow:hidden;width:750px;height:635px;margin-top:0;margin-bottom:0;margin-left:0;margin-right:0}#detail_decorate_root .magic-42{margin-top:0;margin-left:0;width:750px;height:635px}#detail_decorate_root .magic-43{overflow:hidden;width:750px;height:218px;margin-top:0;margin-bottom:0;margin-left:0;margin-right:0}#detail_decorate_root .magic-44{margin-top:-1px;margin-left:0;width:750px;height:218px}<\/style>\n<p>Loci\u00f3n corporal hidratante reparadora avanzada que mejora la textura de la piel. Loci\u00f3n sin perfume formulada con nicotinamida.<\/p>\n<div class=\"J_module\">\n<div class=\"icbu-pc-images magic-0\">\n<div>\n<div class=\"flex-layout-v\">\n<div class=\"flex-layout-h magic-0\">\n<div class=\"magic-1\"><img decoding=\"async\" class=\"magic-2\" src=\"https:\/\/sc04.alicdn.com\/kf\/H43bf0f83f38d4440b6ad27a3f09df0cfB\/243370472\/H43bf0f83f38d4440b6ad27a3f09df0cfB.jpg\" data-src=\"\/\/sc04.alicdn.com\/kf\/H43bf0f83f38d4440b6ad27a3f09df0cfB\/243370472\/H43bf0f83f38d4440b6ad27a3f09df0cfB.jpg\" \/><\/div>\n<\/div>\n<\/div>\n<\/div>\n<\/div>\n<\/div>\n<div class=\"J_module\">\n<div class=\"detail-decorate-json-renderer-container\">\n<div class=\"magic-3\">\n<div class=\"magic-4\">\n<div class=\"magic-5\">\n<div class=\"magic-6\">\n<div class=\"magic-7\"><i><b><span class=\"magic-8\">Loci\u00f3n corporal hidratante reparadora avanzada que mejora la textura de la piel. Loci\u00f3n sin perfume formulada con nicotinamida.<\/span><\/b><\/i><\/div>\n<\/div>\n<\/div>\n<\/div>\n<\/div>\n<\/div>\n<\/div>\n<div class=\"J_module\">\n<div class=\"icbu-pc-detailSellerRecommend magic-9\" data-magic=\"{&quot;mds&quot;:{&quot;assetsVersion&quot;:&quot;0.0.14&quot;,&quot;assetsPackageName&quot;:&quot;icbumod&quot;,&quot;moduleNameAlias&quot;:&quot;icbu-pc-detailSellerRecommend&quot;,&quot;moduleData&quot;:{&quot;config&quot;:{&quot;columnCount&quot;:4,&quot;titleKey&quot;:6,&quot;products&quot;:[1601458857362,1601486194550,1601484062540,1601458898521]}}},&quot;version&quot;:1}\"><\/div>\n<\/div>\n<div class=\"J_module\">\n<div class=\"icbu-pc-images magic-0\">\n<div>\n<div class=\"flex-layout-v\">\n<div class=\"flex-layout-h magic-0\">\n<div class=\"magic-10\"><img decoding=\"async\" class=\"magic-11\" src=\"https:\/\/sc04.alicdn.com\/kf\/Hc53eb134e9754d31ab5f81c5df19388ed\/243370472\/Hc53eb134e9754d31ab5f81c5df19388ed.jpg\" usemap=\"#8-f1-84a-67e0\" data-src=\"\/\/sc04.alicdn.com\/kf\/Hc53eb134e9754d31ab5f81c5df19388ed\/243370472\/Hc53eb134e9754d31ab5f81c5df19388ed.jpg\" \/> <\/p>\n<map name=\"8-f1-84a-67e0\">\n<area coords=\"40,0,739,100\" shape=\"rect\" href=\"https:\/\/gdkeying.en.alibaba.com\/contactinfo.html\" target=\"_blank\" \/><\/map>\n<\/div>\n<\/div>\n<\/div>\n<\/div>\n<\/div>\n<\/div>\n<div class=\"J_module\">\n<div class=\"detail-decorate-json-renderer-container\">\n<div class=\"magic-3\">\n<div class=\"magic-4\">\n<div class=\"magic-5\">\n<div class=\"magic-6\">\n<div class=\"magic-7\"><i><b><span class=\"magic-12\">Consigue una hidrataci\u00f3n duradera.<\/span><\/b><\/i><\/div>\n<p>&nbsp;<\/p>\n<div class=\"magic-7\"><i><b><span class=\"magic-12\">F\u00f3rmula cl\u00ednicamente probada que hidrata hasta por 48 horas.<\/span><\/b><\/i><\/div>\n<p>&nbsp;<\/p>\n<\/div>\n<\/div>\n<\/div>\n<\/div>\n<\/div>\n<\/div>\n<div class=\"J_module\">\n<div class=\"icbu-pc-images magic-0\">\n<div>\n<div class=\"flex-layout-v\">\n<div class=\"flex-layout-h magic-0\">\n<div class=\"magic-13\"><img decoding=\"async\" class=\"magic-14\" src=\"https:\/\/sc04.alicdn.com\/kf\/Hb3d5bc5893124668a9996e92e1cbdc13r\/243370472\/Hb3d5bc5893124668a9996e92e1cbdc13r.jpg\" data-src=\"\/\/sc04.alicdn.com\/kf\/Hb3d5bc5893124668a9996e92e1cbdc13r\/243370472\/Hb3d5bc5893124668a9996e92e1cbdc13r.jpg\" \/><\/div>\n<\/div>\n<\/div>\n<\/div>\n<\/div>\n<\/div>\n<div class=\"J_module\">\n<div class=\"detail-decorate-json-renderer-container\">\n<div class=\"magic-3\">\n<div class=\"magic-4\">\n<div class=\"magic-5\">\n<div class=\"magic-6\">\n<div class=\"magic-7\"><i><b><span class=\"magic-15\">No graso, de r\u00e1pida absorci\u00f3n, ligero.<\/span><\/b><\/i><i class=\"magic-17\"><b><\/b><\/i><\/div>\n<\/div>\n<\/div>\n<\/div>\n<\/div>\n<\/div>\n<\/div>\n<div class=\"J_module\">\n<div class=\"icbu-pc-images magic-0\">\n<div>\n<div class=\"flex-layout-v\">\n<div class=\"flex-layout-h magic-0\">\n<div class=\"magic-13\"><img decoding=\"async\" class=\"magic-14\" src=\"https:\/\/sc04.alicdn.com\/kf\/H40eb507ab37d45b3ae20ee6a7dd7c3daT\/243370472\/H40eb507ab37d45b3ae20ee6a7dd7c3daT.jpg\" data-src=\"\/\/sc04.alicdn.com\/kf\/H40eb507ab37d45b3ae20ee6a7dd7c3daT\/243370472\/H40eb507ab37d45b3ae20ee6a7dd7c3daT.jpg\" \/><\/div>\n<\/div>\n<\/div>\n<\/div>\n<\/div>\n<\/div>\n<div class=\"J_module\">\n<div class=\"detail-decorate-json-renderer-container\">\n<div class=\"magic-3\">\n<div class=\"magic-4\">\n<div class=\"magic-5\">\n<div class=\"magic-6\">\n<div class=\"magic-7\"><\/div>\n<p>&nbsp;<\/p>\n<div class=\"magic-7\"><\/div>\n<p>&nbsp;<\/p>\n<div class=\"magic-7\"><\/div>\n<p>&nbsp;<\/p>\n<div class=\"magic-7\"><i class=\"magic-17\"><b>Enriquecido con ceramidas y +5 factores hidratantes.<\/b><\/i><\/div>\n<p>&nbsp;<\/p>\n<div class=\"magic-7\"><\/div>\n<p>&nbsp;<\/p>\n<div>\n<div class=\"magic-7\"><\/div>\n<\/div>\n<\/div>\n<\/div>\n<\/div>\n<\/div>\n<\/div>\n<\/div>\n<div class=\"J_module\">\n<div class=\"icbu-pc-images magic-0\">\n<div>\n<div class=\"flex-layout-v\">\n<div class=\"flex-layout-h magic-0\">\n<div class=\"magic-13\"><img decoding=\"async\" class=\"magic-14\" src=\"https:\/\/sc04.alicdn.com\/kf\/H841e516ab2934bf587b9e0d3fae0aa2dq\/243370472\/H841e516ab2934bf587b9e0d3fae0aa2dq.jpg\" data-src=\"\/\/sc04.alicdn.com\/kf\/H841e516ab2934bf587b9e0d3fae0aa2dq\/243370472\/H841e516ab2934bf587b9e0d3fae0aa2dq.jpg\" \/><\/div>\n<\/div>\n<\/div>\n<\/div>\n<\/div>\n<\/div>\n<div class=\"J_module\">\n<div id=\"ali-anchor-AliMagic-tdt7dz\" class=\"magic-18\" data-section=\"AliMagic-tdt7dz\" data-section-title=\"Product Paramenters\">Par\u00e1metros del producto<\/div>\n<\/div>\n<div class=\"J_module\">\n<div class=\"ife-detail-decorate-table\">\n<table class=\"all magic-19\">\n<tbody>\n<tr>\n<td colspan=\"1\" rowspan=\"1\">\n<div class=\"magic-20\"><b>Nombre del producto<\/b><\/div>\n<\/td>\n<td colspan=\"1\" rowspan=\"1\">\n<div class=\"magic-21\">Loci\u00f3n corporal hidratante<\/div>\n<\/td>\n<\/tr>\n<tr>\n<td colspan=\"1\" rowspan=\"1\">\n<div class=\"magic-20\"><b>Funci\u00f3n<\/b><\/div>\n<\/td>\n<td colspan=\"1\" rowspan=\"1\">\n<div class=\"magic-21\">Antienvejecimiento, blanqueador, no graso, de r\u00e1pida absorci\u00f3n, hidratante ligero. El doble aceite vegetal nutre la piel.<\/div>\n<\/td>\n<\/tr>\n<tr>\n<td colspan=\"1\" rowspan=\"1\">\n<div class=\"magic-20\"><b data-spm-anchor-id=\"a2700.pc-decorate.0.i28.5955333350ETgU\">Tipo de piel<\/b><\/div>\n<\/td>\n<td colspan=\"1\" rowspan=\"1\">\n<div class=\"magic-21\">Todo tipo de piel<\/div>\n<\/td>\n<\/tr>\n<tr>\n<td colspan=\"1\" rowspan=\"1\">\n<div class=\"magic-20\"><b>Especificaci\u00f3n<\/b><\/div>\n<\/td>\n<td colspan=\"1\" rowspan=\"1\">\n<div class=\"magic-21\">500 ml \/personalizable<\/div>\n<\/td>\n<\/tr>\n<tr>\n<td colspan=\"1\" rowspan=\"1\">\n<div class=\"magic-20\"><b>Servicio<\/b><\/div>\n<\/td>\n<td colspan=\"1\" rowspan=\"1\">\n<div class=\"magic-21\">OEM\/ODM, Marca privada, LOGO, Personalizaci\u00f3n de embalaje.Compra de materias primas, Soluciones de transporte.<\/div>\n<\/td>\n<\/tr>\n<tr>\n<td colspan=\"1\" rowspan=\"1\">\n<div class=\"magic-20\"><b>Duraci\u00f3n<\/b><\/div>\n<\/td>\n<td colspan=\"1\" rowspan=\"1\">\n<div class=\"magic-21\">3 a\u00f1os<\/div>\n<\/td>\n<\/tr>\n<tr>\n<td colspan=\"1\" rowspan=\"1\">\n<div class=\"magic-20\"><b>Color<\/b><\/div>\n<\/td>\n<td colspan=\"1\" rowspan=\"1\">\n<div class=\"magic-21\">Blanco\/personalizable<\/div>\n<\/td>\n<\/tr>\n<tr>\n<td colspan=\"1\" rowspan=\"1\">\n<div class=\"magic-20\"><b>Proceso de dar un t\u00edtulo<\/b><\/div>\n<\/td>\n<td colspan=\"1\" rowspan=\"1\">\n<div class=\"magic-21\">GMPC\/ISO2276\/SEDEX\/SGS\/MSDS\/COA\/CPSR<\/div>\n<\/td>\n<\/tr>\n<tr>\n<td colspan=\"1\" rowspan=\"1\">\n<div class=\"magic-20\"><b>El tiempo de entrega<\/b><\/div>\n<\/td>\n<td colspan=\"1\" rowspan=\"1\">\n<div class=\"magic-21\">3 a 7 d\u00edas por aire, 25 a 45 d\u00edas por mar, transporte terrestre 10-15 d\u00edas.<\/div>\n<\/td>\n<\/tr>\n<tr>\n<td colspan=\"1\" rowspan=\"1\">\n<div class=\"magic-20\"><b>Condiciones de pago<\/b><\/div>\n<\/td>\n<td colspan=\"1\" rowspan=\"1\">\n<div class=\"magic-21\">T\/T, Western Union, transferencia bancaria, PayPal, Alibaba Trade Assurance.<\/div>\n<\/td>\n<\/tr>\n<\/tbody>\n<\/table>\n<\/div>\n<\/div>\n<div class=\"J_module\">\n<div id=\"ali-anchor-AliMagic-rpdtzt\" class=\"magic-18\" data-section=\"AliMagic-rpdtzt\" data-section-title=\"Product category\">Categor\u00eda de producto<\/div>\n<\/div>\n<div class=\"J_module\">\n<div class=\"icbu-pc-images magic-0\">\n<div>\n<div class=\"flex-layout-v\">\n<div class=\"flex-layout-h magic-0\">\n<div class=\"magic-22\"><img decoding=\"async\" class=\"magic-23\" src=\"https:\/\/sc04.alicdn.com\/kf\/Hf32932adee344aa6b4c3bd85abf8acedC\/243370472\/Hf32932adee344aa6b4c3bd85abf8acedC.jpg\" usemap=\"#3-a0-541-3e58\" data-src=\"\/\/sc04.alicdn.com\/kf\/Hf32932adee344aa6b4c3bd85abf8acedC\/243370472\/Hf32932adee344aa6b4c3bd85abf8acedC.jpg\" \/> <\/p>\n<map name=\"3-a0-541-3e58\">\n<area coords=\"35,116,233,289\" shape=\"rect\" href=\"https:\/\/gdkeying.en.alibaba.com\/productgrouplist-946368004\/Face_Care.html\" target=\"_blank\" \/>\n<area coords=\"275,123,479,290\" shape=\"rect\" href=\"https:\/\/gdkeying.en.alibaba.com\/productgrouplist-946339883\/Skin_Care_Serum.html\" target=\"_blank\" \/>\n<area coords=\"508,122,720,287\" shape=\"rect\" href=\"https:\/\/gdkeying.en.alibaba.com\/productgrouplist-945341059\/Body_Care.html\" target=\"_blank\" \/>\n<area coords=\"28,302,235,488\" shape=\"rect\" href=\"https:\/\/gdkeying.en.alibaba.com\/productgrouplist-945754017\/Frosted_Series.html\" target=\"_blank\" \/>\n<area coords=\"269,306,483,488\" shape=\"rect\" href=\"https:\/\/gdkeying.en.alibaba.com\/productgrouplist-946339271\/Essential_Oil.html\" target=\"_blank\" \/>\n<area coords=\"519,307,722,486\" shape=\"rect\" href=\"https:\/\/gdkeying.en.alibaba.com\/productgrouplist-946301381\/Skin_care_set.html\" target=\"_blank\" \/><\/map>\n<\/div>\n<\/div>\n<\/div>\n<\/div>\n<\/div>\n<\/div>\n<div class=\"J_module\">\n<div class=\"icbu-pc-images magic-0\">\n<div>\n<div class=\"flex-layout-v\">\n<div class=\"flex-layout-h magic-0\">\n<div class=\"magic-24\"><img decoding=\"async\" class=\"magic-25\" src=\"https:\/\/sc04.alicdn.com\/kf\/H49b71af9bb664c9fb91a46dc36a3f0e5Y\/243370472\/H49b71af9bb664c9fb91a46dc36a3f0e5Y.jpg\" usemap=\"#a-52-8e6-42b5\" data-src=\"\/\/sc04.alicdn.com\/kf\/H49b71af9bb664c9fb91a46dc36a3f0e5Y\/243370472\/H49b71af9bb664c9fb91a46dc36a3f0e5Y.jpg\" \/> <\/p>\n<map name=\"a-52-8e6-42b5\">\n<area coords=\"13,7,246,193\" shape=\"rect\" href=\"https:\/\/gdkeying.en.alibaba.com\/productgrouplist-946411242\/Hands_Feet_Care.html\" target=\"_blank\" \/>\n<area coords=\"268,6,485,195\" shape=\"rect\" href=\"https:\/\/gdkeying.en.alibaba.com\/productgrouplist-944841969\/Hair_Care.html\" target=\"_blank\" \/>\n<area coords=\"520,9,727,195\" shape=\"rect\" href=\"https:\/\/gdkeying.en.alibaba.com\/productgrouplist-946713915\/Men_Care.html\" target=\"_blank\" \/><\/map>\n<\/div>\n<\/div>\n<\/div>\n<\/div>\n<\/div>\n<\/div>\n<div class=\"J_module\">\n<div class=\"icbu-pc-images magic-0\">\n<div>\n<div class=\"flex-layout-v\">\n<div class=\"flex-layout-h magic-0\">\n<div class=\"magic-26\"><img decoding=\"async\" class=\"magic-27\" src=\"https:\/\/sc04.alicdn.com\/kf\/H37ae30a1fe3f4ebea9a526783d490b532\/243370472\/H37ae30a1fe3f4ebea9a526783d490b532.jpg\" usemap=\"#0-58-b44-43d8\" data-src=\"\/\/sc04.alicdn.com\/kf\/H37ae30a1fe3f4ebea9a526783d490b532\/243370472\/H37ae30a1fe3f4ebea9a526783d490b532.jpg\" \/> <\/p>\n<map name=\"0-58-b44-43d8\">\n<area coords=\"0,0,962,100\" shape=\"rect\" href=\"https:\/\/gdkeying.en.alibaba.com\/contactinfo.html\" target=\"_blank\" \/><\/map>\n<\/div>\n<\/div>\n<\/div>\n<\/div>\n<\/div>\n<\/div>\n<div class=\"J_module\">\n<div class=\"icbu-pc-images magic-0\">\n<div>\n<div class=\"flex-layout-v\">\n<div class=\"flex-layout-h magic-0\">\n<div class=\"magic-28\"><img decoding=\"async\" class=\"magic-29\" src=\"https:\/\/sc04.alicdn.com\/kf\/H6487438e74154ccdaa54116d2ae768955\/243370472\/H6487438e74154ccdaa54116d2ae768955.jpg\" data-src=\"\/\/sc04.alicdn.com\/kf\/H6487438e74154ccdaa54116d2ae768955\/243370472\/H6487438e74154ccdaa54116d2ae768955.jpg\" \/><\/div>\n<\/div>\n<\/div>\n<\/div>\n<\/div>\n<\/div>\n<div class=\"J_module\">\n<div id=\"ali-anchor-AliMagic-hvrjxa\" class=\"magic-18\" data-section=\"AliMagic-hvrjxa\" data-section-title=\"Company Profile\">Perfil de la empresa<\/div>\n<\/div>\n<div class=\"J_module\">\n<div class=\"icbu-pc-images magic-0\">\n<div>\n<div class=\"flex-layout-v\">\n<div class=\"flex-layout-h magic-0\">\n<div class=\"magic-30\"><img decoding=\"async\" class=\"magic-31\" src=\"https:\/\/sc04.alicdn.com\/kf\/Hc624266fb2cf4bc29f17815477b99cfdx\/243370472\/Hc624266fb2cf4bc29f17815477b99cfdx.jpg\" data-src=\"\/\/sc04.alicdn.com\/kf\/Hc624266fb2cf4bc29f17815477b99cfdx\/243370472\/Hc624266fb2cf4bc29f17815477b99cfdx.jpg\" \/><\/div>\n<\/div>\n<\/div>\n<\/div>\n<\/div>\n<\/div>\n<div class=\"J_module\">\n<div id=\"ali-anchor-AliMagic-i2tdmq\" class=\"magic-18\" data-section=\"AliMagic-i2tdmq\" data-section-title=\"Certificate\/Test Report\">Certificado\/Informe de prueba<\/div>\n<\/div>\n<div class=\"J_module\">\n<div class=\"icbu-pc-images magic-0\">\n<div>\n<div class=\"flex-layout-v\">\n<div class=\"flex-layout-h magic-0\">\n<div class=\"magic-32\"><img decoding=\"async\" class=\"magic-33\" src=\"https:\/\/sc04.alicdn.com\/kf\/Hf9f938339f0546aba2f74bb426aee229l\/243370472\/Hf9f938339f0546aba2f74bb426aee229l.jpg\" data-src=\"\/\/sc04.alicdn.com\/kf\/Hf9f938339f0546aba2f74bb426aee229l\/243370472\/Hf9f938339f0546aba2f74bb426aee229l.jpg\" \/><\/div>\n<\/div>\n<\/div>\n<\/div>\n<\/div>\n<\/div>\n<div class=\"J_module\">\n<div id=\"ali-anchor-AliMagic-9r0y88\" class=\"magic-18\" data-section=\"AliMagic-9r0y88\" data-section-title=\"R&amp;D CAPABILITY\">CAPACIDAD DE I+D<\/div>\n<\/div>\n<div class=\"J_module\">\n<div class=\"icbu-pc-detailManyImage magic-34\">\n<div class=\"magic-35\"><img decoding=\"async\" class=\"magic-36\" src=\"https:\/\/sc04.alicdn.com\/kf\/H6b9ad48a46be499a8bd804018dd935bef\/243370472\/H6b9ad48a46be499a8bd804018dd935bef.jpg\" data-src=\"\/\/sc04.alicdn.com\/kf\/H6b9ad48a46be499a8bd804018dd935bef\/243370472\/H6b9ad48a46be499a8bd804018dd935bef.jpg\" \/><\/div>\n<div class=\"magic-35\"><img decoding=\"async\" class=\"magic-36\" src=\"https:\/\/sc04.alicdn.com\/kf\/H0814cf9102754833b13301c036e71799C\/243370472\/H0814cf9102754833b13301c036e71799C.jpg\" data-src=\"\/\/sc04.alicdn.com\/kf\/H0814cf9102754833b13301c036e71799C\/243370472\/H0814cf9102754833b13301c036e71799C.jpg\" \/><\/div>\n<div class=\"magic-35\"><img decoding=\"async\" class=\"magic-36\" src=\"https:\/\/sc04.alicdn.com\/kf\/H56ce34b25e1c4d3a8f09b579b29da23cP\/243370472\/H56ce34b25e1c4d3a8f09b579b29da23cP.jpg\" data-src=\"\/\/sc04.alicdn.com\/kf\/H56ce34b25e1c4d3a8f09b579b29da23cP\/243370472\/H56ce34b25e1c4d3a8f09b579b29da23cP.jpg\" \/><\/div>\n<div class=\"magic-35\"><img decoding=\"async\" class=\"magic-36\" src=\"https:\/\/sc04.alicdn.com\/kf\/H2ebcb3e4fd9c4fad94d7ec174c2340e5I\/243370472\/H2ebcb3e4fd9c4fad94d7ec174c2340e5I.jpg\" data-src=\"\/\/sc04.alicdn.com\/kf\/H2ebcb3e4fd9c4fad94d7ec174c2340e5I\/243370472\/H2ebcb3e4fd9c4fad94d7ec174c2340e5I.jpg\" \/><\/div>\n<div class=\"magic-35\"><img decoding=\"async\" class=\"magic-36\" src=\"https:\/\/sc04.alicdn.com\/kf\/H1b10162939a5463399ea21b5f5888520o\/243370472\/H1b10162939a5463399ea21b5f5888520o.jpg\" data-src=\"\/\/sc04.alicdn.com\/kf\/H1b10162939a5463399ea21b5f5888520o\/243370472\/H1b10162939a5463399ea21b5f5888520o.jpg\" \/><\/div>\n<\/div>\n<\/div>\n<div class=\"J_module\">\n<div id=\"ali-anchor-AliMagic-v8ebup\" class=\"magic-18\" data-section=\"AliMagic-v8ebup\" data-section-title=\"Customization Capability\">Capacidad de personalizaci\u00f3n<\/div>\n<\/div>\n<div class=\"J_module\">\n<div class=\"icbu-pc-images magic-0\">\n<div>\n<div class=\"flex-layout-v\">\n<div class=\"flex-layout-h magic-0\">\n<div class=\"magic-37\"><img decoding=\"async\" class=\"magic-38\" src=\"https:\/\/sc04.alicdn.com\/kf\/H73699875349b4cfb9fed507b1c301d2es\/243370472\/H73699875349b4cfb9fed507b1c301d2es.jpg\" data-src=\"\/\/sc04.alicdn.com\/kf\/H73699875349b4cfb9fed507b1c301d2es\/243370472\/H73699875349b4cfb9fed507b1c301d2es.jpg\" \/><\/div>\n<\/div>\n<\/div>\n<\/div>\n<\/div>\n<\/div>\n<div class=\"J_module\">\n<div class=\"icbu-pc-images magic-0\">\n<div>\n<div class=\"flex-layout-v\">\n<div class=\"flex-layout-h magic-0\">\n<div class=\"magic-26\"><img decoding=\"async\" class=\"magic-27\" src=\"https:\/\/sc04.alicdn.com\/kf\/Hab1019d20e874e2292328557877fbdb4P\/243370472\/Hab1019d20e874e2292328557877fbdb4P.jpg\" usemap=\"#5-3d-14a-4e3e\" data-src=\"\/\/sc04.alicdn.com\/kf\/Hab1019d20e874e2292328557877fbdb4P\/243370472\/Hab1019d20e874e2292328557877fbdb4P.jpg\" \/> <\/p>\n<map name=\"5-3d-14a-4e3e\">\n<area coords=\"0,0,771,100\" shape=\"rect\" href=\"https:\/\/gdkeying.en.alibaba.com\/contactinfo.html\" target=\"_blank\" \/><\/map>\n<\/div>\n<\/div>\n<\/div>\n<\/div>\n<\/div>\n<\/div>\n<div class=\"J_module\">\n<div id=\"ali-anchor-AliMagic-zvxbfj\" class=\"magic-18\" data-section=\"AliMagic-zvxbfj\" data-section-title=\"Delivery\">Entrega<\/div>\n<\/div>\n<div class=\"J_module\">\n<div class=\"icbu-pc-images magic-0\">\n<div>\n<div class=\"flex-layout-v\">\n<div class=\"flex-layout-h magic-0\">\n<div class=\"magic-39\"><img decoding=\"async\" class=\"magic-40\" src=\"https:\/\/sc04.alicdn.com\/kf\/H52fc3c29d7b84abbace6e55d52ae66d8l\/243370472\/H52fc3c29d7b84abbace6e55d52ae66d8l.jpg\" data-src=\"\/\/sc04.alicdn.com\/kf\/H52fc3c29d7b84abbace6e55d52ae66d8l\/243370472\/H52fc3c29d7b84abbace6e55d52ae66d8l.jpg\" \/><\/div>\n<\/div>\n<\/div>\n<\/div>\n<\/div>\n<\/div>\n<div class=\"J_module\">\n<div id=\"ali-anchor-AliMagic-en10ip\" class=\"magic-18\" data-section=\"AliMagic-en10ip\" data-section-title=\"FAQ\">Preguntas frecuentes<\/div>\n<\/div>\n<div class=\"J_module\">\n<div class=\"icbu-pc-images magic-0\">\n<div>\n<div class=\"flex-layout-v\">\n<div class=\"flex-layout-h magic-0\">\n<div class=\"magic-41\"><img decoding=\"async\" class=\"magic-42\" src=\"https:\/\/sc04.alicdn.com\/kf\/Hfedc81b65037433c965a116ee0ffbd6eL\/243370472\/Hfedc81b65037433c965a116ee0ffbd6eL.jpg\" data-src=\"\/\/sc04.alicdn.com\/kf\/Hfedc81b65037433c965a116ee0ffbd6eL\/243370472\/Hfedc81b65037433c965a116ee0ffbd6eL.jpg\" \/><\/div>\n<\/div>\n<\/div>\n<\/div>\n<\/div>\n<\/div>\n<div class=\"J_module\">\n<div class=\"icbu-pc-images magic-0\">\n<div>\n<div class=\"flex-layout-v\">\n<div class=\"flex-layout-h magic-0\">\n<div class=\"magic-43\"><img decoding=\"async\" class=\"magic-44\" src=\"https:\/\/sc04.alicdn.com\/kf\/Hcbe25f7774244d5aab169bb097678722N\/243370472\/Hcbe25f7774244d5aab169bb097678722N.jpg\" usemap=\"#5-18-861-ad07\" data-src=\"\/\/sc04.alicdn.com\/kf\/Hcbe25f7774244d5aab169bb097678722N\/243370472\/Hcbe25f7774244d5aab169bb097678722N.jpg\" \/> <\/p>\n<map name=\"5-18-861-ad07\">\n<area coords=\"0,81,132,143\" shape=\"rect\" href=\"https:\/\/gdkeying.en.alibaba.com\/\" target=\"_blank\" \/>\n<area coords=\"137,82,386,144\" shape=\"rect\" href=\"https:\/\/gdkeying.en.alibaba.com\/productlist.html\" target=\"_blank\" \/>\n<area coords=\"391,81,611,145\" shape=\"rect\" href=\"https:\/\/gdkeying.en.alibaba.com\/company_profile.html\" target=\"_blank\" \/>\n<area coords=\"615,81,765,145\" shape=\"rect\" href=\"https:\/\/gdkeying.en.alibaba.com\/contactinfo.html\" target=\"_blank\" \/><\/map>\n<\/div>\n<\/div>\n<\/div>\n<\/div>\n<\/div>\n<\/div>\n<\/div>","protected":false},"excerpt":{"rendered":"<p>Loci\u00f3n corporal hidratante reparadora avanzada que mejora la textura de la piel. Loci\u00f3n sin perfume formulada con nicotinamida.<\/p>","protected":false},"featured_media":28474,"template":"","meta":[],"product_brand":[],"product_cat":[79],"product_tag":[],"class_list":{"0":"post-28473","1":"product","2":"type-product","3":"status-publish","4":"has-post-thumbnail","6":"product_cat-boby-care","8":"first","9":"instock","10":"shipping-taxable","11":"purchasable","12":"product-type-variable"},"_links":{"self":[{"href":"https:\/\/www.keying-cosmetics.com\/es\/wp-json\/wp\/v2\/product\/28473","targetHints":{"allow":["GET"]}}],"collection":[{"href":"https:\/\/www.keying-cosmetics.com\/es\/wp-json\/wp\/v2\/product"}],"about":[{"href":"https:\/\/www.keying-cosmetics.com\/es\/wp-json\/wp\/v2\/types\/product"}],"wp:featuredmedia":[{"embeddable":true,"href":"https:\/\/www.keying-cosmetics.com\/es\/wp-json\/wp\/v2\/media\/28474"}],"wp:attachment":[{"href":"https:\/\/www.keying-cosmetics.com\/es\/wp-json\/wp\/v2\/media?parent=28473"}],"wp:term":[{"taxonomy":"product_brand","embeddable":true,"href":"https:\/\/www.keying-cosmetics.com\/es\/wp-json\/wp\/v2\/product_brand?post=28473"},{"taxonomy":"product_cat","embeddable":true,"href":"https:\/\/www.keying-cosmetics.com\/es\/wp-json\/wp\/v2\/product_cat?post=28473"},{"taxonomy":"product_tag","embeddable":true,"href":"https:\/\/www.keying-cosmetics.com\/es\/wp-json\/wp\/v2\/product_tag?post=28473"}],"curies":[{"name":"wp","href":"https:\/\/api.w.org\/{rel}","templated":true}]}}